{"id":96,"date":"2023-02-27T10:53:49","date_gmt":"2023-02-27T10:53:49","guid":{"rendered":"http:\/\/nadaid-23-2.test\/?post_type=product&#038;p=96"},"modified":"2026-04-07T09:16:53","modified_gmt":"2026-04-07T08:16:53","slug":"nad-at-home","status":"publish","type":"product","link":"https:\/\/nadplusathome.com\/fr\/product\/nad-at-home\/","title":{"rendered":"Kit d'injection de NAD"},"content":{"rendered":"","protected":false},"excerpt":{"rendered":"<p><span style=\"font-weight: 400;\">D\u00e9couvrez notre kit d'injection de NAD+ \u00e0 domicile - le premier kit d'injection de NAD+ \u00e0 domicile au Royaume-Uni. Avec une biodisponibilit\u00e9 proche de 100%, notre kit d'injection augmente vos niveaux de NAD+, soutenant les efforts anti-\u00e2ge, la fonction cellulaire et la clart\u00e9 mentale.<\/span><span style=\"font-weight: 400;\"><br \/>\n<\/span><\/p>\n<p><span style=\"font-weight: 400;\">Le kit est incroyablement facile et s\u00fbr \u00e0 utiliser - il suffit de suivre nos instructions (fournies sous forme \u00e9crite et vid\u00e9o ci-dessous). Profitez des micro-aiguilles de 8 mm, con\u00e7ues pour des injections sans douleur.<\/span><\/p>\n<p><span style=\"font-weight: 400;\">Avec un certificat d'analyse disponible pour chaque commande, vous pouvez \u00eatre s\u00fbr que votre kit NAD+ est de haute qualit\u00e9 et s\u00fbr pour une administration \u00e0 domicile.<\/span><span style=\"font-weight: 400;\"><br \/>\n<\/span><\/p>\n<p><span style=\"font-weight: 400;\">Chaque kit est accompagn\u00e9 d'un guide facile \u00e0 suivre et de nos <\/span><a href=\"\/fr\/about-georgina-glenn\/?wmc-currency=EUR\"><span style=\"font-weight: 400;\">infirmi\u00e8re dipl\u00f4m\u00e9e, Georgina<\/span><\/a><span style=\"font-weight: 400;\">, est \u00e0 votre disposition pour r\u00e9pondre \u00e0 vos questions et vous guider dans le processus une fois que votre kit est arriv\u00e9. <\/span><\/p>","protected":false},"featured_media":7652,"comment_status":"closed","ping_status":"closed","template":"","meta":{"_acf_changed":false},"product_brand":[45],"product_cat":[17],"product_tag":[],"class_list":{"0":"post-96","1":"product","2":"type-product","3":"status-publish","4":"has-post-thumbnail","6":"product_brand-nad-at-home","7":"product_cat-home-kit","8":"product_shipping_class-restricted-shipping","9":"has-subscription-plans","11":"first","12":"instock","13":"featured","14":"taxable","15":"shipping-taxable","16":"purchasable","17":"product-type-simple"},"group_of_quantity":0,"min_quantity":0,"max_quantity":"","exclude_order_quantity_value_rules":"no","exclude_category_quantity_rules":"no","combine_variations":"no","acf":[],"_links":{"self":[{"href":"https:\/\/nadplusathome.com\/fr\/wp-json\/wp\/v2\/product\/96","targetHints":{"allow":["GET"]}}],"collection":[{"href":"https:\/\/nadplusathome.com\/fr\/wp-json\/wp\/v2\/product"}],"about":[{"href":"https:\/\/nadplusathome.com\/fr\/wp-json\/wp\/v2\/types\/product"}],"replies":[{"embeddable":true,"href":"https:\/\/nadplusathome.com\/fr\/wp-json\/wp\/v2\/comments?post=96"}],"wp:featuredmedia":[{"embeddable":true,"href":"https:\/\/nadplusathome.com\/fr\/wp-json\/wp\/v2\/media\/7652"}],"wp:attachment":[{"href":"https:\/\/nadplusathome.com\/fr\/wp-json\/wp\/v2\/media?parent=96"}],"wp:term":[{"taxonomy":"product_brand","embeddable":true,"href":"https:\/\/nadplusathome.com\/fr\/wp-json\/wp\/v2\/product_brand?post=96"},{"taxonomy":"product_cat","embeddable":true,"href":"https:\/\/nadplusathome.com\/fr\/wp-json\/wp\/v2\/product_cat?post=96"},{"taxonomy":"product_tag","embeddable":true,"href":"https:\/\/nadplusathome.com\/fr\/wp-json\/wp\/v2\/product_tag?post=96"}],"curies":[{"name":"wp","href":"https:\/\/api.w.org\/{rel}","templated":true}]}}