{"id":9182,"date":"2024-06-24T12:31:52","date_gmt":"2024-06-24T11:31:52","guid":{"rendered":"https:\/\/nadplusathome.com\/?post_type=product&#038;p=9182"},"modified":"2026-03-05T09:39:53","modified_gmt":"2026-03-05T09:39:53","slug":"nad-at-home-mini-500mg","status":"publish","type":"product","link":"https:\/\/nadplusathome.com\/fr\/product\/nad-at-home-mini-500mg\/","title":{"rendered":"NAD+ AT HOME Mini"},"content":{"rendered":"","protected":false},"excerpt":{"rendered":"<p><span style=\"color: #ff0000;\"><strong>En raison de la demande populaire, notre NAD+ Mini est maintenant en rupture de stock.<\/strong><\/span><\/p>\n<p>Consultez notre <a href=\"https:\/\/nadplusathome.com\/fr\/product\/nad-injection-pen-discovery-kit-500mg\/?wmc-currency=EUR\">kit d'essai stylos NAD<\/a> (m\u00eame traitement NAD+ avec un stylo facile \u00e0 utiliser).<\/p>\n<hr \/>\n<p>Nous vous pr\u00e9sentons le NAD+ AT HOME Mini - le moyen id\u00e9al de d\u00e9couvrir les bienfaits de notre suppl\u00e9ment unique dans un kit \u00e0 domicile plus abordable et plus pratique.<\/p>\n<p>Cette version plus petite offre la moiti\u00e9 de la quantit\u00e9 de nos flacons originaux, ce qui la rend id\u00e9ale pour ceux qui souhaitent essayer notre produit avant de s'engager dans le dosage complet recommand\u00e9.<\/p>\n<p>Essayez NAD+ AT HOME Mini d\u00e8s aujourd'hui et faites le premier pas vers une sant\u00e9 et une vitalit\u00e9 accrues.<\/p>","protected":false},"featured_media":9296,"comment_status":"closed","ping_status":"closed","template":"","meta":{"_acf_changed":false},"product_brand":[45],"product_cat":[17],"product_tag":[],"class_list":{"0":"post-9182","1":"product","2":"type-product","3":"status-publish","4":"has-post-thumbnail","6":"product_brand-nad-at-home","7":"product_cat-home-kit","8":"product_shipping_class-restricted-shipping","10":"first","11":"outofstock","12":"taxable","13":"shipping-taxable","14":"purchasable","15":"product-type-simple"},"group_of_quantity":0,"min_quantity":0,"max_quantity":"","exclude_order_quantity_value_rules":"no","exclude_category_quantity_rules":"no","combine_variations":"no","acf":[],"_links":{"self":[{"href":"https:\/\/nadplusathome.com\/fr\/wp-json\/wp\/v2\/product\/9182","targetHints":{"allow":["GET"]}}],"collection":[{"href":"https:\/\/nadplusathome.com\/fr\/wp-json\/wp\/v2\/product"}],"about":[{"href":"https:\/\/nadplusathome.com\/fr\/wp-json\/wp\/v2\/types\/product"}],"replies":[{"embeddable":true,"href":"https:\/\/nadplusathome.com\/fr\/wp-json\/wp\/v2\/comments?post=9182"}],"wp:featuredmedia":[{"embeddable":true,"href":"https:\/\/nadplusathome.com\/fr\/wp-json\/wp\/v2\/media\/9296"}],"wp:attachment":[{"href":"https:\/\/nadplusathome.com\/fr\/wp-json\/wp\/v2\/media?parent=9182"}],"wp:term":[{"taxonomy":"product_brand","embeddable":true,"href":"https:\/\/nadplusathome.com\/fr\/wp-json\/wp\/v2\/product_brand?post=9182"},{"taxonomy":"product_cat","embeddable":true,"href":"https:\/\/nadplusathome.com\/fr\/wp-json\/wp\/v2\/product_cat?post=9182"},{"taxonomy":"product_tag","embeddable":true,"href":"https:\/\/nadplusathome.com\/fr\/wp-json\/wp\/v2\/product_tag?post=9182"}],"curies":[{"name":"wp","href":"https:\/\/api.w.org\/{rel}","templated":true}]}}