{"id":8610,"date":"2024-05-30T11:14:44","date_gmt":"2024-05-30T10:14:44","guid":{"rendered":"https:\/\/nadplusathome.com\/?post_type=product&#038;p=8610"},"modified":"2026-04-15T15:50:33","modified_gmt":"2026-04-15T14:50:33","slug":"nad-at-home-wellness-combo","status":"publish","type":"product","link":"https:\/\/nadplusathome.com\/fr\/product\/nad-at-home-wellness-combo\/","title":{"rendered":"NAD+ AT HOME Wellness Combo"},"content":{"rendered":"","protected":false},"excerpt":{"rendered":"<p>Nous avons combin\u00e9 nos deux principaux compl\u00e9ments de sant\u00e9 pour en faire le combo bien-\u00eatre ultime. Cette combinaison vous permet maintenant de <strong>sauver <\/strong>lorsque vous associez nos produits NAD+ et L-Glutathione At Home, dont le prix est de 635 \u20ac si vous les achetez s\u00e9par\u00e9ment.<\/p>\n<p>La suppl\u00e9mentation en NAD+ et en L-Glutathion procure de puissants avantages : am\u00e9lioration de l'\u00e9nergie cellulaire, am\u00e9lioration de la d\u00e9toxification, forte d\u00e9fense antioxydante, r\u00e9paration de l'ADN et lutte contre le vieillissement, renforcement de la fonction immunitaire, am\u00e9lioration de la sant\u00e9 c\u00e9r\u00e9brale, am\u00e9lioration de la sant\u00e9 m\u00e9tabolique et r\u00e9duction de l'inflammation.<\/p>\n<p><strong>Ensemble, ils forment un compl\u00e9ment puissant pour une sant\u00e9 optimale.<\/strong><\/p>","protected":false},"featured_media":10041,"comment_status":"closed","ping_status":"closed","template":"","meta":{"_acf_changed":false},"product_brand":[45],"product_cat":[17],"product_tag":[],"class_list":{"0":"post-8610","1":"product","2":"type-product","3":"status-publish","4":"has-post-thumbnail","6":"product_brand-nad-at-home","7":"product_cat-home-kit","8":"product_shipping_class-restricted-shipping","9":"has-subscription-plans","11":"first","12":"instock","13":"sale","14":"featured","15":"taxable","16":"shipping-taxable","17":"purchasable","18":"product-type-simple"},"group_of_quantity":0,"min_quantity":0,"max_quantity":"","exclude_order_quantity_value_rules":"no","exclude_category_quantity_rules":"no","combine_variations":"no","acf":[],"_links":{"self":[{"href":"https:\/\/nadplusathome.com\/fr\/wp-json\/wp\/v2\/product\/8610","targetHints":{"allow":["GET"]}}],"collection":[{"href":"https:\/\/nadplusathome.com\/fr\/wp-json\/wp\/v2\/product"}],"about":[{"href":"https:\/\/nadplusathome.com\/fr\/wp-json\/wp\/v2\/types\/product"}],"replies":[{"embeddable":true,"href":"https:\/\/nadplusathome.com\/fr\/wp-json\/wp\/v2\/comments?post=8610"}],"wp:featuredmedia":[{"embeddable":true,"href":"https:\/\/nadplusathome.com\/fr\/wp-json\/wp\/v2\/media\/10041"}],"wp:attachment":[{"href":"https:\/\/nadplusathome.com\/fr\/wp-json\/wp\/v2\/media?parent=8610"}],"wp:term":[{"taxonomy":"product_brand","embeddable":true,"href":"https:\/\/nadplusathome.com\/fr\/wp-json\/wp\/v2\/product_brand?post=8610"},{"taxonomy":"product_cat","embeddable":true,"href":"https:\/\/nadplusathome.com\/fr\/wp-json\/wp\/v2\/product_cat?post=8610"},{"taxonomy":"product_tag","embeddable":true,"href":"https:\/\/nadplusathome.com\/fr\/wp-json\/wp\/v2\/product_tag?post=8610"}],"curies":[{"name":"wp","href":"https:\/\/api.w.org\/{rel}","templated":true}]}}