{"id":8511,"date":"2024-05-22T13:20:50","date_gmt":"2024-05-22T12:20:50","guid":{"rendered":"https:\/\/nadplusathome.com\/?post_type=product&#038;p=8511"},"modified":"2026-04-07T09:23:53","modified_gmt":"2026-04-07T08:23:53","slug":"lglutathione-at-home","status":"publish","type":"product","link":"https:\/\/nadplusathome.com\/fr\/product\/lglutathione-at-home\/","title":{"rendered":"Kit d'injection de L-Glutathion \u00e0 domicile"},"content":{"rendered":"","protected":false},"excerpt":{"rendered":"<p>Soutenez la d\u00e9sintoxication naturelle de votre corps avec notre suppl\u00e9ment injectable de L-Glutathion de premi\u00e8re qualit\u00e9, neutralisez les radicaux libres et favorisez la sant\u00e9 et le bien-\u00eatre de l'int\u00e9rieur.<\/p>\n<p>Notre formulation sous-cutan\u00e9e avanc\u00e9e est con\u00e7ue pour une absorption optimale, garantissant ainsi que votre corps b\u00e9n\u00e9ficie de tous les avantages. Vous b\u00e9n\u00e9ficiez d'un soutien pour vos voies naturelles de d\u00e9sintoxication tout en favorisant une peau \u00e9clatante et d'apparence saine.<\/p>","protected":false},"featured_media":10034,"comment_status":"closed","ping_status":"closed","template":"","meta":{"_acf_changed":false},"product_brand":[45],"product_cat":[17],"product_tag":[],"class_list":{"0":"post-8511","1":"product","2":"type-product","3":"status-publish","4":"has-post-thumbnail","6":"product_brand-nad-at-home","7":"product_cat-home-kit","8":"product_shipping_class-restricted-shipping","9":"has-subscription-plans","11":"first","12":"instock","13":"featured","14":"taxable","15":"shipping-taxable","16":"purchasable","17":"product-type-simple"},"group_of_quantity":0,"min_quantity":0,"max_quantity":"","exclude_order_quantity_value_rules":"no","exclude_category_quantity_rules":"no","combine_variations":"no","acf":[],"_links":{"self":[{"href":"https:\/\/nadplusathome.com\/fr\/wp-json\/wp\/v2\/product\/8511","targetHints":{"allow":["GET"]}}],"collection":[{"href":"https:\/\/nadplusathome.com\/fr\/wp-json\/wp\/v2\/product"}],"about":[{"href":"https:\/\/nadplusathome.com\/fr\/wp-json\/wp\/v2\/types\/product"}],"replies":[{"embeddable":true,"href":"https:\/\/nadplusathome.com\/fr\/wp-json\/wp\/v2\/comments?post=8511"}],"wp:featuredmedia":[{"embeddable":true,"href":"https:\/\/nadplusathome.com\/fr\/wp-json\/wp\/v2\/media\/10034"}],"wp:attachment":[{"href":"https:\/\/nadplusathome.com\/fr\/wp-json\/wp\/v2\/media?parent=8511"}],"wp:term":[{"taxonomy":"product_brand","embeddable":true,"href":"https:\/\/nadplusathome.com\/fr\/wp-json\/wp\/v2\/product_brand?post=8511"},{"taxonomy":"product_cat","embeddable":true,"href":"https:\/\/nadplusathome.com\/fr\/wp-json\/wp\/v2\/product_cat?post=8511"},{"taxonomy":"product_tag","embeddable":true,"href":"https:\/\/nadplusathome.com\/fr\/wp-json\/wp\/v2\/product_tag?post=8511"}],"curies":[{"name":"wp","href":"https:\/\/api.w.org\/{rel}","templated":true}]}}