{"id":43014,"date":"2026-03-20T15:20:36","date_gmt":"2026-03-20T15:20:36","guid":{"rendered":"https:\/\/nadplusathome.com\/?post_type=product&#038;p=43014"},"modified":"2026-05-05T11:42:32","modified_gmt":"2026-05-05T10:42:32","slug":"refills-for-nad-lglutathione-pen-combo","status":"publish","type":"product","link":"https:\/\/nadplusathome.com\/fr\/product\/refills-for-nad-lglutathione-pen-combo\/","title":{"rendered":"Recharges pour le stylo combin\u00e9 NAD+ et L-Glutathion"},"content":{"rendered":"","protected":false},"excerpt":{"rendered":"<p>Restez coh\u00e9rent avec votre protocole gr\u00e2ce \u00e0 notre pack de recharge NAD+ et L-Glutathion, con\u00e7u exclusivement pour une utilisation avec nos syst\u00e8mes de stylo \u00e0 domicile.<\/p>\n<p>Cette combinaison double r\u00e9unit deux des mol\u00e9cules les plus recherch\u00e9es dans le bien-\u00eatre moderne. Le NAD+ joue un r\u00f4le cl\u00e9 dans la production d'\u00e9nergie cellulaire et la fonction m\u00e9tabolique, tandis que le L-Glutathion est largement reconnu pour son r\u00f4le dans la d\u00e9fense antioxydante et le soutien des voies naturelles de d\u00e9toxification du corps.<\/p>\n<p>Ensemble, ils compl\u00e8tent une routine ax\u00e9e sur l'\u00e9nergie, la r\u00e9cup\u00e9ration, la sant\u00e9 de la peau et la vitalit\u00e9 g\u00e9n\u00e9rale.<\/p>\n<p>\u00c9conomisez plus de 201 TP3T par rapport \u00e0 l&#x27;achat de recharges individuelles.<\/p>","protected":false},"featured_media":43022,"comment_status":"closed","ping_status":"closed","template":"","meta":{"_acf_changed":false},"product_brand":[45],"product_cat":[17],"product_tag":[],"class_list":{"0":"post-43014","1":"product","2":"type-product","3":"status-publish","4":"has-post-thumbnail","6":"product_brand-nad-at-home","7":"product_cat-home-kit","8":"product_shipping_class-restricted-shipping","9":"has-subscription-plans","11":"first","12":"instock","13":"sale","14":"featured","15":"taxable","16":"shipping-taxable","17":"purchasable","18":"product-type-simple"},"group_of_quantity":0,"min_quantity":0,"max_quantity":"","exclude_order_quantity_value_rules":"no","exclude_category_quantity_rules":"no","combine_variations":"no","acf":[],"_links":{"self":[{"href":"https:\/\/nadplusathome.com\/fr\/wp-json\/wp\/v2\/product\/43014","targetHints":{"allow":["GET"]}}],"collection":[{"href":"https:\/\/nadplusathome.com\/fr\/wp-json\/wp\/v2\/product"}],"about":[{"href":"https:\/\/nadplusathome.com\/fr\/wp-json\/wp\/v2\/types\/product"}],"replies":[{"embeddable":true,"href":"https:\/\/nadplusathome.com\/fr\/wp-json\/wp\/v2\/comments?post=43014"}],"wp:featuredmedia":[{"embeddable":true,"href":"https:\/\/nadplusathome.com\/fr\/wp-json\/wp\/v2\/media\/43022"}],"wp:attachment":[{"href":"https:\/\/nadplusathome.com\/fr\/wp-json\/wp\/v2\/media?parent=43014"}],"wp:term":[{"taxonomy":"product_brand","embeddable":true,"href":"https:\/\/nadplusathome.com\/fr\/wp-json\/wp\/v2\/product_brand?post=43014"},{"taxonomy":"product_cat","embeddable":true,"href":"https:\/\/nadplusathome.com\/fr\/wp-json\/wp\/v2\/product_cat?post=43014"},{"taxonomy":"product_tag","embeddable":true,"href":"https:\/\/nadplusathome.com\/fr\/wp-json\/wp\/v2\/product_tag?post=43014"}],"curies":[{"name":"wp","href":"https:\/\/api.w.org\/{rel}","templated":true}]}}