{"id":42665,"date":"2026-03-13T15:18:59","date_gmt":"2026-03-13T15:18:59","guid":{"rendered":"https:\/\/nadplusathome.com\/?post_type=product&#038;p=42665"},"modified":"2026-05-05T12:19:49","modified_gmt":"2026-05-05T11:19:49","slug":"nad-l-glutathione-pen-combo","status":"publish","type":"product","link":"https:\/\/nadplusathome.com\/fr\/product\/nad-l-glutathione-pen-combo\/","title":{"rendered":"Combinaison NAD+ et L-Glutathion \u2013 Le Kit Stylo Bien-\u00eatre"},"content":{"rendered":"","protected":false},"excerpt":{"rendered":"<p>Notre Pen Kit Combination est le premier de son genre, offrant les avantages de bien-\u00eatre du NAD+ et du L-Glutathion dans un seul kit de stylo double \u00e0 domicile. En ajoutant le NAD+ et le L-Glutathion \u00e0 votre routine, vous pouvez b\u00e9n\u00e9ficier de nombreuses am\u00e9liorations en mati\u00e8re de bien-\u00eatre.<\/p>\n<p>Parmi les avantages de cette double combinaison, on peut citer : l'augmentation de l'\u00e9nergie cellulaire, l'am\u00e9lioration de la d\u00e9toxification, une forte d\u00e9fense antioxydante, la r\u00e9paration de l'ADN et la lutte contre le vieillissement, le renforcement de la fonction immunitaire, l'am\u00e9lioration de la sant\u00e9 c\u00e9r\u00e9brale, l'am\u00e9lioration de la sant\u00e9 m\u00e9tabolique et la r\u00e9duction de l'inflammation.<br \/>\nChaque kit comprend tout ce dont vous avez besoin pour un traitement \u00e0 domicile, y compris des micro-aiguilles, des lingettes antibact\u00e9riennes et des stylos auto-injecteurs.<\/p>\n<p>Commandez maintenant et \u00e9conomisez plus de 20% par rapport \u00e0 l'achat de kits de stylos individuels.<\/p>","protected":false},"featured_media":42960,"comment_status":"closed","ping_status":"closed","template":"","meta":{"_acf_changed":false},"product_brand":[45],"product_cat":[17],"product_tag":[],"class_list":{"0":"post-42665","1":"product","2":"type-product","3":"status-publish","4":"has-post-thumbnail","6":"product_brand-nad-at-home","7":"product_cat-home-kit","8":"product_shipping_class-restricted-shipping","9":"has-subscription-plans","11":"first","12":"instock","13":"sale","14":"featured","15":"taxable","16":"shipping-taxable","17":"purchasable","18":"product-type-simple"},"group_of_quantity":0,"min_quantity":0,"max_quantity":"","exclude_order_quantity_value_rules":"no","exclude_category_quantity_rules":"no","combine_variations":"no","acf":[],"_links":{"self":[{"href":"https:\/\/nadplusathome.com\/fr\/wp-json\/wp\/v2\/product\/42665","targetHints":{"allow":["GET"]}}],"collection":[{"href":"https:\/\/nadplusathome.com\/fr\/wp-json\/wp\/v2\/product"}],"about":[{"href":"https:\/\/nadplusathome.com\/fr\/wp-json\/wp\/v2\/types\/product"}],"replies":[{"embeddable":true,"href":"https:\/\/nadplusathome.com\/fr\/wp-json\/wp\/v2\/comments?post=42665"}],"wp:featuredmedia":[{"embeddable":true,"href":"https:\/\/nadplusathome.com\/fr\/wp-json\/wp\/v2\/media\/42960"}],"wp:attachment":[{"href":"https:\/\/nadplusathome.com\/fr\/wp-json\/wp\/v2\/media?parent=42665"}],"wp:term":[{"taxonomy":"product_brand","embeddable":true,"href":"https:\/\/nadplusathome.com\/fr\/wp-json\/wp\/v2\/product_brand?post=42665"},{"taxonomy":"product_cat","embeddable":true,"href":"https:\/\/nadplusathome.com\/fr\/wp-json\/wp\/v2\/product_cat?post=42665"},{"taxonomy":"product_tag","embeddable":true,"href":"https:\/\/nadplusathome.com\/fr\/wp-json\/wp\/v2\/product_tag?post=42665"}],"curies":[{"name":"wp","href":"https:\/\/api.w.org\/{rel}","templated":true}]}}