{"id":42589,"date":"2026-03-12T09:05:45","date_gmt":"2026-03-12T09:05:45","guid":{"rendered":"https:\/\/nadplusathome.com\/?post_type=product&#038;p=42589"},"modified":"2026-05-05T11:40:16","modified_gmt":"2026-05-05T10:40:16","slug":"refills-for-l-glutathione-pen","status":"publish","type":"product","link":"https:\/\/nadplusathome.com\/fr\/product\/refills-for-l-glutathione-pen\/","title":{"rendered":"Recharges pour stylo de L-Glutathion"},"content":{"rendered":"","protected":false},"excerpt":{"rendered":"<p>Notre kit de recharge fournit un autre approvisionnement complet de traitement au L-Glutathion pour votre stylo d'injection rechargeable. Faites le plein maintenant et vous serez sur la bonne voie pour restaurer et maintenir vos niveaux d'antioxydants, soutenir l'\u00e9clat de la peau, la d\u00e9sintoxication et la sant\u00e9 immunitaire de l'int\u00e9rieur.<\/p>\n<p>Avec l'\u00e2ge, les niveaux de L-Glutathion diminuent naturellement, ce qui a un impact sur la vitalit\u00e9 g\u00e9n\u00e9rale et la clart\u00e9 de la peau. La recherche sugg\u00e8re qu'\u00e0 l'\u00e2ge de 40 ans, nos niveaux de L-Glutathion chutent de 30% et sont g\u00e9n\u00e9ralement r\u00e9duits de moiti\u00e9 \u00e0 l'\u00e2ge de 65 ans.<\/p>\n<p>Remplacez ces gouttes par notre kit de stylo de L-Glutathion et sa biodisponibilit\u00e9 de pr\u00e8s de 100 %. Cet auto-injecteur de qualit\u00e9 sup\u00e9rieure assure une absorption rapide, vous aidant \u00e0 \u00e9claircir votre teint, \u00e0 lutter contre le stress oxydatif et \u00e0 promouvoir la r\u00e9paration cellulaire, le tout dans le confort de votre maison.<\/p>","protected":false},"featured_media":42932,"comment_status":"closed","ping_status":"closed","template":"","meta":{"_acf_changed":false},"product_brand":[45],"product_cat":[17],"product_tag":[],"class_list":{"0":"post-42589","1":"product","2":"type-product","3":"status-publish","4":"has-post-thumbnail","6":"product_brand-nad-at-home","7":"product_cat-home-kit","8":"product_shipping_class-restricted-shipping","9":"has-subscription-plans","11":"first","12":"instock","13":"sale","14":"featured","15":"taxable","16":"shipping-taxable","17":"purchasable","18":"product-type-variable","19":"has-default-attributes"},"group_of_quantity":0,"min_quantity":0,"max_quantity":"","exclude_order_quantity_value_rules":"no","exclude_category_quantity_rules":"no","combine_variations":"no","acf":[],"_links":{"self":[{"href":"https:\/\/nadplusathome.com\/fr\/wp-json\/wp\/v2\/product\/42589","targetHints":{"allow":["GET"]}}],"collection":[{"href":"https:\/\/nadplusathome.com\/fr\/wp-json\/wp\/v2\/product"}],"about":[{"href":"https:\/\/nadplusathome.com\/fr\/wp-json\/wp\/v2\/types\/product"}],"replies":[{"embeddable":true,"href":"https:\/\/nadplusathome.com\/fr\/wp-json\/wp\/v2\/comments?post=42589"}],"wp:featuredmedia":[{"embeddable":true,"href":"https:\/\/nadplusathome.com\/fr\/wp-json\/wp\/v2\/media\/42932"}],"wp:attachment":[{"href":"https:\/\/nadplusathome.com\/fr\/wp-json\/wp\/v2\/media?parent=42589"}],"wp:term":[{"taxonomy":"product_brand","embeddable":true,"href":"https:\/\/nadplusathome.com\/fr\/wp-json\/wp\/v2\/product_brand?post=42589"},{"taxonomy":"product_cat","embeddable":true,"href":"https:\/\/nadplusathome.com\/fr\/wp-json\/wp\/v2\/product_cat?post=42589"},{"taxonomy":"product_tag","embeddable":true,"href":"https:\/\/nadplusathome.com\/fr\/wp-json\/wp\/v2\/product_tag?post=42589"}],"curies":[{"name":"wp","href":"https:\/\/api.w.org\/{rel}","templated":true}]}}