{"id":40832,"date":"2026-02-06T13:48:48","date_gmt":"2026-02-06T13:48:48","guid":{"rendered":"https:\/\/nadplusathome.com\/?post_type=product&#038;p=40832"},"modified":"2026-05-05T11:38:14","modified_gmt":"2026-05-05T10:38:14","slug":"l-glutathione-pen-kit","status":"publish","type":"product","link":"https:\/\/nadplusathome.com\/fr\/product\/l-glutathione-pen-kit\/","title":{"rendered":"Kit stylo L-Glutathione"},"content":{"rendered":"","protected":false},"excerpt":{"rendered":"<p>Notre kit de stylo \u00e0 domicile fournit du L-Glutathion de qualit\u00e9 sup\u00e9rieure pour une administration facile \u00e0 domicile. Contrebalancez la baisse naturelle de vos niveaux de cette mol\u00e9cule cruciale gr\u00e2ce \u00e0 notre formulation sous-cutan\u00e9e avanc\u00e9e, qui offre une biodisponibilit\u00e9 de pr\u00e8s de 100 %.<\/p>\n<p>Le L-Glutathion joue un r\u00f4le cl\u00e9 dans de nombreux processus biologiques, notamment la d\u00e9toxification cellulaire, la d\u00e9fense antioxydante et le renforcement de nos voies immunitaires. Gr\u00e2ce \u00e0 son r\u00f4le dans la r\u00e9duction du stress oxydatif, le L-Glutathion peut jouer un r\u00f4le dans la vitalit\u00e9, l'\u00e9clat et la sant\u00e9 de notre peau.<\/p>\n<p>Avec tout ce dont vous avez besoin pour neutraliser les radicaux libres, am\u00e9liorer la fonction immunitaire et la sant\u00e9 de la peau, notre kit facile \u00e0 utiliser apporte la qualit\u00e9 des traitements cliniques \u00e0 votre domicile. Il suffit de connecter la micro-aiguille et la cartouche pour que votre stylo injecteur de L-Glutathion soit pr\u00eat \u00e0 l'emploi. Lisez la suite pour plus de conseils et pour voir notre guide vid\u00e9o \u00e9tape par \u00e9tape.<\/p>\n<p>&nbsp;<\/p>\n<p>&nbsp;<\/p>","protected":false},"featured_media":42927,"comment_status":"closed","ping_status":"closed","template":"","meta":{"_acf_changed":false},"product_brand":[45],"product_cat":[17],"product_tag":[],"class_list":{"0":"post-40832","1":"product","2":"type-product","3":"status-publish","4":"has-post-thumbnail","6":"product_brand-nad-at-home","7":"product_cat-home-kit","8":"product_shipping_class-restricted-shipping","9":"has-subscription-plans","11":"first","12":"instock","13":"sale","14":"featured","15":"taxable","16":"shipping-taxable","17":"purchasable","18":"product-type-variable","19":"has-default-attributes"},"group_of_quantity":0,"min_quantity":0,"max_quantity":"","exclude_order_quantity_value_rules":"no","exclude_category_quantity_rules":"no","combine_variations":"no","acf":[],"_links":{"self":[{"href":"https:\/\/nadplusathome.com\/fr\/wp-json\/wp\/v2\/product\/40832","targetHints":{"allow":["GET"]}}],"collection":[{"href":"https:\/\/nadplusathome.com\/fr\/wp-json\/wp\/v2\/product"}],"about":[{"href":"https:\/\/nadplusathome.com\/fr\/wp-json\/wp\/v2\/types\/product"}],"replies":[{"embeddable":true,"href":"https:\/\/nadplusathome.com\/fr\/wp-json\/wp\/v2\/comments?post=40832"}],"wp:featuredmedia":[{"embeddable":true,"href":"https:\/\/nadplusathome.com\/fr\/wp-json\/wp\/v2\/media\/42927"}],"wp:attachment":[{"href":"https:\/\/nadplusathome.com\/fr\/wp-json\/wp\/v2\/media?parent=40832"}],"wp:term":[{"taxonomy":"product_brand","embeddable":true,"href":"https:\/\/nadplusathome.com\/fr\/wp-json\/wp\/v2\/product_brand?post=40832"},{"taxonomy":"product_cat","embeddable":true,"href":"https:\/\/nadplusathome.com\/fr\/wp-json\/wp\/v2\/product_cat?post=40832"},{"taxonomy":"product_tag","embeddable":true,"href":"https:\/\/nadplusathome.com\/fr\/wp-json\/wp\/v2\/product_tag?post=40832"}],"curies":[{"name":"wp","href":"https:\/\/api.w.org\/{rel}","templated":true}]}}