{"id":34608,"date":"2025-10-31T10:24:52","date_gmt":"2025-10-31T10:24:52","guid":{"rendered":"https:\/\/nadplusathome.com\/?post_type=product&#038;p=34608"},"modified":"2026-03-05T09:37:13","modified_gmt":"2026-03-05T09:37:13","slug":"nad-at-home-injection-travel-case","status":"publish","type":"product","link":"https:\/\/nadplusathome.com\/fr\/product\/nad-at-home-injection-travel-case\/","title":{"rendered":"NAD+ At Home Injection Travel Case"},"content":{"rendered":"","protected":false},"excerpt":{"rendered":"<p>Notre \u00e9tui d'injection haut de gamme pour les traitements en d\u00e9placement. Cet \u00e9tui garde votre solution au frais et la prot\u00e8ge pendant que vous \u00eates en d\u00e9placement.<\/p>\n<p>Notre \u00e9tui de voyage pour injection NAD+ de premi\u00e8re qualit\u00e9 est con\u00e7u pour faciliter, prot\u00e9ger et assurer la tranquillit\u00e9 d'esprit, quel que soit l'endroit o\u00f9 vous vous rendez.<\/p>\n<p>Dot\u00e9e d'un int\u00e9rieur discret et isol\u00e9 avec capacit\u00e9 de refroidissement int\u00e9gr\u00e9e, cette mallette permet de maintenir votre solution \u00e0 une temp\u00e9rature optimale tout en prot\u00e9geant vos fournitures de la lumi\u00e8re, des chocs et de l'exposition \u00e0 la chaleur.<\/p>","protected":false},"featured_media":37712,"comment_status":"closed","ping_status":"closed","template":"","meta":{"_acf_changed":false},"product_brand":[45],"product_cat":[44],"product_tag":[],"class_list":{"0":"post-34608","1":"product","2":"type-product","3":"status-publish","4":"has-post-thumbnail","6":"product_brand-nad-at-home","7":"product_cat-accessories","9":"first","10":"instock","11":"taxable","12":"shipping-taxable","13":"purchasable","14":"product-type-simple"},"group_of_quantity":0,"min_quantity":0,"max_quantity":"","exclude_order_quantity_value_rules":"no","exclude_category_quantity_rules":"no","combine_variations":"no","acf":[],"_links":{"self":[{"href":"https:\/\/nadplusathome.com\/fr\/wp-json\/wp\/v2\/product\/34608","targetHints":{"allow":["GET"]}}],"collection":[{"href":"https:\/\/nadplusathome.com\/fr\/wp-json\/wp\/v2\/product"}],"about":[{"href":"https:\/\/nadplusathome.com\/fr\/wp-json\/wp\/v2\/types\/product"}],"replies":[{"embeddable":true,"href":"https:\/\/nadplusathome.com\/fr\/wp-json\/wp\/v2\/comments?post=34608"}],"wp:featuredmedia":[{"embeddable":true,"href":"https:\/\/nadplusathome.com\/fr\/wp-json\/wp\/v2\/media\/37712"}],"wp:attachment":[{"href":"https:\/\/nadplusathome.com\/fr\/wp-json\/wp\/v2\/media?parent=34608"}],"wp:term":[{"taxonomy":"product_brand","embeddable":true,"href":"https:\/\/nadplusathome.com\/fr\/wp-json\/wp\/v2\/product_brand?post=34608"},{"taxonomy":"product_cat","embeddable":true,"href":"https:\/\/nadplusathome.com\/fr\/wp-json\/wp\/v2\/product_cat?post=34608"},{"taxonomy":"product_tag","embeddable":true,"href":"https:\/\/nadplusathome.com\/fr\/wp-json\/wp\/v2\/product_tag?post=34608"}],"curies":[{"name":"wp","href":"https:\/\/api.w.org\/{rel}","templated":true}]}}