{"id":30112,"date":"2025-08-21T07:00:58","date_gmt":"2025-08-21T06:00:58","guid":{"rendered":"https:\/\/nadplusathome.com\/?post_type=product&#038;p=30112"},"modified":"2026-04-15T15:05:28","modified_gmt":"2026-04-15T14:05:28","slug":"nad-injection-pen-discovery-kit-500mg","status":"publish","type":"product","link":"https:\/\/nadplusathome.com\/fr\/product\/nad-injection-pen-discovery-kit-500mg\/","title":{"rendered":"Kit de stylo de d\u00e9couverte NAD"},"content":{"rendered":"","protected":false},"excerpt":{"rendered":"<p>D\u00e9couvrez notre Kit D\u00e9couverte NAD+ 500mg, l'introduction parfaite \u00e0 notre approche scientifique de la sant\u00e9 cellulaire.<\/p>\n<p>Ce kit de taille d\u00e9couverte contient notre stylo auto-injecteur rechargeable, ainsi que 10 doses compl\u00e8tes de NAD+ (500 mg au total), ce qui est suffisant pour vous mettre sur la voie d'une meilleure \u00e9nergie, d'une r\u00e9cup\u00e9ration plus rapide, d'une peau \u00e9clatante, d'un sommeil am\u00e9lior\u00e9 et d'une concentration plus vive.<\/p>","protected":false},"featured_media":30113,"comment_status":"closed","ping_status":"closed","template":"","meta":{"_acf_changed":false},"product_brand":[45],"product_cat":[17],"product_tag":[],"class_list":{"0":"post-30112","1":"product","2":"type-product","3":"status-publish","4":"has-post-thumbnail","6":"product_brand-nad-at-home","7":"product_cat-home-kit","9":"first","10":"instock","11":"featured","12":"taxable","13":"shipping-taxable","14":"purchasable","15":"product-type-simple"},"group_of_quantity":0,"min_quantity":0,"max_quantity":"","exclude_order_quantity_value_rules":"no","exclude_category_quantity_rules":"no","combine_variations":"no","acf":[],"_links":{"self":[{"href":"https:\/\/nadplusathome.com\/fr\/wp-json\/wp\/v2\/product\/30112","targetHints":{"allow":["GET"]}}],"collection":[{"href":"https:\/\/nadplusathome.com\/fr\/wp-json\/wp\/v2\/product"}],"about":[{"href":"https:\/\/nadplusathome.com\/fr\/wp-json\/wp\/v2\/types\/product"}],"replies":[{"embeddable":true,"href":"https:\/\/nadplusathome.com\/fr\/wp-json\/wp\/v2\/comments?post=30112"}],"wp:featuredmedia":[{"embeddable":true,"href":"https:\/\/nadplusathome.com\/fr\/wp-json\/wp\/v2\/media\/30113"}],"wp:attachment":[{"href":"https:\/\/nadplusathome.com\/fr\/wp-json\/wp\/v2\/media?parent=30112"}],"wp:term":[{"taxonomy":"product_brand","embeddable":true,"href":"https:\/\/nadplusathome.com\/fr\/wp-json\/wp\/v2\/product_brand?post=30112"},{"taxonomy":"product_cat","embeddable":true,"href":"https:\/\/nadplusathome.com\/fr\/wp-json\/wp\/v2\/product_cat?post=30112"},{"taxonomy":"product_tag","embeddable":true,"href":"https:\/\/nadplusathome.com\/fr\/wp-json\/wp\/v2\/product_tag?post=30112"}],"curies":[{"name":"wp","href":"https:\/\/api.w.org\/{rel}","templated":true}]}}