{"id":26411,"date":"2025-06-16T09:30:16","date_gmt":"2025-06-16T08:30:16","guid":{"rendered":"https:\/\/nadplusathome.com\/?post_type=product&#038;p=26411"},"modified":"2026-04-08T13:48:26","modified_gmt":"2026-04-08T12:48:26","slug":"nad-injection-pen-pen-only","status":"publish","type":"product","link":"https:\/\/nadplusathome.com\/fr\/product\/nad-injection-pen-pen-only\/","title":{"rendered":"Stylo NAD+ uniquement (rechange)"},"content":{"rendered":"","protected":false},"excerpt":{"rendered":"<p>Notre stylo injectable NAD+ rechargeable est con\u00e7u pour une auto-administration pratique et pr\u00e9cise \u00e0 l'aide de cartouches standard de 3 ml et de micro-aiguilles.<\/p>\n<p>Cet auto-injecteur de qualit\u00e9 sup\u00e9rieure, facile \u00e0 utiliser, permet un dosage contr\u00f4l\u00e9 dans un format de stylo compact et discret, ce qui facilite la gestion de vos injections de NAD+ \u00e0 la maison ou en voyage.<\/p>\n<p>Cette option de stylo seul est id\u00e9ale pour ceux qui ont d\u00e9j\u00e0 des cartouches et des fournitures ou qui ont besoin d'un stylo de remplacement ou d'un stylo de rechange.<\/p>\n<p>De nombreux clients ach\u00e8tent \u00e9galement un stylo suppl\u00e9mentaire pour les sauvegardes, les voyages ou les utilisations multiples.<\/p>","protected":false},"featured_media":20424,"comment_status":"closed","ping_status":"closed","template":"","meta":{"_acf_changed":false},"product_brand":[45],"product_cat":[44],"product_tag":[],"class_list":{"0":"post-26411","1":"product","2":"type-product","3":"status-publish","4":"has-post-thumbnail","6":"product_brand-nad-at-home","7":"product_cat-accessories","9":"first","10":"instock","11":"taxable","12":"shipping-taxable","13":"purchasable","14":"product-type-simple"},"group_of_quantity":0,"min_quantity":0,"max_quantity":"","exclude_order_quantity_value_rules":"no","exclude_category_quantity_rules":"no","combine_variations":"no","acf":[],"_links":{"self":[{"href":"https:\/\/nadplusathome.com\/fr\/wp-json\/wp\/v2\/product\/26411","targetHints":{"allow":["GET"]}}],"collection":[{"href":"https:\/\/nadplusathome.com\/fr\/wp-json\/wp\/v2\/product"}],"about":[{"href":"https:\/\/nadplusathome.com\/fr\/wp-json\/wp\/v2\/types\/product"}],"replies":[{"embeddable":true,"href":"https:\/\/nadplusathome.com\/fr\/wp-json\/wp\/v2\/comments?post=26411"}],"wp:featuredmedia":[{"embeddable":true,"href":"https:\/\/nadplusathome.com\/fr\/wp-json\/wp\/v2\/media\/20424"}],"wp:attachment":[{"href":"https:\/\/nadplusathome.com\/fr\/wp-json\/wp\/v2\/media?parent=26411"}],"wp:term":[{"taxonomy":"product_brand","embeddable":true,"href":"https:\/\/nadplusathome.com\/fr\/wp-json\/wp\/v2\/product_brand?post=26411"},{"taxonomy":"product_cat","embeddable":true,"href":"https:\/\/nadplusathome.com\/fr\/wp-json\/wp\/v2\/product_cat?post=26411"},{"taxonomy":"product_tag","embeddable":true,"href":"https:\/\/nadplusathome.com\/fr\/wp-json\/wp\/v2\/product_tag?post=26411"}],"curies":[{"name":"wp","href":"https:\/\/api.w.org\/{rel}","templated":true}]}}