{"id":20433,"date":"2025-03-06T17:18:11","date_gmt":"2025-03-06T17:18:11","guid":{"rendered":"https:\/\/nadplusathome.com\/?post_type=product&#038;p=20433"},"modified":"2026-04-15T15:44:55","modified_gmt":"2026-04-15T14:44:55","slug":"nad-injection-pen-refill-kits","status":"publish","type":"product","link":"https:\/\/nadplusathome.com\/fr\/product\/nad-injection-pen-refill-kits\/","title":{"rendered":"Recharges pour stylo NAD"},"content":{"rendered":"","protected":false},"excerpt":{"rendered":"<p>Notre kit de recharge vous permet de disposer \u00e0 nouveau d'un stock complet de traitement NAD+ pour votre stylo injecteur rechargeable.<\/p>\n<p>Notre stylo injecteur NAD+ est le moyen le plus pratique de restaurer et de maintenir vos niveaux de NAD+, en soutenant l'\u00e9nergie, la concentration et la sant\u00e9 cellulaire de l'int\u00e9rieur.<\/p>\n<p>Avec l'\u00e2ge, les niveaux de NAD+ diminuent naturellement, ce qui a un impact sur le bien-\u00eatre g\u00e9n\u00e9ral. Avec une biodisponibilit\u00e9 proche de 100%, cet auto-injecteur de qualit\u00e9 sup\u00e9rieure garantit une absorption rapide, vous aidant \u00e0 stimuler vos performances, \u00e0 lutter contre la fatigue et \u00e0 promouvoir la long\u00e9vit\u00e9, tout cela dans le confort de votre maison.<\/p>","protected":false},"featured_media":20582,"comment_status":"closed","ping_status":"closed","template":"","meta":{"_acf_changed":false},"product_brand":[45],"product_cat":[17],"product_tag":[],"class_list":{"0":"post-20433","1":"product","2":"type-product","3":"status-publish","4":"has-post-thumbnail","6":"product_brand-nad-at-home","7":"product_cat-home-kit","8":"product_shipping_class-restricted-shipping","9":"has-subscription-plans","11":"first","12":"instock","13":"sale","14":"featured","15":"taxable","16":"shipping-taxable","17":"purchasable","18":"product-type-variable","19":"has-default-attributes"},"group_of_quantity":0,"min_quantity":0,"max_quantity":"","exclude_order_quantity_value_rules":"no","exclude_category_quantity_rules":"no","combine_variations":"no","acf":[],"_links":{"self":[{"href":"https:\/\/nadplusathome.com\/fr\/wp-json\/wp\/v2\/product\/20433","targetHints":{"allow":["GET"]}}],"collection":[{"href":"https:\/\/nadplusathome.com\/fr\/wp-json\/wp\/v2\/product"}],"about":[{"href":"https:\/\/nadplusathome.com\/fr\/wp-json\/wp\/v2\/types\/product"}],"replies":[{"embeddable":true,"href":"https:\/\/nadplusathome.com\/fr\/wp-json\/wp\/v2\/comments?post=20433"}],"wp:featuredmedia":[{"embeddable":true,"href":"https:\/\/nadplusathome.com\/fr\/wp-json\/wp\/v2\/media\/20582"}],"wp:attachment":[{"href":"https:\/\/nadplusathome.com\/fr\/wp-json\/wp\/v2\/media?parent=20433"}],"wp:term":[{"taxonomy":"product_brand","embeddable":true,"href":"https:\/\/nadplusathome.com\/fr\/wp-json\/wp\/v2\/product_brand?post=20433"},{"taxonomy":"product_cat","embeddable":true,"href":"https:\/\/nadplusathome.com\/fr\/wp-json\/wp\/v2\/product_cat?post=20433"},{"taxonomy":"product_tag","embeddable":true,"href":"https:\/\/nadplusathome.com\/fr\/wp-json\/wp\/v2\/product_tag?post=20433"}],"curies":[{"name":"wp","href":"https:\/\/api.w.org\/{rel}","templated":true}]}}