{"id":20347,"date":"2025-03-03T17:20:31","date_gmt":"2025-03-03T17:20:31","guid":{"rendered":"https:\/\/nadplusathome.com\/?post_type=product&#038;p=20347"},"modified":"2026-04-15T14:58:06","modified_gmt":"2026-04-15T13:58:06","slug":"nad-injection-pen","status":"publish","type":"product","link":"https:\/\/nadplusathome.com\/fr\/product\/nad-injection-pen\/","title":{"rendered":"NAD+ Stylo"},"content":{"rendered":"","protected":false},"excerpt":{"rendered":"<p><span style=\"font-weight: 400;\">Notre stylo NAD+ At Home Pen fournit du NAD+ de qualit\u00e9 sup\u00e9rieure pour une administration facile \u00e0 domicile. Il suffit de connecter la micro-aiguille et la cartouche pour que votre stylo injecteur NAD+ soit pr\u00eat \u00e0 l'emploi. <\/span>Le kit contient tout ce dont vous avez besoin pour ressentir les bienfaits d'une augmentation de NAD+. Un certificat d'analyse est disponible pour chaque commande, ce qui vous permet d'avoir la certitude que la solution NAD+ et le kit de stylos sont de la plus haute qualit\u00e9.<\/p>\n<p><span style=\"font-weight: 400;\">Nous servons non seulement les clients \u00e0 domicile, mais aussi les cliniques, les salons et les esth\u00e9ticiennes ind\u00e9pendantes, tous avec la m\u00eame solution. <\/span><\/p>","protected":false},"featured_media":20583,"comment_status":"closed","ping_status":"closed","template":"","meta":{"_acf_changed":false},"product_brand":[45],"product_cat":[17],"product_tag":[],"class_list":{"0":"post-20347","1":"product","2":"type-product","3":"status-publish","4":"has-post-thumbnail","6":"product_brand-nad-at-home","7":"product_cat-home-kit","8":"product_shipping_class-restricted-shipping","9":"has-subscription-plans","11":"first","12":"instock","13":"sale","14":"featured","15":"taxable","16":"shipping-taxable","17":"purchasable","18":"product-type-variable","19":"has-default-attributes"},"group_of_quantity":0,"min_quantity":0,"max_quantity":"","exclude_order_quantity_value_rules":"no","exclude_category_quantity_rules":"no","combine_variations":"no","acf":[],"_links":{"self":[{"href":"https:\/\/nadplusathome.com\/fr\/wp-json\/wp\/v2\/product\/20347","targetHints":{"allow":["GET"]}}],"collection":[{"href":"https:\/\/nadplusathome.com\/fr\/wp-json\/wp\/v2\/product"}],"about":[{"href":"https:\/\/nadplusathome.com\/fr\/wp-json\/wp\/v2\/types\/product"}],"replies":[{"embeddable":true,"href":"https:\/\/nadplusathome.com\/fr\/wp-json\/wp\/v2\/comments?post=20347"}],"wp:featuredmedia":[{"embeddable":true,"href":"https:\/\/nadplusathome.com\/fr\/wp-json\/wp\/v2\/media\/20583"}],"wp:attachment":[{"href":"https:\/\/nadplusathome.com\/fr\/wp-json\/wp\/v2\/media?parent=20347"}],"wp:term":[{"taxonomy":"product_brand","embeddable":true,"href":"https:\/\/nadplusathome.com\/fr\/wp-json\/wp\/v2\/product_brand?post=20347"},{"taxonomy":"product_cat","embeddable":true,"href":"https:\/\/nadplusathome.com\/fr\/wp-json\/wp\/v2\/product_cat?post=20347"},{"taxonomy":"product_tag","embeddable":true,"href":"https:\/\/nadplusathome.com\/fr\/wp-json\/wp\/v2\/product_tag?post=20347"}],"curies":[{"name":"wp","href":"https:\/\/api.w.org\/{rel}","templated":true}]}}