{"id":10515,"date":"2024-08-20T13:07:35","date_gmt":"2024-08-20T12:07:35","guid":{"rendered":"https:\/\/nadplusathome.com\/?post_type=product&#038;p=10515"},"modified":"2026-04-07T09:32:44","modified_gmt":"2026-04-07T08:32:44","slug":"liposomal-nad-capsules","status":"publish","type":"product","link":"https:\/\/nadplusathome.com\/fr\/product\/liposomal-nad-capsules\/","title":{"rendered":"Capsules de NAD+ liposomal"},"content":{"rendered":"","protected":false},"excerpt":{"rendered":"<p>Nous vous pr\u00e9sentons les meilleures capsules de NAD+ pour l'\u00e9nergie, la long\u00e9vit\u00e9 et la sant\u00e9 cellulaire, maintenant \u00e9galement disponibles pour ceux qui recherchent des comprim\u00e9s de NAD ou des pilules de NAD pour am\u00e9liorer leur routine. Notre suppl\u00e9ment de 250mg de NAD+ avec livraison liposomale est contenu dans une capsule de NAD qui peut \u00eatre prise par voie orale tout en favorisant la biodisponibilit\u00e9 la plus \u00e9lev\u00e9e, sans aucune aiguille.<\/p>\n<p>Gr\u00e2ce \u00e0 notre technologie innovante SAIFx\u00ae, nous avons mis au point les premiers liposomes v\u00e9ritablement secs au monde pour les nutraceutiques. Ces liposomes exceptionnellement petits p\u00e9n\u00e8trent facilement les barri\u00e8res cellulaires et entrent dans la circulation sanguine, faisant de notre suppl\u00e9ment de NAD+ l'une des capsules de NAD+ les plus efficaces disponibles sur le march\u00e9.<\/p>\n<p><a href=\"#contentRepeater\">En savoir plus sur son fonctionnement !<\/a><\/p>","protected":false},"featured_media":12116,"comment_status":"closed","ping_status":"closed","template":"","meta":{"_acf_changed":false},"product_brand":[45],"product_cat":[27],"product_tag":[],"class_list":{"0":"post-10515","1":"product","2":"type-product","3":"status-publish","4":"has-post-thumbnail","6":"product_brand-nad-at-home","7":"product_cat-capsules","8":"has-subscription-plans","10":"first","11":"instock","12":"sale","13":"featured","14":"taxable","15":"shipping-taxable","16":"purchasable","17":"product-type-variable","18":"has-default-attributes"},"group_of_quantity":0,"min_quantity":0,"max_quantity":"","exclude_order_quantity_value_rules":"no","exclude_category_quantity_rules":"no","combine_variations":"no","acf":[],"_links":{"self":[{"href":"https:\/\/nadplusathome.com\/fr\/wp-json\/wp\/v2\/product\/10515","targetHints":{"allow":["GET"]}}],"collection":[{"href":"https:\/\/nadplusathome.com\/fr\/wp-json\/wp\/v2\/product"}],"about":[{"href":"https:\/\/nadplusathome.com\/fr\/wp-json\/wp\/v2\/types\/product"}],"replies":[{"embeddable":true,"href":"https:\/\/nadplusathome.com\/fr\/wp-json\/wp\/v2\/comments?post=10515"}],"wp:featuredmedia":[{"embeddable":true,"href":"https:\/\/nadplusathome.com\/fr\/wp-json\/wp\/v2\/media\/12116"}],"wp:attachment":[{"href":"https:\/\/nadplusathome.com\/fr\/wp-json\/wp\/v2\/media?parent=10515"}],"wp:term":[{"taxonomy":"product_brand","embeddable":true,"href":"https:\/\/nadplusathome.com\/fr\/wp-json\/wp\/v2\/product_brand?post=10515"},{"taxonomy":"product_cat","embeddable":true,"href":"https:\/\/nadplusathome.com\/fr\/wp-json\/wp\/v2\/product_cat?post=10515"},{"taxonomy":"product_tag","embeddable":true,"href":"https:\/\/nadplusathome.com\/fr\/wp-json\/wp\/v2\/product_tag?post=10515"}],"curies":[{"name":"wp","href":"https:\/\/api.w.org\/{rel}","templated":true}]}}