{"id":10493,"date":"2024-08-19T16:33:02","date_gmt":"2024-08-19T15:33:02","guid":{"rendered":"https:\/\/nadplusathome.com\/?post_type=product&#038;p=10493"},"modified":"2025-10-31T15:21:10","modified_gmt":"2025-10-31T15:21:10","slug":"lyophilized-nad-for-clinic-nad-iv-drips","status":"publish","type":"product","link":"https:\/\/nadplusathome.com\/fr\/product\/lyophilized-nad-for-clinic-nad-iv-drips\/","title":{"rendered":"NAD+ lyophilis\u00e9 (NAD+ IV Drips For Clinics)"},"content":{"rendered":"","protected":false},"excerpt":{"rendered":"<p>500 mg de poudre lyophilis\u00e9e st\u00e9rile de NAD+ en flacons pour usage intraveineux<\/p>\n<p>Am\u00e9liorez l'offre de votre clinique avec notre NAD+ lyophilis\u00e9 de premi\u00e8re qualit\u00e9 pour les perfusions intraveineuses.<\/p>\n<p>Disponible \u00e0 un prix de lancement de seulement \u00a3130 + TVA (\u00a3156) par flacon de 500mg, ce NAD+ de haute puret\u00e9 est un compl\u00e9ment essentiel \u00e0 vos traitements de bien-\u00eatre.<\/p>\n<p>Une quantit\u00e9 minimale de 10 commandes est requise pour b\u00e9n\u00e9ficier de ce prix r\u00e9duit.<\/p>","protected":false},"featured_media":10514,"comment_status":"closed","ping_status":"closed","template":"","meta":{"_acf_changed":false},"product_brand":[45],"product_cat":[28],"product_tag":[],"class_list":{"0":"post-10493","1":"product","2":"type-product","3":"status-publish","4":"has-post-thumbnail","6":"product_brand-nad-at-home","7":"product_cat-iv","9":"first","10":"instock","11":"taxable","12":"shipping-taxable","13":"purchasable","14":"product-type-simple"},"group_of_quantity":0,"min_quantity":10,"max_quantity":"","exclude_order_quantity_value_rules":"no","exclude_category_quantity_rules":"no","combine_variations":"no","acf":[],"_links":{"self":[{"href":"https:\/\/nadplusathome.com\/fr\/wp-json\/wp\/v2\/product\/10493","targetHints":{"allow":["GET"]}}],"collection":[{"href":"https:\/\/nadplusathome.com\/fr\/wp-json\/wp\/v2\/product"}],"about":[{"href":"https:\/\/nadplusathome.com\/fr\/wp-json\/wp\/v2\/types\/product"}],"replies":[{"embeddable":true,"href":"https:\/\/nadplusathome.com\/fr\/wp-json\/wp\/v2\/comments?post=10493"}],"wp:featuredmedia":[{"embeddable":true,"href":"https:\/\/nadplusathome.com\/fr\/wp-json\/wp\/v2\/media\/10514"}],"wp:attachment":[{"href":"https:\/\/nadplusathome.com\/fr\/wp-json\/wp\/v2\/media?parent=10493"}],"wp:term":[{"taxonomy":"product_brand","embeddable":true,"href":"https:\/\/nadplusathome.com\/fr\/wp-json\/wp\/v2\/product_brand?post=10493"},{"taxonomy":"product_cat","embeddable":true,"href":"https:\/\/nadplusathome.com\/fr\/wp-json\/wp\/v2\/product_cat?post=10493"},{"taxonomy":"product_tag","embeddable":true,"href":"https:\/\/nadplusathome.com\/fr\/wp-json\/wp\/v2\/product_tag?post=10493"}],"curies":[{"name":"wp","href":"https:\/\/api.w.org\/{rel}","templated":true}]}}