{"id":9579,"date":"2024-07-09T11:45:57","date_gmt":"2024-07-09T10:45:57","guid":{"rendered":"https:\/\/nadplusathome.com\/?page_id=9579"},"modified":"2025-10-20T16:07:22","modified_gmt":"2025-10-20T15:07:22","slug":"how-to-use-nad-at-home-mini-500mg","status":"publish","type":"page","link":"https:\/\/nadplusathome.com\/fr\/how-to-use-nad-at-home-mini-500mg\/","title":{"rendered":"How to use NAD+ AT HOME Mini"},"content":{"rendered":"<div class=\"block-benefits-header\" id=\"benefits-header-block_3e1c9780634af5ae86246a47d3ad2312\">\n    <div class=\"container-wide\">\n        <div class=\"header-split\">\n            <div class=\"content\">\n                                    <h1>Comment utiliser NAD+ AT HOME Mini<\/h1>\n                                                    <h3>Con\u00e7u pour la commodit\u00e9 et la facilit\u00e9.<\/h3>\n                                <div class=\"inner-content\">\n                    <p>Am\u00e9liorez votre jeu de biohacking avec nos micro-injectables NAD+ \u00e0 domicile. Nos seringues ultrafines sont faciles \u00e0 utiliser et permettent d'administrer facilement des injections de NAD+ \u00e0 la maison. Il s'agit du premier kit de ce type au Royaume-Uni, offrant un moyen pratique d'augmenter vos niveaux de NAD+. Notre solution plus petite (NAD+ Mini) vous permet maintenant d'acheter une plus petite quantit\u00e9, ce qui vous permet de commencer votre voyage de bien-\u00eatre avec nous \u00e0 moindre co\u00fbt.<\/p>\n                <\/div>\n                                    <a href=\"\/fr\/product\/nad-at-home-mini-500mg\/?wmc-currency=EUR\" class=\"blue-btn\">Acheter NAD+ Mini<\/a>\n                            <\/div>\n            <div class=\"image\" style=\"background-image: url(https:\/\/nadplusathome.com\/wp-content\/uploads\/2024\/06\/nad-vial-500mg-nad-at-home-injections-mini-hand.webp);\"><\/div>\n        <\/div>\n    <\/div>\n<\/div>\n\n\n\n<div class=\"block-text-content black\" id=\"text-content-block_90e97c0eb742641ded5ed0dfeec23a84\">\n    <div class=\"container-wide\">\n        <div class=\"inner-content vidtext\">\n            <div class=\"text\">\n                                    <h2>Guide de l'utilisateur<\/h2>\n                                <div class=\"content\">\n                    <p>Pour utiliser votre NAD<span class='bluePlusDangit'>+<\/span> \u00e0 domicile, suivez ces \u00e9tapes simplifi\u00e9es :<\/p>\n<ol>\n<li><strong>Mains propres<\/strong>: Lavez-vous ou d\u00e9sinfectez soigneusement les mains.<\/li>\n<li><strong>Pr\u00e9parer le mat\u00e9riel<\/strong>: Ouvrez votre NAD<span class='bluePlusDangit'>+<\/span> pour trouver les seringues, la solution, les tampons d'alcool et la poubelle pour objets tranchants.<\/li>\n<li><strong>R\u00e9glage de la temp\u00e9rature<\/strong>: Laisser refroidir le NAD<span class='bluePlusDangit'>+<\/span> pour atteindre la temp\u00e9rature ambiante afin de minimiser l'inconfort.<\/li>\n<li><strong>St\u00e9riliser<\/strong>: Utilisez un tampon d'alcool pour nettoyer le dessus de la fiole et laissez-le s\u00e9cher.<\/li>\n<li><strong>Pr\u00e9parer la seringue<\/strong>: Retirer les protections de la seringue, l'ins\u00e9rer dans le flacon, l'inverser et pr\u00e9lever 0,25 ml de solution, en veillant \u00e0 ce qu'il n'y ait pas de bulles d'air.<\/li>\n<li><strong>S\u00e9lection du site d'injection<\/strong>: Choisissez une zone comme l'abdomen ou le haut de la cuisse, et alternez les sites \u00e0 chaque injection.<\/li>\n<li><strong>Assainissement du site<\/strong>: Nettoyez la zone d'injection avec un autre \u00e9couvillon.<\/li>\n<li><strong>Injecter<\/strong>: Pincez la peau, ins\u00e9rez l'aiguille en douceur et injectez la solution en appuyant sur le piston.<\/li>\n<li><strong>\u00c9liminer<\/strong>: D\u00e9posez les aiguilles usag\u00e9es dans la poubelle pour objets tranchants.<\/li>\n<li><strong>Stockage<\/strong>: Garder le NAD<span class='bluePlusDangit'>+<\/span> et conservez le kit en toute s\u00e9curit\u00e9 hors de port\u00e9e des enfants et des animaux domestiques.<\/li>\n<\/ol>\n<p>Commencez par trois jours cons\u00e9cutifs d'injections, puis passez \u00e0 un jour sur deux si n\u00e9cessaire. Contactez le service d'assistance pour toute question.<\/p>\n<p>Ce NAD<span class='bluePlusDangit'>+<\/span> Le mini kit vous fournira entre 9 et 10 doses.<\/p>\n                <\/div>\n                                    <a class=\"blue-btn\" \n                        href=\"\/wp-content\/uploads\/2024\/07\/nad-at-home-mini-500mg-how-to-use-instructions-compressed.pdf\">\n                        T\u00e9l\u00e9charger les instructions                    <\/a>\n                            <\/div>\n                                        <div class=\"image-container above\">\n                    <video class=\"lazy\" controls playsinline poster  =\"https:\/\/nadplusathome.com\/wp-content\/uploads\/2024\/06\/nad-vial-500mg-nad-at-home-injections-mini-needle.webp\" preload=\"none\" >\n                        <source src=\"https:\/\/nadplusathome.com\/wp-content\/uploads\/2023\/02\/nad-injection-video-new-packaging-low-1.webm\" type=\"video\/webm\">\n                        Votre navigateur ne prend pas en charge la balise vid\u00e9o.\n                    <\/video>\n                <\/div>\n                                <\/div>\n    <\/div>\n<\/div>\n\n\n\n<div class=\"block-subscribe-and-save-banner\" id=\"subscribe-and-save-banner-block_b67a37dfa0710e3c648d3bcb00c29eca\">\n    <div class=\"container-wide\">\n        <div class=\"inner-content\">\n            <div class=\"content\">\n                <div class=\"top-section\">\n                    <h2>S'abonner et \u00e9conomiser<\/h2>\n                    <div class=\"text\"><p>R\u00e9alisez des \u00e9conomies allant jusqu'\u00e0 20% sur CHAQUE kit gr\u00e2ce \u00e0 notre plan d'abonnement flexible. Recevez votre NAD+ directement \u00e0 votre porte, \u00e0 votre rythme. Vous pouvez modifier et annuler votre abonnement \u00e0 tout moment.<\/p><\/div>\n                <\/div>\n                <div class=\"bottom-section\">\n                    <p>\u00c9conomisez jusqu'\u00e0 20%<\/p>\n                    <div class=\"new-price\">\n                        <p class=\"amount\">\u00a3280<\/p>\n                        <p class=\"full-price\">\u00a3350<\/p>\n                    <\/div>\n                    <a href=\"https:\/\/nadplusathome.com\/fr\/product\/nad-at-home\/\" class=\"blue-btn\">Boutique NAD+ Injections<\/a>\n                <\/div>\n            <\/div>\n        <\/div>\n    <\/div>\n<\/div>\n\n\n\n<div class=\"block-purchase-nad-call-to-action\" id=\"purchase-nad-call-to-action-block_e54f8dcee99c98ed96ca80c478056ac4\"  data-lazy-css=\"https:\/\/nadplusathome.com\/wp-content\/themes\/nadaid\/assets\/css\/blocks\/purchase-nad-call-to-action.css?id=dc7f033230ebe6cdc50214f2b3b02c87\" data-lazy-js=\"https:\/\/nadplusathome.com\/wp-content\/themes\/nadaid\/assets\/js\/blocks\/purchase-nad-call-to-action.js?id=86132a435c1084d274ff46d90d834215\">\n    <div class=\"container-slim product-container\">\n        <div class=\"product\">\n            <h2 class=\"product-name mobile\">NAD<span class='bluePlusDangit'>+<\/span> AT HOME Mini<\/h2>\n            <div class=\"prod-images-container\">\n                <div class=\"main-slider\">\n                    <div class=\"glide__track\" data-glide-el=\"track\">\n                        <ul class=\"glide__slides\">\n                                                                                        <li class=\"glide__slide\"><img decoding=\"async\" src=\"https:\/\/nadplusathome.com\/wp-content\/uploads\/2024\/06\/nad-vial-500mg-nad-at-home-injections-mini-hand.webp\" alt=\"NAD+ Home Kit Image\" loading=\"lazy\" \/><\/li>\n                                                            <li class=\"glide__slide\"><img decoding=\"async\" src=\"https:\/\/nadplusathome.com\/wp-content\/uploads\/2024\/06\/nad-vial-500mg-nad-at-home-injections-mini.webp\" alt=\"NAD+ Home Kit Image\" loading=\"lazy\" \/><\/li>\n                                                            <li class=\"glide__slide\"><img decoding=\"async\" src=\"https:\/\/nadplusathome.com\/wp-content\/uploads\/2024\/06\/nad-mini-500mg-at-home-injections-full-box-packaged.webp\" alt=\"NAD+ Home Kit Image\" loading=\"lazy\" \/><\/li>\n                                                            <li class=\"glide__slide\"><img decoding=\"async\" src=\"https:\/\/nadplusathome.com\/wp-content\/uploads\/2024\/06\/nad-vial-500mg-nad-at-home-injections-mini-needle.webp\" alt=\"NAD+ Home Kit Image\" loading=\"lazy\" \/><\/li>\n                                                            <li class=\"glide__slide\"><img decoding=\"async\" src=\"https:\/\/nadplusathome.com\/wp-content\/uploads\/2024\/06\/nad-mini-500mg-at-home-injections.webp\" alt=\"NAD+ Home Kit Image\" loading=\"lazy\" \/><\/li>\n                                                            <li class=\"glide__slide\"><img decoding=\"async\" src=\"https:\/\/nadplusathome.com\/wp-content\/uploads\/2023\/02\/lisa-snowdon-nad-injection-review-testimonial-1.webp\" alt=\"NAD+ Home Kit Image\" loading=\"lazy\" \/><\/li>\n                                                            <li class=\"glide__slide\"><img decoding=\"async\" src=\"https:\/\/nadplusathome.com\/wp-content\/uploads\/2024\/06\/nad-mini-500mg-at-home-injections-detail-how-to-use-protocol.webp\" alt=\"NAD+ Home Kit Image\" loading=\"lazy\" \/><\/li>\n                                                            <li class=\"glide__slide\"><img decoding=\"async\" src=\"https:\/\/nadplusathome.com\/wp-content\/uploads\/2023\/02\/calum-best-nad-injection-review-testimonial-1.webp\" alt=\"NAD+ Home Kit Image\" loading=\"lazy\" \/><\/li>\n                                                            <li class=\"glide__slide\"><img decoding=\"async\" src=\"https:\/\/nadplusathome.com\/wp-content\/uploads\/2024\/06\/nad-mini-500mg-at-home-injections-detail-whats-inside-box.webp\" alt=\"NAD+ Home Kit Image\" loading=\"lazy\" \/><\/li>\n                                                            <li class=\"glide__slide\"><img decoding=\"async\" src=\"https:\/\/nadplusathome.com\/wp-content\/uploads\/2023\/02\/rita-simmons-nad-injection-review-testimonial-1.webp\" alt=\"NAD+ Home Kit Image\" loading=\"lazy\" \/><\/li>\n                                                            <li class=\"glide__slide\"><img decoding=\"async\" src=\"https:\/\/nadplusathome.com\/wp-content\/uploads\/2024\/06\/nad-mini-500mg-at-home-injections-detail-whats-inside-vial-pouch.webp\" alt=\"NAD+ Home Kit Image\" loading=\"lazy\" \/><\/li>\n                                                            <li class=\"glide__slide\"><img decoding=\"async\" src=\"https:\/\/nadplusathome.com\/wp-content\/uploads\/2023\/02\/kris-gethin-nad-injection-review-testimonial-1.webp\" alt=\"NAD+ Home Kit Image\" loading=\"lazy\" \/><\/li>\n                                                            <li class=\"glide__slide\"><img decoding=\"async\" src=\"https:\/\/nadplusathome.com\/wp-content\/uploads\/2024\/06\/nad-mini-500mg-at-home-injections-detail-tissue-box.webp\" alt=\"NAD+ Home Kit Image\" loading=\"lazy\" \/><\/li>\n                                                            <li class=\"glide__slide\"><img decoding=\"async\" src=\"https:\/\/nadplusathome.com\/wp-content\/uploads\/2023\/02\/isamay-ffrench-nad-injection-review-testimonial-1.webp\" alt=\"NAD+ Home Kit Image\" loading=\"lazy\" \/><\/li>\n                                                    <\/ul>\n                    <\/div>\n                                    <\/div>\n                <div class=\"thumb-slider\">\n                    <div class=\"arrows\">\n                        <div class=\"arrow-cont\" data-glide-el=\"controls\">\n                            <button class=\"backarrow\" data-glide-dir=\"&lt;\"><img decoding=\"async\" src=\"https:\/\/nadplusathome.com\/wp-content\/themes\/nadaid\/images\/icons\/prev-arrow.svg\" alt=\"fl\u00e8che-pr\u00e9c\u00e9dent\" loading=\"lazy\" \/><\/button>\n                        <\/div>\n                    <\/div>\n                    <div class=\"glide__track\" data-glide-el=\"track\">\n                        <ul class=\"glide__slides\">\n                                                                                        <li class=\"glide__slide glide-thumbnail\" data-index=\"0\"><img decoding=\"async\" src=\"https:\/\/nadplusathome.com\/wp-content\/uploads\/2024\/06\/nad-vial-500mg-nad-at-home-injections-mini-hand.webp\" alt=\"NAD Home Kit Image\" loading=\"lazy\" \/><\/li>\n                                                            <li class=\"glide__slide glide-thumbnail\" data-index=\"1\"><img decoding=\"async\" src=\"https:\/\/nadplusathome.com\/wp-content\/uploads\/2024\/06\/nad-vial-500mg-nad-at-home-injections-mini.webp\" alt=\"NAD Home Kit Image\" loading=\"lazy\" \/><\/li>\n                                                            <li class=\"glide__slide glide-thumbnail\" data-index=\"2\"><img decoding=\"async\" src=\"https:\/\/nadplusathome.com\/wp-content\/uploads\/2024\/06\/nad-mini-500mg-at-home-injections-full-box-packaged.webp\" alt=\"NAD Home Kit Image\" loading=\"lazy\" \/><\/li>\n                                                            <li class=\"glide__slide glide-thumbnail\" data-index=\"3\"><img decoding=\"async\" src=\"https:\/\/nadplusathome.com\/wp-content\/uploads\/2024\/06\/nad-vial-500mg-nad-at-home-injections-mini-needle.webp\" alt=\"NAD Home Kit Image\" loading=\"lazy\" \/><\/li>\n                                                            <li class=\"glide__slide glide-thumbnail\" data-index=\"4\"><img decoding=\"async\" src=\"https:\/\/nadplusathome.com\/wp-content\/uploads\/2024\/06\/nad-mini-500mg-at-home-injections.webp\" alt=\"NAD Home Kit Image\" loading=\"lazy\" \/><\/li>\n                                                            <li class=\"glide__slide glide-thumbnail\" data-index=\"5\"><img decoding=\"async\" src=\"https:\/\/nadplusathome.com\/wp-content\/uploads\/2023\/02\/lisa-snowdon-nad-injection-review-testimonial-1.webp\" alt=\"NAD Home Kit Image\" loading=\"lazy\" \/><\/li>\n                                                            <li class=\"glide__slide glide-thumbnail\" data-index=\"6\"><img decoding=\"async\" src=\"https:\/\/nadplusathome.com\/wp-content\/uploads\/2024\/06\/nad-mini-500mg-at-home-injections-detail-how-to-use-protocol.webp\" alt=\"NAD Home Kit Image\" loading=\"lazy\" \/><\/li>\n                                                            <li class=\"glide__slide glide-thumbnail\" data-index=\"7\"><img decoding=\"async\" src=\"https:\/\/nadplusathome.com\/wp-content\/uploads\/2023\/02\/calum-best-nad-injection-review-testimonial-1.webp\" alt=\"NAD Home Kit Image\" loading=\"lazy\" \/><\/li>\n                                                            <li class=\"glide__slide glide-thumbnail\" data-index=\"8\"><img decoding=\"async\" src=\"https:\/\/nadplusathome.com\/wp-content\/uploads\/2024\/06\/nad-mini-500mg-at-home-injections-detail-whats-inside-box.webp\" alt=\"NAD Home Kit Image\" loading=\"lazy\" \/><\/li>\n                                                            <li class=\"glide__slide glide-thumbnail\" data-index=\"9\"><img decoding=\"async\" src=\"https:\/\/nadplusathome.com\/wp-content\/uploads\/2023\/02\/rita-simmons-nad-injection-review-testimonial-1.webp\" alt=\"NAD Home Kit Image\" loading=\"lazy\" \/><\/li>\n                                                            <li class=\"glide__slide glide-thumbnail\" data-index=\"10\"><img decoding=\"async\" src=\"https:\/\/nadplusathome.com\/wp-content\/uploads\/2024\/06\/nad-mini-500mg-at-home-injections-detail-whats-inside-vial-pouch.webp\" alt=\"NAD Home Kit Image\" loading=\"lazy\" \/><\/li>\n                                                            <li class=\"glide__slide glide-thumbnail\" data-index=\"11\"><img decoding=\"async\" src=\"https:\/\/nadplusathome.com\/wp-content\/uploads\/2023\/02\/kris-gethin-nad-injection-review-testimonial-1.webp\" alt=\"NAD Home Kit Image\" loading=\"lazy\" \/><\/li>\n                                                            <li class=\"glide__slide glide-thumbnail\" data-index=\"12\"><img decoding=\"async\" src=\"https:\/\/nadplusathome.com\/wp-content\/uploads\/2024\/06\/nad-mini-500mg-at-home-injections-detail-tissue-box.webp\" alt=\"NAD Home Kit Image\" loading=\"lazy\" \/><\/li>\n                                                            <li class=\"glide__slide glide-thumbnail\" data-index=\"13\"><img decoding=\"async\" src=\"https:\/\/nadplusathome.com\/wp-content\/uploads\/2023\/02\/isamay-ffrench-nad-injection-review-testimonial-1.webp\" alt=\"NAD Home Kit Image\" loading=\"lazy\" \/><\/li>\n                                                    <\/ul>\n                    <\/div>\n                    <div class=\"arrows\">\n                        <div class=\"arrow-cont\" data-glide-el=\"controls\">\n                            <button class=\"nextarrow\" data-glide-dir=\"&gt;\"><img decoding=\"async\" src=\"https:\/\/nadplusathome.com\/wp-content\/themes\/nadaid\/images\/icons\/next-arrow-alt.svg\" alt=\"fl\u00e8che suivante\" loading=\"lazy\" \/><\/button>\n                        <\/div>\n                    <\/div>\n                <\/div>\n            <\/div>\n            <div class=\"prod-desc\">\n                <div>\n                    <h2 class=\"product-name desktop\">NAD<span class='bluePlusDangit'>+<\/span> AT HOME Mini<\/h2>\n                                            <p class=\"price\"><span class=\"woocommerce-Price-amount amount\"><bdi><span class=\"woocommerce-Price-currencySymbol\">\u00a3<\/span>195.00<\/bdi><\/span><\/p>\n                                    <\/div>\n                <div class=\"product-text\">\n                    <div class=\"desktop\">\n                        <span style=\"color: #ff0000;\"><strong>En raison de la demande populaire, notre NAD+ Mini est maintenant en rupture de stock.<\/strong><\/span>\r\n\r\nConsultez notre <a href=\"https:\/\/nadplusathome.com\/fr\/product\/nad-injection-pen-discovery-kit-500mg\/?wmc-currency=EUR\">kit d'essai stylos NAD<\/a> (m\u00eame traitement NAD+ avec un stylo facile \u00e0 utiliser).\r\n\r\n<hr \/>\r\n\r\nNous vous pr\u00e9sentons le NAD+ AT HOME Mini - le moyen id\u00e9al de d\u00e9couvrir les bienfaits de notre suppl\u00e9ment unique dans un kit \u00e0 domicile plus abordable et plus pratique.\r\n\r\nCette version plus petite offre la moiti\u00e9 de la quantit\u00e9 de nos flacons originaux, ce qui la rend id\u00e9ale pour ceux qui cherchent \u00e0 essayer notre produit avant de s'engager dans le dosage complet recommand\u00e9.\r\n\r\nEssayez NAD+ AT HOME Mini d\u00e8s aujourd'hui et faites le premier pas vers une sant\u00e9 et une vitalit\u00e9 accrues.                    <\/div>\n                                        <h2 class=\"benefit-title\">Comprendre le potentiel <span>Avantages<\/span> de NAD<span>+<\/span><\/h2>\n                    <ul>\n                                                    <li><p>Stimuler l'\u00e9nergie<\/p>\n<\/li>\n                                                    <li><p>Am\u00e9liorer la r\u00e9paration de la peau<\/p>\n<\/li>\n                                                    <li><p>Am\u00e9liorer la clart\u00e9 mentale<\/p>\n<\/li>\n                                                    <li><p>Anti-\u00e2ge de l'int\u00e9rieur<\/p>\n<\/li>\n                                            <\/ul>\n                <\/div>\n                <a class=\"blue-btn\" href=\"https:\/\/nadplusathome.com\/fr\/product\/nad-at-home-mini-500mg\/\">Achat du produit<\/a>\n            <\/div>\n        <\/div>\n    <\/div>\n<\/div>","protected":false},"excerpt":{"rendered":"","protected":false},"author":1,"featured_media":0,"parent":0,"menu_order":0,"comment_status":"closed","ping_status":"closed","template":"","meta":{"_acf_changed":false,"footnotes":""},"class_list":["post-9579","page","type-page","status-publish","hentry"],"acf":[],"_links":{"self":[{"href":"https:\/\/nadplusathome.com\/fr\/wp-json\/wp\/v2\/pages\/9579","targetHints":{"allow":["GET"]}}],"collection":[{"href":"https:\/\/nadplusathome.com\/fr\/wp-json\/wp\/v2\/pages"}],"about":[{"href":"https:\/\/nadplusathome.com\/fr\/wp-json\/wp\/v2\/types\/page"}],"author":[{"embeddable":true,"href":"https:\/\/nadplusathome.com\/fr\/wp-json\/wp\/v2\/users\/1"}],"replies":[{"embeddable":true,"href":"https:\/\/nadplusathome.com\/fr\/wp-json\/wp\/v2\/comments?post=9579"}],"version-history":[{"count":2,"href":"https:\/\/nadplusathome.com\/fr\/wp-json\/wp\/v2\/pages\/9579\/revisions"}],"predecessor-version":[{"id":34021,"href":"https:\/\/nadplusathome.com\/fr\/wp-json\/wp\/v2\/pages\/9579\/revisions\/34021"}],"wp:attachment":[{"href":"https:\/\/nadplusathome.com\/fr\/wp-json\/wp\/v2\/media?parent=9579"}],"curies":[{"name":"wp","href":"https:\/\/api.w.org\/{rel}","templated":true}]}}