{"id":8797,"date":"2024-06-04T15:44:25","date_gmt":"2024-06-04T14:44:25","guid":{"rendered":"https:\/\/nadplusathome.com\/?page_id=8797"},"modified":"2026-03-17T13:46:56","modified_gmt":"2026-03-17T13:46:56","slug":"how-to-use-glutathione-injections","status":"publish","type":"page","link":"https:\/\/nadplusathome.com\/fr\/how-to-use-glutathione-injections\/","title":{"rendered":"How to use L-Glutathione At Home"},"content":{"rendered":"<div class=\"block-benefits-header\" id=\"benefits-header-block_5aba86be49df38983ad810f48cdad1dd\">\n    <div class=\"container-wide\">\n        <div class=\"header-split\">\n            <div class=\"content\">\n                                    <h1>Comment utiliser le L-Glutathion \u00e0 domicile Micro-Injectables<\/h1>\n                                                    <h3>Con\u00e7u pour la commodit\u00e9 et la facilit\u00e9.<\/h3>\n                                <div class=\"inner-content\">\n                    <p>Am\u00e9liorez votre jeu de biohacking avec nos micro-injectables de L-Glutathion \u00e0 domicile. Nos seringues ultrafines sont faciles \u00e0 utiliser et facilitent l'administration des injections de L-Glutathion \u00e0 domicile. Il s'agit du premier kit de ce type au Royaume-Uni, offrant un moyen pratique d'augmenter vos niveaux de L-Glutathion.<\/p>\n                <\/div>\n                                    <a href=\"\/wp-content\/uploads\/2024\/07\/l-glutathione-injection-supplement-insturction-guide-online-compressed.pdf\" class=\"blue-btn\">Voir les instructions en ligne PDF<\/a>\n                            <\/div>\n            <div class=\"image\" style=\"background-image: url(https:\/\/nadplusathome.com\/wp-content\/uploads\/2024\/07\/lglutathione-how-to-use-1800mg-vial-supplement.webp);\"><\/div>\n        <\/div>\n    <\/div>\n<\/div>\n\n\n\n<div class=\"block-text-content black\" id=\"text-content-block_10d642b77307bab0c9ca5fa6b143c1b6\">\n    <div class=\"container-wide\">\n        <div class=\"inner-content imgtext\">\n            <div class=\"text\">\n                                    <h2>Guide de l'utilisateur<\/h2>\n                                <div class=\"content\">\n                    <p>Pour utiliser votre kit d'auto-injection de L-Glutathion \u00e0 la maison, suivez ces \u00e9tapes simplifi\u00e9es :<\/p>\n<ol>\n<li><strong>Mains propres<\/strong>: Lavez-vous ou d\u00e9sinfectez soigneusement les mains.<\/li>\n<li><strong>Pr\u00e9parer le mat\u00e9riel<\/strong>: Ouvrez votre kit de L-Glutathion pour trouver un flacon de LG 1800mg, 20 seringues de 1ml, des tampons d'alcool et une poubelle pour objets tranchants.<\/li>\n<li><strong>R\u00e9glage de la temp\u00e9rature<\/strong>: Laisser le flacon de L-Glutathion r\u00e9frig\u00e9r\u00e9 atteindre la temp\u00e9rature ambiante pour minimiser l'inconfort.<\/li>\n<li><strong>Ouvrir le flacon<\/strong>: Saisir les bords du joint et le soulever pour le d\u00e9tacher de la bouteille.<\/li>\n<li><strong>St\u00e9riliser<\/strong>: Utilisez un tampon d'alcool pour nettoyer le dessus de la fiole et laissez-le s\u00e9cher.<\/li>\n<li><strong>Pr\u00e9parer la seringue<\/strong>: Retirer les protections de la seringue, l'ins\u00e9rer dans le flacon, l'inverser et pr\u00e9lever 0,5 ml de solution, en veillant \u00e0 ce qu'il n'y ait pas de bulles d'air.<\/li>\n<li><strong>S\u00e9lection du site d'injection<\/strong>: Choisissez une zone comme l'abdomen ou le haut de la cuisse, et alternez les sites \u00e0 chaque injection.<\/li>\n<li><strong>Assainissement du site<\/strong>: Nettoyez la zone d'injection avec un autre \u00e9couvillon.<\/li>\n<li><strong>Injecter<\/strong>: Pincez la peau, ins\u00e9rez l'aiguille en douceur et injectez la solution en appuyant sur le piston.<\/li>\n<li><strong>\u00c9liminer<\/strong>: D\u00e9posez les aiguilles usag\u00e9es dans la poubelle pour objets tranchants.<\/li>\n<li><strong>Stockage<\/strong>: Conserver le flacon de L-glutathion au r\u00e9frig\u00e9rateur.<\/li>\n<\/ol>\n<p>Suivez le protocole recommand\u00e9. Contacter le service d'assistance pour toute question.<\/p>\n                <\/div>\n                                    <a class=\"blue-btn\" \n                        href=\"\/wp-content\/uploads\/2024\/07\/l-glutathione-injection-supplement-insturction-guide-online-compressed.pdf\">\n                        T\u00e9l\u00e9charger les instructions                    <\/a>\n                            <\/div>\n                            <div class=\"image-container\">\n                    <img decoding=\"async\" src=\"https:\/\/nadplusathome.com\/wp-content\/uploads\/2024\/06\/lgultathione-injections-user-guide.webp\" alt=\"Guide de l&#039;utilisateur\" \/>\n                <\/div>\n                                            <\/div>\n    <\/div>\n<\/div>\n\n\n\n<div class=\"block-text-content black\" id=\"text-content-block_db30d5f389985940469ece7cb6275733\">\n    <div class=\"container-wide\">\n        <div class=\"inner-content textimg\">\n            <div class=\"text\">\n                                    <h2>Protocole L-Glutathion<\/h2>\n                                <div class=\"content\">\n                    <p><strong>1 x 0,50 ml un jour sur deux<\/strong> ou selon les recommandations de votre praticien. (20 doses)<\/p>\n<p>Notre L-Glutathion est un antioxydant puissant qui peut \u00eatre pris en micro-doses.<\/p>\n<p>Si vous avez des probl\u00e8mes de sant\u00e9 pr\u00e9existants ou si vous n'avez jamais pris de L-Glutathion auparavant, veuillez nous contacter avant de l'utiliser.<\/p>\n<p>Courriel :\u00a0<a href=\"mailto:help@nadaid.co.uk\">help@nadaid.co.uk<\/a><\/p>\n                <\/div>\n                                    <a class=\"blue-btn\" \n                        href=\"\/wp-content\/uploads\/2024\/07\/l-glutathione-injection-supplement-insturction-guide-online-compressed.pdf\">\n                        T\u00e9l\u00e9charger les instructions                    <\/a>\n                            <\/div>\n                            <div class=\"image-container\">\n                    <img decoding=\"async\" src=\"https:\/\/nadplusathome.com\/wp-content\/uploads\/2024\/07\/lglutathione-box-with0protocol-how-to-use.webp\" alt=\"Protocole L-Glutathion\" \/>\n                <\/div>\n                                            <\/div>\n    <\/div>\n<\/div>\n\n\n\n<div class=\"block-purchase-nad-call-to-action\" id=\"purchase-nad-call-to-action-block_d891dc634206264e2f66d83b1543126e\"  data-lazy-css=\"https:\/\/nadplusathome.com\/wp-content\/themes\/nadaid\/assets\/css\/blocks\/purchase-nad-call-to-action.css?id=dc7f033230ebe6cdc50214f2b3b02c87\" data-lazy-js=\"https:\/\/nadplusathome.com\/wp-content\/themes\/nadaid\/assets\/js\/blocks\/purchase-nad-call-to-action.js?id=86132a435c1084d274ff46d90d834215\">\n    <div class=\"container-slim product-container\">\n        <div class=\"product\">\n            <h2 class=\"product-name mobile\">NAD<span class='bluePlusDangit'>+<\/span> Kit d'injection<\/h2>\n            <div class=\"prod-images-container\">\n                <div class=\"main-slider\">\n                    <div class=\"glide__track\" data-glide-el=\"track\">\n                        <ul class=\"glide__slides\">\n                                                                                        <li class=\"glide__slide\"><img decoding=\"async\" src=\"https:\/\/nadplusathome.com\/wp-content\/uploads\/2023\/02\/nad-at-home-injection-supplement-1-1-1.webp\" alt=\"NAD+ Home Kit Image\" loading=\"lazy\" \/><\/li>\n                                                            <li class=\"glide__slide\"><img decoding=\"async\" src=\"https:\/\/nadplusathome.com\/wp-content\/uploads\/2023\/02\/nad-at-home-injection-supplement-in-hand-1.webp\" alt=\"NAD+ Home Kit Image\" loading=\"lazy\" \/><\/li>\n                                                            <li class=\"glide__slide\"><img decoding=\"async\" src=\"https:\/\/nadplusathome.com\/wp-content\/uploads\/2023\/02\/nad-at-home-injection-supplement-home-kit-1.webp\" alt=\"NAD+ Home Kit Image\" loading=\"lazy\" \/><\/li>\n                                                            <li class=\"glide__slide\"><img decoding=\"async\" src=\"https:\/\/nadplusathome.com\/wp-content\/uploads\/2023\/02\/nad-at-home-injection-supplement-needle-withdraw-1.webp\" alt=\"NAD+ Home Kit Image\" loading=\"lazy\" \/><\/li>\n                                                            <li class=\"glide__slide\"><img decoding=\"async\" src=\"https:\/\/nadplusathome.com\/wp-content\/uploads\/2023\/02\/lisa-snowdon-nad-injection-review-testimonial-1.webp\" alt=\"NAD+ Home Kit Image\" loading=\"lazy\" \/><\/li>\n                                                            <li class=\"glide__slide\"><img decoding=\"async\" src=\"https:\/\/nadplusathome.com\/wp-content\/uploads\/2023\/02\/calum-best-nad-injection-review-testimonial-1.webp\" alt=\"NAD+ Home Kit Image\" loading=\"lazy\" \/><\/li>\n                                                            <li class=\"glide__slide\"><img decoding=\"async\" src=\"https:\/\/nadplusathome.com\/wp-content\/uploads\/2023\/02\/rita-simmons-nad-injection-review-testimonial-1.webp\" alt=\"NAD+ Home Kit Image\" loading=\"lazy\" \/><\/li>\n                                                            <li class=\"glide__slide\"><img decoding=\"async\" src=\"https:\/\/nadplusathome.com\/wp-content\/uploads\/2024\/08\/aaron-chalmers-geordie-shore-nad-at-home-supporter-testimonial.webp\" alt=\"NAD+ Home Kit Image\" loading=\"lazy\" \/><\/li>\n                                                            <li class=\"glide__slide\"><img decoding=\"async\" src=\"https:\/\/nadplusathome.com\/wp-content\/uploads\/2023\/02\/isamay-ffrench-nad-injection-review-testimonial-1.webp\" alt=\"NAD+ Home Kit Image\" loading=\"lazy\" \/><\/li>\n                                                            <li class=\"glide__slide\"><img decoding=\"async\" src=\"https:\/\/nadplusathome.com\/wp-content\/uploads\/2023\/02\/kris-gethin-nad-injection-review-testimonial-1.webp\" alt=\"NAD+ Home Kit Image\" loading=\"lazy\" \/><\/li>\n                                                            <li class=\"glide__slide\"><img decoding=\"async\" src=\"https:\/\/nadplusathome.com\/wp-content\/uploads\/2023\/02\/elena-ora-nad-injection-review-testimonial-1.webp\" alt=\"NAD+ Home Kit Image\" loading=\"lazy\" \/><\/li>\n                                                    <\/ul>\n                    <\/div>\n                                    <\/div>\n                <div class=\"thumb-slider\">\n                    <div class=\"arrows\">\n                        <div class=\"arrow-cont\" data-glide-el=\"controls\">\n                            <button class=\"backarrow\" data-glide-dir=\"&lt;\"><img decoding=\"async\" src=\"https:\/\/nadplusathome.com\/wp-content\/themes\/nadaid\/images\/icons\/prev-arrow.svg\" alt=\"fl\u00e8che-pr\u00e9c\u00e9dent\" loading=\"lazy\" \/><\/button>\n                        <\/div>\n                    <\/div>\n                    <div class=\"glide__track\" data-glide-el=\"track\">\n                        <ul class=\"glide__slides\">\n                                                                                        <li class=\"glide__slide glide-thumbnail\" data-index=\"0\"><img decoding=\"async\" src=\"https:\/\/nadplusathome.com\/wp-content\/uploads\/2023\/02\/nad-at-home-injection-supplement-1-1-1.webp\" alt=\"NAD Home Kit Image\" loading=\"lazy\" \/><\/li>\n                                                            <li class=\"glide__slide glide-thumbnail\" data-index=\"1\"><img decoding=\"async\" src=\"https:\/\/nadplusathome.com\/wp-content\/uploads\/2023\/02\/nad-at-home-injection-supplement-in-hand-1.webp\" alt=\"NAD Home Kit Image\" loading=\"lazy\" \/><\/li>\n                                                            <li class=\"glide__slide glide-thumbnail\" data-index=\"2\"><img decoding=\"async\" src=\"https:\/\/nadplusathome.com\/wp-content\/uploads\/2023\/02\/nad-at-home-injection-supplement-home-kit-1.webp\" alt=\"NAD Home Kit Image\" loading=\"lazy\" \/><\/li>\n                                                            <li class=\"glide__slide glide-thumbnail\" data-index=\"3\"><img decoding=\"async\" src=\"https:\/\/nadplusathome.com\/wp-content\/uploads\/2023\/02\/nad-at-home-injection-supplement-needle-withdraw-1.webp\" alt=\"NAD Home Kit Image\" loading=\"lazy\" \/><\/li>\n                                                            <li class=\"glide__slide glide-thumbnail\" data-index=\"4\"><img decoding=\"async\" src=\"https:\/\/nadplusathome.com\/wp-content\/uploads\/2023\/02\/lisa-snowdon-nad-injection-review-testimonial-1.webp\" alt=\"NAD Home Kit Image\" loading=\"lazy\" \/><\/li>\n                                                            <li class=\"glide__slide glide-thumbnail\" data-index=\"5\"><img decoding=\"async\" src=\"https:\/\/nadplusathome.com\/wp-content\/uploads\/2023\/02\/calum-best-nad-injection-review-testimonial-1.webp\" alt=\"NAD Home Kit Image\" loading=\"lazy\" \/><\/li>\n                                                            <li class=\"glide__slide glide-thumbnail\" data-index=\"6\"><img decoding=\"async\" src=\"https:\/\/nadplusathome.com\/wp-content\/uploads\/2023\/02\/rita-simmons-nad-injection-review-testimonial-1.webp\" alt=\"NAD Home Kit Image\" loading=\"lazy\" \/><\/li>\n                                                            <li class=\"glide__slide glide-thumbnail\" data-index=\"7\"><img decoding=\"async\" src=\"https:\/\/nadplusathome.com\/wp-content\/uploads\/2024\/08\/aaron-chalmers-geordie-shore-nad-at-home-supporter-testimonial.webp\" alt=\"NAD Home Kit Image\" loading=\"lazy\" \/><\/li>\n                                                            <li class=\"glide__slide glide-thumbnail\" data-index=\"8\"><img decoding=\"async\" src=\"https:\/\/nadplusathome.com\/wp-content\/uploads\/2023\/02\/isamay-ffrench-nad-injection-review-testimonial-1.webp\" alt=\"NAD Home Kit Image\" loading=\"lazy\" \/><\/li>\n                                                            <li class=\"glide__slide glide-thumbnail\" data-index=\"9\"><img decoding=\"async\" src=\"https:\/\/nadplusathome.com\/wp-content\/uploads\/2023\/02\/kris-gethin-nad-injection-review-testimonial-1.webp\" alt=\"NAD Home Kit Image\" loading=\"lazy\" \/><\/li>\n                                                            <li class=\"glide__slide glide-thumbnail\" data-index=\"10\"><img decoding=\"async\" src=\"https:\/\/nadplusathome.com\/wp-content\/uploads\/2023\/02\/elena-ora-nad-injection-review-testimonial-1.webp\" alt=\"NAD Home Kit Image\" loading=\"lazy\" \/><\/li>\n                                                    <\/ul>\n                    <\/div>\n                    <div class=\"arrows\">\n                        <div class=\"arrow-cont\" data-glide-el=\"controls\">\n                            <button class=\"nextarrow\" data-glide-dir=\"&gt;\"><img decoding=\"async\" src=\"https:\/\/nadplusathome.com\/wp-content\/themes\/nadaid\/images\/icons\/next-arrow-alt.svg\" alt=\"fl\u00e8che suivante\" loading=\"lazy\" \/><\/button>\n                        <\/div>\n                    <\/div>\n                <\/div>\n            <\/div>\n            <div class=\"prod-desc\">\n                <div>\n                    <h2 class=\"product-name desktop\">NAD<span class='bluePlusDangit'>+<\/span> Kit d'injection<\/h2>\n                                            <p class=\"price\"><span class=\"woocommerce-Price-amount amount\"><bdi><span class=\"woocommerce-Price-currencySymbol\">\u00a3<\/span>350.00<\/bdi><\/span><small class=\"wcsatt-sub-options\"> <span class=\"wcsatt-dash\">\u2014<\/span> ou s'abonner pour \u00e9conomiser jusqu'\u00e0<\/small> <span class=\"wcsatt-sub-discount\">20&#37;<\/span><small><\/small><\/p>\n                                    <\/div>\n                <div class=\"product-text\">\n                    <div class=\"desktop\">\n                        <span style=\"font-weight: 400;\">D\u00e9couvrez notre kit d'injection de NAD+ \u00e0 domicile - le premier kit d'injection de NAD+ \u00e0 domicile au Royaume-Uni. Avec une biodisponibilit\u00e9 proche de 100%, notre kit d'injection augmente vos niveaux de NAD+, soutenant les efforts anti-\u00e2ge, la fonction cellulaire et la clart\u00e9 mentale.<\/span><span style=\"font-weight: 400;\">\r\n<\/span>\r\n\r\n<span style=\"font-weight: 400;\">Le kit est incroyablement facile et s\u00fbr \u00e0 utiliser - il suffit de suivre nos instructions (fournies sous forme \u00e9crite et vid\u00e9o ci-dessous). Profitez des micro-aiguilles de 8 mm, con\u00e7ues pour des injections sans douleur.<\/span>\r\n\r\n<span style=\"font-weight: 400;\">Avec un certificat d'analyse disponible pour chaque commande, vous pouvez \u00eatre s\u00fbr que votre kit NAD+ est de haute qualit\u00e9 et s\u00fbr pour une administration \u00e0 domicile.<\/span><span style=\"font-weight: 400;\">\r\n<\/span>\r\n\r\n<span style=\"font-weight: 400;\">Chaque kit est accompagn\u00e9 d'un guide facile \u00e0 suivre et de nos <\/span><a href=\"\/fr\/about-georgina-glenn\/?wmc-currency=EUR\"><span style=\"font-weight: 400;\">infirmi\u00e8re dipl\u00f4m\u00e9e, Georgina<\/span><\/a><span style=\"font-weight: 400;\">, est \u00e0 votre disposition pour r\u00e9pondre \u00e0 vos questions et vous guider dans le processus une fois que votre kit est arriv\u00e9. <\/span>                    <\/div>\n                                        <h2 class=\"benefit-title\">Comprendre le potentiel <span>Avantages<\/span> de NAD<span>+<\/span><\/h2>\n                    <ul>\n                                                    <li><p>Stimuler l'\u00e9nergie<\/p>\n<\/li>\n                                                    <li><p>Am\u00e9liorer la r\u00e9paration de la peau<\/p>\n<\/li>\n                                                    <li><p>Am\u00e9liorer la clart\u00e9 mentale<\/p>\n<\/li>\n                                                    <li><p>Anti-\u00e2ge de l'int\u00e9rieur<\/p>\n<\/li>\n                                            <\/ul>\n                <\/div>\n                <a class=\"blue-btn\" href=\"https:\/\/nadplusathome.com\/fr\/product\/nad-at-home\/\">Achat du produit<\/a>\n            <\/div>\n        <\/div>\n    <\/div>\n<\/div>","protected":false},"excerpt":{"rendered":"","protected":false},"author":1,"featured_media":0,"parent":0,"menu_order":0,"comment_status":"closed","ping_status":"closed","template":"","meta":{"_acf_changed":false,"footnotes":""},"class_list":["post-8797","page","type-page","status-publish","hentry"],"acf":[],"_links":{"self":[{"href":"https:\/\/nadplusathome.com\/fr\/wp-json\/wp\/v2\/pages\/8797","targetHints":{"allow":["GET"]}}],"collection":[{"href":"https:\/\/nadplusathome.com\/fr\/wp-json\/wp\/v2\/pages"}],"about":[{"href":"https:\/\/nadplusathome.com\/fr\/wp-json\/wp\/v2\/types\/page"}],"author":[{"embeddable":true,"href":"https:\/\/nadplusathome.com\/fr\/wp-json\/wp\/v2\/users\/1"}],"replies":[{"embeddable":true,"href":"https:\/\/nadplusathome.com\/fr\/wp-json\/wp\/v2\/comments?post=8797"}],"version-history":[{"count":2,"href":"https:\/\/nadplusathome.com\/fr\/wp-json\/wp\/v2\/pages\/8797\/revisions"}],"predecessor-version":[{"id":42860,"href":"https:\/\/nadplusathome.com\/fr\/wp-json\/wp\/v2\/pages\/8797\/revisions\/42860"}],"wp:attachment":[{"href":"https:\/\/nadplusathome.com\/fr\/wp-json\/wp\/v2\/media?parent=8797"}],"curies":[{"name":"wp","href":"https:\/\/api.w.org\/{rel}","templated":true}]}}