{"id":7155,"date":"2024-03-27T17:41:05","date_gmt":"2024-03-27T17:41:05","guid":{"rendered":"https:\/\/nadplusathome.com\/?page_id=7155"},"modified":"2025-10-20T16:20:43","modified_gmt":"2025-10-20T15:20:43","slug":"refer-a-friend","status":"publish","type":"page","link":"https:\/\/nadplusathome.com\/fr\/refer-a-friend\/","title":{"rendered":"Parrainer un ami"},"content":{"rendered":"<div class=\"block-refer-a-friend-header\" id=\"refer-a-friend-header-block_835c7aa2e32e3c1f2778be515a0d48ec\">\n    <div class=\"container-wide\">\n        <div class=\"inner-content\">\n            <div class=\"content\">\n                <div class=\"top-section\">\n                    <h2><h1>Parrainer un ami<\/h1><\/h2>\n                    <div class=\"text\"><p><p>Lorsque vous recommandez NAD+ AT HOME \u00e0 un(e) ami(e), vous en profitez tous les deux. Votre ami re\u00e7oit 20% de r\u00e9duction sur sa premi\u00e8re commande, et vous b\u00e9n\u00e9ficiez \u00e9galement d'une bonne affaire !<\/p><p>Connectez-vous \u00e0 votre compte ou inscrivez-vous ci-dessous.<\/p><\/p><\/div>\n                <\/div>\n                <div class=\"bottom-section\">\n                    <div class=\"new-price\">\n                        <h4>Partagez avec vos amis\/famille et recevez tous les deux<\/h4>\n                        <p class=\"amount\">20% Off<\/p>\n                    <\/div>\n                    <a href=\"\/fr\/my-account\/myreferrals\/?wmc-currency=EUR\" class=\"blue-btn\">Parrainer un ami<\/a>\n                <\/div>\n            <\/div>\n                            <img decoding=\"async\" src=\"\/wp-content\/themes\/nadaid\/images\/vials-on-wallpaper-background.webp\" alt=\"flacons\">\n                    <\/div>\n    <\/div>\n<\/div>\n\n\n\n<div class=\"block-faq-block simplified\" id=\"faq-block-block_3de564d390fd3dd9b8bac8cc3cd8f1df\"  data-lazy-css=\"https:\/\/nadplusathome.com\/wp-content\/themes\/nadaid\/assets\/css\/blocks\/faq-block.css?id=e6a9b8639ae1290d1a18ce2e4464c93d\" data-lazy-js=\"https:\/\/nadplusathome.com\/wp-content\/themes\/nadaid\/assets\/js\/blocks\/faq-block.js?id=b37f3070cfdc98fe7528f42ed96671a2\">\n    <div class=\"container\">\n        <div class=\"top\">\n            <h2>Comment fonctionne le syst\u00e8me de parrainage ?<\/h2>\n            <hr>\n        <\/div>\n        <div class=\"benefit-accordion\">\n                            <div class=\"benefit opened\">\n                    <h4>\u00c9tape 1 : S'inscrire ou se connecter<\/h4>\n                    <div class=\"content\">\n                        <p><strong>Pour commencer<\/strong>: Cliquez sur le bouton \u201cParrainer un ami\u201d pour acc\u00e9der \u00e0 votre tableau de bord de parrainage. Si vous \u00eates un nouveau donateur, vous devez cr\u00e9er un compte. Si vous avez d\u00e9j\u00e0 un compte chez nous, il vous suffit de vous connecter.<\/p>\n                    <\/div>\n                <\/div>\n                            <div class=\"benefit\">\n                    <h4>\u00c9tape 2 : Parrainer un ami<\/h4>\n                    <div class=\"content\">\n                        <p><strong>Envoyer une recommandation<\/strong>: Une fois connect\u00e9 \u00e0 votre tableau de bord, vous trouverez une option pour inviter des amis par email, ou partager votre lien de r\u00e9f\u00e9rence unique via les m\u00e9dias sociaux ou la messagerie directe. Vos amis recevront une invitation \u00e0 acheter NAD+ AT HOME avec une remise sp\u00e9ciale 20% sur leur premi\u00e8re commande.<\/p>\n                    <\/div>\n                <\/div>\n                            <div class=\"benefit\">\n                    <h4>\u00c9tape 3 : Profitez de vos r\u00e9compenses<\/h4>\n                    <div class=\"content\">\n                        <p><strong>Tirer profit des avantages<\/strong>: Apr\u00e8s le premier achat de votre ami, vous recevrez automatiquement un code de r\u00e9duction de 20%. Si vous \u00eates abonn\u00e9, vous b\u00e9n\u00e9ficierez d'une r\u00e9duction de 10% sur votre prochain renouvellement d'abonnement.<\/p>\n<p>Ce processus simple vous permet non seulement de partager facilement les bienfaits de NAD+ avec vos amis, mais aussi de vous faire b\u00e9n\u00e9ficier, vous et vos amis, d'\u00e9conomies substantielles. C'est notre fa\u00e7on de vous remercier d'avoir fait conna\u00eetre les bienfaits de NAD+.<\/p>\n                    <\/div>\n                <\/div>\n                    <\/div>\n    <\/div>\n<\/div>","protected":false},"excerpt":{"rendered":"","protected":false},"author":1,"featured_media":0,"parent":0,"menu_order":0,"comment_status":"closed","ping_status":"closed","template":"","meta":{"_acf_changed":false,"footnotes":""},"class_list":["post-7155","page","type-page","status-publish","hentry"],"acf":[],"_links":{"self":[{"href":"https:\/\/nadplusathome.com\/fr\/wp-json\/wp\/v2\/pages\/7155","targetHints":{"allow":["GET"]}}],"collection":[{"href":"https:\/\/nadplusathome.com\/fr\/wp-json\/wp\/v2\/pages"}],"about":[{"href":"https:\/\/nadplusathome.com\/fr\/wp-json\/wp\/v2\/types\/page"}],"author":[{"embeddable":true,"href":"https:\/\/nadplusathome.com\/fr\/wp-json\/wp\/v2\/users\/1"}],"replies":[{"embeddable":true,"href":"https:\/\/nadplusathome.com\/fr\/wp-json\/wp\/v2\/comments?post=7155"}],"version-history":[{"count":1,"href":"https:\/\/nadplusathome.com\/fr\/wp-json\/wp\/v2\/pages\/7155\/revisions"}],"predecessor-version":[{"id":34029,"href":"https:\/\/nadplusathome.com\/fr\/wp-json\/wp\/v2\/pages\/7155\/revisions\/34029"}],"wp:attachment":[{"href":"https:\/\/nadplusathome.com\/fr\/wp-json\/wp\/v2\/media?parent=7155"}],"curies":[{"name":"wp","href":"https:\/\/api.w.org\/{rel}","templated":true}]}}