{"id":42614,"date":"2026-03-20T12:06:31","date_gmt":"2026-03-20T12:06:31","guid":{"rendered":"https:\/\/nadplusathome.com\/?page_id=42614"},"modified":"2026-03-20T12:08:58","modified_gmt":"2026-03-20T12:08:58","slug":"how-to-use-l-glutathione-home-injection-pen","status":"publish","type":"page","link":"https:\/\/nadplusathome.com\/fr\/how-to-use-l-glutathione-home-injection-pen\/","title":{"rendered":"How To Use L-Glutathione Home Injection Pen"},"content":{"rendered":"<div class=\"block-benefits-header\" id=\"benefits-header-block_c1bd642f1ebe0569b0c25e044e6591f1\">\n    <div class=\"container-wide\">\n        <div class=\"header-split\">\n            <div class=\"content\">\n                                    <h1>Comment utiliser le stylo injecteur de L-Glutathion<\/h1>\n                                                    <h3>Con\u00e7u pour la simplicit\u00e9, l'innovation et l'administration de L-Glutathion \u00e0 domicile sans effort.<\/h3>\n                                <div class=\"inner-content\">\n                    <p>Am\u00e9liorez votre routine de bien-\u00eatre avec notre stylo d'injection de L-glutathion \u00e0 domicile.<\/p>\n<p>Con\u00e7u pour \u00eatre simple et pr\u00e9cis, ce syst\u00e8me innovant permet une auto-administration sans effort, rendant la suppl\u00e9mentation en glutathion plus accessible que jamais.<\/p>\n<p>Connu pour ses puissantes propri\u00e9t\u00e9s antioxydantes, le L-glutathion contribue \u00e0 la d\u00e9toxification, \u00e0 la sant\u00e9 de la peau et \u00e0 la vitalit\u00e9 g\u00e9n\u00e9rale, le tout dans le confort de votre maison.<\/p>\n                <\/div>\n                                    <a href=\"\/fr\/product\/l-glutathione-pen-kit\/?wmc-currency=EUR\" class=\"blue-btn\">Acheter L-Glutathione Injection Pen Kit<\/a>\n                            <\/div>\n            <div class=\"image\" style=\"background-image: url(https:\/\/nadplusathome.com\/wp-content\/uploads\/2026\/02\/l-glutathione-at-home-injection-pen-kit-full-contents-and-box.webp);\"><\/div>\n        <\/div>\n    <\/div>\n<\/div>\n\n\n\n<div class=\"block-text-content black\" id=\"text-content-block_3b97638631be311aeb8b63e983c67112\">\n    <div class=\"container-wide\">\n        <div class=\"inner-content imgtext\">\n            <div class=\"text\">\n                                    <h2>Guide de l'utilisateur<\/h2>\n                                <div class=\"content\">\n                    <p>Pour vous auto-administrer votre stylo injecteur de L-Glutathione \u00e0 la maison, suivez ces \u00e9tapes simplifi\u00e9es :<\/p>\n<ol>\n<li><strong>Mains propres<\/strong> - Lavez-vous ou d\u00e9sinfectez soigneusement les mains.<\/li>\n<li><strong>Pr\u00e9parer le mat\u00e9riel<\/strong> - Ouvrez votre kit de stylo \u00e0 L-Glutathione et assurez-vous que le stylo, la cartouche de L-Glutathione, la micro-aiguille, les lingettes alcoolis\u00e9es et la poubelle pour objets tranchants sont pr\u00eats.<\/li>\n<li><strong>R\u00e9glage de la temp\u00e9rature<\/strong> - Si la cartouche de L-Glutathion a \u00e9t\u00e9 r\u00e9frig\u00e9r\u00e9e, laissez-la atteindre la temp\u00e9rature ambiante pendant quelques minutes pour r\u00e9duire l'inconfort.<\/li>\n<li><strong>Assembler le stylo<\/strong> - Retirer le couvercle du stylo, d\u00e9visser le porte-cartouche, ins\u00e9rer la cartouche de L-Glutathion (la pointe dor\u00e9e en premier) et fixer \u00e0 nouveau le porte-cartouche.<\/li>\n<li><strong>Fixer l'aiguille<\/strong> - Prenez une micro-aiguille dans l'emballage, retirez l'emballage et vissez-la fermement sur l'extr\u00e9mit\u00e9 du stylo. Laissez le couvercle de l'aiguille en place jusqu'\u00e0 ce que vous soyez pr\u00eat \u00e0 l'utiliser.<\/li>\n<li><strong>Amorcer le stylo<\/strong> (Premi\u00e8re utilisation de la cartouche uniquement) - Tourner la base du stylo \u00e0 15 unit\u00e9s, appuyer sur le doseur jusqu'\u00e0 ce que le piston atteigne la bonde grise, et apr\u00e8s avoir retir\u00e9 le capuchon de l'aiguille, expulser les bulles d'air en tenant le stylo \u00e0 la verticale et appuyer sur 5 unit\u00e9s \u00e0 la fois jusqu'\u00e0 ce que les bulles disparaissent.<\/li>\n<li><strong>Fixer le dosage<\/strong> - Tournez la base du stylo jusqu'\u00e0 ce que l'aiguille soit align\u00e9e sur votre dosage, g\u00e9n\u00e9ralement 30 unit\u00e9s (0,3 ml).<\/li>\n<li><strong>S\u00e9lection du site d'injection<\/strong> - Choisissez une zone graisseuse telle que le ventre, les fesses ou les cuisses (n'oubliez pas de changer de site chaque jour d'injection).<\/li>\n<li><strong>Assainissement du site<\/strong> - Nettoyez la zone d'injection avec une lingette imbib\u00e9e d'alcool et laissez-la s\u00e9cher.<\/li>\n<li><strong>Injecter<\/strong> - Pincez la peau, ins\u00e9rez l'aiguille \u00e0 un angle de 90 degr\u00e9s et appuyez sur le bouton \u00e0 la base du stylo pour administrer le L-Glutathion. Maintenez le stylo stable pour \u00e9viter les ecchymoses.<\/li>\n<li><strong>Maintenir et retirer<\/strong> - Lorsque le compteur de doses revient \u00e0 z\u00e9ro (0), maintenez la pression pendant 10 secondes, puis retirez l'aiguille avec pr\u00e9caution.<\/li>\n<li><strong>\u00c9liminer<\/strong> - Placez l'aiguille usag\u00e9e dans la poubelle pour objets tranchants afin qu'elle soit \u00e9limin\u00e9e en toute s\u00e9curit\u00e9.<\/li>\n<li><strong>Stockage<\/strong> - Remettre le capuchon du stylo, conserver les cartouches de L-Glutathion au r\u00e9frig\u00e9rateur dans l'\u00e9tui fourni et garder le kit hors de port\u00e9e des enfants et des animaux domestiques.<\/li>\n<li><strong>Calendrier de dosage<\/strong> - Commencez par trois injections quotidiennes cons\u00e9cutives, puis passez \u00e0 une injection tous les deux jours si n\u00e9cessaire.<\/li>\n<\/ol>\n<p>Commencez par trois jours cons\u00e9cutifs d'injections, puis passez \u00e0 un jour sur deux si n\u00e9cessaire. Contactez le service d'assistance pour toute question.<\/p>\n                <\/div>\n                                    <a class=\"blue-btn\" \n                        href=\"https:\/\/nadplusathome.com\/wp-content\/uploads\/2026\/03\/how-to-use-lglutathione-pen-full-detailed-instructions_compressed.pdf\">\n                        T\u00e9l\u00e9charger les instructions compl\u00e8tes                    <\/a>\n                            <\/div>\n                            <div class=\"image-container\">\n                    <img decoding=\"async\" src=\"https:\/\/nadplusathome.com\/wp-content\/uploads\/2026\/02\/how-to-use-the-l-glutathione-at-home-injection-pen-kit.webp\" alt=\"Guide de l&#039;utilisateur\" \/>\n                <\/div>\n                                            <\/div>\n    <\/div>\n<\/div>\n\n\n\n<div class=\"block-purchase-nad-call-to-action\" id=\"purchase-nad-call-to-action-block_f52fb5a92f2cf6aad14757e2d853c610\"  data-lazy-css=\"https:\/\/nadplusathome.com\/wp-content\/themes\/nadaid\/assets\/css\/blocks\/purchase-nad-call-to-action.css?id=dc7f033230ebe6cdc50214f2b3b02c87\" data-lazy-js=\"https:\/\/nadplusathome.com\/wp-content\/themes\/nadaid\/assets\/js\/blocks\/purchase-nad-call-to-action.js?id=86132a435c1084d274ff46d90d834215\">\n    <div class=\"container-slim product-container\">\n        <div class=\"product\">\n            <h2 class=\"product-name mobile\">Recharges pour stylo de L-Glutathion<\/h2>\n            <div class=\"prod-images-container\">\n                <div class=\"main-slider\">\n                    <div class=\"glide__track\" data-glide-el=\"track\">\n                        <ul class=\"glide__slides\">\n                                                                                        <li class=\"glide__slide\"><img decoding=\"async\" src=\"https:\/\/nadplusathome.com\/wp-content\/uploads\/2026\/02\/l-glutathione-refill-kit-cartidges.webp\" alt=\"NAD+ Home Kit Image\" loading=\"lazy\" \/><\/li>\n                                                            <li class=\"glide__slide\"><img decoding=\"async\" src=\"https:\/\/nadplusathome.com\/wp-content\/uploads\/2026\/03\/lglutathione-refill-kit-cartridges-hand-holding.webp\" alt=\"NAD+ Home Kit Image\" loading=\"lazy\" \/><\/li>\n                                                            <li class=\"glide__slide\"><img decoding=\"async\" src=\"https:\/\/nadplusathome.com\/wp-content\/uploads\/2026\/03\/lglutathione-refill-kit-cartridges-laying-down.webp\" alt=\"NAD+ Home Kit Image\" loading=\"lazy\" \/><\/li>\n                                                            <li class=\"glide__slide\"><img decoding=\"async\" src=\"https:\/\/nadplusathome.com\/wp-content\/uploads\/2026\/03\/lglutathione-refill-kit-cartridges-contents-of-kit.webp\" alt=\"NAD+ Home Kit Image\" loading=\"lazy\" \/><\/li>\n                                                    <\/ul>\n                    <\/div>\n                                    <\/div>\n                <div class=\"thumb-slider\">\n                    <div class=\"arrows\">\n                        <div class=\"arrow-cont\" data-glide-el=\"controls\">\n                            <button class=\"backarrow\" data-glide-dir=\"&lt;\"><img decoding=\"async\" src=\"https:\/\/nadplusathome.com\/wp-content\/themes\/nadaid\/images\/icons\/prev-arrow.svg\" alt=\"fl\u00e8che-pr\u00e9c\u00e9dent\" loading=\"lazy\" \/><\/button>\n                        <\/div>\n                    <\/div>\n                    <div class=\"glide__track\" data-glide-el=\"track\">\n                        <ul class=\"glide__slides\">\n                                                                                        <li class=\"glide__slide glide-thumbnail\" data-index=\"0\"><img decoding=\"async\" src=\"https:\/\/nadplusathome.com\/wp-content\/uploads\/2026\/02\/l-glutathione-refill-kit-cartidges.webp\" alt=\"NAD Home Kit Image\" loading=\"lazy\" \/><\/li>\n                                                            <li class=\"glide__slide glide-thumbnail\" data-index=\"1\"><img decoding=\"async\" src=\"https:\/\/nadplusathome.com\/wp-content\/uploads\/2026\/03\/lglutathione-refill-kit-cartridges-hand-holding.webp\" alt=\"NAD Home Kit Image\" loading=\"lazy\" \/><\/li>\n                                                            <li class=\"glide__slide glide-thumbnail\" data-index=\"2\"><img decoding=\"async\" src=\"https:\/\/nadplusathome.com\/wp-content\/uploads\/2026\/03\/lglutathione-refill-kit-cartridges-laying-down.webp\" alt=\"NAD Home Kit Image\" loading=\"lazy\" \/><\/li>\n                                                            <li class=\"glide__slide glide-thumbnail\" data-index=\"3\"><img decoding=\"async\" src=\"https:\/\/nadplusathome.com\/wp-content\/uploads\/2026\/03\/lglutathione-refill-kit-cartridges-contents-of-kit.webp\" alt=\"NAD Home Kit Image\" loading=\"lazy\" \/><\/li>\n                                                    <\/ul>\n                    <\/div>\n                    <div class=\"arrows\">\n                        <div class=\"arrow-cont\" data-glide-el=\"controls\">\n                            <button class=\"nextarrow\" data-glide-dir=\"&gt;\"><img decoding=\"async\" src=\"https:\/\/nadplusathome.com\/wp-content\/themes\/nadaid\/images\/icons\/next-arrow-alt.svg\" alt=\"fl\u00e8che suivante\" loading=\"lazy\" \/><\/button>\n                        <\/div>\n                    <\/div>\n                <\/div>\n            <\/div>\n            <div class=\"prod-desc\">\n                <div>\n                    <h2 class=\"product-name desktop\">Recharges pour stylo de L-Glutathion<\/h2>\n                                            <p class=\"price\"><span class=\"woocommerce-Price-amount amount\"><bdi><span class=\"woocommerce-Price-currencySymbol\">\u00a3<\/span>285.00<\/bdi><\/span><small class=\"wcsatt-sub-options\"> <span class=\"wcsatt-dash\">\u2014<\/span> ou s'abonner pour \u00e9conomiser <\/small> <span class=\"wcsatt-sub-discount\">20&#37;<\/span><small><\/small><\/p>\n                                    <\/div>\n                <div class=\"product-text\">\n                    <div class=\"desktop\">\n                        Notre kit de recharge fournit un autre approvisionnement complet de traitement au L-Glutathion pour votre stylo d'injection rechargeable. Faites le plein maintenant et vous serez sur la bonne voie pour restaurer et maintenir vos niveaux d'antioxydants, soutenir l'\u00e9clat de la peau, la d\u00e9sintoxication et la sant\u00e9 immunitaire de l'int\u00e9rieur.\r\n\r\nAvec l'\u00e2ge, les niveaux de L-Glutathion diminuent naturellement, ce qui a un impact sur la vitalit\u00e9 g\u00e9n\u00e9rale et la clart\u00e9 de la peau. La recherche sugg\u00e8re qu'\u00e0 l'\u00e2ge de 40 ans, nos niveaux de L-Glutathion chutent de 30% et sont g\u00e9n\u00e9ralement r\u00e9duits de moiti\u00e9 \u00e0 l'\u00e2ge de 65 ans.\r\n\r\nContrecarrez ces baisses gr\u00e2ce \u00e0 notre kit de stylo de L-Glutathion et \u00e0 sa biodisponibilit\u00e9 de pr\u00e8s de 100 %. Cet auto-injecteur de qualit\u00e9 sup\u00e9rieure assure une absorption rapide, vous aidant \u00e0 \u00e9claircir votre teint, \u00e0 combattre le stress oxydatif et \u00e0 promouvoir la r\u00e9paration cellulaire, tout cela dans le confort de votre maison.                    <\/div>\n                                        <h2 class=\"benefit-title\">Comprendre le potentiel <span>Avantages<\/span> de L-Glutathion<\/h2>\n                    <ul>\n                                                    <li><p><strong>\u00c9claircir le teint<\/strong><\/p>\n<p>Renforcez votre \u00e9clat et r\u00e9duisez l'hyperpigmentation<\/p>\n<\/li>\n                                                    <li><p><strong>Am\u00e9liorer la d\u00e9sintoxication<br \/>\n<\/strong>Am\u00e9liorer le soutien du foie et l'\u00e9limination des m\u00e9taux lourds<\/p>\n<\/li>\n                                                    <li><p><strong>Am\u00e9liorer le soutien immunitaire<\/strong><\/p>\n<p>Restez en bonne sant\u00e9, gagnez en r\u00e9sistance et optimisez votre corps<\/p>\n<\/li>\n                                                    <li><p><strong>Maximiser l'antioxydant le plus puissant de l'organisme<\/strong><\/p>\n<p>R\u00e9parer les cellules cutan\u00e9es endommag\u00e9es pour un teint plus jeune<\/p>\n<\/li>\n                                            <\/ul>\n                <\/div>\n                <a class=\"blue-btn\" href=\"https:\/\/nadplusathome.com\/fr\/product\/refills-for-l-glutathione-pen\/\">Achat du produit<\/a>\n            <\/div>\n        <\/div>\n    <\/div>\n<\/div>","protected":false},"excerpt":{"rendered":"","protected":false},"author":1,"featured_media":0,"parent":0,"menu_order":0,"comment_status":"closed","ping_status":"closed","template":"","meta":{"_acf_changed":false,"footnotes":""},"class_list":["post-42614","page","type-page","status-publish","hentry"],"acf":[],"_links":{"self":[{"href":"https:\/\/nadplusathome.com\/fr\/wp-json\/wp\/v2\/pages\/42614","targetHints":{"allow":["GET"]}}],"collection":[{"href":"https:\/\/nadplusathome.com\/fr\/wp-json\/wp\/v2\/pages"}],"about":[{"href":"https:\/\/nadplusathome.com\/fr\/wp-json\/wp\/v2\/types\/page"}],"author":[{"embeddable":true,"href":"https:\/\/nadplusathome.com\/fr\/wp-json\/wp\/v2\/users\/1"}],"replies":[{"embeddable":true,"href":"https:\/\/nadplusathome.com\/fr\/wp-json\/wp\/v2\/comments?post=42614"}],"version-history":[{"count":2,"href":"https:\/\/nadplusathome.com\/fr\/wp-json\/wp\/v2\/pages\/42614\/revisions"}],"predecessor-version":[{"id":43005,"href":"https:\/\/nadplusathome.com\/fr\/wp-json\/wp\/v2\/pages\/42614\/revisions\/43005"}],"wp:attachment":[{"href":"https:\/\/nadplusathome.com\/fr\/wp-json\/wp\/v2\/media?parent=42614"}],"curies":[{"name":"wp","href":"https:\/\/api.w.org\/{rel}","templated":true}]}}