{"id":42607,"date":"2026-03-20T12:16:04","date_gmt":"2026-03-20T12:16:04","guid":{"rendered":"https:\/\/nadplusathome.com\/?page_id=42607"},"modified":"2026-03-20T12:34:23","modified_gmt":"2026-03-20T12:34:23","slug":"l-glutathione-pen-portal","status":"publish","type":"page","link":"https:\/\/nadplusathome.com\/fr\/l-glutathione-pen-portal\/","title":{"rendered":"L-Glutathione Pen Portal"},"content":{"rendered":"<div class=\"block-landing-page-header\" id=\"landing-page-header-block_f410a3aa550388c259a3ffa5e91d358f\">\n    <div class=\"container-wide\">\n        <div class=\"inner-content\">\n            <div class=\"content\">\n                <div class=\"top-section\">\n                    <h1>Votre stylo injecteur de L-Glutathion<\/h1>\n                    <div class=\"text\"><p>Bienvenue sur le portail de votre stylo injecteur de L-Glutathione. Votre centre de r\u00e9f\u00e9rence pour le r\u00e9approvisionnement, les instructions \u00e9tape par \u00e9tape et l'assistance d'experts. Que vous cherchiez \u00e0 vous r\u00e9approvisionner, \u00e0 rafra\u00eechir vos connaissances ou \u00e0 obtenir de l'aide, nous avons fait en sorte qu'il soit facile d'acc\u00e9der \u00e0 tout ce dont vous avez besoin en un seul endroit.<\/p><\/div>\n                <\/div>\n                <div class=\"bottom-section\">\n                    <div class=\"new-price\">\n                        <p>Besoin d'aide ?<\/p>\n                    <\/div>\n                    <div class=\"button-array\">\n                                                    <a href=\"#reorder\" class=\"btn primary\">R\u00e9assortir<\/a>\n                                                    <a href=\"#l-glutathione-home-pen-user-guide\" class=\"btn\">Instructions<\/a>\n                                                    <a href=\"\/fr\/contact-us\/?wmc-currency=EUR\" class=\"btn\">Nous contacter<\/a>\n                                            <\/div>\n                <\/div>\n            <\/div>\n                            <img decoding=\"async\" class=\"wallpaperbg\" src=\"https:\/\/nadplusathome.com\/wp-content\/uploads\/2026\/03\/l-glutathione-at-home-injection-pen-kit-pen-portal.webp\" alt=\"lglutathione pen portal\">\n                    <\/div>\n    <\/div>\n<\/div>\n\n\n<div class=\"block-review-banner\" id=\"review-banner-block_61b61586fd1e2773ea296cdc61353d9e\">\n    <div class=\"container\">\n        <!-- TrustBox widget - Micro Combo --> \n         <div class=\"trustpilot-widget\" data-locale=\"en-GB\" data-template-id=\"5419b6ffb0d04a076446a9af\" data-businessunit-id=\"646505518877cb20d91e8ad6\" data-style-height=\"20px\" data-style-width=\"100%\" data-theme=\"light\" data-font-family=\"Montserrat\" data-text-color=\"#181818\">   <a href=\"        https:\/\/uk.trustpilot.com\/review\/nadplusathome.com\" target=\"_blank\" rel=\"noopener\">Trustpilot<\/a> <\/div> <!-- End TrustBox widget -->\n    <\/div>\n<\/div>\n\n\n\n\n<div class=\"block-looking-to-order-again\" id=\"looking-to-order-again-block_66f8a92a78c39d4d98d95c2d717d3d5b\">\n    <div id=\"reorder\" class=\"anchor\"><\/div>\n    <div class=\"container\">\n        <div class=\"inner\">\n                            <h2>Vous souhaitez commander \u00e0 nouveau ?<\/h2>\n                                        <div class=\"content\"><p>Besoin d'un r\u00e9approvisionnement ? Commandez facilement votre kit complet ou achetez des kits de recharge ici et continuez votre routine sans interruption.<\/p>\n<\/div>\n                                        <div class=\"order-products\">\n                                            <div class=\"product\">\n                            <img decoding=\"async\" src=\"https:\/\/nadplusathome.com\/wp-content\/uploads\/2026\/02\/l-glutathione-refill-kit-cartidges.webp\" alt=\"Recharges pour stylo de L-Glutathion\" loading=\"lazy\" \/>\n                            <h4><a href=\"https:\/\/nadplusathome.com\/fr\/product\/refills-for-l-glutathione-pen\/\">Recharges pour stylo de L-Glutathion<\/a><\/h4>\n                            <p><strong><span class=\"woocommerce-Price-amount amount\"><bdi><span class=\"woocommerce-Price-currencySymbol\">\u00a3<\/span>285.00<\/bdi><\/span><small class=\"wcsatt-sub-options\"> <span class=\"wcsatt-dash\">\u2014<\/span> ou s'abonner pour \u00e9conomiser <\/small> <span class=\"wcsatt-sub-discount\">20&#37;<\/span><small><\/small><\/strong><\/p>\n                        <\/div>\n                                            <div class=\"product\">\n                            <img decoding=\"async\" src=\"https:\/\/nadplusathome.com\/wp-content\/uploads\/2026\/02\/l-glutathione-injection-pen-home-kit-wellness-supplement.webp\" alt=\"Kit stylo L-Glutathione\" loading=\"lazy\" \/>\n                            <h4><a href=\"https:\/\/nadplusathome.com\/fr\/product\/l-glutathione-pen-kit\/\">Kit stylo L-Glutathione<\/a><\/h4>\n                            <p><strong><span class=\"woocommerce-Price-amount amount\"><bdi><span class=\"woocommerce-Price-currencySymbol\">\u00a3<\/span>310.00<\/bdi><\/span><small class=\"wcsatt-sub-options\"> <span class=\"wcsatt-dash\">\u2014<\/span> ou s'abonner pour \u00e9conomiser <\/small> <span class=\"wcsatt-sub-discount\">20&#37;<\/span><small><\/small><\/strong><\/p>\n                        <\/div>\n                                    <\/div>\n                    <\/div>\n    <\/div>\n<\/div>\n\n\n<div class=\"block-text-and-media-banner light\" id=\"text-and-media-banner-block_d755cd920b9d4bfe42ef2200a99843bb\"  data-lazy-css=\"https:\/\/nadplusathome.com\/wp-content\/themes\/nadaid\/assets\/css\/blocks\/text-and-media-banner.css?id=4673143c8834057c9d6fa4a55d0519de\" data-lazy-js=\"https:\/\/nadplusathome.com\/wp-content\/themes\/nadaid\/assets\/js\/blocks\/text-and-media-banner.js?id=2854b3b6d8a85bf467f5ab56d6cf272c\">\n    <div id=\"l-glutathione-home-pen-user-guide\" class=\"anchor\"><\/div>\n    <div class=\"container-wide\">\n        <div class=\"inner-content flipped\">\n            <div class=\"content\">\n                <h4><\/h4>\n                <h2>L-Glutathione Home Pen Guide de l'utilisateur<\/h2>\n                <div><p>Consultez les instructions \u00e9tape par \u00e9tape sur la fa\u00e7on d'utiliser votre stylo L-Glutathione Home Pen en toute s\u00e9curit\u00e9 et efficacement gr\u00e2ce \u00e0 notre guide de l'utilisateur facile \u00e0 suivre.<\/p>\n<p><a class=\"blue-btn\" href=\"\/fr\/how-to-use-l-glutathione-home-injection-pen\/?wmc-currency=EUR\">Voir les instructions<\/a><\/p>\n<\/div>\n            <\/div>\n            <div class=\"media img\">\n                                    <div class=\"img lazy-bg\" style=\"background-image: url(https:\/\/nadplusathome.com\/wp-content\/uploads\/2026\/02\/l-glutathione-at-home-injection-pen-kit-full-contents-out-of-box-everything-that-you-get-with-the-kit.webp); background-size: cover;\"><\/div>\n                            <\/div>\n        <\/div>\n    <\/div>\n<\/div>\n\n\n\n<div class=\"block-product-range white\" id=\"product-range-block_a11eff9d198f959726f26cff01ff5865\">\n    <div class=\"container-wide\">\n        <div class=\"inner-content\">\n            <div class=\"content\">\n                <h2>Nos autres produits<\/h2>\n                <p>Explorez notre large gamme de produits de bien-\u00eatre haut de gamme con\u00e7us pour soutenir votre sant\u00e9 et votre vitalit\u00e9. Des compl\u00e9ments avanc\u00e9s aux solutions de sant\u00e9 innovantes, nous avons tout ce dont vous avez besoin pour optimiser votre parcours de bien-\u00eatre.<\/p>\n                <a class=\"blue-btn\" href=\"\/fr\/shop\/?wmc-currency=EUR\">Tous les produits<\/a>\n            <\/div>\n            <div class=\"products-grid\">\n                                        <a href=\"https:\/\/nadplusathome.com\/fr\/product\/nad-injection-pen\/\" class=\"product\">\n                            <div class=\"product-image\">\n                                <img loading=\"lazy\" decoding=\"async\" width=\"600\" height=\"600\" src=\"https:\/\/nadplusathome.com\/wp-content\/uploads\/2025\/03\/nad-injection-pen-home-kit-contents-full-kit-1.webp\" class=\"toybox-responsive\" alt=\"Images du stylo NAD+\" sizes=\"auto, (max-width: 600px) 100vw, 600px\" srcset=\"https:\/\/nadplusathome.com\/wp-content\/uploads\/2025\/03\/nad-injection-pen-home-kit-contents-full-kit-1.webp 600w, https:\/\/nadplusathome.com\/wp-content\/uploads\/2025\/03\/nad-injection-pen-home-kit-contents-full-kit-1-300x300.webp 300w, https:\/\/nadplusathome.com\/wp-content\/uploads\/2025\/03\/nad-injection-pen-home-kit-contents-full-kit-1-150x150.webp 150w, https:\/\/nadplusathome.com\/wp-content\/uploads\/2025\/03\/nad-injection-pen-home-kit-contents-full-kit-1-12x12.webp 12w, https:\/\/nadplusathome.com\/wp-content\/uploads\/2025\/03\/nad-injection-pen-home-kit-contents-full-kit-1-64x64.webp 64w, https:\/\/nadplusathome.com\/wp-content\/uploads\/2025\/03\/nad-injection-pen-home-kit-contents-full-kit-1-128x128.webp 128w, https:\/\/nadplusathome.com\/wp-content\/uploads\/2025\/03\/nad-injection-pen-home-kit-contents-full-kit-1-256x256.webp 256w, https:\/\/nadplusathome.com\/wp-content\/uploads\/2025\/03\/nad-injection-pen-home-kit-contents-full-kit-1-100x100.webp 100w\" \/>                            <\/div>\n                            <div class=\"information\">\n                                                                    <p class=\"product-name\">NAD<span class='bluePlusDangit'>+<\/span> Stylo<\/p>\n                                    \n                                                                                <span class=\"price\"><span class=\"woocommerce-Price-amount amount\"><bdi><span class=\"woocommerce-Price-currencySymbol\">\u00a3<\/span>375.00<\/bdi><\/span><small class=\"wcsatt-sub-options\"> <span class=\"wcsatt-dash\">\u2014<\/span> ou s'abonner pour \u00e9conomiser <\/small> <span class=\"wcsatt-sub-discount\">20&#37;<\/span><small><\/small><\/span>\n                                                                                                                                        <\/div>\n                        <\/a>\n                                        <a href=\"https:\/\/nadplusathome.com\/fr\/product\/nad-l-glutathione-pen-combo\/\" class=\"product\">\n                            <div class=\"product-image\">\n                                <img loading=\"lazy\" decoding=\"async\" width=\"1200\" height=\"1200\" src=\"https:\/\/nadplusathome.com\/wp-content\/uploads\/2026\/03\/l-glutathione-nad-wellness-combo-pen-home-kit-1500mg-and-1000mg-featured.webp\" class=\"toybox-responsive\" alt=\"kit combo lglutathion et nad+ pen\" sizes=\"auto, (max-width: 1200px) 100vw, 1200px\" srcset=\"https:\/\/nadplusathome.com\/wp-content\/uploads\/2026\/03\/l-glutathione-nad-wellness-combo-pen-home-kit-1500mg-and-1000mg-featured.webp 1200w, https:\/\/nadplusathome.com\/wp-content\/uploads\/2026\/03\/l-glutathione-nad-wellness-combo-pen-home-kit-1500mg-and-1000mg-featured-300x300.webp 300w, https:\/\/nadplusathome.com\/wp-content\/uploads\/2026\/03\/l-glutathione-nad-wellness-combo-pen-home-kit-1500mg-and-1000mg-featured-1024x1024.webp 1024w, https:\/\/nadplusathome.com\/wp-content\/uploads\/2026\/03\/l-glutathione-nad-wellness-combo-pen-home-kit-1500mg-and-1000mg-featured-150x150.webp 150w, https:\/\/nadplusathome.com\/wp-content\/uploads\/2026\/03\/l-glutathione-nad-wellness-combo-pen-home-kit-1500mg-and-1000mg-featured-768x768.webp 768w, https:\/\/nadplusathome.com\/wp-content\/uploads\/2026\/03\/l-glutathione-nad-wellness-combo-pen-home-kit-1500mg-and-1000mg-featured-12x12.webp 12w, https:\/\/nadplusathome.com\/wp-content\/uploads\/2026\/03\/l-glutathione-nad-wellness-combo-pen-home-kit-1500mg-and-1000mg-featured-64x64.webp 64w, https:\/\/nadplusathome.com\/wp-content\/uploads\/2026\/03\/l-glutathione-nad-wellness-combo-pen-home-kit-1500mg-and-1000mg-featured-128x128.webp 128w, https:\/\/nadplusathome.com\/wp-content\/uploads\/2026\/03\/l-glutathione-nad-wellness-combo-pen-home-kit-1500mg-and-1000mg-featured-256x256.webp 256w, https:\/\/nadplusathome.com\/wp-content\/uploads\/2026\/03\/l-glutathione-nad-wellness-combo-pen-home-kit-1500mg-and-1000mg-featured-600x600.webp 600w, https:\/\/nadplusathome.com\/wp-content\/uploads\/2026\/03\/l-glutathione-nad-wellness-combo-pen-home-kit-1500mg-and-1000mg-featured-100x100.webp 100w\" \/>                            <\/div>\n                            <div class=\"information\">\n                                                                    <p class=\"product-name\">NAD<span class='bluePlusDangit'>+<\/span> &amp; L-Glutathione Combo - Le stylo du bien-\u00eatre<\/p>\n                                    \n                                                                                <span class=\"price\"><del aria-hidden=\"true\"><span class=\"woocommerce-Price-amount amount\"><bdi><span class=\"woocommerce-Price-currencySymbol\">\u00a3<\/span>685.00<\/bdi><\/span><\/del> <span class=\"screen-reader-text\" data-no-translation=\"\" data-trp-gettext=\"\">Le prix initial \u00e9tait\u00a0: &pound;685.00.<\/span><ins aria-hidden=\"true\"><span class=\"woocommerce-Price-amount amount\"><bdi><span class=\"woocommerce-Price-currencySymbol\">\u00a3<\/span>535.00<\/bdi><\/span><\/ins><span class=\"screen-reader-text\" data-no-translation=\"\" data-trp-gettext=\"\">Le prix actuel est\u00a0: &pound;535.00.<\/span><small class=\"wcsatt-sub-options\"> <span class=\"wcsatt-dash\">\u2014<\/span> ou s'abonner pour \u00e9conomiser jusqu'\u00e0<\/small> <span class=\"wcsatt-sub-discount\">15&#37;<\/span><small><\/small><\/span>\n                                                                                                                                        <\/div>\n                        <\/a>\n                                        <a href=\"https:\/\/nadplusathome.com\/fr\/product\/lglutathione-at-home\/\" class=\"product\">\n                            <div class=\"product-image\">\n                                <img loading=\"lazy\" decoding=\"async\" width=\"600\" height=\"600\" src=\"https:\/\/nadplusathome.com\/wp-content\/uploads\/2024\/07\/l-glutathione-vial-1800mg-injection-supplement.webp\" class=\"toybox-responsive\" alt=\"lglutathione 1800mg flacon suppl\u00e9ment bien-\u00eatre\" sizes=\"auto, (max-width: 600px) 100vw, 600px\" srcset=\"https:\/\/nadplusathome.com\/wp-content\/uploads\/2024\/07\/l-glutathione-vial-1800mg-injection-supplement.webp 600w, https:\/\/nadplusathome.com\/wp-content\/uploads\/2024\/07\/l-glutathione-vial-1800mg-injection-supplement-300x300.webp 300w, https:\/\/nadplusathome.com\/wp-content\/uploads\/2024\/07\/l-glutathione-vial-1800mg-injection-supplement-150x150.webp 150w, https:\/\/nadplusathome.com\/wp-content\/uploads\/2024\/07\/l-glutathione-vial-1800mg-injection-supplement-64x64.webp 64w, https:\/\/nadplusathome.com\/wp-content\/uploads\/2024\/07\/l-glutathione-vial-1800mg-injection-supplement-128x128.webp 128w, https:\/\/nadplusathome.com\/wp-content\/uploads\/2024\/07\/l-glutathione-vial-1800mg-injection-supplement-256x256.webp 256w, https:\/\/nadplusathome.com\/wp-content\/uploads\/2024\/07\/l-glutathione-vial-1800mg-injection-supplement-100x100.webp 100w\" \/>                            <\/div>\n                            <div class=\"information\">\n                                                                    <p class=\"product-name\">Kit d'injection de L-Glutathion \u00e0 domicile<\/p>\n                                    \n                                                                                <span class=\"price\"><span class=\"woocommerce-Price-amount amount\"><bdi><span class=\"woocommerce-Price-currencySymbol\">\u00a3<\/span>285.00<\/bdi><\/span><small class=\"wcsatt-sub-options\"> <span class=\"wcsatt-dash\">\u2014<\/span> ou s'abonner pour \u00e9conomiser jusqu'\u00e0<\/small> <span class=\"wcsatt-sub-discount\">20&#37;<\/span><small><\/small><\/span>\n                                                                                                                                        <\/div>\n                        <\/a>\n                            <\/div>\n        <\/div>\n    <\/div>\n<\/div>\n\n\n\n<div class=\"block-trustpilot-carousel\" id=\"trustpilot-carousel-block_d0731bc3fb08edbaf4d84eccfc961cb0\">\n    <div class=\"container-slim\">\n        <!-- TrustBox widget - Slider -->\n        <div class=\"trustpilot-widget\" data-locale=\"en-GB\" data-template-id=\"54ad5defc6454f065c28af8b\" data-businessunit-id=\"646505518877cb20d91e8ad6\" data-style-height=\"240px\" data-style-width=\"100%\" data-stars=\"4,5\" data-review-languages=\"en\" data-font-family=\"Montserrat\" data-text-color=\"#181818\">\n            <a href=\"https:\/\/uk.trustpilot.com\/review\/nadplusathome.com\" target=\"_blank\" rel=\"noopener\">Trustpilot<\/a>\n        <\/div>\n        <!-- End TrustBox widget -->\n    <\/div>\n<\/div>","protected":false},"excerpt":{"rendered":"","protected":false},"author":1,"featured_media":0,"parent":0,"menu_order":0,"comment_status":"closed","ping_status":"closed","template":"","meta":{"_acf_changed":false,"footnotes":""},"class_list":["post-42607","page","type-page","status-publish","hentry"],"acf":[],"_links":{"self":[{"href":"https:\/\/nadplusathome.com\/fr\/wp-json\/wp\/v2\/pages\/42607","targetHints":{"allow":["GET"]}}],"collection":[{"href":"https:\/\/nadplusathome.com\/fr\/wp-json\/wp\/v2\/pages"}],"about":[{"href":"https:\/\/nadplusathome.com\/fr\/wp-json\/wp\/v2\/types\/page"}],"author":[{"embeddable":true,"href":"https:\/\/nadplusathome.com\/fr\/wp-json\/wp\/v2\/users\/1"}],"replies":[{"embeddable":true,"href":"https:\/\/nadplusathome.com\/fr\/wp-json\/wp\/v2\/comments?post=42607"}],"version-history":[{"count":3,"href":"https:\/\/nadplusathome.com\/fr\/wp-json\/wp\/v2\/pages\/42607\/revisions"}],"predecessor-version":[{"id":43010,"href":"https:\/\/nadplusathome.com\/fr\/wp-json\/wp\/v2\/pages\/42607\/revisions\/43010"}],"wp:attachment":[{"href":"https:\/\/nadplusathome.com\/fr\/wp-json\/wp\/v2\/media?parent=42607"}],"curies":[{"name":"wp","href":"https:\/\/api.w.org\/{rel}","templated":true}]}}