{"id":41152,"date":"2026-02-13T13:14:59","date_gmt":"2026-02-13T13:14:59","guid":{"rendered":"https:\/\/nadplusathome.com\/?page_id=41152"},"modified":"2026-02-13T15:11:58","modified_gmt":"2026-02-13T15:11:58","slug":"about-bejma-magdalena","status":"publish","type":"page","link":"https:\/\/nadplusathome.com\/fr\/about-bejma-magdalena\/","title":{"rendered":"About Bejma Magdalena"},"content":{"rendered":"<div class=\"block-benefits-header\" id=\"benefits-header-block_0d1191e870393093b890958ad45b1051\">\n    <div class=\"container-wide\">\n        <div class=\"header-split\">\n            <div class=\"content\">\n                                    <h1>Bejma Magdalena <\/h1>\n                                                <div class=\"inner-content\">\n                    <p>Bejma Magdalena est une collaboratrice de NAD+ AT HOME. Elle apporte plus de 20 ans d'exp\u00e9rience professionnelle ax\u00e9e sur une pratique responsable, des normes \u00e9thiques et une prise de d\u00e9cision r\u00e9fl\u00e9chie. Son travail est guid\u00e9 par un engagement fort en faveur de l'int\u00e9grit\u00e9, de la qualit\u00e9 et du bien-\u00eatre \u00e0 long terme.<\/p>\n                <\/div>\n                            <\/div>\n            <div class=\"image\" style=\"background-image: url(https:\/\/nadplusathome.com\/wp-content\/uploads\/2026\/02\/Dr-Magdalena-Bejma-MBBS-MRCGP-2.webp);\"><\/div>\n        <\/div>\n    <\/div>\n<\/div>\n\n\n\n<div class=\"block-text-content black\" id=\"text-content-block_e9472ed1ce9d5d965d938f986f80e0e0\">\n    <div class=\"container\">\n        <div class=\"inner-content text\">\n            <div class=\"text\">\n                                    <h2>Contexte<\/h2>\n                                <div class=\"content\">\n                    <p>Bejma Magdalena s'est int\u00e9ress\u00e9e de pr\u00e8s \u00e0 l'harmonisation faciale et aux approches r\u00e9g\u00e9n\u00e9ratives du vieillissement. Elle consid\u00e8re le vieillissement non pas comme un simple changement ext\u00e9rieur, mais comme un processus naturel qui affecte l'ensemble de la personne. Cette perspective s'aligne \u00e9troitement sur les principes qui sous-tendent la NAD<span class='bluePlusDangit'>+<\/span> et sa popularit\u00e9 croissante dans les discussions sur la vitalit\u00e9 et la long\u00e9vit\u00e9.<\/p>\n<p>En tant que collaborateur et r\u00e9dacteur pour la NAD<span class='bluePlusDangit'>+<\/span> \u00c0 LA MAISON, elle aide \u00e0 d\u00e9composer des sujets complexes en id\u00e9es claires et faciles \u00e0 comprendre. Son approche est ax\u00e9e sur l'\u00e9ducation, l'\u00e9quilibre et l'aide aux personnes pour qu'elles se sentent inform\u00e9es et confiantes dans leurs choix.<\/p>\n<p>Ses contributions refl\u00e8tent sa conviction que les approches r\u00e9g\u00e9n\u00e9ratives doivent \u00eatre explor\u00e9es de mani\u00e8re r\u00e9fl\u00e9chie et responsable, en gardant \u00e0 l'esprit le bien-\u00eatre \u00e0 long terme. Par ses articles, elle soutient la NAD<span class='bluePlusDangit'>+<\/span> L'engagement d'AT HOME \u00e0 fournir une \u00e9ducation claire et accessible, permettant aux individus de mieux comprendre la NAD<span class='bluePlusDangit'>+<\/span>, Il s'agit d'une approche globale du vieillissement en bonne sant\u00e9, qui peut convenir aux personnes concern\u00e9es et qui peut s'inscrire dans une approche plus large.<\/p>\n<p>&nbsp;<\/p>\n                <\/div>\n                            <\/div>\n                                            <\/div>\n    <\/div>\n<\/div>\n\n\n\n\n<div class=\"block-related-posts\" id=\"related-posts-block_dfc4e59ba2731faaac74710a0c61b1e2\">\n    <div class=\"container\">\n        <div class=\"inner\">\n            <h2>Articles de Bejma Magdalena<\/h2>\n            <div class=\"grid\">\n                                    <div class=\"post\">\n                        <div class=\"post-thumbnail\">\n                            <a class=\"btn\" href=\"https:\/\/nadplusathome.com\/fr\/articles\/category\/nad\/\">NAD<\/a>\n                            <img decoding=\"async\" src=\"https:\/\/nadplusathome.com\/wp-content\/uploads\/2024\/08\/liposomal-nad-capsules-nad-supplements-tablets-on-table.webp\" alt=\"Qu&#039;est-ce que le NAD+ ? Tout ce qu&#039;il faut savoir\" \/>\n                        <\/div>\n                        <p class=\"desc\">\n                            \n                            <span>\n                                                                                                                                <\/span>\n                            <span style=\"font-size: 20px;\">\u2022<\/span>\n                            <span>21 f\u00e9vrier 2025<\/span>\n                                                            <span style=\"font-size: 20px;\">\u2022<\/span>\n                                <span>8 minutes de lecture<\/span>\n                                                    <\/p>\n                        <div class=\"content\">\n                            <a href=\"https:\/\/nadplusathome.com\/fr\/articles\/what-is-nad-everything-you-need-to-know\/\">\n                                <h4>Qu'est-ce que le NAD+ ? Tout ce qu'il faut savoir<\/h4>\n                            <\/a>\n                            <a class=\"blue-btn\" href=\"https:\/\/nadplusathome.com\/fr\/articles\/what-is-nad-everything-you-need-to-know\/\">Lire la suite<\/a>\n                        <\/div>\n                    <\/div>\n                                    <div class=\"post\">\n                        <div class=\"post-thumbnail\">\n                            <a class=\"btn\" href=\"https:\/\/nadplusathome.com\/fr\/articles\/category\/nad\/\">NAD<\/a>\n                            <img decoding=\"async\" src=\"https:\/\/nadplusathome.com\/wp-content\/uploads\/2025\/10\/Is-NAD-the-Same-as-Vitamin-B3.webp\" alt=\"La NAD est-elle la m\u00eame chose que la vitamine B3 ?\" \/>\n                        <\/div>\n                        <p class=\"desc\">\n                            \n                            <span>\n                                                                                                                                <\/span>\n                            <span style=\"font-size: 20px;\">\u2022<\/span>\n                            <span>20 octobre 2025<\/span>\n                                                    <\/p>\n                        <div class=\"content\">\n                            <a href=\"https:\/\/nadplusathome.com\/fr\/articles\/is-nad-the-same-as-vitamin-b3\/\">\n                                <h4>La NAD est-elle la m\u00eame chose que la vitamine B3 ?<\/h4>\n                            <\/a>\n                            <a class=\"blue-btn\" href=\"https:\/\/nadplusathome.com\/fr\/articles\/is-nad-the-same-as-vitamin-b3\/\">Lire la suite<\/a>\n                        <\/div>\n                    <\/div>\n                                    <div class=\"post\">\n                        <div class=\"post-thumbnail\">\n                            <a class=\"btn\" href=\"https:\/\/nadplusathome.com\/fr\/articles\/category\/nad\/\">NAD<\/a>\n                            <img decoding=\"async\" src=\"https:\/\/nadplusathome.com\/wp-content\/uploads\/2025\/07\/Does-NAD-Reverse-Ageing-e1751537720999.webp\" alt=\"Le NAD+ inverse-t-il le vieillissement ?\" \/>\n                        <\/div>\n                        <p class=\"desc\">\n                            \n                            <span>\n                                                                                                                                <\/span>\n                            <span style=\"font-size: 20px;\">\u2022<\/span>\n                            <span>3 juillet 2025<\/span>\n                                                    <\/p>\n                        <div class=\"content\">\n                            <a href=\"https:\/\/nadplusathome.com\/fr\/articles\/does-nad-reverse-ageing\/\">\n                                <h4>Le NAD+ inverse-t-il le vieillissement ?<\/h4>\n                            <\/a>\n                            <a class=\"blue-btn\" href=\"https:\/\/nadplusathome.com\/fr\/articles\/does-nad-reverse-ageing\/\">Lire la suite<\/a>\n                        <\/div>\n                    <\/div>\n                            <\/div>\n        <\/div>\n    <\/div>\n<\/div>","protected":false},"excerpt":{"rendered":"","protected":false},"author":15,"featured_media":0,"parent":0,"menu_order":0,"comment_status":"closed","ping_status":"closed","template":"","meta":{"_acf_changed":false,"footnotes":""},"class_list":["post-41152","page","type-page","status-publish","hentry"],"acf":[],"_links":{"self":[{"href":"https:\/\/nadplusathome.com\/fr\/wp-json\/wp\/v2\/pages\/41152","targetHints":{"allow":["GET"]}}],"collection":[{"href":"https:\/\/nadplusathome.com\/fr\/wp-json\/wp\/v2\/pages"}],"about":[{"href":"https:\/\/nadplusathome.com\/fr\/wp-json\/wp\/v2\/types\/page"}],"author":[{"embeddable":true,"href":"https:\/\/nadplusathome.com\/fr\/wp-json\/wp\/v2\/users\/15"}],"replies":[{"embeddable":true,"href":"https:\/\/nadplusathome.com\/fr\/wp-json\/wp\/v2\/comments?post=41152"}],"version-history":[{"count":10,"href":"https:\/\/nadplusathome.com\/fr\/wp-json\/wp\/v2\/pages\/41152\/revisions"}],"predecessor-version":[{"id":41183,"href":"https:\/\/nadplusathome.com\/fr\/wp-json\/wp\/v2\/pages\/41152\/revisions\/41183"}],"wp:attachment":[{"href":"https:\/\/nadplusathome.com\/fr\/wp-json\/wp\/v2\/media?parent=41152"}],"curies":[{"name":"wp","href":"https:\/\/api.w.org\/{rel}","templated":true}]}}