{"id":2716,"date":"2023-05-10T14:53:15","date_gmt":"2023-05-10T13:53:15","guid":{"rendered":"https:\/\/nadplusathome.com\/?page_id=2716"},"modified":"2024-04-29T15:30:40","modified_gmt":"2024-04-29T14:30:40","slug":"product-disclaimer","status":"publish","type":"page","link":"https:\/\/nadplusathome.com\/fr\/product-disclaimer\/","title":{"rendered":"Avis de non-responsabilit\u00e9"},"content":{"rendered":"<div class=\"block-simple-dark-header default\" id=\"simple-dark-header-block_f9b16ad76eb881ce65a4d86fc6c032bf\">\n    <div class=\"container\">\n        <div class=\"inner-content\">\n                            <h1>Avis de non-responsabilit\u00e9<\/h1>\n                                        <p><p><span style=\"font-size: 14pt;\">Nous nous engageons \u00e0 prot\u00e9ger la vie priv\u00e9e des visiteurs de notre site web et de nos clients.<\/span><\/p>\n<\/p>\n                    <\/div>\n    <\/div>\n<\/div>\n\n\n<div class=\"block-text-content blue\" id=\"text-content-block_dc44eba58d5e0d5345c1e75914ac50a7\">\n    <div class=\"container\">\n        <div class=\"inner-content text contrast\">\n            <div class=\"text\">\n                                <div class=\"content\">\n                    <h2><span class=\"ui-provider cen ceo c d e f g h i j k l m n o p q r s t cep ceq w x y z ab ac ae af ag ah ai aj ak\" dir=\"ltr\" style=\"font-size: 14pt;\">Veuillez lire et accepter les d\u00e9clarations suivantes avant d'acheter un suppl\u00e9ment sur notre site web.<\/span><\/h2>\n<p>&nbsp;<\/p>\n<p><span class=\"ui-provider cen ceo c d e f g h i j k l m n o p q r s t cep ceq w x y z ab ac ae af ag ah ai aj ak\" dir=\"ltr\">Je comprends que les d\u00e9clarations concernant ces compl\u00e9ments alimentaires n'ont pas \u00e9t\u00e9 \u00e9valu\u00e9es par la Food and Drug Administration (FDA).<\/span><\/p>\n<p>Je reconnais que ces compl\u00e9ments alimentaires ne sont pas destin\u00e9s \u00e0 diagnostiquer, traiter, gu\u00e9rir ou pr\u00e9venir une quelconque maladie.<\/p>\n<p><span class=\"ui-provider cen ceo c d e f g h i j k l m n o p q r s t cep ceq w x y z ab ac ae af ag ah ai aj ak\" dir=\"ltr\">Je suis conscient(e) qu'il est de ma responsabilit\u00e9 de consulter un professionnel de la sant\u00e9 avant de commencer un r\u00e9gime de compl\u00e9ments alimentaires, en particulier si je suis enceinte, si j'allaite, si je prends des m\u00e9dicaments ou si je souffre d'une maladie pr\u00e9existante.<\/span><\/p>\n<p>Je comprends que les r\u00e9sultats individuels peuvent varier et que l'efficacit\u00e9 de ces compl\u00e9ments alimentaires n'est pas garantie pour tout le monde.<\/p>\n<p>Je reconnais que certains utilisateurs peuvent ressentir des effets secondaires lors de la prise de ces compl\u00e9ments alimentaires, et je m'engage \u00e0 cesser imm\u00e9diatement leur utilisation et \u00e0 consulter un professionnel de la sant\u00e9 si je ressens des effets ind\u00e9sirables.<\/p>\n<p>Je suis conscient qu'il est de ma responsabilit\u00e9 de v\u00e9rifier la liste des ingr\u00e9dients du suppl\u00e9ment pour m'assurer que je n'ai pas d'allergies ou de sensibilit\u00e9s aux ingr\u00e9dients.<\/p>\n<p>Je comprends que l'entreprise n'est pas responsable des dommages caus\u00e9s par une mauvaise utilisation ou un abus des produits de suppl\u00e9mentation.<\/p>\n                <\/div>\n                            <\/div>\n                                            <\/div>\n    <\/div>\n<\/div>","protected":false},"excerpt":{"rendered":"","protected":false},"author":1,"featured_media":0,"parent":0,"menu_order":0,"comment_status":"closed","ping_status":"closed","template":"","meta":{"_acf_changed":false,"footnotes":""},"class_list":["post-2716","page","type-page","status-publish","hentry"],"acf":[],"_links":{"self":[{"href":"https:\/\/nadplusathome.com\/fr\/wp-json\/wp\/v2\/pages\/2716","targetHints":{"allow":["GET"]}}],"collection":[{"href":"https:\/\/nadplusathome.com\/fr\/wp-json\/wp\/v2\/pages"}],"about":[{"href":"https:\/\/nadplusathome.com\/fr\/wp-json\/wp\/v2\/types\/page"}],"author":[{"embeddable":true,"href":"https:\/\/nadplusathome.com\/fr\/wp-json\/wp\/v2\/users\/1"}],"replies":[{"embeddable":true,"href":"https:\/\/nadplusathome.com\/fr\/wp-json\/wp\/v2\/comments?post=2716"}],"version-history":[{"count":0,"href":"https:\/\/nadplusathome.com\/fr\/wp-json\/wp\/v2\/pages\/2716\/revisions"}],"wp:attachment":[{"href":"https:\/\/nadplusathome.com\/fr\/wp-json\/wp\/v2\/media?parent=2716"}],"curies":[{"name":"wp","href":"https:\/\/api.w.org\/{rel}","templated":true}]}}