{"id":2317,"date":"2023-03-21T18:12:24","date_gmt":"2023-03-21T18:12:24","guid":{"rendered":"https:\/\/nadplusathome.com\/?page_id=2317"},"modified":"2025-07-23T12:15:20","modified_gmt":"2025-07-23T11:15:20","slug":"delivery-policy","status":"publish","type":"page","link":"https:\/\/nadplusathome.com\/fr\/delivery-policy\/","title":{"rendered":"Politique de livraison"},"content":{"rendered":"<div class=\"block-simple-dark-header default\" id=\"simple-dark-header-block_b9d6cb5a0a449d2d3a68a25ea693099e\">\n    <div class=\"container\">\n        <div class=\"inner-content\">\n                            <h1>Politique de livraison<\/h1>\n                                        <p><p>Nous nous engageons \u00e0 prot\u00e9ger la vie priv\u00e9e des visiteurs de notre site web et de nos clients.<\/p>\n<\/p>\n                    <\/div>\n    <\/div>\n<\/div>\n\n\n<div class=\"block-text-content blue\" id=\"text-content-block_7075f4a4ce4ca1775e0688b9125d2f60\">\n    <div class=\"container\">\n        <div class=\"inner-content text contrast\">\n            <div class=\"text\">\n                                <div class=\"content\">\n                    <p>R\u00e9sum\u00e9 de la politique de livraison :<\/p>\n<ul>\n<li>Cette politique d\u00e9crit nos m\u00e9thodes de livraison, nos d\u00e9lais et nos frais pour les commandes pass\u00e9es sur notre site web.<\/li>\n<li>La livraison standard est gratuite pour toutes les adresses du Royaume-Uni continental.<\/li>\n<li>Nous livrons g\u00e9n\u00e9ralement en Angleterre, en \u00c9cosse, au Pays de Galles et en Irlande du Nord, avec des livraisons occasionnelles dans d'autres pays\/territoires.<\/li>\n<li>Pour les livraisons au Royaume-Uni, le d\u00e9lai de livraison est d'environ 3 jours ouvrables. Toutefois, les d\u00e9lais de livraison ne sont pas garantis.<\/li>\n<li>Suivez votre commande en utilisant le num\u00e9ro de commande fourni sur le site web de notre fournisseur de services de livraison.<\/li>\n<li>Les livraisons n\u00e9cessitent une signature et doivent \u00eatre re\u00e7ues en personne \u00e0 l'adresse de livraison.<\/li>\n<li>Notre prestataire de services de livraison fera au moins une nouvelle tentative de livraison si la premi\u00e8re n'a pas abouti.<\/li>\n<li>Les produits non livr\u00e9s peuvent \u00eatre r\u00e9cup\u00e9r\u00e9s aupr\u00e8s du prestataire de services de livraison en suivant les instructions laiss\u00e9es \u00e0 votre adresse.<\/li>\n<li>En cas de probl\u00e8me de livraison, contactez-nous via notre site web. Des frais de r\u00e9exp\u00e9dition peuvent s'appliquer si le d\u00e9faut de livraison est de votre fait (par exemple, adresse incorrecte, lieu inaccessible ou destinataire indisponible).<\/li>\n<\/ul>\n<p>Veuillez noter qu'il s'agit d'un document juridiquement contraignant qui fait partie du contrat de vente entre vous et nous, conform\u00e9ment \u00e0 nos conditions g\u00e9n\u00e9rales de vente.<\/p>\n                <\/div>\n                            <\/div>\n                                            <\/div>\n    <\/div>\n<\/div>","protected":false},"excerpt":{"rendered":"","protected":false},"author":1,"featured_media":0,"parent":0,"menu_order":0,"comment_status":"closed","ping_status":"closed","template":"","meta":{"_acf_changed":false,"footnotes":""},"class_list":["post-2317","page","type-page","status-publish","hentry"],"acf":[],"_links":{"self":[{"href":"https:\/\/nadplusathome.com\/fr\/wp-json\/wp\/v2\/pages\/2317","targetHints":{"allow":["GET"]}}],"collection":[{"href":"https:\/\/nadplusathome.com\/fr\/wp-json\/wp\/v2\/pages"}],"about":[{"href":"https:\/\/nadplusathome.com\/fr\/wp-json\/wp\/v2\/types\/page"}],"author":[{"embeddable":true,"href":"https:\/\/nadplusathome.com\/fr\/wp-json\/wp\/v2\/users\/1"}],"replies":[{"embeddable":true,"href":"https:\/\/nadplusathome.com\/fr\/wp-json\/wp\/v2\/comments?post=2317"}],"version-history":[{"count":1,"href":"https:\/\/nadplusathome.com\/fr\/wp-json\/wp\/v2\/pages\/2317\/revisions"}],"predecessor-version":[{"id":34124,"href":"https:\/\/nadplusathome.com\/fr\/wp-json\/wp\/v2\/pages\/2317\/revisions\/34124"}],"wp:attachment":[{"href":"https:\/\/nadplusathome.com\/fr\/wp-json\/wp\/v2\/media?parent=2317"}],"curies":[{"name":"wp","href":"https:\/\/api.w.org\/{rel}","templated":true}]}}