{"id":2295,"date":"2023-03-21T15:57:09","date_gmt":"2023-03-21T15:57:09","guid":{"rendered":"https:\/\/nadplusathome.com\/?page_id=2295"},"modified":"2025-07-23T11:45:53","modified_gmt":"2025-07-23T10:45:53","slug":"disclaimer","status":"publish","type":"page","link":"https:\/\/nadplusathome.com\/fr\/disclaimer\/","title":{"rendered":"Clause de non-responsabilit\u00e9"},"content":{"rendered":"<div class=\"block-simple-dark-header default\" id=\"simple-dark-header-block_90039df357e95b67e6ad3f122e8304b6\">\n    <div class=\"container\">\n        <div class=\"inner-content\">\n                            <h1>Clause de non-responsabilit\u00e9<\/h1>\n                                        <p><p><strong><span style=\"font-size: 14pt;\">Notre site web contient des informations destin\u00e9es uniquement \u00e0 maintenir et \u00e0 encourager un mode de vie sain et ne doivent pas \u00eatre utilis\u00e9es pour le diagnostic, la gu\u00e9rison, la gestion, la pr\u00e9vention ou le traitement d'une maladie ou d'un \u00e9tat quelconque.<\/span><\/strong><\/p>\n<\/p>\n                    <\/div>\n    <\/div>\n<\/div>\n\n\n<div class=\"block-text-content blue\" id=\"text-content-block_e67ef8abf8e95ec1d6dd494e71ceb212\">\n    <div class=\"container\">\n        <div class=\"inner-content text contrast\">\n            <div class=\"text\">\n                                <div class=\"content\">\n                    <p>1. <strong>Clause de non-responsabilit\u00e9 concernant le produit - Reconnaissance<br \/>\n<\/strong><\/p>\n<p><strong><span style=\"color: #34a49a;\">Veuillez lire et accepter les d\u00e9clarations suivantes avant d'acheter un suppl\u00e9ment sur notre site web.\u00a0<\/span><\/strong><\/p>\n<p><span class=\"ui-provider cen ceo c d e f g h i j k l m n o p q r s t cep ceq w x y z ab ac ae af ag ah ai aj ak\" dir=\"ltr\">1.1 Je comprends que les d\u00e9clarations concernant ces compl\u00e9ments alimentaires n'ont pas \u00e9t\u00e9 \u00e9valu\u00e9es par la Food Standards Agency (FSA).<\/span><\/p>\n<p>1.2 Je reconnais que ces compl\u00e9ments alimentaires ne sont pas destin\u00e9s \u00e0 diagnostiquer, traiter, gu\u00e9rir ou pr\u00e9venir une quelconque maladie.<\/p>\n<p><span class=\"ui-provider cen ceo c d e f g h i j k l m n o p q r s t cep ceq w x y z ab ac ae af ag ah ai aj ak\" dir=\"ltr\">1.3 Je suis conscient(e) qu'il est de ma responsabilit\u00e9 de consulter un professionnel de la sant\u00e9 avant de commencer un r\u00e9gime de compl\u00e9ments alimentaires, en particulier si je suis enceinte, si j'allaite, si je prends des m\u00e9dicaments ou si je souffre d'une maladie pr\u00e9existante.<\/span><\/p>\n<p>1.4 Je comprends que les r\u00e9sultats individuels peuvent varier et que l'efficacit\u00e9 de ces compl\u00e9ments alimentaires n'est pas garantie pour tout le monde.<\/p>\n<p>1.5 Je reconnais que certains utilisateurs peuvent ressentir des effets secondaires lors de la prise de ces compl\u00e9ments alimentaires et je m'engage \u00e0 cesser imm\u00e9diatement leur utilisation et \u00e0 consulter un professionnel de la sant\u00e9 si je ressens des effets ind\u00e9sirables.<\/p>\n<p>1.6 Je suis conscient qu'il est de ma responsabilit\u00e9 de v\u00e9rifier la liste des ingr\u00e9dients du produit compl\u00e9mentaire pour m'assurer que je n'ai pas d'allergies ou de sensibilit\u00e9s aux ingr\u00e9dients.<\/p>\n<p>1.7 Je comprends que l'entreprise n'est pas responsable des dommages caus\u00e9s par une mauvaise utilisation ou un abus des produits de compl\u00e9ment.<\/p>\n<p style=\"text-align: left;\"><strong>2. Pas de conseil<\/strong><br \/>\n2.1 Notre site web contient des informations destin\u00e9es uniquement \u00e0 soutenir et \u00e0 encourager un mode de vie sain. Il ne doit pas \u00eatre utilis\u00e9 pour le diagnostic, la gu\u00e9rison, la gestion, la pr\u00e9vention ou le traitement d'une maladie ou d'un \u00e9tat quelconque.<br \/>\n2.2 Ces informations ne constituent pas des conseils et ne doivent pas \u00eatre trait\u00e9es comme tels.<\/p>\n<p style=\"text-align: left;\"><strong>3. Aucune garantie<\/strong><br \/>\n3.1 Les informations figurant sur notre site web sont fournies sans aucune repr\u00e9sentation ou garantie, expresse ou implicite.<br \/>\n3.2 Sans limiter la port\u00e9e de la section 3.1, nous ne garantissons pas que les informations figurant sur ce site Internet :<br \/>\n(a) seront disponibles en permanence ou seront disponibles du tout ; ou<br \/>\n(b) est vraie, exacte, compl\u00e8te, actuelle ou non trompeuse.<\/p>\n<p style=\"text-align: left;\"><strong>4. Assistance m\u00e9dicale<\/strong><br \/>\n4.1 Vous ne devez pas vous fier aux informations contenues sur notre site web comme alternative aux conseils de votre fournisseur de soins de sant\u00e9 professionnel.<br \/>\n4.2 Si vous avez des questions sp\u00e9cifiques d'ordre m\u00e9dical, vous devez consulter votre m\u00e9decin ou un autre professionnel de la sant\u00e9.<br \/>\n4.3 Si vous pensez souffrir d'un probl\u00e8me de sant\u00e9, vous devez consulter imm\u00e9diatement un m\u00e9decin.<br \/>\n4.4 Vous ne devez jamais retarder l'obtention d'un avis m\u00e9dical, ne pas tenir compte d'un avis m\u00e9dical ou interrompre un traitement m\u00e9dical en raison d'informations figurant sur notre site web.<\/p>\n<p style=\"text-align: left;\"><strong>5. Fonctionnalit\u00e9s interactives<\/strong><br \/>\n5.1 Notre site web comprend des fonctions interactives qui permettent aux utilisateurs de communiquer avec nous.<br \/>\n5.2 Vous reconnaissez qu'en raison de la nature limit\u00e9e de la communication par le biais des fonctions interactives de notre site web, toute assistance que vous pouvez recevoir en utilisant ces fonctions est susceptible d'\u00eatre incompl\u00e8te et peut m\u00eame \u00eatre trompeuse.<br \/>\n5.3 Toute assistance que vous pourriez recevoir en utilisant les fonctions interactives de notre site Internet ne constitue pas un conseil sp\u00e9cifique et ne doit donc pas \u00eatre invoqu\u00e9e sans confirmation ind\u00e9pendante suppl\u00e9mentaire.<\/p>\n<p style=\"text-align: left;\"><strong>6. Limites des exclusions de responsabilit\u00e9<\/strong><br \/>\n6.1 Aucune disposition de la pr\u00e9sente clause de non-responsabilit\u00e9 n'est applicable :<br \/>\n(a) limiter ou exclure toute responsabilit\u00e9 en cas de d\u00e9c\u00e8s ou de dommages corporels r\u00e9sultant d'une n\u00e9gligence ;<br \/>\n(b) limiter ou exclure toute responsabilit\u00e9 en cas de fraude ou de d\u00e9claration frauduleuse ;<br \/>\n(c) limiter toute responsabilit\u00e9 d'une mani\u00e8re qui n'est pas autoris\u00e9e par le droit applicable ; ou<br \/>\n(d) exclure toute responsabilit\u00e9 qui ne peut \u00eatre exclue en vertu du droit applicable.<\/p>\n<p>&nbsp;<\/p>\n                <\/div>\n                            <\/div>\n                                            <\/div>\n    <\/div>\n<\/div>","protected":false},"excerpt":{"rendered":"","protected":false},"author":1,"featured_media":0,"parent":0,"menu_order":0,"comment_status":"closed","ping_status":"closed","template":"","meta":{"_acf_changed":false,"footnotes":""},"class_list":["post-2295","page","type-page","status-publish","hentry"],"acf":[],"_links":{"self":[{"href":"https:\/\/nadplusathome.com\/fr\/wp-json\/wp\/v2\/pages\/2295","targetHints":{"allow":["GET"]}}],"collection":[{"href":"https:\/\/nadplusathome.com\/fr\/wp-json\/wp\/v2\/pages"}],"about":[{"href":"https:\/\/nadplusathome.com\/fr\/wp-json\/wp\/v2\/types\/page"}],"author":[{"embeddable":true,"href":"https:\/\/nadplusathome.com\/fr\/wp-json\/wp\/v2\/users\/1"}],"replies":[{"embeddable":true,"href":"https:\/\/nadplusathome.com\/fr\/wp-json\/wp\/v2\/comments?post=2295"}],"version-history":[{"count":0,"href":"https:\/\/nadplusathome.com\/fr\/wp-json\/wp\/v2\/pages\/2295\/revisions"}],"wp:attachment":[{"href":"https:\/\/nadplusathome.com\/fr\/wp-json\/wp\/v2\/media?parent=2295"}],"curies":[{"name":"wp","href":"https:\/\/api.w.org\/{rel}","templated":true}]}}