{"id":20635,"date":"2025-03-13T12:53:38","date_gmt":"2025-03-13T12:53:38","guid":{"rendered":"https:\/\/nadplusathome.com\/?page_id=20635"},"modified":"2025-10-01T14:00:52","modified_gmt":"2025-10-01T13:00:52","slug":"how-to-use-nad-home-injection-pen","status":"publish","type":"page","link":"https:\/\/nadplusathome.com\/fr\/how-to-use-nad-home-injection-pen\/","title":{"rendered":"How To Use NAD+ Home Injection Pen"},"content":{"rendered":"<div class=\"block-benefits-header\" id=\"benefits-header-block_e89bca5dffbadf3579523071c3cacb13\">\n    <div class=\"container-wide\">\n        <div class=\"header-split\">\n            <div class=\"content\">\n                                    <h1>Comment utiliser le stylo injecteur NAD+ AT HOME ?<\/h1>\n                                                    <h3>Con\u00e7u pour la simplicit\u00e9, l'innovation et l'administration de NAD+ \u00e0 domicile sans effort.<\/h3>\n                                <div class=\"inner-content\">\n                    <p>Am\u00e9liorez votre routine de bien-\u00eatre avec notre stylo d'injection de NAD+ \u00e0 domicile. Con\u00e7u pour la facilit\u00e9 et la pr\u00e9cision, ce syst\u00e8me innovant permet une auto-administration sans effort, rendant la suppl\u00e9mentation en NAD+ plus accessible que jamais. En tant que pionniers de la NAD+ au Royaume-Uni, nous offrons un moyen simple et pratique de soutenir votre \u00e9nergie, votre long\u00e9vit\u00e9 et votre bien-\u00eatre g\u00e9n\u00e9ral.<\/p>\n                <\/div>\n                                    <a href=\"\/fr\/product\/nad-injection-pen\/?wmc-currency=EUR\" class=\"blue-btn\">Acheter le kit de stylo injecteur NAD<\/a>\n                            <\/div>\n            <div class=\"image\" style=\"background-image: url(https:\/\/nadplusathome.com\/wp-content\/uploads\/2025\/03\/whats-in-the-nad-injection-pen-home-kit.webp);\"><\/div>\n        <\/div>\n    <\/div>\n<\/div>\n\n\n\n<div class=\"block-text-content black\" id=\"text-content-block_99fc2daf4583e29743720db39d14b332\">\n    <div class=\"container-wide\">\n        <div class=\"inner-content vidtext\">\n            <div class=\"text\">\n                                    <h2>Guide de l'utilisateur<\/h2>\n                                <div class=\"content\">\n                    <p>Pour s'auto-administrer votre NAD<span class='bluePlusDangit'>+<\/span> Pour faire une injection de stylo \u00e0 la maison, suivez ces \u00e9tapes simplifi\u00e9es :<\/p>\n<ol>\n<li><strong>Mains propres<\/strong> - Lavez-vous ou d\u00e9sinfectez soigneusement les mains.<\/li>\n<li><strong>Pr\u00e9parer le mat\u00e9riel<\/strong> - Ouvrez votre NAD<span class='bluePlusDangit'>+<\/span> Pen Kit et assurez-vous que vous avez le stylo, le NAD<span class='bluePlusDangit'>+<\/span> cartouche, micro-aiguille, lingettes alcoolis\u00e9es et poubelle pour objets tranchants.<\/li>\n<li><strong>R\u00e9glage de la temp\u00e9rature<\/strong> - Si le NAD<span class='bluePlusDangit'>+<\/span> a \u00e9t\u00e9 r\u00e9frig\u00e9r\u00e9e, laissez-la atteindre la temp\u00e9rature ambiante pendant quelques minutes afin de r\u00e9duire l'inconfort.<\/li>\n<li><strong>Assembler le stylo<\/strong> - Retirez le couvercle du stylo, d\u00e9vissez le porte-cartouche, ins\u00e9rez la cartouche NAD<span class='bluePlusDangit'>+<\/span> (la pointe argent\u00e9e en premier), et remettre le support en place.<\/li>\n<li><strong>Fixer l'aiguille<\/strong> - Prenez une micro-aiguille dans l'emballage, retirez l'emballage et vissez-la fermement sur l'extr\u00e9mit\u00e9 du stylo. Laissez le couvercle de l'aiguille en place jusqu'\u00e0 ce que vous soyez pr\u00eat \u00e0 l'utiliser.<\/li>\n<li><strong>Amorcer le stylo<\/strong> (Premi\u00e8re utilisation de la cartouche uniquement) - Tourner la base du stylo \u00e0 15 unit\u00e9s, appuyer sur le doseur jusqu'\u00e0 ce que le piston atteigne la bonde grise, et apr\u00e8s avoir retir\u00e9 le capuchon de l'aiguille, expulser les bulles d'air en tenant le stylo \u00e0 la verticale et appuyer sur 5 unit\u00e9s \u00e0 la fois jusqu'\u00e0 ce que les bulles disparaissent.<\/li>\n<li><strong>Fixer le dosage<\/strong> - Tournez la base du stylo jusqu'\u00e0 ce que l'aiguille soit align\u00e9e sur votre dosage, g\u00e9n\u00e9ralement 30 unit\u00e9s (0,3 ml).<\/li>\n<li><strong>S\u00e9lection du site d'injection<\/strong> - Choisissez une zone graisseuse telle que le ventre, les fesses ou les cuisses (n'oubliez pas de changer de site chaque jour d'injection).<\/li>\n<li><strong>Assainissement du site<\/strong> - Nettoyez la zone d'injection avec une lingette imbib\u00e9e d'alcool et laissez-la s\u00e9cher.<\/li>\n<li><strong>Injecter<\/strong> - Pincez la peau, ins\u00e9rez l'aiguille \u00e0 un angle de 90 degr\u00e9s et appuyez sur le bouton \u00e0 la base du stylo pour administrer la NAD.<span class='bluePlusDangit'>+<\/span>. Maintenez le stylo stable pour \u00e9viter les bleus.<\/li>\n<li><strong>Maintenir et retirer<\/strong> - Lorsque le compteur de doses revient \u00e0 z\u00e9ro (0), maintenez la pression pendant 10 secondes, puis retirez l'aiguille avec pr\u00e9caution.<\/li>\n<li><strong>\u00c9liminer<\/strong> - Placez l'aiguille usag\u00e9e dans la poubelle pour objets tranchants afin qu'elle soit \u00e9limin\u00e9e en toute s\u00e9curit\u00e9.<\/li>\n<li><strong>Stockage<\/strong> - Remplacer le capuchon du stylo, ranger le NAD<span class='bluePlusDangit'>+<\/span> Conservez les cartouches au r\u00e9frig\u00e9rateur dans l'\u00e9tui pr\u00e9vu \u00e0 cet effet et gardez le kit hors de port\u00e9e des enfants et des animaux domestiques.<\/li>\n<li><strong>Calendrier de dosage<\/strong> - Commencez par trois injections quotidiennes cons\u00e9cutives, puis passez \u00e0 une injection tous les deux jours si n\u00e9cessaire.<\/li>\n<\/ol>\n<p>Commencez par trois jours cons\u00e9cutifs d'injections, puis passez \u00e0 un jour sur deux si n\u00e9cessaire. Contactez le service d'assistance pour toute question.<\/p>\n                <\/div>\n                                    <a class=\"blue-btn\" \n                        href=\"https:\/\/nadplusathome.com\/wp-content\/uploads\/2025\/09\/how-to-use-the-nad-pen-injection-supplement-detailed.pdf\">\n                        T\u00e9l\u00e9charger les instructions compl\u00e8tes                    <\/a>\n                            <\/div>\n                                        <div class=\"image-container below\">\n                    <video class=\"lazy\" controls playsinline poster  =\"https:\/\/nadplusathome.com\/wp-content\/uploads\/2025\/06\/the-utlimate-nad-injection-pen-nad-supplement-press.webp\" preload=\"none\" >\n                        <source src=\"https:\/\/nadplusathome.com\/wp-content\/uploads\/2025\/10\/nad-injection-pen-tutorial-detailed-video-v2.mp4\" type=\"video\/mp4\">\n                        Votre navigateur ne prend pas en charge la balise vid\u00e9o.\n                    <\/video>\n                <\/div>\n                                <\/div>\n    <\/div>\n<\/div>\n\n\n\n<div class=\"block-purchase-nad-call-to-action\" id=\"purchase-nad-call-to-action-block_8335a1bd981a2201d4c60efaf586154a\"  data-lazy-css=\"https:\/\/nadplusathome.com\/wp-content\/themes\/nadaid\/assets\/css\/blocks\/purchase-nad-call-to-action.css?id=dc7f033230ebe6cdc50214f2b3b02c87\" data-lazy-js=\"https:\/\/nadplusathome.com\/wp-content\/themes\/nadaid\/assets\/js\/blocks\/purchase-nad-call-to-action.js?id=86132a435c1084d274ff46d90d834215\">\n    <div class=\"container-slim product-container\">\n        <div class=\"product\">\n            <h2 class=\"product-name mobile\">Recharges pour NAD<span class='bluePlusDangit'>+<\/span> Stylo<\/h2>\n            <div class=\"prod-images-container\">\n                <div class=\"main-slider\">\n                    <div class=\"glide__track\" data-glide-el=\"track\">\n                        <ul class=\"glide__slides\">\n                                                                                        <li class=\"glide__slide\"><img decoding=\"async\" src=\"https:\/\/nadplusathome.com\/wp-content\/uploads\/2025\/03\/nad-injection-pen-home-kit-refills-nad-cartidges-edit.webp\" alt=\"NAD+ Home Kit Image\" loading=\"lazy\" \/><\/li>\n                                                            <li class=\"glide__slide\"><img decoding=\"async\" src=\"https:\/\/nadplusathome.com\/wp-content\/uploads\/2024\/08\/gabriella-pisani-nad-pen-supporter-testimonial.webp\" alt=\"NAD+ Home Kit Image\" loading=\"lazy\" \/><\/li>\n                                                            <li class=\"glide__slide\"><img decoding=\"async\" src=\"https:\/\/nadplusathome.com\/wp-content\/uploads\/2023\/02\/lisa-snowdon-nad-injection-review-testimonial-1.webp\" alt=\"NAD+ Home Kit Image\" loading=\"lazy\" \/><\/li>\n                                                            <li class=\"glide__slide\"><img decoding=\"async\" src=\"https:\/\/nadplusathome.com\/wp-content\/uploads\/2023\/02\/calum-best-nad-injection-review-testimonial-1.webp\" alt=\"NAD+ Home Kit Image\" loading=\"lazy\" \/><\/li>\n                                                            <li class=\"glide__slide\"><img decoding=\"async\" src=\"https:\/\/nadplusathome.com\/wp-content\/uploads\/2023\/02\/rita-simmons-nad-injection-review-testimonial-1.webp\" alt=\"NAD+ Home Kit Image\" loading=\"lazy\" \/><\/li>\n                                                            <li class=\"glide__slide\"><img decoding=\"async\" src=\"https:\/\/nadplusathome.com\/wp-content\/uploads\/2024\/08\/aaron-chalmers-geordie-shore-nad-at-home-supporter-testimonial.webp\" alt=\"NAD+ Home Kit Image\" loading=\"lazy\" \/><\/li>\n                                                            <li class=\"glide__slide\"><img decoding=\"async\" src=\"https:\/\/nadplusathome.com\/wp-content\/uploads\/2023\/02\/isamay-ffrench-nad-injection-review-testimonial-1.webp\" alt=\"NAD+ Home Kit Image\" loading=\"lazy\" \/><\/li>\n                                                            <li class=\"glide__slide\"><img decoding=\"async\" src=\"https:\/\/nadplusathome.com\/wp-content\/uploads\/2023\/02\/kris-gethin-nad-injection-review-testimonial-1.webp\" alt=\"NAD+ Home Kit Image\" loading=\"lazy\" \/><\/li>\n                                                            <li class=\"glide__slide\"><img decoding=\"async\" src=\"https:\/\/nadplusathome.com\/wp-content\/uploads\/2023\/02\/elena-ora-nad-injection-review-testimonial-1.webp\" alt=\"NAD+ Home Kit Image\" loading=\"lazy\" \/><\/li>\n                                                            <li class=\"glide__slide\"><img decoding=\"async\" src=\"https:\/\/nadplusathome.com\/wp-content\/uploads\/2024\/08\/zorannah-nad-pen-supporter-testimonial.webp\" alt=\"NAD+ Home Kit Image\" loading=\"lazy\" \/><\/li>\n                                                    <\/ul>\n                    <\/div>\n                                    <\/div>\n                <div class=\"thumb-slider\">\n                    <div class=\"arrows\">\n                        <div class=\"arrow-cont\" data-glide-el=\"controls\">\n                            <button class=\"backarrow\" data-glide-dir=\"&lt;\"><img decoding=\"async\" src=\"https:\/\/nadplusathome.com\/wp-content\/themes\/nadaid\/images\/icons\/prev-arrow.svg\" alt=\"fl\u00e8che-pr\u00e9c\u00e9dent\" loading=\"lazy\" \/><\/button>\n                        <\/div>\n                    <\/div>\n                    <div class=\"glide__track\" data-glide-el=\"track\">\n                        <ul class=\"glide__slides\">\n                                                                                        <li class=\"glide__slide glide-thumbnail\" data-index=\"0\"><img decoding=\"async\" src=\"https:\/\/nadplusathome.com\/wp-content\/uploads\/2025\/03\/nad-injection-pen-home-kit-refills-nad-cartidges-edit.webp\" alt=\"NAD Home Kit Image\" loading=\"lazy\" \/><\/li>\n                                                            <li class=\"glide__slide glide-thumbnail\" data-index=\"1\"><img decoding=\"async\" src=\"https:\/\/nadplusathome.com\/wp-content\/uploads\/2024\/08\/gabriella-pisani-nad-pen-supporter-testimonial.webp\" alt=\"NAD Home Kit Image\" loading=\"lazy\" \/><\/li>\n                                                            <li class=\"glide__slide glide-thumbnail\" data-index=\"2\"><img decoding=\"async\" src=\"https:\/\/nadplusathome.com\/wp-content\/uploads\/2023\/02\/lisa-snowdon-nad-injection-review-testimonial-1.webp\" alt=\"NAD Home Kit Image\" loading=\"lazy\" \/><\/li>\n                                                            <li class=\"glide__slide glide-thumbnail\" data-index=\"3\"><img decoding=\"async\" src=\"https:\/\/nadplusathome.com\/wp-content\/uploads\/2023\/02\/calum-best-nad-injection-review-testimonial-1.webp\" alt=\"NAD Home Kit Image\" loading=\"lazy\" \/><\/li>\n                                                            <li class=\"glide__slide glide-thumbnail\" data-index=\"4\"><img decoding=\"async\" src=\"https:\/\/nadplusathome.com\/wp-content\/uploads\/2023\/02\/rita-simmons-nad-injection-review-testimonial-1.webp\" alt=\"NAD Home Kit Image\" loading=\"lazy\" \/><\/li>\n                                                            <li class=\"glide__slide glide-thumbnail\" data-index=\"5\"><img decoding=\"async\" src=\"https:\/\/nadplusathome.com\/wp-content\/uploads\/2024\/08\/aaron-chalmers-geordie-shore-nad-at-home-supporter-testimonial.webp\" alt=\"NAD Home Kit Image\" loading=\"lazy\" \/><\/li>\n                                                            <li class=\"glide__slide glide-thumbnail\" data-index=\"6\"><img decoding=\"async\" src=\"https:\/\/nadplusathome.com\/wp-content\/uploads\/2023\/02\/isamay-ffrench-nad-injection-review-testimonial-1.webp\" alt=\"NAD Home Kit Image\" loading=\"lazy\" \/><\/li>\n                                                            <li class=\"glide__slide glide-thumbnail\" data-index=\"7\"><img decoding=\"async\" src=\"https:\/\/nadplusathome.com\/wp-content\/uploads\/2023\/02\/kris-gethin-nad-injection-review-testimonial-1.webp\" alt=\"NAD Home Kit Image\" loading=\"lazy\" \/><\/li>\n                                                            <li class=\"glide__slide glide-thumbnail\" data-index=\"8\"><img decoding=\"async\" src=\"https:\/\/nadplusathome.com\/wp-content\/uploads\/2023\/02\/elena-ora-nad-injection-review-testimonial-1.webp\" alt=\"NAD Home Kit Image\" loading=\"lazy\" \/><\/li>\n                                                            <li class=\"glide__slide glide-thumbnail\" data-index=\"9\"><img decoding=\"async\" src=\"https:\/\/nadplusathome.com\/wp-content\/uploads\/2024\/08\/zorannah-nad-pen-supporter-testimonial.webp\" alt=\"NAD Home Kit Image\" loading=\"lazy\" \/><\/li>\n                                                    <\/ul>\n                    <\/div>\n                    <div class=\"arrows\">\n                        <div class=\"arrow-cont\" data-glide-el=\"controls\">\n                            <button class=\"nextarrow\" data-glide-dir=\"&gt;\"><img decoding=\"async\" src=\"https:\/\/nadplusathome.com\/wp-content\/themes\/nadaid\/images\/icons\/next-arrow-alt.svg\" alt=\"fl\u00e8che suivante\" loading=\"lazy\" \/><\/button>\n                        <\/div>\n                    <\/div>\n                <\/div>\n            <\/div>\n            <div class=\"prod-desc\">\n                <div>\n                    <h2 class=\"product-name desktop\">Recharges pour NAD<span class='bluePlusDangit'>+<\/span> Stylo<\/h2>\n                                            <p class=\"price\"><span class=\"woocommerce-Price-amount amount\"><bdi><span class=\"woocommerce-Price-currencySymbol\">\u00a3<\/span>355.00<\/bdi><\/span><small class=\"wcsatt-sub-options\"> <span class=\"wcsatt-dash\">\u2014<\/span> ou s'abonner pour \u00e9conomiser <\/small> <span class=\"wcsatt-sub-discount\">20&#37;<\/span><small><\/small><\/p>\n                                    <\/div>\n                <div class=\"product-text\">\n                    <div class=\"desktop\">\n                        Notre kit de recharge vous permet de disposer \u00e0 nouveau d'un stock complet de traitement NAD+ pour votre stylo injecteur rechargeable.\r\n\r\nNotre stylo injecteur NAD+ est le moyen le plus pratique de restaurer et de maintenir vos niveaux de NAD+, en soutenant l'\u00e9nergie, la concentration et la sant\u00e9 cellulaire de l'int\u00e9rieur vers l'ext\u00e9rieur.\r\n\r\nAvec l'\u00e2ge, les niveaux de NAD+ diminuent naturellement, ce qui a un impact sur le bien-\u00eatre g\u00e9n\u00e9ral. Avec une biodisponibilit\u00e9 proche de 100%, cet auto-injecteur de premi\u00e8re qualit\u00e9 assure une absorption rapide, vous aidant \u00e0 stimuler vos performances, \u00e0 combattre la fatigue et \u00e0 promouvoir la long\u00e9vit\u00e9, tout cela dans le confort de votre maison.                    <\/div>\n                                        <h2 class=\"benefit-title\">Comprendre le potentiel <span>Avantages<\/span> de NAD<span>+<\/span><\/h2>\n                    <ul>\n                                                    <li><p>Stimuler l'\u00e9nergie<\/p>\n<\/li>\n                                                    <li><p>Am\u00e9liorer la r\u00e9paration de la peau<\/p>\n<\/li>\n                                                    <li><p>Am\u00e9liorer la clart\u00e9 mentale<\/p>\n<\/li>\n                                                    <li><p>Anti-\u00e2ge de l'int\u00e9rieur<\/p>\n<\/li>\n                                            <\/ul>\n                <\/div>\n                <a class=\"blue-btn\" href=\"https:\/\/nadplusathome.com\/fr\/product\/nad-injection-pen-refill-kits\/\">Achat du produit<\/a>\n            <\/div>\n        <\/div>\n    <\/div>\n<\/div>","protected":false},"excerpt":{"rendered":"","protected":false},"author":1,"featured_media":0,"parent":0,"menu_order":0,"comment_status":"closed","ping_status":"closed","template":"","meta":{"_acf_changed":false,"footnotes":""},"class_list":["post-20635","page","type-page","status-publish","hentry"],"acf":[],"_links":{"self":[{"href":"https:\/\/nadplusathome.com\/fr\/wp-json\/wp\/v2\/pages\/20635","targetHints":{"allow":["GET"]}}],"collection":[{"href":"https:\/\/nadplusathome.com\/fr\/wp-json\/wp\/v2\/pages"}],"about":[{"href":"https:\/\/nadplusathome.com\/fr\/wp-json\/wp\/v2\/types\/page"}],"author":[{"embeddable":true,"href":"https:\/\/nadplusathome.com\/fr\/wp-json\/wp\/v2\/users\/1"}],"replies":[{"embeddable":true,"href":"https:\/\/nadplusathome.com\/fr\/wp-json\/wp\/v2\/comments?post=20635"}],"version-history":[{"count":12,"href":"https:\/\/nadplusathome.com\/fr\/wp-json\/wp\/v2\/pages\/20635\/revisions"}],"predecessor-version":[{"id":42616,"href":"https:\/\/nadplusathome.com\/fr\/wp-json\/wp\/v2\/pages\/20635\/revisions\/42616"}],"wp:attachment":[{"href":"https:\/\/nadplusathome.com\/fr\/wp-json\/wp\/v2\/media?parent=20635"}],"curies":[{"name":"wp","href":"https:\/\/api.w.org\/{rel}","templated":true}]}}