{"id":1602,"date":"2023-03-08T16:02:15","date_gmt":"2023-03-08T16:02:15","guid":{"rendered":"http:\/\/nadaid-23-2.test\/?page_id=1602"},"modified":"2024-11-21T11:14:32","modified_gmt":"2024-11-21T11:14:32","slug":"how-to-use-nad-at-home","status":"publish","type":"page","link":"https:\/\/nadplusathome.com\/fr\/how-to-use-nad-at-home\/","title":{"rendered":"How to use NAD+ AT HOME"},"content":{"rendered":"<div class=\"block-benefits-header\" id=\"benefits-header-block_859653e900d9995af904adc26ec48d1d\">\n    <div class=\"container-wide\">\n        <div class=\"header-split\">\n            <div class=\"content\">\n                                    <h1>Comment utiliser NAD+ AT HOME<\/h1>\n                                                    <h3>Con\u00e7u pour la commodit\u00e9 et la facilit\u00e9.<\/h3>\n                                <div class=\"inner-content\">\n                    <p>Am\u00e9liorez votre jeu de biohacking avec nos micro-injectables NAD+ \u00e0 domicile. Nos seringues ultrafines sont faciles \u00e0 utiliser et permettent d'administrer facilement des injections de NAD+ \u00e0 la maison. Il s'agit du premier kit de ce type au Royaume-Uni, offrant un moyen pratique d'augmenter vos niveaux de NAD+.<\/p>\n                <\/div>\n                                    <a href=\"\/fr\/product\/nad-at-home\/?wmc-currency=EUR\" class=\"blue-btn\">Acheter du NAD<\/a>\n                            <\/div>\n            <div class=\"image\" style=\"background-image: url(https:\/\/nadplusathome.com\/wp-content\/uploads\/2023\/02\/nad-at-home-kit-box-contents-whats-inside-header.webp);\"><\/div>\n        <\/div>\n    <\/div>\n<\/div>\n\n\n\n<div class=\"block-text-content black\" id=\"text-content-block_aac627e60be8c7ebe45e79cd7bc1af72\">\n    <div class=\"container-wide\">\n        <div class=\"inner-content vidtext\">\n            <div class=\"text\">\n                                    <h2>Guide de l'utilisateur<\/h2>\n                                <div class=\"content\">\n                    <p>Pour utiliser votre NAD<span class='bluePlusDangit'>+<\/span> \u00e0 domicile, suivez ces \u00e9tapes simplifi\u00e9es :<\/p>\n<ol>\n<li><strong>Mains propres<\/strong>: Lavez-vous ou d\u00e9sinfectez soigneusement les mains.<\/li>\n<li><strong>Pr\u00e9parer le mat\u00e9riel<\/strong>: Ouvrez votre NAD<span class='bluePlusDangit'>+<\/span> pour trouver les seringues, la solution, les tampons d'alcool et la poubelle pour objets tranchants.<\/li>\n<li><strong>R\u00e9glage de la temp\u00e9rature<\/strong>: Laisser refroidir le NAD<span class='bluePlusDangit'>+<\/span> pour atteindre la temp\u00e9rature ambiante afin de minimiser l'inconfort.<\/li>\n<li><strong>St\u00e9riliser<\/strong>: Utilisez un tampon d'alcool pour nettoyer le dessus de la fiole et laissez-le s\u00e9cher.<\/li>\n<li><strong>Pr\u00e9parer la seringue<\/strong>: Retirer les protections de la seringue, l'ins\u00e9rer dans le flacon, l'inverser et pr\u00e9lever 0,25 ml de solution, en veillant \u00e0 ce qu'il n'y ait pas de bulles d'air.<\/li>\n<li><strong>S\u00e9lection du site d'injection<\/strong>: Choisissez une zone comme l'abdomen ou le haut de la cuisse, et alternez les sites \u00e0 chaque injection.<\/li>\n<li><strong>Assainissement du site<\/strong>: Nettoyez la zone d'injection avec un autre \u00e9couvillon.<\/li>\n<li><strong>Injecter<\/strong>: Pincez la peau, ins\u00e9rez l'aiguille en douceur et injectez la solution en appuyant sur le piston.<\/li>\n<li><strong>\u00c9liminer<\/strong>: D\u00e9posez les aiguilles usag\u00e9es dans la poubelle pour objets tranchants.<\/li>\n<li><strong>Stockage<\/strong>: Garder le NAD<span class='bluePlusDangit'>+<\/span> et conservez le kit en toute s\u00e9curit\u00e9 hors de port\u00e9e des enfants et des animaux domestiques.<\/li>\n<\/ol>\n<p>Commencez par trois jours cons\u00e9cutifs d'injections, puis passez \u00e0 un jour sur deux si n\u00e9cessaire. Contactez le service d'assistance pour toute question.<\/p>\n                <\/div>\n                                    <a class=\"blue-btn\" \n                        href=\"\/wp-content\/uploads\/2024\/04\/Instructions-Layouts-24-04-2024.pdf\">\n                        T\u00e9l\u00e9charger les instructions                    <\/a>\n                            <\/div>\n                                        <div class=\"image-container above\">\n                    <video class=\"lazy\" controls playsinline poster  =\"https:\/\/nadplusathome.com\/wp-content\/uploads\/2024\/04\/Vial-New-Yellow-2-2-1-1.webp\" preload=\"none\" >\n                        <source src=\"https:\/\/nadplusathome.com\/wp-content\/uploads\/2023\/02\/nad-injection-video-new-packaging-low-1.webm\" type=\"video\/webm\">\n                        Votre navigateur ne prend pas en charge la balise vid\u00e9o.\n                    <\/video>\n                <\/div>\n                                <\/div>\n    <\/div>\n<\/div>\n\n\n\n<div class=\"block-subscribe-and-save-banner\" id=\"subscribe-and-save-banner-block_3dd4d43d3265d538d643d76b728d5ed0\">\n    <div class=\"container-wide\">\n        <div class=\"inner-content\">\n            <div class=\"content\">\n                <div class=\"top-section\">\n                    <h2>S'abonner et \u00e9conomiser<\/h2>\n                    <div class=\"text\"><p>R\u00e9alisez des \u00e9conomies allant jusqu'\u00e0 20% sur CHAQUE kit gr\u00e2ce \u00e0 notre plan d'abonnement flexible. Recevez votre NAD+ directement \u00e0 votre porte, \u00e0 votre rythme. Vous pouvez modifier et annuler votre abonnement \u00e0 tout moment.<\/p><\/div>\n                <\/div>\n                <div class=\"bottom-section\">\n                    <p>\u00c9conomisez jusqu'\u00e0 20%<\/p>\n                    <div class=\"new-price\">\n                        <p class=\"amount\">\u00a3280<\/p>\n                        <p class=\"full-price\">\u00a3350<\/p>\n                    <\/div>\n                    <a href=\"https:\/\/nadplusathome.com\/fr\/product\/nad-at-home\/\" class=\"blue-btn\">Boutique NAD+ Injections<\/a>\n                <\/div>\n            <\/div>\n        <\/div>\n    <\/div>\n<\/div>\n\n\n\n<div class=\"block-purchase-nad-call-to-action\" id=\"purchase-nad-call-to-action-block_660cd4a790066cd628315bdd46c28981\"  data-lazy-css=\"https:\/\/nadplusathome.com\/wp-content\/themes\/nadaid\/assets\/css\/blocks\/purchase-nad-call-to-action.css?id=dc7f033230ebe6cdc50214f2b3b02c87\" data-lazy-js=\"https:\/\/nadplusathome.com\/wp-content\/themes\/nadaid\/assets\/js\/blocks\/purchase-nad-call-to-action.js?id=86132a435c1084d274ff46d90d834215\">\n    <div class=\"container-slim product-container\">\n        <div class=\"product\">\n            <h2 class=\"product-name mobile\">NAD<span class='bluePlusDangit'>+<\/span> Kit d'injection<\/h2>\n            <div class=\"prod-images-container\">\n                <div class=\"main-slider\">\n                    <div class=\"glide__track\" data-glide-el=\"track\">\n                        <ul class=\"glide__slides\">\n                                                                                        <li class=\"glide__slide\"><img decoding=\"async\" src=\"https:\/\/nadplusathome.com\/wp-content\/uploads\/2023\/02\/nad-at-home-injection-supplement-1-1-1.webp\" alt=\"NAD+ Home Kit Image\" loading=\"lazy\" \/><\/li>\n                                                            <li class=\"glide__slide\"><img decoding=\"async\" src=\"https:\/\/nadplusathome.com\/wp-content\/uploads\/2023\/02\/nad-at-home-injection-supplement-in-hand-1.webp\" alt=\"NAD+ Home Kit Image\" loading=\"lazy\" \/><\/li>\n                                                            <li class=\"glide__slide\"><img decoding=\"async\" src=\"https:\/\/nadplusathome.com\/wp-content\/uploads\/2023\/02\/nad-at-home-injection-supplement-home-kit-1.webp\" alt=\"NAD+ Home Kit Image\" loading=\"lazy\" \/><\/li>\n                                                            <li class=\"glide__slide\"><img decoding=\"async\" src=\"https:\/\/nadplusathome.com\/wp-content\/uploads\/2023\/02\/nad-at-home-injection-supplement-needle-withdraw-1.webp\" alt=\"NAD+ Home Kit Image\" loading=\"lazy\" \/><\/li>\n                                                            <li class=\"glide__slide\"><img decoding=\"async\" src=\"https:\/\/nadplusathome.com\/wp-content\/uploads\/2023\/02\/lisa-snowdon-nad-injection-review-testimonial-1.webp\" alt=\"NAD+ Home Kit Image\" loading=\"lazy\" \/><\/li>\n                                                            <li class=\"glide__slide\"><img decoding=\"async\" src=\"https:\/\/nadplusathome.com\/wp-content\/uploads\/2023\/02\/calum-best-nad-injection-review-testimonial-1.webp\" alt=\"NAD+ Home Kit Image\" loading=\"lazy\" \/><\/li>\n                                                            <li class=\"glide__slide\"><img decoding=\"async\" src=\"https:\/\/nadplusathome.com\/wp-content\/uploads\/2023\/02\/rita-simmons-nad-injection-review-testimonial-1.webp\" alt=\"NAD+ Home Kit Image\" loading=\"lazy\" \/><\/li>\n                                                            <li class=\"glide__slide\"><img decoding=\"async\" src=\"https:\/\/nadplusathome.com\/wp-content\/uploads\/2024\/08\/aaron-chalmers-geordie-shore-nad-at-home-supporter-testimonial.webp\" alt=\"NAD+ Home Kit Image\" loading=\"lazy\" \/><\/li>\n                                                            <li class=\"glide__slide\"><img decoding=\"async\" src=\"https:\/\/nadplusathome.com\/wp-content\/uploads\/2023\/02\/isamay-ffrench-nad-injection-review-testimonial-1.webp\" alt=\"NAD+ Home Kit Image\" loading=\"lazy\" \/><\/li>\n                                                            <li class=\"glide__slide\"><img decoding=\"async\" src=\"https:\/\/nadplusathome.com\/wp-content\/uploads\/2023\/02\/kris-gethin-nad-injection-review-testimonial-1.webp\" alt=\"NAD+ Home Kit Image\" loading=\"lazy\" \/><\/li>\n                                                            <li class=\"glide__slide\"><img decoding=\"async\" src=\"https:\/\/nadplusathome.com\/wp-content\/uploads\/2023\/02\/elena-ora-nad-injection-review-testimonial-1.webp\" alt=\"NAD+ Home Kit Image\" loading=\"lazy\" \/><\/li>\n                                                    <\/ul>\n                    <\/div>\n                                    <\/div>\n                <div class=\"thumb-slider\">\n                    <div class=\"arrows\">\n                        <div class=\"arrow-cont\" data-glide-el=\"controls\">\n                            <button class=\"backarrow\" data-glide-dir=\"&lt;\"><img decoding=\"async\" src=\"https:\/\/nadplusathome.com\/wp-content\/themes\/nadaid\/images\/icons\/prev-arrow.svg\" alt=\"fl\u00e8che-pr\u00e9c\u00e9dent\" loading=\"lazy\" \/><\/button>\n                        <\/div>\n                    <\/div>\n                    <div class=\"glide__track\" data-glide-el=\"track\">\n                        <ul class=\"glide__slides\">\n                                                                                        <li class=\"glide__slide glide-thumbnail\" data-index=\"0\"><img decoding=\"async\" src=\"https:\/\/nadplusathome.com\/wp-content\/uploads\/2023\/02\/nad-at-home-injection-supplement-1-1-1.webp\" alt=\"NAD Home Kit Image\" loading=\"lazy\" \/><\/li>\n                                                            <li class=\"glide__slide glide-thumbnail\" data-index=\"1\"><img decoding=\"async\" src=\"https:\/\/nadplusathome.com\/wp-content\/uploads\/2023\/02\/nad-at-home-injection-supplement-in-hand-1.webp\" alt=\"NAD Home Kit Image\" loading=\"lazy\" \/><\/li>\n                                                            <li class=\"glide__slide glide-thumbnail\" data-index=\"2\"><img decoding=\"async\" src=\"https:\/\/nadplusathome.com\/wp-content\/uploads\/2023\/02\/nad-at-home-injection-supplement-home-kit-1.webp\" alt=\"NAD Home Kit Image\" loading=\"lazy\" \/><\/li>\n                                                            <li class=\"glide__slide glide-thumbnail\" data-index=\"3\"><img decoding=\"async\" src=\"https:\/\/nadplusathome.com\/wp-content\/uploads\/2023\/02\/nad-at-home-injection-supplement-needle-withdraw-1.webp\" alt=\"NAD Home Kit Image\" loading=\"lazy\" \/><\/li>\n                                                            <li class=\"glide__slide glide-thumbnail\" data-index=\"4\"><img decoding=\"async\" src=\"https:\/\/nadplusathome.com\/wp-content\/uploads\/2023\/02\/lisa-snowdon-nad-injection-review-testimonial-1.webp\" alt=\"NAD Home Kit Image\" loading=\"lazy\" \/><\/li>\n                                                            <li class=\"glide__slide glide-thumbnail\" data-index=\"5\"><img decoding=\"async\" src=\"https:\/\/nadplusathome.com\/wp-content\/uploads\/2023\/02\/calum-best-nad-injection-review-testimonial-1.webp\" alt=\"NAD Home Kit Image\" loading=\"lazy\" \/><\/li>\n                                                            <li class=\"glide__slide glide-thumbnail\" data-index=\"6\"><img decoding=\"async\" src=\"https:\/\/nadplusathome.com\/wp-content\/uploads\/2023\/02\/rita-simmons-nad-injection-review-testimonial-1.webp\" alt=\"NAD Home Kit Image\" loading=\"lazy\" \/><\/li>\n                                                            <li class=\"glide__slide glide-thumbnail\" data-index=\"7\"><img decoding=\"async\" src=\"https:\/\/nadplusathome.com\/wp-content\/uploads\/2024\/08\/aaron-chalmers-geordie-shore-nad-at-home-supporter-testimonial.webp\" alt=\"NAD Home Kit Image\" loading=\"lazy\" \/><\/li>\n                                                            <li class=\"glide__slide glide-thumbnail\" data-index=\"8\"><img decoding=\"async\" src=\"https:\/\/nadplusathome.com\/wp-content\/uploads\/2023\/02\/isamay-ffrench-nad-injection-review-testimonial-1.webp\" alt=\"NAD Home Kit Image\" loading=\"lazy\" \/><\/li>\n                                                            <li class=\"glide__slide glide-thumbnail\" data-index=\"9\"><img decoding=\"async\" src=\"https:\/\/nadplusathome.com\/wp-content\/uploads\/2023\/02\/kris-gethin-nad-injection-review-testimonial-1.webp\" alt=\"NAD Home Kit Image\" loading=\"lazy\" \/><\/li>\n                                                            <li class=\"glide__slide glide-thumbnail\" data-index=\"10\"><img decoding=\"async\" src=\"https:\/\/nadplusathome.com\/wp-content\/uploads\/2023\/02\/elena-ora-nad-injection-review-testimonial-1.webp\" alt=\"NAD Home Kit Image\" loading=\"lazy\" \/><\/li>\n                                                    <\/ul>\n                    <\/div>\n                    <div class=\"arrows\">\n                        <div class=\"arrow-cont\" data-glide-el=\"controls\">\n                            <button class=\"nextarrow\" data-glide-dir=\"&gt;\"><img decoding=\"async\" src=\"https:\/\/nadplusathome.com\/wp-content\/themes\/nadaid\/images\/icons\/next-arrow-alt.svg\" alt=\"fl\u00e8che suivante\" loading=\"lazy\" \/><\/button>\n                        <\/div>\n                    <\/div>\n                <\/div>\n            <\/div>\n            <div class=\"prod-desc\">\n                <div>\n                    <h2 class=\"product-name desktop\">NAD<span class='bluePlusDangit'>+<\/span> Kit d'injection<\/h2>\n                                            <p class=\"price\"><span class=\"woocommerce-Price-amount amount\"><bdi><span class=\"woocommerce-Price-currencySymbol\">\u00a3<\/span>350.00<\/bdi><\/span><small class=\"wcsatt-sub-options\"> <span class=\"wcsatt-dash\">\u2014<\/span> ou s'abonner pour \u00e9conomiser jusqu'\u00e0<\/small> <span class=\"wcsatt-sub-discount\">20&#37;<\/span><small><\/small><\/p>\n                                    <\/div>\n                <div class=\"product-text\">\n                    <div class=\"desktop\">\n                        <span style=\"font-weight: 400;\">D\u00e9couvrez notre kit d'injection de NAD+ \u00e0 domicile - le premier kit d'injection de NAD+ \u00e0 domicile au Royaume-Uni. Avec une biodisponibilit\u00e9 proche de 100%, notre kit d'injection augmente vos niveaux de NAD+, soutenant les efforts anti-\u00e2ge, la fonction cellulaire et la clart\u00e9 mentale.<\/span><span style=\"font-weight: 400;\">\r\n<\/span>\r\n\r\n<span style=\"font-weight: 400;\">Le kit est incroyablement facile et s\u00fbr \u00e0 utiliser - il suffit de suivre nos instructions (fournies sous forme \u00e9crite et vid\u00e9o ci-dessous). Profitez des micro-aiguilles de 8 mm, con\u00e7ues pour des injections sans douleur.<\/span>\r\n\r\n<span style=\"font-weight: 400;\">Avec un certificat d'analyse disponible pour chaque commande, vous pouvez \u00eatre s\u00fbr que votre kit NAD+ est de haute qualit\u00e9 et s\u00fbr pour une administration \u00e0 domicile.<\/span><span style=\"font-weight: 400;\">\r\n<\/span>\r\n\r\n<span style=\"font-weight: 400;\">Chaque kit est accompagn\u00e9 d'un guide facile \u00e0 suivre et de nos <\/span><a href=\"\/fr\/about-georgina-glenn\/?wmc-currency=EUR\"><span style=\"font-weight: 400;\">infirmi\u00e8re dipl\u00f4m\u00e9e, Georgina<\/span><\/a><span style=\"font-weight: 400;\">, est \u00e0 votre disposition pour r\u00e9pondre \u00e0 vos questions et vous guider dans le processus une fois que votre kit est arriv\u00e9. <\/span>                    <\/div>\n                                        <h2 class=\"benefit-title\">Comprendre le potentiel <span>Avantages<\/span> de NAD<span>+<\/span><\/h2>\n                    <ul>\n                                                    <li><p>Stimuler l'\u00e9nergie<\/p>\n<\/li>\n                                                    <li><p>Am\u00e9liorer la r\u00e9paration de la peau<\/p>\n<\/li>\n                                                    <li><p>Am\u00e9liorer la clart\u00e9 mentale<\/p>\n<\/li>\n                                                    <li><p>Anti-\u00e2ge de l'int\u00e9rieur<\/p>\n<\/li>\n                                            <\/ul>\n                <\/div>\n                <a class=\"blue-btn\" href=\"https:\/\/nadplusathome.com\/fr\/product\/nad-at-home\/\">Achat du produit<\/a>\n            <\/div>\n        <\/div>\n    <\/div>\n<\/div>","protected":false},"excerpt":{"rendered":"","protected":false},"author":1,"featured_media":0,"parent":0,"menu_order":0,"comment_status":"closed","ping_status":"closed","template":"","meta":{"_acf_changed":false,"footnotes":""},"class_list":["post-1602","page","type-page","status-publish","hentry"],"acf":[],"_links":{"self":[{"href":"https:\/\/nadplusathome.com\/fr\/wp-json\/wp\/v2\/pages\/1602","targetHints":{"allow":["GET"]}}],"collection":[{"href":"https:\/\/nadplusathome.com\/fr\/wp-json\/wp\/v2\/pages"}],"about":[{"href":"https:\/\/nadplusathome.com\/fr\/wp-json\/wp\/v2\/types\/page"}],"author":[{"embeddable":true,"href":"https:\/\/nadplusathome.com\/fr\/wp-json\/wp\/v2\/users\/1"}],"replies":[{"embeddable":true,"href":"https:\/\/nadplusathome.com\/fr\/wp-json\/wp\/v2\/comments?post=1602"}],"version-history":[{"count":1,"href":"https:\/\/nadplusathome.com\/fr\/wp-json\/wp\/v2\/pages\/1602\/revisions"}],"predecessor-version":[{"id":31667,"href":"https:\/\/nadplusathome.com\/fr\/wp-json\/wp\/v2\/pages\/1602\/revisions\/31667"}],"wp:attachment":[{"href":"https:\/\/nadplusathome.com\/fr\/wp-json\/wp\/v2\/media?parent=1602"}],"curies":[{"name":"wp","href":"https:\/\/api.w.org\/{rel}","templated":true}]}}