{"id":96,"date":"2023-02-27T10:53:49","date_gmt":"2023-02-27T10:53:49","guid":{"rendered":"http:\/\/nadaid-23-2.test\/?post_type=product&#038;p=96"},"modified":"2026-04-07T09:16:53","modified_gmt":"2026-04-07T08:16:53","slug":"nad-at-home","status":"publish","type":"product","link":"https:\/\/nadplusathome.com\/es\/product\/nad-at-home\/","title":{"rendered":"Kit de inyecci\u00f3n de NAD"},"content":{"rendered":"","protected":false},"excerpt":{"rendered":"<p><span style=\"font-weight: 400;\">Descubra nuestro Kit de Inyecci\u00f3n Domiciliaria de NAD+ - el primero del Reino Unido para inyecciones domiciliarias de NAD+. Con cerca de 100% de biodisponibilidad, nuestro kit de inyecci\u00f3n aumenta sus niveles de NAD +, apoyando los esfuerzos contra el envejecimiento, la funci\u00f3n celular y la claridad mental.<\/span><span style=\"font-weight: 400;\"><br \/>\n<\/span><\/p>\n<p><span style=\"font-weight: 400;\">El kit es incre\u00edblemente f\u00e1cil y seguro de usar: s\u00f3lo tiene que seguir nuestras instrucciones (facilitadas por escrito y en v\u00eddeo a continuaci\u00f3n). Aproveche las microagujas de 8 mm, dise\u00f1adas para inyecciones indoloras.<\/span><\/p>\n<p><span style=\"font-weight: 400;\">Con un Certificado de An\u00e1lisis disponible para cada pedido, puede estar seguro de que su kit de NAD+ es de alta calidad y seguro para su administraci\u00f3n en casa.<\/span><span style=\"font-weight: 400;\"><br \/>\n<\/span><\/p>\n<p><span style=\"font-weight: 400;\">Cada kit incluye una gu\u00eda f\u00e1cil de seguir y nuestro <\/span><a href=\"\/es\/about-georgina-glenn\/?wmc-currency=EUR\"><span style=\"font-weight: 400;\">enfermera diplomada, Georgina<\/span><\/a><span style=\"font-weight: 400;\">, est\u00e1 a su disposici\u00f3n para responder a cualquier pregunta y guiarle a trav\u00e9s del proceso una vez que haya recibido su kit. <\/span><\/p>","protected":false},"featured_media":7652,"comment_status":"closed","ping_status":"closed","template":"","meta":{"_acf_changed":false},"product_brand":[45],"product_cat":[17],"product_tag":[],"class_list":{"0":"post-96","1":"product","2":"type-product","3":"status-publish","4":"has-post-thumbnail","6":"product_brand-nad-at-home","7":"product_cat-home-kit","8":"product_shipping_class-restricted-shipping","9":"has-subscription-plans","11":"first","12":"instock","13":"featured","14":"taxable","15":"shipping-taxable","16":"purchasable","17":"product-type-simple"},"group_of_quantity":0,"min_quantity":0,"max_quantity":"","exclude_order_quantity_value_rules":"no","exclude_category_quantity_rules":"no","combine_variations":"no","acf":[],"_links":{"self":[{"href":"https:\/\/nadplusathome.com\/es\/wp-json\/wp\/v2\/product\/96","targetHints":{"allow":["GET"]}}],"collection":[{"href":"https:\/\/nadplusathome.com\/es\/wp-json\/wp\/v2\/product"}],"about":[{"href":"https:\/\/nadplusathome.com\/es\/wp-json\/wp\/v2\/types\/product"}],"replies":[{"embeddable":true,"href":"https:\/\/nadplusathome.com\/es\/wp-json\/wp\/v2\/comments?post=96"}],"wp:featuredmedia":[{"embeddable":true,"href":"https:\/\/nadplusathome.com\/es\/wp-json\/wp\/v2\/media\/7652"}],"wp:attachment":[{"href":"https:\/\/nadplusathome.com\/es\/wp-json\/wp\/v2\/media?parent=96"}],"wp:term":[{"taxonomy":"product_brand","embeddable":true,"href":"https:\/\/nadplusathome.com\/es\/wp-json\/wp\/v2\/product_brand?post=96"},{"taxonomy":"product_cat","embeddable":true,"href":"https:\/\/nadplusathome.com\/es\/wp-json\/wp\/v2\/product_cat?post=96"},{"taxonomy":"product_tag","embeddable":true,"href":"https:\/\/nadplusathome.com\/es\/wp-json\/wp\/v2\/product_tag?post=96"}],"curies":[{"name":"wp","href":"https:\/\/api.w.org\/{rel}","templated":true}]}}