{"id":9182,"date":"2024-06-24T12:31:52","date_gmt":"2024-06-24T11:31:52","guid":{"rendered":"https:\/\/nadplusathome.com\/?post_type=product&#038;p=9182"},"modified":"2026-03-05T09:39:53","modified_gmt":"2026-03-05T09:39:53","slug":"nad-at-home-mini-500mg","status":"publish","type":"product","link":"https:\/\/nadplusathome.com\/es\/product\/nad-at-home-mini-500mg\/","title":{"rendered":"NAD+ EN CASA Mini"},"content":{"rendered":"","protected":false},"excerpt":{"rendered":"<p><span style=\"color: #ff0000;\"><strong>Debido a la demanda popular, nuestro NAD+ Mini se ha agotado.<\/strong><\/span><\/p>\n<p>Consulte nuestro <a href=\"https:\/\/nadplusathome.com\/es\/product\/nad-injection-pen-discovery-kit-500mg\/?wmc-currency=EUR\">kit de prueba bol\u00edgrafos NAD<\/a> (el mismo tratamiento NAD+ con una pluma f\u00e1cil de usar en su lugar).<\/p>\n<hr \/>\n<p>Presentamos el NAD+ AT HOME Mini: la forma perfecta de experimentar los beneficios de nuestro suplemento \u00fanico en un kit dom\u00e9stico m\u00e1s asequible y c\u00f3modo.<\/p>\n<p>Esta versi\u00f3n m\u00e1s peque\u00f1a ofrece la mitad de la cantidad de nuestros viales originales, por lo que es ideal para aquellos que buscan probar nuestro producto antes de comprometerse a la dosis completa recomendada.<\/p>\n<p>Pruebe NAD+ AT HOME Mini hoy mismo y d\u00e9 el primer paso hacia una vida m\u00e1s sana y llena de vitalidad.<\/p>","protected":false},"featured_media":9296,"comment_status":"closed","ping_status":"closed","template":"","meta":{"_acf_changed":false},"product_brand":[45],"product_cat":[17],"product_tag":[],"class_list":{"0":"post-9182","1":"product","2":"type-product","3":"status-publish","4":"has-post-thumbnail","6":"product_brand-nad-at-home","7":"product_cat-home-kit","8":"product_shipping_class-restricted-shipping","10":"first","11":"outofstock","12":"taxable","13":"shipping-taxable","14":"purchasable","15":"product-type-simple"},"group_of_quantity":0,"min_quantity":0,"max_quantity":"","exclude_order_quantity_value_rules":"no","exclude_category_quantity_rules":"no","combine_variations":"no","acf":[],"_links":{"self":[{"href":"https:\/\/nadplusathome.com\/es\/wp-json\/wp\/v2\/product\/9182","targetHints":{"allow":["GET"]}}],"collection":[{"href":"https:\/\/nadplusathome.com\/es\/wp-json\/wp\/v2\/product"}],"about":[{"href":"https:\/\/nadplusathome.com\/es\/wp-json\/wp\/v2\/types\/product"}],"replies":[{"embeddable":true,"href":"https:\/\/nadplusathome.com\/es\/wp-json\/wp\/v2\/comments?post=9182"}],"wp:featuredmedia":[{"embeddable":true,"href":"https:\/\/nadplusathome.com\/es\/wp-json\/wp\/v2\/media\/9296"}],"wp:attachment":[{"href":"https:\/\/nadplusathome.com\/es\/wp-json\/wp\/v2\/media?parent=9182"}],"wp:term":[{"taxonomy":"product_brand","embeddable":true,"href":"https:\/\/nadplusathome.com\/es\/wp-json\/wp\/v2\/product_brand?post=9182"},{"taxonomy":"product_cat","embeddable":true,"href":"https:\/\/nadplusathome.com\/es\/wp-json\/wp\/v2\/product_cat?post=9182"},{"taxonomy":"product_tag","embeddable":true,"href":"https:\/\/nadplusathome.com\/es\/wp-json\/wp\/v2\/product_tag?post=9182"}],"curies":[{"name":"wp","href":"https:\/\/api.w.org\/{rel}","templated":true}]}}