{"id":8511,"date":"2024-05-22T13:20:50","date_gmt":"2024-05-22T12:20:50","guid":{"rendered":"https:\/\/nadplusathome.com\/?post_type=product&#038;p=8511"},"modified":"2026-04-07T09:23:53","modified_gmt":"2026-04-07T08:23:53","slug":"lglutathione-at-home","status":"publish","type":"product","link":"https:\/\/nadplusathome.com\/es\/product\/lglutathione-at-home\/","title":{"rendered":"Kit de inyecci\u00f3n casera de L-glutati\u00f3n"},"content":{"rendered":"","protected":false},"excerpt":{"rendered":"<p>Apoye la desintoxicaci\u00f3n natural de su cuerpo con nuestro suplemento inyectable de L-glutati\u00f3n de primera calidad, neutralice los radicales libres y promueva la salud y el bienestar general desde el interior.<\/p>\n<p>Nuestra avanzada formulaci\u00f3n subcut\u00e1nea est\u00e1 dise\u00f1ada para una absorci\u00f3n \u00f3ptima, asegurando que su cuerpo reciba todos los beneficios. Experimente el apoyo a sus v\u00edas naturales de desintoxicaci\u00f3n mientras promueve una piel vibrante y de aspecto saludable.<\/p>","protected":false},"featured_media":10034,"comment_status":"closed","ping_status":"closed","template":"","meta":{"_acf_changed":false},"product_brand":[45],"product_cat":[17],"product_tag":[],"class_list":{"0":"post-8511","1":"product","2":"type-product","3":"status-publish","4":"has-post-thumbnail","6":"product_brand-nad-at-home","7":"product_cat-home-kit","8":"product_shipping_class-restricted-shipping","9":"has-subscription-plans","11":"first","12":"instock","13":"featured","14":"taxable","15":"shipping-taxable","16":"purchasable","17":"product-type-simple"},"group_of_quantity":0,"min_quantity":0,"max_quantity":"","exclude_order_quantity_value_rules":"no","exclude_category_quantity_rules":"no","combine_variations":"no","acf":[],"_links":{"self":[{"href":"https:\/\/nadplusathome.com\/es\/wp-json\/wp\/v2\/product\/8511","targetHints":{"allow":["GET"]}}],"collection":[{"href":"https:\/\/nadplusathome.com\/es\/wp-json\/wp\/v2\/product"}],"about":[{"href":"https:\/\/nadplusathome.com\/es\/wp-json\/wp\/v2\/types\/product"}],"replies":[{"embeddable":true,"href":"https:\/\/nadplusathome.com\/es\/wp-json\/wp\/v2\/comments?post=8511"}],"wp:featuredmedia":[{"embeddable":true,"href":"https:\/\/nadplusathome.com\/es\/wp-json\/wp\/v2\/media\/10034"}],"wp:attachment":[{"href":"https:\/\/nadplusathome.com\/es\/wp-json\/wp\/v2\/media?parent=8511"}],"wp:term":[{"taxonomy":"product_brand","embeddable":true,"href":"https:\/\/nadplusathome.com\/es\/wp-json\/wp\/v2\/product_brand?post=8511"},{"taxonomy":"product_cat","embeddable":true,"href":"https:\/\/nadplusathome.com\/es\/wp-json\/wp\/v2\/product_cat?post=8511"},{"taxonomy":"product_tag","embeddable":true,"href":"https:\/\/nadplusathome.com\/es\/wp-json\/wp\/v2\/product_tag?post=8511"}],"curies":[{"name":"wp","href":"https:\/\/api.w.org\/{rel}","templated":true}]}}