{"id":43014,"date":"2026-03-20T15:20:36","date_gmt":"2026-03-20T15:20:36","guid":{"rendered":"https:\/\/nadplusathome.com\/?post_type=product&#038;p=43014"},"modified":"2026-05-05T11:42:32","modified_gmt":"2026-05-05T10:42:32","slug":"refills-for-nad-lglutathione-pen-combo","status":"publish","type":"product","link":"https:\/\/nadplusathome.com\/es\/product\/refills-for-nad-lglutathione-pen-combo\/","title":{"rendered":"Recargas para el Combo de Pluma NAD+ y L-Glutati\u00f3n"},"content":{"rendered":"","protected":false},"excerpt":{"rendered":"<p>Mant\u00e9n la consistencia de tu protocolo usando nuestro Paquete de Recarga de NAD+ y L-Glutati\u00f3n, dise\u00f1ado exclusivamente para su uso con nuestros sistemas de pluma para el hogar.<\/p>\n<p>Esta combinaci\u00f3n dual re\u00fane dos de las mol\u00e9culas m\u00e1s solicitadas en el bienestar moderno. El NAD+ juega un papel clave en la producci\u00f3n de energ\u00eda celular y la funci\u00f3n metab\u00f3lica, mientras que el L-Glutati\u00f3n es ampliamente reconocido por su papel en la defensa antioxidante y el apoyo a las v\u00edas naturales de desintoxicaci\u00f3n del cuerpo.<\/p>\n<p>Juntos, complementan una rutina centrada en la energ\u00eda, la recuperaci\u00f3n, la salud de la piel y la vitalidad general.<\/p>\n<p>Ahorra m\u00e1s de 201 TP3T en comparaci\u00f3n con la compra de recambios para bol\u00edgrafos por separado.<\/p>","protected":false},"featured_media":43022,"comment_status":"closed","ping_status":"closed","template":"","meta":{"_acf_changed":false},"product_brand":[45],"product_cat":[17],"product_tag":[],"class_list":{"0":"post-43014","1":"product","2":"type-product","3":"status-publish","4":"has-post-thumbnail","6":"product_brand-nad-at-home","7":"product_cat-home-kit","8":"product_shipping_class-restricted-shipping","9":"has-subscription-plans","11":"first","12":"instock","13":"sale","14":"featured","15":"taxable","16":"shipping-taxable","17":"purchasable","18":"product-type-simple"},"group_of_quantity":0,"min_quantity":0,"max_quantity":"","exclude_order_quantity_value_rules":"no","exclude_category_quantity_rules":"no","combine_variations":"no","acf":[],"_links":{"self":[{"href":"https:\/\/nadplusathome.com\/es\/wp-json\/wp\/v2\/product\/43014","targetHints":{"allow":["GET"]}}],"collection":[{"href":"https:\/\/nadplusathome.com\/es\/wp-json\/wp\/v2\/product"}],"about":[{"href":"https:\/\/nadplusathome.com\/es\/wp-json\/wp\/v2\/types\/product"}],"replies":[{"embeddable":true,"href":"https:\/\/nadplusathome.com\/es\/wp-json\/wp\/v2\/comments?post=43014"}],"wp:featuredmedia":[{"embeddable":true,"href":"https:\/\/nadplusathome.com\/es\/wp-json\/wp\/v2\/media\/43022"}],"wp:attachment":[{"href":"https:\/\/nadplusathome.com\/es\/wp-json\/wp\/v2\/media?parent=43014"}],"wp:term":[{"taxonomy":"product_brand","embeddable":true,"href":"https:\/\/nadplusathome.com\/es\/wp-json\/wp\/v2\/product_brand?post=43014"},{"taxonomy":"product_cat","embeddable":true,"href":"https:\/\/nadplusathome.com\/es\/wp-json\/wp\/v2\/product_cat?post=43014"},{"taxonomy":"product_tag","embeddable":true,"href":"https:\/\/nadplusathome.com\/es\/wp-json\/wp\/v2\/product_tag?post=43014"}],"curies":[{"name":"wp","href":"https:\/\/api.w.org\/{rel}","templated":true}]}}