{"id":42665,"date":"2026-03-13T15:18:59","date_gmt":"2026-03-13T15:18:59","guid":{"rendered":"https:\/\/nadplusathome.com\/?post_type=product&#038;p=42665"},"modified":"2026-05-05T12:19:49","modified_gmt":"2026-05-05T11:19:49","slug":"nad-l-glutathione-pen-combo","status":"publish","type":"product","link":"https:\/\/nadplusathome.com\/es\/product\/nad-l-glutathione-pen-combo\/","title":{"rendered":"Kit de Pluma de Bienestar es NAD+ y L-Glutati\u00f3n Combo"},"content":{"rendered":"","protected":false},"excerpt":{"rendered":"<p>Nuestro Pen Kit Combinado es el primero de su clase, que ofrece los beneficios de bienestar de NAD + y L-glutati\u00f3n en un solo kit de doble pluma en casa. Al a\u00f1adir NAD+ y L-Glutathione a su rutina, puede beneficiarse de numerosas mejoras en su bienestar.<\/p>\n<p>Algunos de los beneficios de esta combinaci\u00f3n dual pueden ser: aumento de la energ\u00eda celular, mejora de la desintoxicaci\u00f3n, fuerte defensa antioxidante, reparaci\u00f3n del ADN y antienvejecimiento, refuerzo de la funci\u00f3n inmunitaria, mejora de la salud cerebral, mejora de la salud metab\u00f3lica y reducci\u00f3n de la inflamaci\u00f3n.<br \/>\nCada kit viene con todo lo que necesitas para el tratamiento en casa, incluyendo microagujas, toallitas antibacterianas y plumas inyectoras autom\u00e1ticas.<\/p>\n<p>Haga su pedido ahora y ahorre m\u00e1s de 20% en comparaci\u00f3n con la compra de kits de bol\u00edgrafos individuales.<\/p>","protected":false},"featured_media":42960,"comment_status":"closed","ping_status":"closed","template":"","meta":{"_acf_changed":false},"product_brand":[45],"product_cat":[17],"product_tag":[],"class_list":{"0":"post-42665","1":"product","2":"type-product","3":"status-publish","4":"has-post-thumbnail","6":"product_brand-nad-at-home","7":"product_cat-home-kit","8":"product_shipping_class-restricted-shipping","9":"has-subscription-plans","11":"first","12":"instock","13":"sale","14":"featured","15":"taxable","16":"shipping-taxable","17":"purchasable","18":"product-type-simple"},"group_of_quantity":0,"min_quantity":0,"max_quantity":"","exclude_order_quantity_value_rules":"no","exclude_category_quantity_rules":"no","combine_variations":"no","acf":[],"_links":{"self":[{"href":"https:\/\/nadplusathome.com\/es\/wp-json\/wp\/v2\/product\/42665","targetHints":{"allow":["GET"]}}],"collection":[{"href":"https:\/\/nadplusathome.com\/es\/wp-json\/wp\/v2\/product"}],"about":[{"href":"https:\/\/nadplusathome.com\/es\/wp-json\/wp\/v2\/types\/product"}],"replies":[{"embeddable":true,"href":"https:\/\/nadplusathome.com\/es\/wp-json\/wp\/v2\/comments?post=42665"}],"wp:featuredmedia":[{"embeddable":true,"href":"https:\/\/nadplusathome.com\/es\/wp-json\/wp\/v2\/media\/42960"}],"wp:attachment":[{"href":"https:\/\/nadplusathome.com\/es\/wp-json\/wp\/v2\/media?parent=42665"}],"wp:term":[{"taxonomy":"product_brand","embeddable":true,"href":"https:\/\/nadplusathome.com\/es\/wp-json\/wp\/v2\/product_brand?post=42665"},{"taxonomy":"product_cat","embeddable":true,"href":"https:\/\/nadplusathome.com\/es\/wp-json\/wp\/v2\/product_cat?post=42665"},{"taxonomy":"product_tag","embeddable":true,"href":"https:\/\/nadplusathome.com\/es\/wp-json\/wp\/v2\/product_tag?post=42665"}],"curies":[{"name":"wp","href":"https:\/\/api.w.org\/{rel}","templated":true}]}}