{"id":42589,"date":"2026-03-12T09:05:45","date_gmt":"2026-03-12T09:05:45","guid":{"rendered":"https:\/\/nadplusathome.com\/?post_type=product&#038;p=42589"},"modified":"2026-05-05T11:40:16","modified_gmt":"2026-05-05T10:40:16","slug":"refills-for-l-glutathione-pen","status":"publish","type":"product","link":"https:\/\/nadplusathome.com\/es\/product\/refills-for-l-glutathione-pen\/","title":{"rendered":"Recambios para L-Glutathione Pen"},"content":{"rendered":"","protected":false},"excerpt":{"rendered":"<p>Nuestro kit de recarga proporciona otro suministro completo de tratamiento con L-Glutati\u00f3n para su pluma inyectora recargable. Recarga ahora y estar en su camino a la restauraci\u00f3n y el mantenimiento de sus niveles de antioxidantes, el apoyo a la luminosidad de la piel, la desintoxicaci\u00f3n y la salud inmune desde adentro hacia afuera.<\/p>\n<p>A medida que envejecemos, nuestros niveles de L-glutati\u00f3n disminuyen de forma natural, lo que afecta a la vitalidad general y a la claridad de la piel. Las investigaciones sugieren que a los 40 a\u00f1os, nuestros niveles de L-Glutati\u00f3n disminuyen en 30% y suelen reducirse a la mitad a los 65 a\u00f1os.<\/p>\n<p>Contrarreste estas gotas con nuestro L-Glutathione Pen Kit y su biodisponibilidad de casi 100 %. Este autoinyector de primera calidad garantiza una r\u00e1pida absorci\u00f3n, ayud\u00e1ndole a iluminar su cutis, combatir el estr\u00e9s oxidativo y promover la reparaci\u00f3n celular, todo ello desde la comodidad de su hogar.<\/p>","protected":false},"featured_media":42932,"comment_status":"closed","ping_status":"closed","template":"","meta":{"_acf_changed":false},"product_brand":[45],"product_cat":[17],"product_tag":[],"class_list":{"0":"post-42589","1":"product","2":"type-product","3":"status-publish","4":"has-post-thumbnail","6":"product_brand-nad-at-home","7":"product_cat-home-kit","8":"product_shipping_class-restricted-shipping","9":"has-subscription-plans","11":"first","12":"instock","13":"sale","14":"featured","15":"taxable","16":"shipping-taxable","17":"purchasable","18":"product-type-variable","19":"has-default-attributes"},"group_of_quantity":0,"min_quantity":0,"max_quantity":"","exclude_order_quantity_value_rules":"no","exclude_category_quantity_rules":"no","combine_variations":"no","acf":[],"_links":{"self":[{"href":"https:\/\/nadplusathome.com\/es\/wp-json\/wp\/v2\/product\/42589","targetHints":{"allow":["GET"]}}],"collection":[{"href":"https:\/\/nadplusathome.com\/es\/wp-json\/wp\/v2\/product"}],"about":[{"href":"https:\/\/nadplusathome.com\/es\/wp-json\/wp\/v2\/types\/product"}],"replies":[{"embeddable":true,"href":"https:\/\/nadplusathome.com\/es\/wp-json\/wp\/v2\/comments?post=42589"}],"wp:featuredmedia":[{"embeddable":true,"href":"https:\/\/nadplusathome.com\/es\/wp-json\/wp\/v2\/media\/42932"}],"wp:attachment":[{"href":"https:\/\/nadplusathome.com\/es\/wp-json\/wp\/v2\/media?parent=42589"}],"wp:term":[{"taxonomy":"product_brand","embeddable":true,"href":"https:\/\/nadplusathome.com\/es\/wp-json\/wp\/v2\/product_brand?post=42589"},{"taxonomy":"product_cat","embeddable":true,"href":"https:\/\/nadplusathome.com\/es\/wp-json\/wp\/v2\/product_cat?post=42589"},{"taxonomy":"product_tag","embeddable":true,"href":"https:\/\/nadplusathome.com\/es\/wp-json\/wp\/v2\/product_tag?post=42589"}],"curies":[{"name":"wp","href":"https:\/\/api.w.org\/{rel}","templated":true}]}}