{"id":40832,"date":"2026-02-06T13:48:48","date_gmt":"2026-02-06T13:48:48","guid":{"rendered":"https:\/\/nadplusathome.com\/?post_type=product&#038;p=40832"},"modified":"2026-05-05T11:38:14","modified_gmt":"2026-05-05T10:38:14","slug":"l-glutathione-pen-kit","status":"publish","type":"product","link":"https:\/\/nadplusathome.com\/es\/product\/l-glutathione-pen-kit\/","title":{"rendered":"L-Glutathione Pen Kit"},"content":{"rendered":"","protected":false},"excerpt":{"rendered":"<p>Nuestro At Home Pen Kit proporciona L-Glutathione de primera calidad para una f\u00e1cil administraci\u00f3n en casa. Contrarreste sus niveles naturalmente decrecientes de esta mol\u00e9cula crucial con nuestra avanzada formulaci\u00f3n subcut\u00e1nea, que proporciona una biodisponibilidad cercana al 100 %.<\/p>\n<p>El L-glutati\u00f3n es un elemento clave en muchos procesos biol\u00f3gicos, como la desintoxicaci\u00f3n celular, la defensa antioxidante y la potenciaci\u00f3n de nuestras v\u00edas inmunitarias. Y debido a su papel en la reducci\u00f3n del estr\u00e9s oxidativo, el L-glutati\u00f3n puede desempe\u00f1ar un papel en la vitalidad, el brillo y la salud de nuestra piel.<\/p>\n<p>Con todo lo que necesita para neutralizar los radicales libres, mejorar la funci\u00f3n inmunitaria y potenciar la salud de la piel, nuestro kit f\u00e1cil de usar lleva la calidad de los tratamientos cl\u00ednicos a su casa. S\u00f3lo tiene que conectar la microaguja y el cartucho y su pluma inyectora de L-glutati\u00f3n estar\u00e1 lista para usar. Siga leyendo para obtener m\u00e1s consejos y ver nuestra gu\u00eda en v\u00eddeo paso a paso.<\/p>\n<p>&nbsp;<\/p>\n<p>&nbsp;<\/p>","protected":false},"featured_media":42927,"comment_status":"closed","ping_status":"closed","template":"","meta":{"_acf_changed":false},"product_brand":[45],"product_cat":[17],"product_tag":[],"class_list":{"0":"post-40832","1":"product","2":"type-product","3":"status-publish","4":"has-post-thumbnail","6":"product_brand-nad-at-home","7":"product_cat-home-kit","8":"product_shipping_class-restricted-shipping","9":"has-subscription-plans","11":"first","12":"instock","13":"sale","14":"featured","15":"taxable","16":"shipping-taxable","17":"purchasable","18":"product-type-variable","19":"has-default-attributes"},"group_of_quantity":0,"min_quantity":0,"max_quantity":"","exclude_order_quantity_value_rules":"no","exclude_category_quantity_rules":"no","combine_variations":"no","acf":[],"_links":{"self":[{"href":"https:\/\/nadplusathome.com\/es\/wp-json\/wp\/v2\/product\/40832","targetHints":{"allow":["GET"]}}],"collection":[{"href":"https:\/\/nadplusathome.com\/es\/wp-json\/wp\/v2\/product"}],"about":[{"href":"https:\/\/nadplusathome.com\/es\/wp-json\/wp\/v2\/types\/product"}],"replies":[{"embeddable":true,"href":"https:\/\/nadplusathome.com\/es\/wp-json\/wp\/v2\/comments?post=40832"}],"wp:featuredmedia":[{"embeddable":true,"href":"https:\/\/nadplusathome.com\/es\/wp-json\/wp\/v2\/media\/42927"}],"wp:attachment":[{"href":"https:\/\/nadplusathome.com\/es\/wp-json\/wp\/v2\/media?parent=40832"}],"wp:term":[{"taxonomy":"product_brand","embeddable":true,"href":"https:\/\/nadplusathome.com\/es\/wp-json\/wp\/v2\/product_brand?post=40832"},{"taxonomy":"product_cat","embeddable":true,"href":"https:\/\/nadplusathome.com\/es\/wp-json\/wp\/v2\/product_cat?post=40832"},{"taxonomy":"product_tag","embeddable":true,"href":"https:\/\/nadplusathome.com\/es\/wp-json\/wp\/v2\/product_tag?post=40832"}],"curies":[{"name":"wp","href":"https:\/\/api.w.org\/{rel}","templated":true}]}}