{"id":34608,"date":"2025-10-31T10:24:52","date_gmt":"2025-10-31T10:24:52","guid":{"rendered":"https:\/\/nadplusathome.com\/?post_type=product&#038;p=34608"},"modified":"2026-03-05T09:37:13","modified_gmt":"2026-03-05T09:37:13","slug":"nad-at-home-injection-travel-case","status":"publish","type":"product","link":"https:\/\/nadplusathome.com\/es\/product\/nad-at-home-injection-travel-case\/","title":{"rendered":"NAD+ At Home Injection Estuche de viaje"},"content":{"rendered":"","protected":false},"excerpt":{"rendered":"<p>Nuestro estuche de inyecci\u00f3n premium para tratamientos sobre la marcha. Este estuche mantiene la soluci\u00f3n fr\u00eda y protegida mientras se desplaza.<\/p>\n<p>Nuestro estuche de viaje inyectable NAD+ de primera calidad est\u00e1 dise\u00f1ado para ofrecerle facilidad, protecci\u00f3n y tranquilidad, le lleve donde le lleve el d\u00eda.<\/p>\n<p>Con un discreto interior aislado y capacidad de refrigeraci\u00f3n integrada, esta maleta ayuda a mantener la soluci\u00f3n a una temperatura \u00f3ptima al tiempo que protege los suministros de la luz, los impactos y la exposici\u00f3n al calor.<\/p>","protected":false},"featured_media":37712,"comment_status":"closed","ping_status":"closed","template":"","meta":{"_acf_changed":false},"product_brand":[45],"product_cat":[44],"product_tag":[],"class_list":{"0":"post-34608","1":"product","2":"type-product","3":"status-publish","4":"has-post-thumbnail","6":"product_brand-nad-at-home","7":"product_cat-accessories","9":"first","10":"instock","11":"taxable","12":"shipping-taxable","13":"purchasable","14":"product-type-simple"},"group_of_quantity":0,"min_quantity":0,"max_quantity":"","exclude_order_quantity_value_rules":"no","exclude_category_quantity_rules":"no","combine_variations":"no","acf":[],"_links":{"self":[{"href":"https:\/\/nadplusathome.com\/es\/wp-json\/wp\/v2\/product\/34608","targetHints":{"allow":["GET"]}}],"collection":[{"href":"https:\/\/nadplusathome.com\/es\/wp-json\/wp\/v2\/product"}],"about":[{"href":"https:\/\/nadplusathome.com\/es\/wp-json\/wp\/v2\/types\/product"}],"replies":[{"embeddable":true,"href":"https:\/\/nadplusathome.com\/es\/wp-json\/wp\/v2\/comments?post=34608"}],"wp:featuredmedia":[{"embeddable":true,"href":"https:\/\/nadplusathome.com\/es\/wp-json\/wp\/v2\/media\/37712"}],"wp:attachment":[{"href":"https:\/\/nadplusathome.com\/es\/wp-json\/wp\/v2\/media?parent=34608"}],"wp:term":[{"taxonomy":"product_brand","embeddable":true,"href":"https:\/\/nadplusathome.com\/es\/wp-json\/wp\/v2\/product_brand?post=34608"},{"taxonomy":"product_cat","embeddable":true,"href":"https:\/\/nadplusathome.com\/es\/wp-json\/wp\/v2\/product_cat?post=34608"},{"taxonomy":"product_tag","embeddable":true,"href":"https:\/\/nadplusathome.com\/es\/wp-json\/wp\/v2\/product_tag?post=34608"}],"curies":[{"name":"wp","href":"https:\/\/api.w.org\/{rel}","templated":true}]}}