{"id":30112,"date":"2025-08-21T07:00:58","date_gmt":"2025-08-21T06:00:58","guid":{"rendered":"https:\/\/nadplusathome.com\/?post_type=product&#038;p=30112"},"modified":"2026-04-15T15:05:28","modified_gmt":"2026-04-15T14:05:28","slug":"nad-injection-pen-discovery-kit-500mg","status":"publish","type":"product","link":"https:\/\/nadplusathome.com\/es\/product\/nad-injection-pen-discovery-kit-500mg\/","title":{"rendered":"Kit NAD+ Discovery Pen"},"content":{"rendered":"","protected":false},"excerpt":{"rendered":"<p>Conozca nuestro Kit Descubrimiento NAD+ 500mg, la introducci\u00f3n perfecta a nuestro enfoque cient\u00edfico de la salud celular.<\/p>\n<p>Este kit de tama\u00f1o descubrimiento contiene nuestra pluma autoinyectora recargable, junto con 10 dosis completas de NAD + (500 mg en total), suficiente para empezar su camino hacia una mejor energ\u00eda, una recuperaci\u00f3n m\u00e1s r\u00e1pida, una piel radiante, un sue\u00f1o mejorado, y un enfoque m\u00e1s agudo.<\/p>","protected":false},"featured_media":30113,"comment_status":"closed","ping_status":"closed","template":"","meta":{"_acf_changed":false},"product_brand":[45],"product_cat":[17],"product_tag":[],"class_list":{"0":"post-30112","1":"product","2":"type-product","3":"status-publish","4":"has-post-thumbnail","6":"product_brand-nad-at-home","7":"product_cat-home-kit","9":"first","10":"instock","11":"featured","12":"taxable","13":"shipping-taxable","14":"purchasable","15":"product-type-simple"},"group_of_quantity":0,"min_quantity":0,"max_quantity":"","exclude_order_quantity_value_rules":"no","exclude_category_quantity_rules":"no","combine_variations":"no","acf":[],"_links":{"self":[{"href":"https:\/\/nadplusathome.com\/es\/wp-json\/wp\/v2\/product\/30112","targetHints":{"allow":["GET"]}}],"collection":[{"href":"https:\/\/nadplusathome.com\/es\/wp-json\/wp\/v2\/product"}],"about":[{"href":"https:\/\/nadplusathome.com\/es\/wp-json\/wp\/v2\/types\/product"}],"replies":[{"embeddable":true,"href":"https:\/\/nadplusathome.com\/es\/wp-json\/wp\/v2\/comments?post=30112"}],"wp:featuredmedia":[{"embeddable":true,"href":"https:\/\/nadplusathome.com\/es\/wp-json\/wp\/v2\/media\/30113"}],"wp:attachment":[{"href":"https:\/\/nadplusathome.com\/es\/wp-json\/wp\/v2\/media?parent=30112"}],"wp:term":[{"taxonomy":"product_brand","embeddable":true,"href":"https:\/\/nadplusathome.com\/es\/wp-json\/wp\/v2\/product_brand?post=30112"},{"taxonomy":"product_cat","embeddable":true,"href":"https:\/\/nadplusathome.com\/es\/wp-json\/wp\/v2\/product_cat?post=30112"},{"taxonomy":"product_tag","embeddable":true,"href":"https:\/\/nadplusathome.com\/es\/wp-json\/wp\/v2\/product_tag?post=30112"}],"curies":[{"name":"wp","href":"https:\/\/api.w.org\/{rel}","templated":true}]}}