{"id":26411,"date":"2025-06-16T09:30:16","date_gmt":"2025-06-16T08:30:16","guid":{"rendered":"https:\/\/nadplusathome.com\/?post_type=product&#038;p=26411"},"modified":"2026-04-08T13:48:26","modified_gmt":"2026-04-08T12:48:26","slug":"nad-injection-pen-pen-only","status":"publish","type":"product","link":"https:\/\/nadplusathome.com\/es\/product\/nad-injection-pen-pen-only\/","title":{"rendered":"S\u00f3lo bol\u00edgrafo NAD+ (repuesto)"},"content":{"rendered":"","protected":false},"excerpt":{"rendered":"<p>Nuestra pluma de inyecci\u00f3n NAD+ recargable est\u00e1 dise\u00f1ada para una autoadministraci\u00f3n c\u00f3moda y precisa utilizando cartuchos est\u00e1ndar de 3 ml y microagujas.<\/p>\n<p>Este autoinyector premium f\u00e1cil de usar proporciona una dosificaci\u00f3n controlada en un formato de bol\u00edgrafo compacto y discreto, lo que simplifica la administraci\u00f3n de sus inyecciones de NAD+ en casa o de viaje.<\/p>\n<p>Esta opci\u00f3n de s\u00f3lo bol\u00edgrafo es ideal para quienes ya tienen cartuchos y consumibles o necesitan un bol\u00edgrafo de repuesto o de recambio.<\/p>\n<p>Muchos clientes tambi\u00e9n adquieren un bol\u00edgrafo adicional para copias de seguridad, viajes o uso en varios lugares.<\/p>","protected":false},"featured_media":20424,"comment_status":"closed","ping_status":"closed","template":"","meta":{"_acf_changed":false},"product_brand":[45],"product_cat":[44],"product_tag":[],"class_list":{"0":"post-26411","1":"product","2":"type-product","3":"status-publish","4":"has-post-thumbnail","6":"product_brand-nad-at-home","7":"product_cat-accessories","9":"first","10":"instock","11":"taxable","12":"shipping-taxable","13":"purchasable","14":"product-type-simple"},"group_of_quantity":0,"min_quantity":0,"max_quantity":"","exclude_order_quantity_value_rules":"no","exclude_category_quantity_rules":"no","combine_variations":"no","acf":[],"_links":{"self":[{"href":"https:\/\/nadplusathome.com\/es\/wp-json\/wp\/v2\/product\/26411","targetHints":{"allow":["GET"]}}],"collection":[{"href":"https:\/\/nadplusathome.com\/es\/wp-json\/wp\/v2\/product"}],"about":[{"href":"https:\/\/nadplusathome.com\/es\/wp-json\/wp\/v2\/types\/product"}],"replies":[{"embeddable":true,"href":"https:\/\/nadplusathome.com\/es\/wp-json\/wp\/v2\/comments?post=26411"}],"wp:featuredmedia":[{"embeddable":true,"href":"https:\/\/nadplusathome.com\/es\/wp-json\/wp\/v2\/media\/20424"}],"wp:attachment":[{"href":"https:\/\/nadplusathome.com\/es\/wp-json\/wp\/v2\/media?parent=26411"}],"wp:term":[{"taxonomy":"product_brand","embeddable":true,"href":"https:\/\/nadplusathome.com\/es\/wp-json\/wp\/v2\/product_brand?post=26411"},{"taxonomy":"product_cat","embeddable":true,"href":"https:\/\/nadplusathome.com\/es\/wp-json\/wp\/v2\/product_cat?post=26411"},{"taxonomy":"product_tag","embeddable":true,"href":"https:\/\/nadplusathome.com\/es\/wp-json\/wp\/v2\/product_tag?post=26411"}],"curies":[{"name":"wp","href":"https:\/\/api.w.org\/{rel}","templated":true}]}}