{"id":20433,"date":"2025-03-06T17:18:11","date_gmt":"2025-03-06T17:18:11","guid":{"rendered":"https:\/\/nadplusathome.com\/?post_type=product&#038;p=20433"},"modified":"2026-04-15T15:44:55","modified_gmt":"2026-04-15T14:44:55","slug":"nad-injection-pen-refill-kits","status":"publish","type":"product","link":"https:\/\/nadplusathome.com\/es\/product\/nad-injection-pen-refill-kits\/","title":{"rendered":"Recambios para NAD+ Pen"},"content":{"rendered":"","protected":false},"excerpt":{"rendered":"<p>Nuestro kit de recarga le proporciona otro suministro completo de tratamiento NAD+ para su pluma inyectora recargable.<\/p>\n<p>Nuestra pluma de inyecci\u00f3n de NAD+ es la forma m\u00e1s conveniente de restaurar y mantener sus niveles de NAD+, apoyando la energ\u00eda, el enfoque y la salud celular desde adentro hacia afuera.<\/p>\n<p>A medida que envejecemos, los niveles de NAD+ disminuyen de forma natural, afectando al bienestar general. Con su biodisponibilidad cercana a 100%, este autoinyector de primera calidad garantiza una r\u00e1pida absorci\u00f3n, ayud\u00e1ndole a aumentar el rendimiento, combatir la fatiga y promover la longevidad, todo ello desde la comodidad de su hogar.<\/p>","protected":false},"featured_media":20582,"comment_status":"closed","ping_status":"closed","template":"","meta":{"_acf_changed":false},"product_brand":[45],"product_cat":[17],"product_tag":[],"class_list":{"0":"post-20433","1":"product","2":"type-product","3":"status-publish","4":"has-post-thumbnail","6":"product_brand-nad-at-home","7":"product_cat-home-kit","8":"product_shipping_class-restricted-shipping","9":"has-subscription-plans","11":"first","12":"instock","13":"sale","14":"featured","15":"taxable","16":"shipping-taxable","17":"purchasable","18":"product-type-variable","19":"has-default-attributes"},"group_of_quantity":0,"min_quantity":0,"max_quantity":"","exclude_order_quantity_value_rules":"no","exclude_category_quantity_rules":"no","combine_variations":"no","acf":[],"_links":{"self":[{"href":"https:\/\/nadplusathome.com\/es\/wp-json\/wp\/v2\/product\/20433","targetHints":{"allow":["GET"]}}],"collection":[{"href":"https:\/\/nadplusathome.com\/es\/wp-json\/wp\/v2\/product"}],"about":[{"href":"https:\/\/nadplusathome.com\/es\/wp-json\/wp\/v2\/types\/product"}],"replies":[{"embeddable":true,"href":"https:\/\/nadplusathome.com\/es\/wp-json\/wp\/v2\/comments?post=20433"}],"wp:featuredmedia":[{"embeddable":true,"href":"https:\/\/nadplusathome.com\/es\/wp-json\/wp\/v2\/media\/20582"}],"wp:attachment":[{"href":"https:\/\/nadplusathome.com\/es\/wp-json\/wp\/v2\/media?parent=20433"}],"wp:term":[{"taxonomy":"product_brand","embeddable":true,"href":"https:\/\/nadplusathome.com\/es\/wp-json\/wp\/v2\/product_brand?post=20433"},{"taxonomy":"product_cat","embeddable":true,"href":"https:\/\/nadplusathome.com\/es\/wp-json\/wp\/v2\/product_cat?post=20433"},{"taxonomy":"product_tag","embeddable":true,"href":"https:\/\/nadplusathome.com\/es\/wp-json\/wp\/v2\/product_tag?post=20433"}],"curies":[{"name":"wp","href":"https:\/\/api.w.org\/{rel}","templated":true}]}}