{"id":20347,"date":"2025-03-03T17:20:31","date_gmt":"2025-03-03T17:20:31","guid":{"rendered":"https:\/\/nadplusathome.com\/?post_type=product&#038;p=20347"},"modified":"2026-04-15T14:58:06","modified_gmt":"2026-04-15T13:58:06","slug":"nad-injection-pen","status":"publish","type":"product","link":"https:\/\/nadplusathome.com\/es\/product\/nad-injection-pen\/","title":{"rendered":"Pluma NAD"},"content":{"rendered":"","protected":false},"excerpt":{"rendered":"<p><span style=\"font-weight: 400;\">Nuestro NAD+ At Home Pen proporciona NAD+ de primera calidad para una f\u00e1cil administraci\u00f3n en casa. Simplemente conecte la microaguja y el cartucho y su pluma inyectora NAD+ estar\u00e1 lista para usar. <\/span>El kit contiene todo lo necesario para sentir los beneficios del aumento de NAD+. Cada pedido incluye un Certificado de An\u00e1lisis, que le permite estar tranquilo sabiendo que la soluci\u00f3n de NAD+ y el kit de plumas son de la m\u00e1xima calidad.<\/p>\n<p><span style=\"font-weight: 400;\">No s\u00f3lo atendemos a clientes particulares, sino tambi\u00e9n a cl\u00ednicas, salones de belleza y esteticistas independientes, todos con exactamente la misma soluci\u00f3n. <\/span><\/p>","protected":false},"featured_media":20583,"comment_status":"closed","ping_status":"closed","template":"","meta":{"_acf_changed":false},"product_brand":[45],"product_cat":[17],"product_tag":[],"class_list":{"0":"post-20347","1":"product","2":"type-product","3":"status-publish","4":"has-post-thumbnail","6":"product_brand-nad-at-home","7":"product_cat-home-kit","8":"product_shipping_class-restricted-shipping","9":"has-subscription-plans","11":"first","12":"instock","13":"sale","14":"featured","15":"taxable","16":"shipping-taxable","17":"purchasable","18":"product-type-variable","19":"has-default-attributes"},"group_of_quantity":0,"min_quantity":0,"max_quantity":"","exclude_order_quantity_value_rules":"no","exclude_category_quantity_rules":"no","combine_variations":"no","acf":[],"_links":{"self":[{"href":"https:\/\/nadplusathome.com\/es\/wp-json\/wp\/v2\/product\/20347","targetHints":{"allow":["GET"]}}],"collection":[{"href":"https:\/\/nadplusathome.com\/es\/wp-json\/wp\/v2\/product"}],"about":[{"href":"https:\/\/nadplusathome.com\/es\/wp-json\/wp\/v2\/types\/product"}],"replies":[{"embeddable":true,"href":"https:\/\/nadplusathome.com\/es\/wp-json\/wp\/v2\/comments?post=20347"}],"wp:featuredmedia":[{"embeddable":true,"href":"https:\/\/nadplusathome.com\/es\/wp-json\/wp\/v2\/media\/20583"}],"wp:attachment":[{"href":"https:\/\/nadplusathome.com\/es\/wp-json\/wp\/v2\/media?parent=20347"}],"wp:term":[{"taxonomy":"product_brand","embeddable":true,"href":"https:\/\/nadplusathome.com\/es\/wp-json\/wp\/v2\/product_brand?post=20347"},{"taxonomy":"product_cat","embeddable":true,"href":"https:\/\/nadplusathome.com\/es\/wp-json\/wp\/v2\/product_cat?post=20347"},{"taxonomy":"product_tag","embeddable":true,"href":"https:\/\/nadplusathome.com\/es\/wp-json\/wp\/v2\/product_tag?post=20347"}],"curies":[{"name":"wp","href":"https:\/\/api.w.org\/{rel}","templated":true}]}}