{"id":10515,"date":"2024-08-20T13:07:35","date_gmt":"2024-08-20T12:07:35","guid":{"rendered":"https:\/\/nadplusathome.com\/?post_type=product&#038;p=10515"},"modified":"2026-04-07T09:32:44","modified_gmt":"2026-04-07T08:32:44","slug":"liposomal-nad-capsules","status":"publish","type":"product","link":"https:\/\/nadplusathome.com\/es\/product\/liposomal-nad-capsules\/","title":{"rendered":"C\u00e1psulas liposomales de NAD"},"content":{"rendered":"","protected":false},"excerpt":{"rendered":"<p>Presentamos las mejores C\u00e1psulas de NAD+ para energ\u00eda, longevidad y salud celular, ahora tambi\u00e9n disponibles para aquellos que buscan tabletas de NAD o p\u00edldoras de NAD para mejorar su rutina. Nuestro suplemento de 250mg de NAD+ con entrega liposomal est\u00e1 contenido en una c\u00e1psula de NAD que puede ser tomada oralmente mientras que todav\u00eda promueve la biodisponibilidad m\u00e1s alta, con cero agujas requeridas.<\/p>\n<p>Utilizando nuestra innovadora tecnolog\u00eda SAIFx\u00ae, hemos desarrollado los primeros liposomas verdaderamente secos del mundo para nutrac\u00e9uticos. Estos liposomas excepcionalmente peque\u00f1os penetran f\u00e1cilmente las barreras celulares y entran en el torrente sangu\u00edneo, haciendo de nuestro suplemento de NAD+ una de las c\u00e1psulas de NAD+ m\u00e1s eficaces disponibles en el mercado.<\/p>\n<p><a href=\"#contentRepeater\">M\u00e1s informaci\u00f3n sobre c\u00f3mo funciona<\/a><\/p>","protected":false},"featured_media":12116,"comment_status":"closed","ping_status":"closed","template":"","meta":{"_acf_changed":false},"product_brand":[45],"product_cat":[27],"product_tag":[],"class_list":{"0":"post-10515","1":"product","2":"type-product","3":"status-publish","4":"has-post-thumbnail","6":"product_brand-nad-at-home","7":"product_cat-capsules","8":"has-subscription-plans","10":"first","11":"instock","12":"sale","13":"featured","14":"taxable","15":"shipping-taxable","16":"purchasable","17":"product-type-variable","18":"has-default-attributes"},"group_of_quantity":0,"min_quantity":0,"max_quantity":"","exclude_order_quantity_value_rules":"no","exclude_category_quantity_rules":"no","combine_variations":"no","acf":[],"_links":{"self":[{"href":"https:\/\/nadplusathome.com\/es\/wp-json\/wp\/v2\/product\/10515","targetHints":{"allow":["GET"]}}],"collection":[{"href":"https:\/\/nadplusathome.com\/es\/wp-json\/wp\/v2\/product"}],"about":[{"href":"https:\/\/nadplusathome.com\/es\/wp-json\/wp\/v2\/types\/product"}],"replies":[{"embeddable":true,"href":"https:\/\/nadplusathome.com\/es\/wp-json\/wp\/v2\/comments?post=10515"}],"wp:featuredmedia":[{"embeddable":true,"href":"https:\/\/nadplusathome.com\/es\/wp-json\/wp\/v2\/media\/12116"}],"wp:attachment":[{"href":"https:\/\/nadplusathome.com\/es\/wp-json\/wp\/v2\/media?parent=10515"}],"wp:term":[{"taxonomy":"product_brand","embeddable":true,"href":"https:\/\/nadplusathome.com\/es\/wp-json\/wp\/v2\/product_brand?post=10515"},{"taxonomy":"product_cat","embeddable":true,"href":"https:\/\/nadplusathome.com\/es\/wp-json\/wp\/v2\/product_cat?post=10515"},{"taxonomy":"product_tag","embeddable":true,"href":"https:\/\/nadplusathome.com\/es\/wp-json\/wp\/v2\/product_tag?post=10515"}],"curies":[{"name":"wp","href":"https:\/\/api.w.org\/{rel}","templated":true}]}}