{"id":9579,"date":"2024-07-09T11:45:57","date_gmt":"2024-07-09T10:45:57","guid":{"rendered":"https:\/\/nadplusathome.com\/?page_id=9579"},"modified":"2025-10-20T16:07:22","modified_gmt":"2025-10-20T15:07:22","slug":"how-to-use-nad-at-home-mini-500mg","status":"publish","type":"page","link":"https:\/\/nadplusathome.com\/es\/how-to-use-nad-at-home-mini-500mg\/","title":{"rendered":"How to use NAD+ AT HOME Mini"},"content":{"rendered":"<div class=\"block-benefits-header\" id=\"benefits-header-block_3e1c9780634af5ae86246a47d3ad2312\">\n    <div class=\"container-wide\">\n        <div class=\"header-split\">\n            <div class=\"content\">\n                                    <h1>C\u00f3mo utilizar NAD+ AT HOME Mini<\/h1>\n                                                    <h3>Dise\u00f1ado para la comodidad y la facilidad.<\/h3>\n                                <div class=\"inner-content\">\n                    <p>Mejora tu juego de biohacking con nuestros microinyectables de NAD+ para usar en casa. Nuestras jeringuillas ultrafinas son f\u00e1ciles de usar y facilitan la administraci\u00f3n de inyecciones de NAD+ en casa. Este es el primer kit de este tipo en el Reino Unido, proporcionando una manera conveniente de aumentar sus niveles de NAD +. Nuestra soluci\u00f3n m\u00e1s peque\u00f1a (NAD+ Mini) ahora le permite comprar en una cantidad m\u00e1s peque\u00f1a que le permite comenzar su viaje de bienestar con nosotros a un costo menor.<\/p>\n                <\/div>\n                                    <a href=\"\/es\/product\/nad-at-home-mini-500mg\/?wmc-currency=EUR\" class=\"blue-btn\">Comprar NAD+ Mini<\/a>\n                            <\/div>\n            <div class=\"image\" style=\"background-image: url(https:\/\/nadplusathome.com\/wp-content\/uploads\/2024\/06\/nad-vial-500mg-nad-at-home-injections-mini-hand.webp);\"><\/div>\n        <\/div>\n    <\/div>\n<\/div>\n\n\n\n<div class=\"block-text-content black\" id=\"text-content-block_90e97c0eb742641ded5ed0dfeec23a84\">\n    <div class=\"container-wide\">\n        <div class=\"inner-content vidtext\">\n            <div class=\"text\">\n                                    <h2>Gu\u00eda del usuario<\/h2>\n                                <div class=\"content\">\n                    <p>Para utilizar tu NAD<span class='bluePlusDangit'>+<\/span> kit de autoinyecci\u00f3n en casa, siga estos pasos simplificados:<\/p>\n<ol>\n<li><strong>Manos limpias<\/strong>: L\u00e1vese o desinf\u00e9ctese bien las manos.<\/li>\n<li><strong>Preparar los materiales<\/strong>: Abra su NAD<span class='bluePlusDangit'>+<\/span> para encontrar las jeringuillas, la soluci\u00f3n, las gasas con alcohol y el contenedor de objetos punzantes.<\/li>\n<li><strong>Ajuste de la temperatura<\/strong>: Deje que el NAD enfriado<span class='bluePlusDangit'>+<\/span> vial alcance la temperatura ambiente para minimizar las molestias.<\/li>\n<li><strong>Esterilizar<\/strong>: Utilice un bastoncillo con alcohol para limpiar la parte superior del vial y d\u00e9jelo secar.<\/li>\n<li><strong>Prepare la jeringa<\/strong>: Retire los protectores de la jeringa, ins\u00e9rtela en el vial, invi\u00e9rtala y extraiga 0,25 ml de soluci\u00f3n, asegur\u00e1ndose de que no queden burbujas de aire.<\/li>\n<li><strong>Seleccione el punto de inyecci\u00f3n<\/strong>: Elija una zona, como el abdomen o la parte superior del muslo, y vaya rotando de zona con cada inyecci\u00f3n.<\/li>\n<li><strong>Higienizar el emplazamiento<\/strong>: Limpie la zona de inyecci\u00f3n con otro bastoncillo.<\/li>\n<li><strong>Inyectar<\/strong>: Pellizque la piel, inserte la aguja suavemente e inyecte la soluci\u00f3n presionando el \u00e9mbolo.<\/li>\n<li><strong>Deseche<\/strong>: Deposite las agujas usadas en el contenedor de objetos punzantes.<\/li>\n<li><strong>Almacenamiento<\/strong>: Mantener el NAD<span class='bluePlusDangit'>+<\/span> vial refrigerado y guarde el kit en lugar seguro fuera del alcance de ni\u00f1os y animales dom\u00e9sticos.<\/li>\n<\/ol>\n<p>Comience con tres d\u00edas consecutivos de inyecciones, luego ajuste a cada dos d\u00edas seg\u00fan sea necesario. P\u00f3ngase en contacto con el servicio de asistencia si tiene alguna duda.<\/p>\n<p>Este NAD<span class='bluePlusDangit'>+<\/span> El minikit le proporcionar\u00e1 entre 9 y 10 dosis.<\/p>\n                <\/div>\n                                    <a class=\"blue-btn\" \n                        href=\"\/wp-content\/uploads\/2024\/07\/nad-at-home-mini-500mg-how-to-use-instructions-compressed.pdf\">\n                        Instrucciones de descarga                    <\/a>\n                            <\/div>\n                                        <div class=\"image-container above\">\n                    <video class=\"lazy\" controls playsinline poster  =\"https:\/\/nadplusathome.com\/wp-content\/uploads\/2024\/06\/nad-vial-500mg-nad-at-home-injections-mini-needle.webp\" preload=\"none\" >\n                        <source src=\"https:\/\/nadplusathome.com\/wp-content\/uploads\/2023\/02\/nad-injection-video-new-packaging-low-1.webm\" type=\"video\/webm\">\n                        Su navegador no soporta la etiqueta de v\u00eddeo.\n                    <\/video>\n                <\/div>\n                                <\/div>\n    <\/div>\n<\/div>\n\n\n\n<div class=\"block-subscribe-and-save-banner\" id=\"subscribe-and-save-banner-block_b67a37dfa0710e3c648d3bcb00c29eca\">\n    <div class=\"container-wide\">\n        <div class=\"inner-content\">\n            <div class=\"content\">\n                <div class=\"top-section\">\n                    <h2>Suscr\u00edbete y ahorra<\/h2>\n                    <div class=\"text\"><p>Ahorre hasta 20% en CADA kit con nuestro plan de suscripci\u00f3n flexible. Reciba su NAD+ directamente en la puerta de su casa cuando lo desee. Puede modificar y cancelar en cualquier momento.<\/p><\/div>\n                <\/div>\n                <div class=\"bottom-section\">\n                    <p>Ahorre hasta 20%<\/p>\n                    <div class=\"new-price\">\n                        <p class=\"amount\">\u00a3280<\/p>\n                        <p class=\"full-price\">\u00a3350<\/p>\n                    <\/div>\n                    <a href=\"https:\/\/nadplusathome.com\/es\/product\/nad-at-home\/\" class=\"blue-btn\">Comprar inyecciones de NAD<\/a>\n                <\/div>\n            <\/div>\n        <\/div>\n    <\/div>\n<\/div>\n\n\n\n<div class=\"block-purchase-nad-call-to-action\" id=\"purchase-nad-call-to-action-block_e54f8dcee99c98ed96ca80c478056ac4\"  data-lazy-css=\"https:\/\/nadplusathome.com\/wp-content\/themes\/nadaid\/assets\/css\/blocks\/purchase-nad-call-to-action.css?id=dc7f033230ebe6cdc50214f2b3b02c87\" data-lazy-js=\"https:\/\/nadplusathome.com\/wp-content\/themes\/nadaid\/assets\/js\/blocks\/purchase-nad-call-to-action.js?id=86132a435c1084d274ff46d90d834215\">\n    <div class=\"container-slim product-container\">\n        <div class=\"product\">\n            <h2 class=\"product-name mobile\">NAD<span class='bluePlusDangit'>+<\/span> EN CASA Mini<\/h2>\n            <div class=\"prod-images-container\">\n                <div class=\"main-slider\">\n                    <div class=\"glide__track\" data-glide-el=\"track\">\n                        <ul class=\"glide__slides\">\n                                                                                        <li class=\"glide__slide\"><img decoding=\"async\" src=\"https:\/\/nadplusathome.com\/wp-content\/uploads\/2024\/06\/nad-vial-500mg-nad-at-home-injections-mini-hand.webp\" alt=\"NAD+ Home Kit Imagen\" loading=\"lazy\" \/><\/li>\n                                                            <li class=\"glide__slide\"><img decoding=\"async\" src=\"https:\/\/nadplusathome.com\/wp-content\/uploads\/2024\/06\/nad-vial-500mg-nad-at-home-injections-mini.webp\" alt=\"NAD+ Home Kit Imagen\" loading=\"lazy\" \/><\/li>\n                                                            <li class=\"glide__slide\"><img decoding=\"async\" src=\"https:\/\/nadplusathome.com\/wp-content\/uploads\/2024\/06\/nad-mini-500mg-at-home-injections-full-box-packaged.webp\" alt=\"NAD+ Home Kit Imagen\" loading=\"lazy\" \/><\/li>\n                                                            <li class=\"glide__slide\"><img decoding=\"async\" src=\"https:\/\/nadplusathome.com\/wp-content\/uploads\/2024\/06\/nad-vial-500mg-nad-at-home-injections-mini-needle.webp\" alt=\"NAD+ Home Kit Imagen\" loading=\"lazy\" \/><\/li>\n                                                            <li class=\"glide__slide\"><img decoding=\"async\" src=\"https:\/\/nadplusathome.com\/wp-content\/uploads\/2024\/06\/nad-mini-500mg-at-home-injections.webp\" alt=\"NAD+ Home Kit Imagen\" loading=\"lazy\" \/><\/li>\n                                                            <li class=\"glide__slide\"><img decoding=\"async\" src=\"https:\/\/nadplusathome.com\/wp-content\/uploads\/2023\/02\/lisa-snowdon-nad-injection-review-testimonial-1.webp\" alt=\"NAD+ Home Kit Imagen\" loading=\"lazy\" \/><\/li>\n                                                            <li class=\"glide__slide\"><img decoding=\"async\" src=\"https:\/\/nadplusathome.com\/wp-content\/uploads\/2024\/06\/nad-mini-500mg-at-home-injections-detail-how-to-use-protocol.webp\" alt=\"NAD+ Home Kit Imagen\" loading=\"lazy\" \/><\/li>\n                                                            <li class=\"glide__slide\"><img decoding=\"async\" src=\"https:\/\/nadplusathome.com\/wp-content\/uploads\/2023\/02\/calum-best-nad-injection-review-testimonial-1.webp\" alt=\"NAD+ Home Kit Imagen\" loading=\"lazy\" \/><\/li>\n                                                            <li class=\"glide__slide\"><img decoding=\"async\" src=\"https:\/\/nadplusathome.com\/wp-content\/uploads\/2024\/06\/nad-mini-500mg-at-home-injections-detail-whats-inside-box.webp\" alt=\"NAD+ Home Kit Imagen\" loading=\"lazy\" \/><\/li>\n                                                            <li class=\"glide__slide\"><img decoding=\"async\" src=\"https:\/\/nadplusathome.com\/wp-content\/uploads\/2023\/02\/rita-simmons-nad-injection-review-testimonial-1.webp\" alt=\"NAD+ Home Kit Imagen\" loading=\"lazy\" \/><\/li>\n                                                            <li class=\"glide__slide\"><img decoding=\"async\" src=\"https:\/\/nadplusathome.com\/wp-content\/uploads\/2024\/06\/nad-mini-500mg-at-home-injections-detail-whats-inside-vial-pouch.webp\" alt=\"NAD+ Home Kit Imagen\" loading=\"lazy\" \/><\/li>\n                                                            <li class=\"glide__slide\"><img decoding=\"async\" src=\"https:\/\/nadplusathome.com\/wp-content\/uploads\/2023\/02\/kris-gethin-nad-injection-review-testimonial-1.webp\" alt=\"NAD+ Home Kit Imagen\" loading=\"lazy\" \/><\/li>\n                                                            <li class=\"glide__slide\"><img decoding=\"async\" src=\"https:\/\/nadplusathome.com\/wp-content\/uploads\/2024\/06\/nad-mini-500mg-at-home-injections-detail-tissue-box.webp\" alt=\"NAD+ Home Kit Imagen\" loading=\"lazy\" \/><\/li>\n                                                            <li class=\"glide__slide\"><img decoding=\"async\" src=\"https:\/\/nadplusathome.com\/wp-content\/uploads\/2023\/02\/isamay-ffrench-nad-injection-review-testimonial-1.webp\" alt=\"NAD+ Home Kit Imagen\" loading=\"lazy\" \/><\/li>\n                                                    <\/ul>\n                    <\/div>\n                                    <\/div>\n                <div class=\"thumb-slider\">\n                    <div class=\"arrows\">\n                        <div class=\"arrow-cont\" data-glide-el=\"controls\">\n                            <button class=\"backarrow\" data-glide-dir=\"&lt;\"><img decoding=\"async\" src=\"https:\/\/nadplusathome.com\/wp-content\/themes\/nadaid\/images\/icons\/prev-arrow.svg\" alt=\"flecha-anterior\" loading=\"lazy\" \/><\/button>\n                        <\/div>\n                    <\/div>\n                    <div class=\"glide__track\" data-glide-el=\"track\">\n                        <ul class=\"glide__slides\">\n                                                                                        <li class=\"glide__slide glide-thumbnail\" data-index=\"0\"><img decoding=\"async\" src=\"https:\/\/nadplusathome.com\/wp-content\/uploads\/2024\/06\/nad-vial-500mg-nad-at-home-injections-mini-hand.webp\" alt=\"NAD Home Kit Imagen\" loading=\"lazy\" \/><\/li>\n                                                            <li class=\"glide__slide glide-thumbnail\" data-index=\"1\"><img decoding=\"async\" src=\"https:\/\/nadplusathome.com\/wp-content\/uploads\/2024\/06\/nad-vial-500mg-nad-at-home-injections-mini.webp\" alt=\"NAD Home Kit Imagen\" loading=\"lazy\" \/><\/li>\n                                                            <li class=\"glide__slide glide-thumbnail\" data-index=\"2\"><img decoding=\"async\" src=\"https:\/\/nadplusathome.com\/wp-content\/uploads\/2024\/06\/nad-mini-500mg-at-home-injections-full-box-packaged.webp\" alt=\"NAD Home Kit Imagen\" loading=\"lazy\" \/><\/li>\n                                                            <li class=\"glide__slide glide-thumbnail\" data-index=\"3\"><img decoding=\"async\" src=\"https:\/\/nadplusathome.com\/wp-content\/uploads\/2024\/06\/nad-vial-500mg-nad-at-home-injections-mini-needle.webp\" alt=\"NAD Home Kit Imagen\" loading=\"lazy\" \/><\/li>\n                                                            <li class=\"glide__slide glide-thumbnail\" data-index=\"4\"><img decoding=\"async\" src=\"https:\/\/nadplusathome.com\/wp-content\/uploads\/2024\/06\/nad-mini-500mg-at-home-injections.webp\" alt=\"NAD Home Kit Imagen\" loading=\"lazy\" \/><\/li>\n                                                            <li class=\"glide__slide glide-thumbnail\" data-index=\"5\"><img decoding=\"async\" src=\"https:\/\/nadplusathome.com\/wp-content\/uploads\/2023\/02\/lisa-snowdon-nad-injection-review-testimonial-1.webp\" alt=\"NAD Home Kit Imagen\" loading=\"lazy\" \/><\/li>\n                                                            <li class=\"glide__slide glide-thumbnail\" data-index=\"6\"><img decoding=\"async\" src=\"https:\/\/nadplusathome.com\/wp-content\/uploads\/2024\/06\/nad-mini-500mg-at-home-injections-detail-how-to-use-protocol.webp\" alt=\"NAD Home Kit Imagen\" loading=\"lazy\" \/><\/li>\n                                                            <li class=\"glide__slide glide-thumbnail\" data-index=\"7\"><img decoding=\"async\" src=\"https:\/\/nadplusathome.com\/wp-content\/uploads\/2023\/02\/calum-best-nad-injection-review-testimonial-1.webp\" alt=\"NAD Home Kit Imagen\" loading=\"lazy\" \/><\/li>\n                                                            <li class=\"glide__slide glide-thumbnail\" data-index=\"8\"><img decoding=\"async\" src=\"https:\/\/nadplusathome.com\/wp-content\/uploads\/2024\/06\/nad-mini-500mg-at-home-injections-detail-whats-inside-box.webp\" alt=\"NAD Home Kit Imagen\" loading=\"lazy\" \/><\/li>\n                                                            <li class=\"glide__slide glide-thumbnail\" data-index=\"9\"><img decoding=\"async\" src=\"https:\/\/nadplusathome.com\/wp-content\/uploads\/2023\/02\/rita-simmons-nad-injection-review-testimonial-1.webp\" alt=\"NAD Home Kit Imagen\" loading=\"lazy\" \/><\/li>\n                                                            <li class=\"glide__slide glide-thumbnail\" data-index=\"10\"><img decoding=\"async\" src=\"https:\/\/nadplusathome.com\/wp-content\/uploads\/2024\/06\/nad-mini-500mg-at-home-injections-detail-whats-inside-vial-pouch.webp\" alt=\"NAD Home Kit Imagen\" loading=\"lazy\" \/><\/li>\n                                                            <li class=\"glide__slide glide-thumbnail\" data-index=\"11\"><img decoding=\"async\" src=\"https:\/\/nadplusathome.com\/wp-content\/uploads\/2023\/02\/kris-gethin-nad-injection-review-testimonial-1.webp\" alt=\"NAD Home Kit Imagen\" loading=\"lazy\" \/><\/li>\n                                                            <li class=\"glide__slide glide-thumbnail\" data-index=\"12\"><img decoding=\"async\" src=\"https:\/\/nadplusathome.com\/wp-content\/uploads\/2024\/06\/nad-mini-500mg-at-home-injections-detail-tissue-box.webp\" alt=\"NAD Home Kit Imagen\" loading=\"lazy\" \/><\/li>\n                                                            <li class=\"glide__slide glide-thumbnail\" data-index=\"13\"><img decoding=\"async\" src=\"https:\/\/nadplusathome.com\/wp-content\/uploads\/2023\/02\/isamay-ffrench-nad-injection-review-testimonial-1.webp\" alt=\"NAD Home Kit Imagen\" loading=\"lazy\" \/><\/li>\n                                                    <\/ul>\n                    <\/div>\n                    <div class=\"arrows\">\n                        <div class=\"arrow-cont\" data-glide-el=\"controls\">\n                            <button class=\"nextarrow\" data-glide-dir=\"&gt;\"><img decoding=\"async\" src=\"https:\/\/nadplusathome.com\/wp-content\/themes\/nadaid\/images\/icons\/next-arrow-alt.svg\" alt=\"siguiente flecha\" loading=\"lazy\" \/><\/button>\n                        <\/div>\n                    <\/div>\n                <\/div>\n            <\/div>\n            <div class=\"prod-desc\">\n                <div>\n                    <h2 class=\"product-name desktop\">NAD<span class='bluePlusDangit'>+<\/span> EN CASA Mini<\/h2>\n                                            <p class=\"price\"><span class=\"woocommerce-Price-amount amount\"><bdi><span class=\"woocommerce-Price-currencySymbol\">\u00a3<\/span>195.00<\/bdi><\/span><\/p>\n                                    <\/div>\n                <div class=\"product-text\">\n                    <div class=\"desktop\">\n                        <span style=\"color: #ff0000;\"><strong>Debido a la demanda popular, nuestro NAD+ Mini se ha agotado.<\/strong><\/span>\r\n\r\nConsulte nuestro <a href=\"https:\/\/nadplusathome.com\/es\/product\/nad-injection-pen-discovery-kit-500mg\/?wmc-currency=EUR\">kit de prueba bol\u00edgrafos NAD<\/a> (el mismo tratamiento NAD+ con una pluma f\u00e1cil de usar en su lugar).\r\n\r\n<hr \/>\r\n\r\nPresentamos el NAD+ AT HOME Mini: la forma perfecta de experimentar los beneficios de nuestro suplemento \u00fanico en un kit dom\u00e9stico m\u00e1s asequible y c\u00f3modo.\r\n\r\nEsta versi\u00f3n m\u00e1s peque\u00f1a ofrece la mitad de la cantidad de nuestros viales originales, por lo que es ideal para aquellos que buscan probar nuestro producto antes de comprometerse con la dosis completa recomendada.\r\n\r\nPruebe NAD+ AT HOME Mini hoy mismo y d\u00e9 el primer paso hacia una vida m\u00e1s sana y llena de vitalidad.                    <\/div>\n                                        <h2 class=\"benefit-title\">Comprender el potencial <span>Beneficios<\/span> de NAD<span>+<\/span><\/h2>\n                    <ul>\n                                                    <li><p>Aumentar la energ\u00eda<\/p>\n<\/li>\n                                                    <li><p>Mejora la reparaci\u00f3n de la piel<\/p>\n<\/li>\n                                                    <li><p>Mejorar la claridad mental<\/p>\n<\/li>\n                                                    <li><p>Antienvejecimiento desde dentro<\/p>\n<\/li>\n                                            <\/ul>\n                <\/div>\n                <a class=\"blue-btn\" href=\"https:\/\/nadplusathome.com\/es\/product\/nad-at-home-mini-500mg\/\">Comprar un producto<\/a>\n            <\/div>\n        <\/div>\n    <\/div>\n<\/div>","protected":false},"excerpt":{"rendered":"","protected":false},"author":1,"featured_media":0,"parent":0,"menu_order":0,"comment_status":"closed","ping_status":"closed","template":"","meta":{"_acf_changed":false,"footnotes":""},"class_list":["post-9579","page","type-page","status-publish","hentry"],"acf":[],"_links":{"self":[{"href":"https:\/\/nadplusathome.com\/es\/wp-json\/wp\/v2\/pages\/9579","targetHints":{"allow":["GET"]}}],"collection":[{"href":"https:\/\/nadplusathome.com\/es\/wp-json\/wp\/v2\/pages"}],"about":[{"href":"https:\/\/nadplusathome.com\/es\/wp-json\/wp\/v2\/types\/page"}],"author":[{"embeddable":true,"href":"https:\/\/nadplusathome.com\/es\/wp-json\/wp\/v2\/users\/1"}],"replies":[{"embeddable":true,"href":"https:\/\/nadplusathome.com\/es\/wp-json\/wp\/v2\/comments?post=9579"}],"version-history":[{"count":2,"href":"https:\/\/nadplusathome.com\/es\/wp-json\/wp\/v2\/pages\/9579\/revisions"}],"predecessor-version":[{"id":34021,"href":"https:\/\/nadplusathome.com\/es\/wp-json\/wp\/v2\/pages\/9579\/revisions\/34021"}],"wp:attachment":[{"href":"https:\/\/nadplusathome.com\/es\/wp-json\/wp\/v2\/media?parent=9579"}],"curies":[{"name":"wp","href":"https:\/\/api.w.org\/{rel}","templated":true}]}}