{"id":8797,"date":"2024-06-04T15:44:25","date_gmt":"2024-06-04T14:44:25","guid":{"rendered":"https:\/\/nadplusathome.com\/?page_id=8797"},"modified":"2026-03-17T13:46:56","modified_gmt":"2026-03-17T13:46:56","slug":"how-to-use-glutathione-injections","status":"publish","type":"page","link":"https:\/\/nadplusathome.com\/es\/how-to-use-glutathione-injections\/","title":{"rendered":"How to use L-Glutathione At Home"},"content":{"rendered":"<div class=\"block-benefits-header\" id=\"benefits-header-block_5aba86be49df38983ad810f48cdad1dd\">\n    <div class=\"container-wide\">\n        <div class=\"header-split\">\n            <div class=\"content\">\n                                    <h1>C\u00f3mo Usar L-Glutathione En Casa Micro-Inyectables<\/h1>\n                                                    <h3>Dise\u00f1ado para la comodidad y la facilidad.<\/h3>\n                                <div class=\"inner-content\">\n                    <p>Mejora tu juego de biohacking con nuestros microinyectables caseros de L-Glutati\u00f3n. Nuestras jeringuillas ultrafinas son f\u00e1ciles de usar y facilitan la administraci\u00f3n de inyecciones de L-Glutati\u00f3n en casa. Este es el primer kit de este tipo en el Reino Unido, proporcionando una manera conveniente de aumentar sus niveles de L-glutati\u00f3n.<\/p>\n                <\/div>\n                                    <a href=\"\/wp-content\/uploads\/2024\/07\/l-glutathione-injection-supplement-insturction-guide-online-compressed.pdf\" class=\"blue-btn\">Ver instrucciones en l\u00ednea PDF<\/a>\n                            <\/div>\n            <div class=\"image\" style=\"background-image: url(https:\/\/nadplusathome.com\/wp-content\/uploads\/2024\/07\/lglutathione-how-to-use-1800mg-vial-supplement.webp);\"><\/div>\n        <\/div>\n    <\/div>\n<\/div>\n\n\n\n<div class=\"block-text-content black\" id=\"text-content-block_10d642b77307bab0c9ca5fa6b143c1b6\">\n    <div class=\"container-wide\">\n        <div class=\"inner-content imgtext\">\n            <div class=\"text\">\n                                    <h2>Gu\u00eda del usuario<\/h2>\n                                <div class=\"content\">\n                    <p>Para utilizar su kit de autoinyecci\u00f3n de L-glutati\u00f3n en casa, siga estos pasos simplificados:<\/p>\n<ol>\n<li><strong>Manos limpias<\/strong>: L\u00e1vese o desinf\u00e9ctese bien las manos.<\/li>\n<li><strong>Preparar los materiales<\/strong>: Abra su kit de L-Glutathione y encontrar\u00e1 un vial LG de 1800 mg, 20 jeringas de 1 ml, hisopos con alcohol y un contenedor de objetos punzantes.<\/li>\n<li><strong>Ajuste de la temperatura<\/strong>: Deje que el vial de L-Glutati\u00f3n enfriado alcance la temperatura ambiente para minimizar las molestias.<\/li>\n<li><strong>Abrir vial<\/strong>: Sujete los bordes del precinto y lev\u00e1ntelo hacia arriba para separarlo de la botella.<\/li>\n<li><strong>Esterilizar<\/strong>: Utilice un bastoncillo con alcohol para limpiar la parte superior del vial y d\u00e9jelo secar.<\/li>\n<li><strong>Prepare la jeringa<\/strong>: Retire los protectores de la jeringa, ins\u00e9rtela en el vial, invi\u00e9rtala y extraiga 0,5 ml de soluci\u00f3n, asegur\u00e1ndose de que no queden burbujas de aire.<\/li>\n<li><strong>Seleccione el punto de inyecci\u00f3n<\/strong>: Elija una zona, como el abdomen o la parte superior del muslo, y vaya rotando de zona con cada inyecci\u00f3n.<\/li>\n<li><strong>Higienizar el emplazamiento<\/strong>: Limpie la zona de inyecci\u00f3n con otro bastoncillo.<\/li>\n<li><strong>Inyectar<\/strong>: Pellizque la piel, inserte la aguja suavemente e inyecte la soluci\u00f3n presionando el \u00e9mbolo.<\/li>\n<li><strong>Deseche<\/strong>: Deposite las agujas usadas en el contenedor de objetos punzantes.<\/li>\n<li><strong>Almacenamiento<\/strong>: Guarde el vial de L-glutati\u00f3n en el frigor\u00edfico.<\/li>\n<\/ol>\n<p>Siga el protocolo recomendado. P\u00f3ngase en contacto con el servicio de asistencia si tiene alguna duda.<\/p>\n                <\/div>\n                                    <a class=\"blue-btn\" \n                        href=\"\/wp-content\/uploads\/2024\/07\/l-glutathione-injection-supplement-insturction-guide-online-compressed.pdf\">\n                        Instrucciones de descarga                    <\/a>\n                            <\/div>\n                            <div class=\"image-container\">\n                    <img decoding=\"async\" src=\"https:\/\/nadplusathome.com\/wp-content\/uploads\/2024\/06\/lgultathione-injections-user-guide.webp\" alt=\"Gu\u00eda del usuario\" \/>\n                <\/div>\n                                            <\/div>\n    <\/div>\n<\/div>\n\n\n\n<div class=\"block-text-content black\" id=\"text-content-block_db30d5f389985940469ece7cb6275733\">\n    <div class=\"container-wide\">\n        <div class=\"inner-content textimg\">\n            <div class=\"text\">\n                                    <h2>Protocolo L-Glutati\u00f3n<\/h2>\n                                <div class=\"content\">\n                    <p><strong>1 x 0,50ml cada d\u00eda alterno<\/strong> o seg\u00fan recomiende su m\u00e9dico. (20 dosis)<\/p>\n<p>Nuestro L-Glutathione es un potente antioxidante que puede tomarse en microdosis.<\/p>\n<p>Si usted tiene alguna condici\u00f3n de salud preexistente o nunca ha tomado L-Glutathione antes, por favor p\u00f3ngase en contacto con nosotros antes de usar.<\/p>\n<p>Correo electr\u00f3nico:\u00a0<a href=\"mailto:help@nadaid.co.uk\">help@nadaid.co.uk<\/a><\/p>\n                <\/div>\n                                    <a class=\"blue-btn\" \n                        href=\"\/wp-content\/uploads\/2024\/07\/l-glutathione-injection-supplement-insturction-guide-online-compressed.pdf\">\n                        Instrucciones de descarga                    <\/a>\n                            <\/div>\n                            <div class=\"image-container\">\n                    <img decoding=\"async\" src=\"https:\/\/nadplusathome.com\/wp-content\/uploads\/2024\/07\/lglutathione-box-with0protocol-how-to-use.webp\" alt=\"Protocolo L-Glutati\u00f3n\" \/>\n                <\/div>\n                                            <\/div>\n    <\/div>\n<\/div>\n\n\n\n<div class=\"block-purchase-nad-call-to-action\" id=\"purchase-nad-call-to-action-block_d891dc634206264e2f66d83b1543126e\"  data-lazy-css=\"https:\/\/nadplusathome.com\/wp-content\/themes\/nadaid\/assets\/css\/blocks\/purchase-nad-call-to-action.css?id=dc7f033230ebe6cdc50214f2b3b02c87\" data-lazy-js=\"https:\/\/nadplusathome.com\/wp-content\/themes\/nadaid\/assets\/js\/blocks\/purchase-nad-call-to-action.js?id=86132a435c1084d274ff46d90d834215\">\n    <div class=\"container-slim product-container\">\n        <div class=\"product\">\n            <h2 class=\"product-name mobile\">NAD<span class='bluePlusDangit'>+<\/span> Kit de inyecci\u00f3n<\/h2>\n            <div class=\"prod-images-container\">\n                <div class=\"main-slider\">\n                    <div class=\"glide__track\" data-glide-el=\"track\">\n                        <ul class=\"glide__slides\">\n                                                                                        <li class=\"glide__slide\"><img decoding=\"async\" src=\"https:\/\/nadplusathome.com\/wp-content\/uploads\/2023\/02\/nad-at-home-injection-supplement-1-1-1.webp\" alt=\"NAD+ Home Kit Imagen\" loading=\"lazy\" \/><\/li>\n                                                            <li class=\"glide__slide\"><img decoding=\"async\" src=\"https:\/\/nadplusathome.com\/wp-content\/uploads\/2023\/02\/nad-at-home-injection-supplement-in-hand-1.webp\" alt=\"NAD+ Home Kit Imagen\" loading=\"lazy\" \/><\/li>\n                                                            <li class=\"glide__slide\"><img decoding=\"async\" src=\"https:\/\/nadplusathome.com\/wp-content\/uploads\/2023\/02\/nad-at-home-injection-supplement-home-kit-1.webp\" alt=\"NAD+ Home Kit Imagen\" loading=\"lazy\" \/><\/li>\n                                                            <li class=\"glide__slide\"><img decoding=\"async\" src=\"https:\/\/nadplusathome.com\/wp-content\/uploads\/2023\/02\/nad-at-home-injection-supplement-needle-withdraw-1.webp\" alt=\"NAD+ Home Kit Imagen\" loading=\"lazy\" \/><\/li>\n                                                            <li class=\"glide__slide\"><img decoding=\"async\" src=\"https:\/\/nadplusathome.com\/wp-content\/uploads\/2023\/02\/lisa-snowdon-nad-injection-review-testimonial-1.webp\" alt=\"NAD+ Home Kit Imagen\" loading=\"lazy\" \/><\/li>\n                                                            <li class=\"glide__slide\"><img decoding=\"async\" src=\"https:\/\/nadplusathome.com\/wp-content\/uploads\/2023\/02\/calum-best-nad-injection-review-testimonial-1.webp\" alt=\"NAD+ Home Kit Imagen\" loading=\"lazy\" \/><\/li>\n                                                            <li class=\"glide__slide\"><img decoding=\"async\" src=\"https:\/\/nadplusathome.com\/wp-content\/uploads\/2023\/02\/rita-simmons-nad-injection-review-testimonial-1.webp\" alt=\"NAD+ Home Kit Imagen\" loading=\"lazy\" \/><\/li>\n                                                            <li class=\"glide__slide\"><img decoding=\"async\" src=\"https:\/\/nadplusathome.com\/wp-content\/uploads\/2024\/08\/aaron-chalmers-geordie-shore-nad-at-home-supporter-testimonial.webp\" alt=\"NAD+ Home Kit Imagen\" loading=\"lazy\" \/><\/li>\n                                                            <li class=\"glide__slide\"><img decoding=\"async\" src=\"https:\/\/nadplusathome.com\/wp-content\/uploads\/2023\/02\/isamay-ffrench-nad-injection-review-testimonial-1.webp\" alt=\"NAD+ Home Kit Imagen\" loading=\"lazy\" \/><\/li>\n                                                            <li class=\"glide__slide\"><img decoding=\"async\" src=\"https:\/\/nadplusathome.com\/wp-content\/uploads\/2023\/02\/kris-gethin-nad-injection-review-testimonial-1.webp\" alt=\"NAD+ Home Kit Imagen\" loading=\"lazy\" \/><\/li>\n                                                            <li class=\"glide__slide\"><img decoding=\"async\" src=\"https:\/\/nadplusathome.com\/wp-content\/uploads\/2023\/02\/elena-ora-nad-injection-review-testimonial-1.webp\" alt=\"NAD+ Home Kit Imagen\" loading=\"lazy\" \/><\/li>\n                                                    <\/ul>\n                    <\/div>\n                                    <\/div>\n                <div class=\"thumb-slider\">\n                    <div class=\"arrows\">\n                        <div class=\"arrow-cont\" data-glide-el=\"controls\">\n                            <button class=\"backarrow\" data-glide-dir=\"&lt;\"><img decoding=\"async\" src=\"https:\/\/nadplusathome.com\/wp-content\/themes\/nadaid\/images\/icons\/prev-arrow.svg\" alt=\"flecha-anterior\" loading=\"lazy\" \/><\/button>\n                        <\/div>\n                    <\/div>\n                    <div class=\"glide__track\" data-glide-el=\"track\">\n                        <ul class=\"glide__slides\">\n                                                                                        <li class=\"glide__slide glide-thumbnail\" data-index=\"0\"><img decoding=\"async\" src=\"https:\/\/nadplusathome.com\/wp-content\/uploads\/2023\/02\/nad-at-home-injection-supplement-1-1-1.webp\" alt=\"NAD Home Kit Imagen\" loading=\"lazy\" \/><\/li>\n                                                            <li class=\"glide__slide glide-thumbnail\" data-index=\"1\"><img decoding=\"async\" src=\"https:\/\/nadplusathome.com\/wp-content\/uploads\/2023\/02\/nad-at-home-injection-supplement-in-hand-1.webp\" alt=\"NAD Home Kit Imagen\" loading=\"lazy\" \/><\/li>\n                                                            <li class=\"glide__slide glide-thumbnail\" data-index=\"2\"><img decoding=\"async\" src=\"https:\/\/nadplusathome.com\/wp-content\/uploads\/2023\/02\/nad-at-home-injection-supplement-home-kit-1.webp\" alt=\"NAD Home Kit Imagen\" loading=\"lazy\" \/><\/li>\n                                                            <li class=\"glide__slide glide-thumbnail\" data-index=\"3\"><img decoding=\"async\" src=\"https:\/\/nadplusathome.com\/wp-content\/uploads\/2023\/02\/nad-at-home-injection-supplement-needle-withdraw-1.webp\" alt=\"NAD Home Kit Imagen\" loading=\"lazy\" \/><\/li>\n                                                            <li class=\"glide__slide glide-thumbnail\" data-index=\"4\"><img decoding=\"async\" src=\"https:\/\/nadplusathome.com\/wp-content\/uploads\/2023\/02\/lisa-snowdon-nad-injection-review-testimonial-1.webp\" alt=\"NAD Home Kit Imagen\" loading=\"lazy\" \/><\/li>\n                                                            <li class=\"glide__slide glide-thumbnail\" data-index=\"5\"><img decoding=\"async\" src=\"https:\/\/nadplusathome.com\/wp-content\/uploads\/2023\/02\/calum-best-nad-injection-review-testimonial-1.webp\" alt=\"NAD Home Kit Imagen\" loading=\"lazy\" \/><\/li>\n                                                            <li class=\"glide__slide glide-thumbnail\" data-index=\"6\"><img decoding=\"async\" src=\"https:\/\/nadplusathome.com\/wp-content\/uploads\/2023\/02\/rita-simmons-nad-injection-review-testimonial-1.webp\" alt=\"NAD Home Kit Imagen\" loading=\"lazy\" \/><\/li>\n                                                            <li class=\"glide__slide glide-thumbnail\" data-index=\"7\"><img decoding=\"async\" src=\"https:\/\/nadplusathome.com\/wp-content\/uploads\/2024\/08\/aaron-chalmers-geordie-shore-nad-at-home-supporter-testimonial.webp\" alt=\"NAD Home Kit Imagen\" loading=\"lazy\" \/><\/li>\n                                                            <li class=\"glide__slide glide-thumbnail\" data-index=\"8\"><img decoding=\"async\" src=\"https:\/\/nadplusathome.com\/wp-content\/uploads\/2023\/02\/isamay-ffrench-nad-injection-review-testimonial-1.webp\" alt=\"NAD Home Kit Imagen\" loading=\"lazy\" \/><\/li>\n                                                            <li class=\"glide__slide glide-thumbnail\" data-index=\"9\"><img decoding=\"async\" src=\"https:\/\/nadplusathome.com\/wp-content\/uploads\/2023\/02\/kris-gethin-nad-injection-review-testimonial-1.webp\" alt=\"NAD Home Kit Imagen\" loading=\"lazy\" \/><\/li>\n                                                            <li class=\"glide__slide glide-thumbnail\" data-index=\"10\"><img decoding=\"async\" src=\"https:\/\/nadplusathome.com\/wp-content\/uploads\/2023\/02\/elena-ora-nad-injection-review-testimonial-1.webp\" alt=\"NAD Home Kit Imagen\" loading=\"lazy\" \/><\/li>\n                                                    <\/ul>\n                    <\/div>\n                    <div class=\"arrows\">\n                        <div class=\"arrow-cont\" data-glide-el=\"controls\">\n                            <button class=\"nextarrow\" data-glide-dir=\"&gt;\"><img decoding=\"async\" src=\"https:\/\/nadplusathome.com\/wp-content\/themes\/nadaid\/images\/icons\/next-arrow-alt.svg\" alt=\"siguiente flecha\" loading=\"lazy\" \/><\/button>\n                        <\/div>\n                    <\/div>\n                <\/div>\n            <\/div>\n            <div class=\"prod-desc\">\n                <div>\n                    <h2 class=\"product-name desktop\">NAD<span class='bluePlusDangit'>+<\/span> Kit de inyecci\u00f3n<\/h2>\n                                            <p class=\"price\"><span class=\"woocommerce-Price-amount amount\"><bdi><span class=\"woocommerce-Price-currencySymbol\">\u00a3<\/span>350.00<\/bdi><\/span><small class=\"wcsatt-sub-options\"> <span class=\"wcsatt-dash\">-<\/span> o suscr\u00edbete para ahorrar hasta un <\/small> <span class=\"wcsatt-sub-discount\">20\u00a0&#37;<\/span><small><\/small><\/p>\n                                    <\/div>\n                <div class=\"product-text\">\n                    <div class=\"desktop\">\n                        <span style=\"font-weight: 400;\">Descubra nuestro Kit de Inyecci\u00f3n Domiciliaria de NAD+ - el primero del Reino Unido para inyecciones domiciliarias de NAD+. Con cerca de 100% de biodisponibilidad, nuestro kit de inyecci\u00f3n aumenta sus niveles de NAD +, apoyando los esfuerzos contra el envejecimiento, la funci\u00f3n celular y la claridad mental.<\/span><span style=\"font-weight: 400;\">\r\n<\/span>\r\n\r\n<span style=\"font-weight: 400;\">El kit es incre\u00edblemente f\u00e1cil y seguro de usar: s\u00f3lo tiene que seguir nuestras instrucciones (facilitadas por escrito y en v\u00eddeo a continuaci\u00f3n). Aproveche las microagujas de 8 mm, dise\u00f1adas para inyecciones indoloras.<\/span>\r\n\r\n<span style=\"font-weight: 400;\">Con un Certificado de An\u00e1lisis disponible para cada pedido, puede estar seguro de que su kit de NAD+ es de alta calidad y seguro para su administraci\u00f3n en casa.<\/span><span style=\"font-weight: 400;\">\r\n<\/span>\r\n\r\n<span style=\"font-weight: 400;\">Cada kit incluye una gu\u00eda f\u00e1cil de seguir y nuestro <\/span><a href=\"\/es\/about-georgina-glenn\/?wmc-currency=EUR\"><span style=\"font-weight: 400;\">enfermera diplomada, Georgina<\/span><\/a><span style=\"font-weight: 400;\">, est\u00e1 a su disposici\u00f3n para responder a cualquier pregunta y guiarle a trav\u00e9s del proceso una vez que haya recibido su kit. <\/span>                    <\/div>\n                                        <h2 class=\"benefit-title\">Comprender el potencial <span>Beneficios<\/span> de NAD<span>+<\/span><\/h2>\n                    <ul>\n                                                    <li><p>Aumentar la energ\u00eda<\/p>\n<\/li>\n                                                    <li><p>Mejora la reparaci\u00f3n de la piel<\/p>\n<\/li>\n                                                    <li><p>Mejorar la claridad mental<\/p>\n<\/li>\n                                                    <li><p>Antienvejecimiento desde dentro<\/p>\n<\/li>\n                                            <\/ul>\n                <\/div>\n                <a class=\"blue-btn\" href=\"https:\/\/nadplusathome.com\/es\/product\/nad-at-home\/\">Comprar un producto<\/a>\n            <\/div>\n        <\/div>\n    <\/div>\n<\/div>","protected":false},"excerpt":{"rendered":"","protected":false},"author":1,"featured_media":0,"parent":0,"menu_order":0,"comment_status":"closed","ping_status":"closed","template":"","meta":{"_acf_changed":false,"footnotes":""},"class_list":["post-8797","page","type-page","status-publish","hentry"],"acf":[],"_links":{"self":[{"href":"https:\/\/nadplusathome.com\/es\/wp-json\/wp\/v2\/pages\/8797","targetHints":{"allow":["GET"]}}],"collection":[{"href":"https:\/\/nadplusathome.com\/es\/wp-json\/wp\/v2\/pages"}],"about":[{"href":"https:\/\/nadplusathome.com\/es\/wp-json\/wp\/v2\/types\/page"}],"author":[{"embeddable":true,"href":"https:\/\/nadplusathome.com\/es\/wp-json\/wp\/v2\/users\/1"}],"replies":[{"embeddable":true,"href":"https:\/\/nadplusathome.com\/es\/wp-json\/wp\/v2\/comments?post=8797"}],"version-history":[{"count":2,"href":"https:\/\/nadplusathome.com\/es\/wp-json\/wp\/v2\/pages\/8797\/revisions"}],"predecessor-version":[{"id":42860,"href":"https:\/\/nadplusathome.com\/es\/wp-json\/wp\/v2\/pages\/8797\/revisions\/42860"}],"wp:attachment":[{"href":"https:\/\/nadplusathome.com\/es\/wp-json\/wp\/v2\/media?parent=8797"}],"curies":[{"name":"wp","href":"https:\/\/api.w.org\/{rel}","templated":true}]}}