{"id":7155,"date":"2024-03-27T17:41:05","date_gmt":"2024-03-27T17:41:05","guid":{"rendered":"https:\/\/nadplusathome.com\/?page_id=7155"},"modified":"2025-10-20T16:20:43","modified_gmt":"2025-10-20T15:20:43","slug":"refer-a-friend","status":"publish","type":"page","link":"https:\/\/nadplusathome.com\/es\/refer-a-friend\/","title":{"rendered":"Recomendar a un amigo"},"content":{"rendered":"<div class=\"block-refer-a-friend-header\" id=\"refer-a-friend-header-block_835c7aa2e32e3c1f2778be515a0d48ec\">\n    <div class=\"container-wide\">\n        <div class=\"inner-content\">\n            <div class=\"content\">\n                <div class=\"top-section\">\n                    <h2><h1>Recomendar a un amigo<\/h1><\/h2>\n                    <div class=\"text\"><p><p>Cuando recomiendas NAD+ AT HOME a un amigo, ambos os benefici\u00e1is. Tu amigo recibe 20% de descuento en su primer pedido, \u00a1y t\u00fa tambi\u00e9n te beneficias!<\/p><p>Acceda a su cuenta o reg\u00edstrese a continuaci\u00f3n.<\/p><\/p><\/div>\n                <\/div>\n                <div class=\"bottom-section\">\n                    <div class=\"new-price\">\n                        <h4>Compartir con amigos\/familiares y ambos reciben<\/h4>\n                        <p class=\"amount\">20% Apagado<\/p>\n                    <\/div>\n                    <a href=\"\/es\/my-account\/myreferrals\/?wmc-currency=EUR\" class=\"blue-btn\">Recomendar a un amigo<\/a>\n                <\/div>\n            <\/div>\n                            <img decoding=\"async\" src=\"\/wp-content\/themes\/nadaid\/images\/vials-on-wallpaper-background.webp\" alt=\"viales\">\n                    <\/div>\n    <\/div>\n<\/div>\n\n\n\n<div class=\"block-faq-block simplified\" id=\"faq-block-block_3de564d390fd3dd9b8bac8cc3cd8f1df\"  data-lazy-css=\"https:\/\/nadplusathome.com\/wp-content\/themes\/nadaid\/assets\/css\/blocks\/faq-block.css?id=e6a9b8639ae1290d1a18ce2e4464c93d\" data-lazy-js=\"https:\/\/nadplusathome.com\/wp-content\/themes\/nadaid\/assets\/js\/blocks\/faq-block.js?id=b37f3070cfdc98fe7528f42ed96671a2\">\n    <div class=\"container\">\n        <div class=\"top\">\n            <h2>\u00bfC\u00f3mo funciona el programa \"Recomienda a un amigo\"?<\/h2>\n            <hr>\n        <\/div>\n        <div class=\"benefit-accordion\">\n                            <div class=\"benefit opened\">\n                    <h4>Paso 1: Registrarse o iniciar sesi\u00f3n<\/h4>\n                    <div class=\"content\">\n                        <p><strong>Primeros pasos<\/strong>: Haz clic en el bot\u00f3n \u201cRecomienda a un amigo\u201d para acceder a tu panel de recomendaciones. Si es un nuevo colaborador, tendr\u00e1 que crear una cuenta. Si ya tienes una cuenta con nosotros, solo tienes que iniciar sesi\u00f3n.<\/p>\n                    <\/div>\n                <\/div>\n                            <div class=\"benefit\">\n                    <h4>Paso 2: Recomienda a un amigo<\/h4>\n                    <div class=\"content\">\n                        <p><strong>Enviar una recomendaci\u00f3n<\/strong>: Una vez que hayas iniciado sesi\u00f3n en tu panel de control, encontrar\u00e1s una opci\u00f3n para invitar a tus amigos por correo electr\u00f3nico, o compartir tu enlace de recomendaci\u00f3n \u00fanico a trav\u00e9s de las redes sociales o de mensajer\u00eda directa. Tus amigos recibir\u00e1n una invitaci\u00f3n para comprar NAD+ EN CASA con un descuento especial 20% en su primer pedido.<\/p>\n                    <\/div>\n                <\/div>\n                            <div class=\"benefit\">\n                    <h4>Paso 3: Disfrute de sus recompensas<\/h4>\n                    <div class=\"content\">\n                        <p><strong>Obtenga beneficios<\/strong>: Cuando tu amigo realice su primera compra, recibir\u00e1s autom\u00e1ticamente un c\u00f3digo de descuento de 20%. Si eres suscriptor, recibir\u00e1s 10% de descuento en tu pr\u00f3xima renovaci\u00f3n de suscripci\u00f3n.<\/p>\n<p>Este sencillo proceso no s\u00f3lo te facilita compartir los beneficios de NAD+ con tus amigos, sino que tambi\u00e9n garantiza que tanto t\u00fa como tus amigos disfrut\u00e9is de un gran ahorro. Es nuestra forma de agradecerle que difunda los beneficios de NAD+.<\/p>\n                    <\/div>\n                <\/div>\n                    <\/div>\n    <\/div>\n<\/div>","protected":false},"excerpt":{"rendered":"","protected":false},"author":1,"featured_media":0,"parent":0,"menu_order":0,"comment_status":"closed","ping_status":"closed","template":"","meta":{"_acf_changed":false,"footnotes":""},"class_list":["post-7155","page","type-page","status-publish","hentry"],"acf":[],"_links":{"self":[{"href":"https:\/\/nadplusathome.com\/es\/wp-json\/wp\/v2\/pages\/7155","targetHints":{"allow":["GET"]}}],"collection":[{"href":"https:\/\/nadplusathome.com\/es\/wp-json\/wp\/v2\/pages"}],"about":[{"href":"https:\/\/nadplusathome.com\/es\/wp-json\/wp\/v2\/types\/page"}],"author":[{"embeddable":true,"href":"https:\/\/nadplusathome.com\/es\/wp-json\/wp\/v2\/users\/1"}],"replies":[{"embeddable":true,"href":"https:\/\/nadplusathome.com\/es\/wp-json\/wp\/v2\/comments?post=7155"}],"version-history":[{"count":1,"href":"https:\/\/nadplusathome.com\/es\/wp-json\/wp\/v2\/pages\/7155\/revisions"}],"predecessor-version":[{"id":34029,"href":"https:\/\/nadplusathome.com\/es\/wp-json\/wp\/v2\/pages\/7155\/revisions\/34029"}],"wp:attachment":[{"href":"https:\/\/nadplusathome.com\/es\/wp-json\/wp\/v2\/media?parent=7155"}],"curies":[{"name":"wp","href":"https:\/\/api.w.org\/{rel}","templated":true}]}}