{"id":42614,"date":"2026-03-20T12:06:31","date_gmt":"2026-03-20T12:06:31","guid":{"rendered":"https:\/\/nadplusathome.com\/?page_id=42614"},"modified":"2026-03-20T12:08:58","modified_gmt":"2026-03-20T12:08:58","slug":"how-to-use-l-glutathione-home-injection-pen","status":"publish","type":"page","link":"https:\/\/nadplusathome.com\/es\/how-to-use-l-glutathione-home-injection-pen\/","title":{"rendered":"How To Use L-Glutathione Home Injection Pen"},"content":{"rendered":"<div class=\"block-benefits-header\" id=\"benefits-header-block_c1bd642f1ebe0569b0c25e044e6591f1\">\n    <div class=\"container-wide\">\n        <div class=\"header-split\">\n            <div class=\"content\">\n                                    <h1>C\u00f3mo utilizar la pluma de inyecci\u00f3n de L-glutati\u00f3n<\/h1>\n                                                    <h3>Dise\u00f1ado para la simplicidad, la innovaci\u00f3n, y sin esfuerzo en casa L-Glutathione administraci\u00f3n.<\/h3>\n                                <div class=\"inner-content\">\n                    <p>Mejore su rutina de bienestar con nuestra pluma inyectora casera de L-glutati\u00f3n.<\/p>\n<p>Dise\u00f1ado para ofrecer facilidad y precisi\u00f3n, este innovador sistema permite la autoadministraci\u00f3n sin esfuerzo, haciendo que la suplementaci\u00f3n con glutati\u00f3n sea m\u00e1s accesible que nunca.<\/p>\n<p>Conocido por sus potentes propiedades antioxidantes, el L-glutati\u00f3n contribuye a la desintoxicaci\u00f3n, la salud de la piel y la vitalidad general, todo ello desde la comodidad de su hogar.<\/p>\n                <\/div>\n                                    <a href=\"\/es\/product\/l-glutathione-pen-kit\/?wmc-currency=EUR\" class=\"blue-btn\">Comprar L-Glutathione Injection Pen Kit<\/a>\n                            <\/div>\n            <div class=\"image\" style=\"background-image: url(https:\/\/nadplusathome.com\/wp-content\/uploads\/2026\/02\/l-glutathione-at-home-injection-pen-kit-full-contents-and-box.webp);\"><\/div>\n        <\/div>\n    <\/div>\n<\/div>\n\n\n\n<div class=\"block-text-content black\" id=\"text-content-block_3b97638631be311aeb8b63e983c67112\">\n    <div class=\"container-wide\">\n        <div class=\"inner-content imgtext\">\n            <div class=\"text\">\n                                    <h2>Gu\u00eda del usuario<\/h2>\n                                <div class=\"content\">\n                    <p>Para autoadministrarse la inyecci\u00f3n en pluma de L-glutati\u00f3n en casa, siga estos pasos simplificados:<\/p>\n<ol>\n<li><strong>Manos limpias<\/strong> - L\u00e1vese o desinf\u00e9ctese bien las manos.<\/li>\n<li><strong>Preparar los materiales<\/strong> - Abra el kit de la pluma de L-glutati\u00f3n y aseg\u00farese de tener a mano la pluma, el cartucho de L-glutati\u00f3n, la microaguja, las toallitas con alcohol y el contenedor de objetos punzantes.<\/li>\n<li><strong>Ajuste de la temperatura<\/strong> - Si el cartucho de L-Glutati\u00f3n se ha refrigerado, deje que alcance la temperatura ambiente durante unos minutos para reducir las molestias.<\/li>\n<li><strong>Montar el bol\u00edgrafo<\/strong> - Retire la tapa del bol\u00edgrafo, desenrosque el soporte del cartucho, inserte el cartucho de L-glutati\u00f3n (primero la punta dorada) y vuelva a colocar el soporte de forma segura.<\/li>\n<li><strong>Coloque la aguja<\/strong> - Saque una microaguja del envase, qu\u00edtele el envoltorio y enr\u00f3squela firmemente en el extremo de la pluma. Mantenga la tapa de la aguja puesta hasta que vaya a utilizarla.<\/li>\n<li><strong>Preparar el bol\u00edgrafo<\/strong> (S\u00f3lo para el primer uso del cartucho) - Gire la base de la pluma hasta 15 unidades, presione el dosificador hasta que el \u00e9mbolo llegue al tap\u00f3n gris, y despu\u00e9s de quitar el capuch\u00f3n de la aguja expulse las burbujas de aire manteniendo la pluma en posici\u00f3n vertical y presione 5 unidades cada vez hasta que desaparezcan las burbujas.<\/li>\n<li><strong>Dosis establecida<\/strong> - Gire la base de la pluma hasta que el puntero se alinee con su dosis, normalmente 30 unidades (0,3 ml).<\/li>\n<li><strong>Seleccione el punto de inyecci\u00f3n<\/strong> - Elija una zona grasa como el est\u00f3mago, las nalgas o el muslo (recuerde rotar los sitios cada d\u00eda de inyecci\u00f3n).<\/li>\n<li><strong>Higienizar el emplazamiento<\/strong> - Limpie la zona de inyecci\u00f3n con una toallita con alcohol y d\u00e9jela secar.<\/li>\n<li><strong>Inyectar<\/strong> - Pellizque la piel, inserte la aguja en un \u00e1ngulo de 90 grados y pulse el bot\u00f3n situado en la base de la pluma para administrar la L-glutati\u00f3n. Mantenga la pluma firme para evitar hematomas.<\/li>\n<li><strong>Sujetar y retirar<\/strong> - Una vez que el dos\u00edmetro vuelva a cero (0), mant\u00e9ngalo pulsado durante 10 segundos y, a continuaci\u00f3n, retire la aguja con cuidado.<\/li>\n<li><strong>Deseche<\/strong> - Deposite la aguja usada en el contenedor de objetos punzantes para su eliminaci\u00f3n segura.<\/li>\n<li><strong>Almacenamiento<\/strong> - Vuelva a colocar el capuch\u00f3n de la pluma, guarde los cartuchos de L-glutati\u00f3n en el frigor\u00edfico en el estuche suministrado y mantenga el kit fuera del alcance de los ni\u00f1os y los animales dom\u00e9sticos.<\/li>\n<li><strong>Dosificaci\u00f3n<\/strong> - Comience con tres inyecciones diarias consecutivas y, a continuaci\u00f3n, ajuste a d\u00edas alternos seg\u00fan sea necesario.<\/li>\n<\/ol>\n<p>Comience con tres d\u00edas consecutivos de inyecciones, luego ajuste a cada dos d\u00edas seg\u00fan sea necesario. P\u00f3ngase en contacto con el servicio de asistencia si tiene alguna duda.<\/p>\n                <\/div>\n                                    <a class=\"blue-btn\" \n                        href=\"https:\/\/nadplusathome.com\/wp-content\/uploads\/2026\/03\/how-to-use-lglutathione-pen-full-detailed-instructions_compressed.pdf\">\n                        Descargar instrucciones completas                    <\/a>\n                            <\/div>\n                            <div class=\"image-container\">\n                    <img decoding=\"async\" src=\"https:\/\/nadplusathome.com\/wp-content\/uploads\/2026\/02\/how-to-use-the-l-glutathione-at-home-injection-pen-kit.webp\" alt=\"Gu\u00eda del usuario\" \/>\n                <\/div>\n                                            <\/div>\n    <\/div>\n<\/div>\n\n\n\n<div class=\"block-purchase-nad-call-to-action\" id=\"purchase-nad-call-to-action-block_f52fb5a92f2cf6aad14757e2d853c610\"  data-lazy-css=\"https:\/\/nadplusathome.com\/wp-content\/themes\/nadaid\/assets\/css\/blocks\/purchase-nad-call-to-action.css?id=dc7f033230ebe6cdc50214f2b3b02c87\" data-lazy-js=\"https:\/\/nadplusathome.com\/wp-content\/themes\/nadaid\/assets\/js\/blocks\/purchase-nad-call-to-action.js?id=86132a435c1084d274ff46d90d834215\">\n    <div class=\"container-slim product-container\">\n        <div class=\"product\">\n            <h2 class=\"product-name mobile\">Recambios para L-Glutathione Pen<\/h2>\n            <div class=\"prod-images-container\">\n                <div class=\"main-slider\">\n                    <div class=\"glide__track\" data-glide-el=\"track\">\n                        <ul class=\"glide__slides\">\n                                                                                        <li class=\"glide__slide\"><img decoding=\"async\" src=\"https:\/\/nadplusathome.com\/wp-content\/uploads\/2026\/02\/l-glutathione-refill-kit-cartidges.webp\" alt=\"NAD+ Home Kit Imagen\" loading=\"lazy\" \/><\/li>\n                                                            <li class=\"glide__slide\"><img decoding=\"async\" src=\"https:\/\/nadplusathome.com\/wp-content\/uploads\/2026\/03\/lglutathione-refill-kit-cartridges-hand-holding.webp\" alt=\"NAD+ Home Kit Imagen\" loading=\"lazy\" \/><\/li>\n                                                            <li class=\"glide__slide\"><img decoding=\"async\" src=\"https:\/\/nadplusathome.com\/wp-content\/uploads\/2026\/03\/lglutathione-refill-kit-cartridges-laying-down.webp\" alt=\"NAD+ Home Kit Imagen\" loading=\"lazy\" \/><\/li>\n                                                            <li class=\"glide__slide\"><img decoding=\"async\" src=\"https:\/\/nadplusathome.com\/wp-content\/uploads\/2026\/03\/lglutathione-refill-kit-cartridges-contents-of-kit.webp\" alt=\"NAD+ Home Kit Imagen\" loading=\"lazy\" \/><\/li>\n                                                    <\/ul>\n                    <\/div>\n                                    <\/div>\n                <div class=\"thumb-slider\">\n                    <div class=\"arrows\">\n                        <div class=\"arrow-cont\" data-glide-el=\"controls\">\n                            <button class=\"backarrow\" data-glide-dir=\"&lt;\"><img decoding=\"async\" src=\"https:\/\/nadplusathome.com\/wp-content\/themes\/nadaid\/images\/icons\/prev-arrow.svg\" alt=\"flecha-anterior\" loading=\"lazy\" \/><\/button>\n                        <\/div>\n                    <\/div>\n                    <div class=\"glide__track\" data-glide-el=\"track\">\n                        <ul class=\"glide__slides\">\n                                                                                        <li class=\"glide__slide glide-thumbnail\" data-index=\"0\"><img decoding=\"async\" src=\"https:\/\/nadplusathome.com\/wp-content\/uploads\/2026\/02\/l-glutathione-refill-kit-cartidges.webp\" alt=\"NAD Home Kit Imagen\" loading=\"lazy\" \/><\/li>\n                                                            <li class=\"glide__slide glide-thumbnail\" data-index=\"1\"><img decoding=\"async\" src=\"https:\/\/nadplusathome.com\/wp-content\/uploads\/2026\/03\/lglutathione-refill-kit-cartridges-hand-holding.webp\" alt=\"NAD Home Kit Imagen\" loading=\"lazy\" \/><\/li>\n                                                            <li class=\"glide__slide glide-thumbnail\" data-index=\"2\"><img decoding=\"async\" src=\"https:\/\/nadplusathome.com\/wp-content\/uploads\/2026\/03\/lglutathione-refill-kit-cartridges-laying-down.webp\" alt=\"NAD Home Kit Imagen\" loading=\"lazy\" \/><\/li>\n                                                            <li class=\"glide__slide glide-thumbnail\" data-index=\"3\"><img decoding=\"async\" src=\"https:\/\/nadplusathome.com\/wp-content\/uploads\/2026\/03\/lglutathione-refill-kit-cartridges-contents-of-kit.webp\" alt=\"NAD Home Kit Imagen\" loading=\"lazy\" \/><\/li>\n                                                    <\/ul>\n                    <\/div>\n                    <div class=\"arrows\">\n                        <div class=\"arrow-cont\" data-glide-el=\"controls\">\n                            <button class=\"nextarrow\" data-glide-dir=\"&gt;\"><img decoding=\"async\" src=\"https:\/\/nadplusathome.com\/wp-content\/themes\/nadaid\/images\/icons\/next-arrow-alt.svg\" alt=\"siguiente flecha\" loading=\"lazy\" \/><\/button>\n                        <\/div>\n                    <\/div>\n                <\/div>\n            <\/div>\n            <div class=\"prod-desc\">\n                <div>\n                    <h2 class=\"product-name desktop\">Recambios para L-Glutathione Pen<\/h2>\n                                            <p class=\"price\"><span class=\"woocommerce-Price-amount amount\"><bdi><span class=\"woocommerce-Price-currencySymbol\">\u00a3<\/span>285.00<\/bdi><\/span><small class=\"wcsatt-sub-options\"> <span class=\"wcsatt-dash\">-<\/span> o suscr\u00edbete para ahorrar  un <\/small> <span class=\"wcsatt-sub-discount\">20\u00a0&#37;<\/span><small><\/small><\/p>\n                                    <\/div>\n                <div class=\"product-text\">\n                    <div class=\"desktop\">\n                        Nuestro kit de recarga proporciona otro suministro completo de tratamiento con L-Glutati\u00f3n para su pluma inyectora recargable. Recarga ahora y estar en su camino a la restauraci\u00f3n y el mantenimiento de sus niveles de antioxidantes, el apoyo a la luminosidad de la piel, la desintoxicaci\u00f3n y la salud inmune desde adentro hacia afuera.\r\n\r\nA medida que envejecemos, nuestros niveles de L-glutati\u00f3n disminuyen de forma natural, lo que afecta a la vitalidad general y a la claridad de la piel. Las investigaciones sugieren que a los 40 a\u00f1os, nuestros niveles de L-Glutati\u00f3n disminuyen en 30% y suelen reducirse a la mitad a los 65 a\u00f1os.\r\n\r\nContrarreste estas ca\u00eddas con nuestro L-Glutathione Pen Kit y su biodisponibilidad de casi 100 %. Este autoinyector de primera calidad garantiza una r\u00e1pida absorci\u00f3n, ayud\u00e1ndole a iluminar su cutis, combatir el estr\u00e9s oxidativo y promover la reparaci\u00f3n celular, todo ello desde la comodidad de su hogar.                    <\/div>\n                                        <h2 class=\"benefit-title\">Comprender el potencial <span>Beneficios<\/span> de L-Glutathione<\/h2>\n                    <ul>\n                                                    <li><p><strong>Iluminar el tono de la piel<\/strong><\/p>\n<p>Potencia tu luminosidad y reduce la hiperpigmentaci\u00f3n<\/p>\n<\/li>\n                                                    <li><p><strong>Mejorar la desintoxicaci\u00f3n<br \/>\n<\/strong>Aumenta el apoyo hep\u00e1tico y la eliminaci\u00f3n de metales pesados<\/p>\n<\/li>\n                                                    <li><p><strong>Mejorar el apoyo inmunol\u00f3gico<\/strong><\/p>\n<p>Mant\u00e9ngase sano, gane resistencia y optimice su organismo<\/p>\n<\/li>\n                                                    <li><p><strong>Maximizar el antioxidante m\u00e1s potente del cuerpo<\/strong><\/p>\n<p>Repara las c\u00e9lulas da\u00f1adas de la piel para un cutis joven<\/p>\n<\/li>\n                                            <\/ul>\n                <\/div>\n                <a class=\"blue-btn\" href=\"https:\/\/nadplusathome.com\/es\/product\/refills-for-l-glutathione-pen\/\">Comprar un producto<\/a>\n            <\/div>\n        <\/div>\n    <\/div>\n<\/div>","protected":false},"excerpt":{"rendered":"","protected":false},"author":1,"featured_media":0,"parent":0,"menu_order":0,"comment_status":"closed","ping_status":"closed","template":"","meta":{"_acf_changed":false,"footnotes":""},"class_list":["post-42614","page","type-page","status-publish","hentry"],"acf":[],"_links":{"self":[{"href":"https:\/\/nadplusathome.com\/es\/wp-json\/wp\/v2\/pages\/42614","targetHints":{"allow":["GET"]}}],"collection":[{"href":"https:\/\/nadplusathome.com\/es\/wp-json\/wp\/v2\/pages"}],"about":[{"href":"https:\/\/nadplusathome.com\/es\/wp-json\/wp\/v2\/types\/page"}],"author":[{"embeddable":true,"href":"https:\/\/nadplusathome.com\/es\/wp-json\/wp\/v2\/users\/1"}],"replies":[{"embeddable":true,"href":"https:\/\/nadplusathome.com\/es\/wp-json\/wp\/v2\/comments?post=42614"}],"version-history":[{"count":2,"href":"https:\/\/nadplusathome.com\/es\/wp-json\/wp\/v2\/pages\/42614\/revisions"}],"predecessor-version":[{"id":43005,"href":"https:\/\/nadplusathome.com\/es\/wp-json\/wp\/v2\/pages\/42614\/revisions\/43005"}],"wp:attachment":[{"href":"https:\/\/nadplusathome.com\/es\/wp-json\/wp\/v2\/media?parent=42614"}],"curies":[{"name":"wp","href":"https:\/\/api.w.org\/{rel}","templated":true}]}}