{"id":34123,"date":"2025-11-03T12:27:22","date_gmt":"2025-11-03T12:27:22","guid":{"rendered":"https:\/\/nadplusathome.com\/?page_id=34123"},"modified":"2025-11-03T12:42:49","modified_gmt":"2025-11-03T12:42:49","slug":"pricing-billing-policy","status":"publish","type":"page","link":"https:\/\/nadplusathome.com\/es\/pricing-billing-policy\/","title":{"rendered":"Pricing &amp; Billing Policy"},"content":{"rendered":"<div class=\"block-simple-dark-header default\" id=\"simple-dark-header-block_340f91c97cdf2bd00567c250d8a71377\">\n    <div class=\"container\">\n        <div class=\"inner-content\">\n                            <h1>Pol\u00edtica de precios y facturaci\u00f3n<\/h1>\n                                        <p><h2>Informaci\u00f3n sobre c\u00f3mo tarificamos, facturamos y renovamos los pedidos.<\/h2>\n<\/p>\n                    <\/div>\n    <\/div>\n<\/div>\n\n\n<div class=\"block-text-content blue\" id=\"text-content-block_8257541f336a5541d49f95efba6d3a01\">\n    <div class=\"container\">\n        <div class=\"inner-content text contrast\">\n            <div class=\"text\">\n                                <div class=\"content\">\n                    <p>\u00daltima actualizaci\u00f3n: 03\/11\/2025<\/p>\n<p>En NAD<span class='bluePlusDangit'>+<\/span> En Home, creemos en la transparencia y la honestidad en lo que respecta a nuestros precios, suscripciones y facturaci\u00f3n. Esta pol\u00edtica explica c\u00f3mo se muestran nuestros precios, c\u00f3mo funciona la facturaci\u00f3n tanto para compras puntuales como para suscripciones y ventas al por mayor, y tambi\u00e9n qu\u00e9 se puede esperar al hacer un pedido a NAD.<span class='bluePlusDangit'>+<\/span> en casa.<\/p>\n<p>Todos los precios que aparecen en nuestro sitio web se indican en libras esterlinas (\u00a3) e incluyen el IVA. Nuestros precios pueden variar en funci\u00f3n del tipo de producto, la duraci\u00f3n del suministro y si realiza un pedido \u00fanico, se suscribe a un paquete de suscripci\u00f3n o compra a trav\u00e9s de una cuenta mayorista.<\/p>\n<p>NAD o NAD<span class='bluePlusDangit'>+<\/span> significa Nicotinamida Adenina Dinucle\u00f3tido.<\/p>\n<p>&nbsp;<\/p>\n<h3><strong>NAD liposomal<span class='bluePlusDangit'>+<\/span> C\u00e1psulas<\/strong><\/h3>\n<ul>\n<li>Contenido del producto\n<ul>\n<li>Tarro de cristal\n<ul>\n<li>30 NAD liposomal<span class='bluePlusDangit'>+<\/span> C\u00e1psulas\n<ul>\n<li>Una c\u00e1psula contiene 250 mg de NAD<span class='bluePlusDangit'>+<\/span><\/li>\n<\/ul>\n<\/li>\n<li>Tarro de cristal<\/li>\n<\/ul>\n<\/li>\n<li>Bolsa de recambio\n<ul>\n<li>30 NAD liposomal<span class='bluePlusDangit'>+<\/span> C\u00e1psulas\n<ul>\n<li>Una c\u00e1psula contiene 250 mg de NAD<span class='bluePlusDangit'>+<\/span><\/li>\n<\/ul>\n<\/li>\n<\/ul>\n<\/li>\n<\/ul>\n<\/li>\n<li><span style=\"font-size: 1rem;\">Disponible para 30, 60 \u00f3 90 d\u00edas<\/span><\/li>\n<li>Un producto contiene 30 c\u00e1psulas\n<ul>\n<li>Un suministro para 30 d\u00edas = 1 producto (1 tarro de cristal de 30 c\u00e1psulas)<\/li>\n<li>Un suministro para 60 d\u00edas = 2 productos (1 tarro de cristal de 30 c\u00e1psulas + 1 bolsa de recambio de 30 c\u00e1psulas)<\/li>\n<li>Un suministro para 90 d\u00edas = 3 productos (1 tarro de cristal de 30 c\u00e1psulas + 2 bolsas de recambio de 60 c\u00e1psulas, 30 c\u00e1psulas en cada bolsa)<\/li>\n<\/ul>\n<\/li>\n<li>Opciones de compra\n<ul>\n<li>Compra \u00fanica<\/li>\n<li>Suscripci\u00f3n con entrega autom\u00e1tica cada 30, 60 \u00f3 90 d\u00edas<\/li>\n<li>Venta al por mayor, pedido m\u00ednimo 10 productos<\/li>\n<\/ul>\n<\/li>\n<li>Ahorro por suscripci\u00f3n\n<ul>\n<li>15% de descuento en la suscripci\u00f3n mensual<\/li>\n<li>10% de descuento en suscripci\u00f3n cada dos meses<\/li>\n<li>5% de descuento en cada suscripci\u00f3n de 3 meses<\/li>\n<\/ul>\n<\/li>\n<li>Ahorro al por mayor\n<ul>\n<li>10 - 19 productos: 30% ahorro<\/li>\n<li>20 - 49 productos: 35% ahorro<\/li>\n<li>50 - 99 productos: 40% ahorro<\/li>\n<li>150+ productos: 43.16% ahorro<\/li>\n<\/ul>\n<\/li>\n<li><a href=\"\/es\/product\/liposomal-nad-capsules\/?wmc-currency=EUR\">NAD liposomal<span class='bluePlusDangit'>+<\/span> C\u00e1psulas P\u00e1gina de producto<\/a><\/li>\n<\/ul>\n<p>&nbsp;<\/p>\n<h3><strong>NAD<span class='bluePlusDangit'>+<\/span> Kit de inyecci\u00f3n (1000 mg)<\/strong><\/h3>\n<ul>\n<li>Contenido del kit\n<ul>\n<li>1 vial de 1000 mg de NAD<span class='bluePlusDangit'>+<\/span><\/li>\n<li>20 microagujas (0,3 ml)<\/li>\n<li>20 toallitas antibacterianas<\/li>\n<li>1 x Contenedor de objetos punzantes<\/li>\n<li>1 x Bolsa de gel refrigerante<\/li>\n<li>1 x Manual de instrucciones<\/li>\n<li>1 x Tarjeta de protocolo sugerido<\/li>\n<\/ul>\n<\/li>\n<li>Opciones de compra\n<ul>\n<li>Compra \u00fanica<\/li>\n<li>Suscripci\u00f3n con entrega autom\u00e1tica cada 2 semanas, 3 semanas, 4 semanas, 5 semanas, 6 semanas, 2 meses o 3 meses<\/li>\n<li>Venta al por mayor, pedido m\u00ednimo 5 kits<\/li>\n<\/ul>\n<\/li>\n<li>Ahorro por suscripci\u00f3n\n<ul>\n<li>20% de descuento en suscripciones de 2 o 3 semanas<\/li>\n<li>15% de descuento en suscripciones de 4 o 5 semanas<\/li>\n<li>10% de descuento en suscripciones de 6 semanas, 2 meses o 3 meses<\/li>\n<\/ul>\n<\/li>\n<li>Ahorro al por mayor\n<ul>\n<li>De 5 a 9 kits: 32,86% de ahorro por kit.<\/li>\n<li>10+ kits: 38.57% de ahorro por kit<\/li>\n<\/ul>\n<\/li>\n<li><a href=\"\/es\/product\/nad-at-home\/?wmc-currency=EUR\">NAD<span class='bluePlusDangit'>+<\/span> Kit de inyecci\u00f3n (1000 mg) P\u00e1gina de producto<\/a><\/li>\n<\/ul>\n<p>&nbsp;<\/p>\n<h3><strong>NAD<span class='bluePlusDangit'>+<\/span> (1000mg) - S\u00f3lo vial<\/strong><\/h3>\n<ul>\n<li>Contenido\n<ul>\n<li>1 vial de 1000 mg de NAD<span class='bluePlusDangit'>+<\/span><\/li>\n<\/ul>\n<\/li>\n<li>Opciones de compra\n<ul>\n<li>Venta al por mayor, pedido m\u00ednimo 5 viales<\/li>\n<\/ul>\n<\/li>\n<li><a href=\"\/es\/product\/nad-1000mg-vial-only\/?wmc-currency=EUR\">NAD<span class='bluePlusDangit'>+<\/span> (1000mg) - Vial Only Product Page<\/a><\/li>\n<\/ul>\n<p>&nbsp;<\/p>\n<h3><strong>NAD<span class='bluePlusDangit'>+<\/span> At Home Mini (500 mg)<\/strong><\/h3>\n<ul>\n<li>Contenido del kit\n<ul>\n<li>1 vial de 500 mg de NAD<span class='bluePlusDangit'>+<\/span><\/li>\n<li>10 microagujas (0,3 ml)<\/li>\n<li>10 toallitas antibacterianas<\/li>\n<li>1 x Contenedor de objetos punzantes<\/li>\n<li>1 x Bolsa de gel refrigerante<\/li>\n<li>1 x Gu\u00eda de instrucciones<\/li>\n<li>1 x Tarjeta de protocolo<\/li>\n<\/ul>\n<\/li>\n<li>Opciones de compra\n<ul>\n<li>Compra \u00fanica<\/li>\n<li>Venta al por mayor, pedido m\u00ednimo 5 kits<\/li>\n<\/ul>\n<\/li>\n<li>Ahorro al por mayor\n<ul>\n<li>De 5 a 9 kits: 33,33% de ahorro por kit.<\/li>\n<li>10+ kits: 38.46% de ahorro por kit<\/li>\n<\/ul>\n<\/li>\n<li><a href=\"\/es\/product\/nad-at-home-mini-500mg\/?wmc-currency=EUR\">NAD<span class='bluePlusDangit'>+<\/span> At Home Mini (500 mg) P\u00e1gina de producto<\/a><\/li>\n<\/ul>\n<p>&nbsp;<\/p>\n<h3><strong>L-Glutathione Home Injection Kit (1800mg)<\/strong><\/h3>\n<ul>\n<li>Contenido del kit\n<ul>\n<li>1 vial de 1800 mg de L-Glutati\u00f3n<\/li>\n<li>20 microagujas (1 ml)<\/li>\n<li>20 toallitas antibacterianas<\/li>\n<li>1 x Contenedor de objetos punzantes<\/li>\n<li>1 x Bolsa de gel refrigerante<\/li>\n<li>1 x Gu\u00eda de instrucciones<\/li>\n<li>1 x Tarjeta de protocolo<\/li>\n<\/ul>\n<\/li>\n<li>Opciones de compra\n<ul>\n<li>Compra \u00fanica<\/li>\n<li>Suscripci\u00f3n con entrega autom\u00e1tica cada 2 semanas, 3 semanas, 4 semanas, 5 semanas, 6 semanas, 2 meses o 3 meses<\/li>\n<li>Venta al por mayor, pedido m\u00ednimo 5 kits<\/li>\n<\/ul>\n<\/li>\n<li>Ahorro por suscripci\u00f3n\n<ul>\n<li>20% de descuento en suscripciones de 2 o 3 semanas<\/li>\n<li>15% de descuento en suscripciones de 4 o 5 semanas<\/li>\n<li>10% de descuento en suscripciones de 6 semanas, 2 meses o 3 meses<\/li>\n<\/ul>\n<\/li>\n<li>Ahorro al por mayor\n<ul>\n<li>De 5 a 9 kits: 29.47% de ahorro por kit<\/li>\n<li>10+ kits: 36% de ahorro por kit<\/li>\n<\/ul>\n<\/li>\n<li><a href=\"\/es\/product\/lglutathione-at-home\/?wmc-currency=EUR\">L-Glutathione Home Injection Kit (1800mg) Product Page<\/a><\/li>\n<\/ul>\n<p>&nbsp;<\/p>\n<h3><strong>L-Glutathione (1800mg) - S\u00f3lo Ampolla<\/strong><\/h3>\n<ul>\n<li>Contenido\n<ul>\n<li>1 vial de 1800 mg de L-Glutati\u00f3n<\/li>\n<\/ul>\n<\/li>\n<li>Opciones de compra\n<ul>\n<li>Venta al por mayor, pedido m\u00ednimo 5 viales<\/li>\n<\/ul>\n<\/li>\n<\/ul>\n<p>&nbsp;<\/p>\n<h3><strong>Combo Bienestar<\/strong><\/h3>\n<ul>\n<li>Contenido del kit\n<ul>\n<li>1 vial de 1800 mg de L-Glutati\u00f3n<\/li>\n<li>1 vial de 1000 mg de NAD<span class='bluePlusDangit'>+<\/span><\/li>\n<li>20 microagujas (0,3 ml)<\/li>\n<li>20 microagujas (1 ml)<\/li>\n<li>40 toallitas antibacterianas<\/li>\n<li>2 cubos de basura<\/li>\n<li>1 x Bolsa de gel refrigerante<\/li>\n<li>1 x NAD<span class='bluePlusDangit'>+<\/span> Manual de instrucciones<\/li>\n<li>1 x L-Glutathione Gu\u00eda de instrucciones<\/li>\n<li>1 x NAD<span class='bluePlusDangit'>+<\/span> Tarjeta de protocolo<\/li>\n<li>1 x Tarjeta de protocolo L-Glutathione<\/li>\n<\/ul>\n<\/li>\n<li>Opciones de compra\n<ul>\n<li>Compra \u00fanica<\/li>\n<li>Suscripci\u00f3n con entrega autom\u00e1tica cada 2, 4, 5 \u00f3 6 semanas<\/li>\n<\/ul>\n<\/li>\n<li>Ahorro por suscripci\u00f3n\n<ul>\n<li>10% de descuento en abonos de 2, 4, 5 \u00f3 6 semanas<\/li>\n<\/ul>\n<\/li>\n<li><a href=\"\/es\/product\/nad-at-home-wellness-combo\/?wmc-currency=EUR\">P\u00e1gina de productos Wellness Combo<\/a><\/li>\n<\/ul>\n<p>&nbsp;<\/p>\n<h3><strong>NAD<span class='bluePlusDangit'>+<\/span> Pluma de inyecci\u00f3n dom\u00e9stica<\/strong><\/h3>\n<ul>\n<li>Bol\u00edgrafo y kit completo\n<ul>\n<li>Contenido del kit\n<ul>\n<li>1 x Pluma autoinyectora Premium<\/li>\n<li>2 x Cartuchos conteniendo 500mg\/3ml de NAD<span class='bluePlusDangit'>+<\/span> cada uno (1.000 mg de NAD<span class='bluePlusDangit'>+<\/span> Total)<\/li>\n<li>1 x Estuche de viaje gratuito con neveras port\u00e1tiles<\/li>\n<li>20 microagujas<\/li>\n<li>20 toallitas antibacterianas<\/li>\n<li>1 contenedor de objetos punzantes (para desechar las agujas de forma segura)<\/li>\n<li>1 x Gu\u00eda de instrucciones<\/li>\n<\/ul>\n<\/li>\n<li>Suministro\n<ul>\n<li>Un suministro de 1 mes = 3 productos (1 pluma + 2 cartuchos de NAD de 500 mg\/3 ml)<\/li>\n<li>Suministro para 2 meses = 5 productos (1 pluma + 4 cartuchos de NAD de 500 mg\/3 ml)<\/li>\n<li>Un suministro para 3 meses = 7 productos (1 pluma + 6 cartuchos de NAD de 500 mg\/3 ml)<\/li>\n<\/ul>\n<\/li>\n<li>Opciones de compra\n<ul>\n<li>Compra \u00fanica<\/li>\n<li>Suscripci\u00f3n con entrega autom\u00e1tica cada 2 semanas, 1 Mes, 2 Meses o 3 Meses para cada suministro<\/li>\n<li>Venta al por mayor, pedido m\u00ednimo 5 kits<\/li>\n<\/ul>\n<\/li>\n<li>Ahorro por suscripci\u00f3n\n<ul>\n<li>Suministro para 1 mes - 26% de descuento en suscripciones de 2 semanas, 1 mes, 2 meses o 3 meses<\/li>\n<li>Suministro para 2 meses - 31% de descuento en suscripciones de 2 semanas, 1 Mes, 2 Meses o 3 Meses<\/li>\n<li>Suministro para 3 meses - 35% de descuento en suscripciones de 2 semanas, 1 mes, 2 meses o 3 meses<\/li>\n<\/ul>\n<\/li>\n<li>Ahorro al por mayor\n<ul>\n<li>De 5 a 9 kits: 33,33% de ahorro por kit.<\/li>\n<li>10+ kits: 37,33% de ahorro por kit<\/li>\n<\/ul>\n<\/li>\n<li><a href=\"\/es\/product\/nad-injection-pen\/?wmc-currency=EUR\">NAD<span class='bluePlusDangit'>+<\/span> P\u00e1gina de productos de la pluma de inyecci\u00f3n Home<\/a><\/li>\n<\/ul>\n<\/li>\n<li>Kit de recambio\n<ul>\n<li>Contenido del kit\n<ul>\n<li>2 x Cartuchos conteniendo 500mg\/3ml de NAD<span class='bluePlusDangit'>+<\/span> cada uno (1.000 mg de NAD<span class='bluePlusDangit'>+<\/span> Total)<\/li>\n<li>20 microagujas<\/li>\n<li>20 toallitas antibacterianas<\/li>\n<li>1 contenedor de objetos punzantes (para desechar las agujas de forma segura)<\/li>\n<\/ul>\n<\/li>\n<li>Suministro\n<ul>\n<li>Un suministro de 1 mes = 2 productos (2 cartuchos de NAD de 500 mg\/3 ml)<\/li>\n<li>Un suministro para 2 meses = 4 productos (4 cartuchos de NAD de 500 mg\/3 ml)<\/li>\n<li>Un suministro para 3 meses = 6 productos (6 cartuchos de NAD de 500 mg\/3 ml)<\/li>\n<\/ul>\n<\/li>\n<li>Opciones de compra\n<ul>\n<li>Compra \u00fanica<\/li>\n<li>Suscripci\u00f3n con entrega autom\u00e1tica cada 2 semanas, 1 Mes, 2 Meses o 3 Meses para cada suministro<\/li>\n<li>Venta al por mayor, pedido m\u00ednimo 5 kits<\/li>\n<\/ul>\n<\/li>\n<li>Ahorro por suscripci\u00f3n\n<ul>\n<li>Suministro para 1 mes - 26% de descuento en suscripciones de 2 semanas, 1 mes, 2 meses o 3 meses<\/li>\n<li>Suministro para 2 meses - 32% de descuento en suscripciones de 2 semanas, 1 mes, 2 meses o 3 meses<\/li>\n<li>Suministro para 3 meses - 36% descuento en suscripciones de 2 semanas, 1 mes, 2 meses o 3 meses<\/li>\n<\/ul>\n<\/li>\n<li>Ahorro al por mayor\n<ul>\n<li>De 5 a 9 kits: 31,88% de ahorro por kit<\/li>\n<li>10+ kits: 37.68% de ahorro por kit<\/li>\n<\/ul>\n<\/li>\n<li><a href=\"\/es\/product\/nad-injection-pen-refill-kits\/?wmc-currency=EUR\">NAD<span class='bluePlusDangit'>+<\/span> Kits de recambio para plumas de inyecci\u00f3n P\u00e1gina de producto<\/a><\/li>\n<\/ul>\n<\/li>\n<li>Kit de prueba (Descubrimiento)\n<ul>\n<li>Contenido del kit\n<ul>\n<li>1 x Bol\u00edgrafo autoinyector recargable f\u00e1cil de usar<\/li>\n<li>1 cartucho de 3ml \/ 500mg de NAD puro<span class='bluePlusDangit'>+<\/span><\/li>\n<li>10 microagujas<\/li>\n<li>10 toallitas est\u00e9riles<\/li>\n<li>1 cubo de basura para desechar agujas de forma segura<\/li>\n<\/ul>\n<\/li>\n<li>Opciones de compra\n<ul>\n<li>Compra \u00fanica<\/li>\n<\/ul>\n<\/li>\n<li><a href=\"\/es\/product\/nad-injection-pen-discovery-kit-500mg\/?wmc-currency=EUR\">NAD<span class='bluePlusDangit'>+<\/span> Injection Pen Discovery Kit P\u00e1gina de producto<\/a><\/li>\n<\/ul>\n<\/li>\n<\/ul>\n<p>&nbsp;<\/p>\n<h3><strong>NAD liofilizado<span class='bluePlusDangit'>+<\/span> (500g)<\/strong><\/h3>\n<ul>\n<li>Contenido\n<ul>\n<li>1 x NAD liofilizado<span class='bluePlusDangit'>+<\/span> Frasco de polvo (500 g) para administraci\u00f3n intravenosa<\/li>\n<\/ul>\n<\/li>\n<li>Opciones de compra\n<ul>\n<li>Venta al por mayor\n<ul>\n<li>Venta al por mayor, pedido m\u00ednimo 10 viales<\/li>\n<\/ul>\n<\/li>\n<\/ul>\n<\/li>\n<li><a href=\"\/es\/product\/lyophilized-nad-for-clinic-nad-iv-drips\/?wmc-currency=EUR\">NAD liofilizado<span class='bluePlusDangit'>+<\/span> (500 g) P\u00e1gina del producto<\/a><\/li>\n<\/ul>\n<p>&nbsp;<\/p>\n<h3><strong>Venta al por mayor<\/strong><\/h3>\n<p>Una empresa puede solicitar una cuenta mayorista para obtener descuentos al por mayor. Para solicitarla, rellene nuestro <a href=\"\/es\/wholesale-application\/?wmc-currency=EUR\">aplicaci\u00f3n mayorista<\/a> forma. Se aplica un pedido m\u00ednimo de 5 unidades por producto.<\/p>\n<p>&nbsp;<\/p>\n<h3><strong>Gastos de env\u00edo<\/strong><\/h3>\n<p>Realizamos env\u00edos internacionales (excepto a EE.UU. y la Rep\u00fablica de Irlanda).<br \/>\nLos gastos de env\u00edo se muestran claramente en la caja y dependen del destino.<\/p>\n<ul>\n<li>Reino Unido\n<ul>\n<li>Entrega a domicilio - entrega directa en una direcci\u00f3n\n<ul>\n<li>Env\u00edo est\u00e1ndar gratuito<\/li>\n<li>Mejora a D\u00eda laborable siguiente (pedidos realizados antes de las 13:00): 5,95 \u00a3.<\/li>\n<li>Siguiente d\u00eda laborable antes de las 12:00 (pedidos realizados antes de las 13:00): 9,95 \u00a4.<\/li>\n<\/ul>\n<\/li>\n<li>Ship to Shop: entrega en un punto de recogida\n<ul>\n<li>Entrega est\u00e1ndar gratuita<\/li>\n<li>Recogida al d\u00eda siguiente: 4,95<\/li>\n<\/ul>\n<\/li>\n<\/ul>\n<\/li>\n<li>Europa\n<ul>\n<li>Env\u00edo est\u00e1ndar 19,95<\/li>\n<li>Ocasionalmente, como parte de las rebajas y descuentos, los gastos de env\u00edo a Europa pueden ser reducidos o gratuitos.<\/li>\n<\/ul>\n<\/li>\n<li>Resto del mundo\n<ul>\n<li>Env\u00edo est\u00e1ndar 24,95<\/li>\n<li>Ocasionalmente, como parte de las rebajas y descuentos, los gastos de env\u00edo a todo el mundo pueden ser reducidos o gratuitos.<\/li>\n<\/ul>\n<\/li>\n<\/ul>\n<p>&nbsp;<\/p>\n<h3><strong>Suscripciones y facturaci\u00f3n peri\u00f3dica<\/strong><\/h3>\n<p>Si elige una opci\u00f3n de suscripci\u00f3n:<\/p>\n<ul>\n<li>Se le facturar\u00e1 autom\u00e1ticamente en el intervalo que seleccione.<\/li>\n<li>Las suscripciones se renuevan autom\u00e1ticamente hasta su cancelaci\u00f3n.<\/li>\n<li>Puede cancelar, pausar o modificar su suscripci\u00f3n en cualquier momento poni\u00e9ndose en contacto con nuestro equipo por correo electr\u00f3nico, chat en directo, whatsapp o tel\u00e9fono.<\/li>\n<li>Recibir\u00e1 un recordatorio por correo electr\u00f3nico antes de cada renovaci\u00f3n.<\/li>\n<li>Los descuentos por suscripci\u00f3n se aplican autom\u00e1ticamente al pagar y siguen siendo v\u00e1lidos mientras dure la suscripci\u00f3n.<\/li>\n<\/ul>\n<p>&nbsp;<\/p>\n<h3><strong>Ventas, descuentos y promociones<\/strong><\/h3>\n<p>Ocasionalmente realizamos promociones como Halloween, Black Friday o Rebajas de enero.<br \/>\nTodos los precios de venta y descuentos se mostrar\u00e1n claramente en el sitio web durante estos periodos.<\/p>\n<p>Los descuentos s\u00f3lo se aplican durante el periodo de vigencia de la promoci\u00f3n y no pueden combinarse con los descuentos de las suscripciones, a menos que se especifique lo contrario.<\/p>\n<p>No ofrecemos pruebas gratuitas ni descuentos introductorios.<\/p>\n<p>&nbsp;<\/p>\n<h3><strong>Formas de pago<\/strong><\/h3>\n<p>Aceptamos los siguientes m\u00e9todos de pago seguro:<\/p>\n<ul>\n<li>PayPal<\/li>\n<li>Stripe (incluidos Apple Pay y Google Pay)<\/li>\n<li>Klarna (Pague en 3 \/ Pague m\u00e1s tarde)<\/li>\n<li>Clearpay<\/li>\n<\/ul>\n<p>Todos los pagos se procesan a trav\u00e9s de pasarelas seguras y encriptadas para su protecci\u00f3n.<\/p>\n<p>&nbsp;<\/p>\n<h3><strong>Cambios de precios<\/strong><\/h3>\n<p>Ocasionalmente podemos ajustar nuestros precios para reflejar los costes de los proveedores, las actualizaciones de los productos o los cambios de divisa.<br \/>\nCualquier cambio de precio se reflejar\u00e1 claramente en nuestro sitio web antes de la compra o renovaci\u00f3n.<br \/>\nEn el caso de las suscripciones, se le notificar\u00e1 con antelaci\u00f3n si cambia el precio de renovaci\u00f3n.<\/p>\n<p>&nbsp;<\/p>\n<h3><strong>Reembolsos y anulaciones<\/strong><\/h3>\n<p>Disponemos de una pol\u00edtica espec\u00edfica de reembolsos y devoluciones en la que se describen los requisitos, plazos y procedimientos.<br \/>\nRev\u00edselo aqu\u00ed: <a href=\"\/es\/refund-and-returns-policy\/?wmc-currency=EUR\">Pol\u00edtica de devoluciones y reembolsos<\/a><\/p>\n<p>Si desea cancelar una suscripci\u00f3n, p\u00f3ngase en contacto con nosotros por correo electr\u00f3nico, chat en directo, whatsapp o tel\u00e9fono antes de la siguiente fecha de facturaci\u00f3n para evitar cargos por renovaci\u00f3n.<\/p>\n<p>&nbsp;<\/p>\n<h3><strong>Informaci\u00f3n de contacto<\/strong><\/h3>\n<p>Si tiene alguna pregunta o duda sobre precios o facturaci\u00f3n, nuestro equipo estar\u00e1 encantado de ayudarle.<\/p>\n<p><strong>Direcci\u00f3n<\/strong>:<br \/>\nCentro de negocios Mersey Bank<br \/>\n55-57 Seabank Road<br \/>\nWallasey, Merseyside, CH45 7PA<\/p>\n<p><strong>Tel\u00e9fono<\/strong>: 0203 824 2840<\/p>\n<p><strong>Consultas generales por correo electr\u00f3nico<\/strong>: <a href=\"mailto:sales@nadaid.co.uk\">sales@nadaid.co.uk<\/a><\/p>\n<p><strong>Preguntas y asistencia por correo electr\u00f3nico<\/strong>: help@nadaid.co.uk<\/p>\n<p><strong>Pedidos y entregas por correo electr\u00f3nico<\/strong>: <a href=\"mailto:deliveries@nadaid.co.uk\">deliveries@nadaid.co.uk<\/a><\/p>\n<p>Tambi\u00e9n puede ponerse en contacto con nosotros a trav\u00e9s de <a href=\"\/es\/contact-us\/?wmc-currency=EUR\">Formulario de contacto<\/a><\/p>\n<p>&nbsp;<\/p>\n<h3><strong>Actualizaciones pol\u00edticas<\/strong><\/h3>\n<p>Podemos actualizar esta pol\u00edtica de vez en cuando para reflejar los requisitos reglamentarios o los cambios en nuestras operaciones comerciales. La \u00faltima versi\u00f3n estar\u00e1 siempre disponible en esta p\u00e1gina.<\/p>\n<p>&nbsp;<\/p>\n<h3><strong>Nota de conformidad<\/strong><\/h3>\n<p>Esta p\u00e1gina est\u00e1 dise\u00f1ada para cumplir con la Pol\u00edtica de tergiversaci\u00f3n de Google (Actualizaci\u00f3n de pr\u00e1cticas de precios deshonestos, octubre de 2025) y garantiza la divulgaci\u00f3n clara y visible de todos los costes antes de la compra.<\/p>\n<p>&nbsp;<\/p>\n<p><em>Todos los precios indicados incluyen el IVA, si procede.<\/em><\/p>\n<p>&nbsp;<\/p>\n                <\/div>\n                            <\/div>\n                                            <\/div>\n    <\/div>\n<\/div>","protected":false},"excerpt":{"rendered":"","protected":false},"author":1,"featured_media":0,"parent":0,"menu_order":0,"comment_status":"closed","ping_status":"closed","template":"","meta":{"_acf_changed":false,"footnotes":""},"class_list":["post-34123","page","type-page","status-publish","hentry"],"acf":[],"_links":{"self":[{"href":"https:\/\/nadplusathome.com\/es\/wp-json\/wp\/v2\/pages\/34123","targetHints":{"allow":["GET"]}}],"collection":[{"href":"https:\/\/nadplusathome.com\/es\/wp-json\/wp\/v2\/pages"}],"about":[{"href":"https:\/\/nadplusathome.com\/es\/wp-json\/wp\/v2\/types\/page"}],"author":[{"embeddable":true,"href":"https:\/\/nadplusathome.com\/es\/wp-json\/wp\/v2\/users\/1"}],"replies":[{"embeddable":true,"href":"https:\/\/nadplusathome.com\/es\/wp-json\/wp\/v2\/comments?post=34123"}],"version-history":[{"count":42,"href":"https:\/\/nadplusathome.com\/es\/wp-json\/wp\/v2\/pages\/34123\/revisions"}],"predecessor-version":[{"id":35097,"href":"https:\/\/nadplusathome.com\/es\/wp-json\/wp\/v2\/pages\/34123\/revisions\/35097"}],"wp:attachment":[{"href":"https:\/\/nadplusathome.com\/es\/wp-json\/wp\/v2\/media?parent=34123"}],"curies":[{"name":"wp","href":"https:\/\/api.w.org\/{rel}","templated":true}]}}