{"id":3,"date":"2023-02-23T15:33:34","date_gmt":"2023-02-23T15:33:34","guid":{"rendered":"http:\/\/nadaid-23-2.test\/?page_id=3"},"modified":"2026-01-15T14:37:59","modified_gmt":"2026-01-15T14:37:59","slug":"privacy-policy","status":"publish","type":"page","link":"https:\/\/nadplusathome.com\/es\/privacy-policy\/","title":{"rendered":"Pol\u00edtica de privacidad"},"content":{"rendered":"<div class=\"block-simple-dark-header default\" id=\"simple-dark-header-block_0eb0b754d03df0ad6fbe816167129f5c\">\n    <div class=\"container\">\n        <div class=\"inner-content\">\n                            <h1>Pol\u00edtica de privacidad<\/h1>\n                                        <p><p><span style=\"font-size: 14pt;\">Nos comprometemos a salvaguardar la privacidad de los visitantes y clientes de nuestro sitio web.<\/span><\/p>\n<\/p>\n                    <\/div>\n    <\/div>\n<\/div>\n\n\n<div class=\"block-text-content blue\" id=\"text-content-block_97b960211ecab7af468110a213bed010\">\n    <div class=\"container\">\n        <div class=\"inner-content text contrast\">\n            <div class=\"text\">\n                                <div class=\"content\">\n                    <p style=\"text-align: left;\"><strong>1. Introducci\u00f3n<\/strong><br \/>\n1.1 Nos comprometemos a salvaguardar la privacidad de los visitantes y clientes de nuestro sitio web; en esta pol\u00edtica de privacidad explicamos c\u00f3mo trataremos sus datos personales.<br \/>\n1.2 Esta pol\u00edtica se aplica cuando actuamos como responsables del tratamiento de sus datos personales; en otras palabras, cuando determinamos los fines y los medios del tratamiento de dichos datos personales.<br \/>\n1.3 En nuestro sitio web utilizamos cookies. En la medida en que dichas cookies no sean estrictamente necesarias para la prestaci\u00f3n de nuestro sitio web y servicios, le pediremos que consienta nuestro uso de cookies cuando visite nuestro sitio web por primera vez.<br \/>\n1.4 En esta pol\u00edtica, \u201cnosotros\u201d, \u201cnos\u201d y \u201cnuestro\u201d se refieren a NADAID. Para m\u00e1s informaci\u00f3n sobre nosotros, v\u00e9ase la Secci\u00f3n 17.<br \/>\n2.\u00a0<strong>Los datos personales que recogemos<\/strong><br \/>\n2.1 En esta Secci\u00f3n 2 hemos establecido las categor\u00edas generales de datos personales que procesamos y, en el caso de los datos personales que no obtuvimos directamente de usted, informaci\u00f3n sobre la fuente y las categor\u00edas espec\u00edficas de esos datos.<br \/>\n2.2 Podemos tratar datos que nos permitan ponernos en contacto con usted \u201cdatos de contacto\u201d. Los datos de contacto pueden incluir su nombre, direcci\u00f3n de correo electr\u00f3nico, n\u00famero de tel\u00e9fono y direcci\u00f3n postal.<br \/>\n2.3 Podemos procesar informaci\u00f3n relativa a transacciones, incluyendo compras de bienes y\/o servicios, que usted realice con nosotros y\/o a trav\u00e9s de nuestra p\u00e1gina web (\u201cdatos de la transacci\u00f3n\u201d). Los datos de la transacci\u00f3n pueden incluir su nombre, sus datos de contacto, los datos de su tarjeta de pago (u otros datos de pago) y los datos de la transacci\u00f3n. La fuente de los datos de la transacci\u00f3n es usted y\/o nuestro proveedor de servicios de pago.<br \/>\n2.4 Podemos procesar informaci\u00f3n contenida o relacionada con cualquier comunicaci\u00f3n que usted nos env\u00ede o que nosotros le enviemos (\u201cdatos de comunicaci\u00f3n\u201d). Los datos de comunicaci\u00f3n pueden incluir el contenido de la comunicaci\u00f3n y los metadatos asociados a la comunicaci\u00f3n. Nuestro sitio web generar\u00e1 los metadatos asociados a las comunicaciones realizadas mediante los formularios de contacto del sitio web.<br \/>\n2.5 Podemos procesar datos sobre su uso de nuestro sitio web y nuestros servicios (\u201cdatos de uso\u201d). Los datos de uso pueden incluir su direcci\u00f3n IP, ubicaci\u00f3n geogr\u00e1fica, tipo y versi\u00f3n de navegador, sistema operativo, fuente de referencia, duraci\u00f3n de la visita, p\u00e1ginas vistas y rutas de navegaci\u00f3n del sitio web, as\u00ed como informaci\u00f3n sobre el momento, la frecuencia y el patr\u00f3n de uso de los servicios. La fuente de los datos de uso es nuestro sistema de seguimiento anal\u00edtico.<br \/>\n3.\u00a0<strong>Fines del tratamiento y bases jur\u00eddicas<\/strong><br \/>\n3.1 En esta secci\u00f3n 3, hemos establecido los fines para los que podemos procesar datos personales y las bases jur\u00eddicas del procesamiento.<br \/>\n3.2 Operaciones - Podremos tratar sus datos personales para el funcionamiento de nuestro sitio web, la tramitaci\u00f3n y el cumplimiento de pedidos, la prestaci\u00f3n de nuestros servicios, el suministro de nuestros bienes, la generaci\u00f3n de facturas, recibos y otra documentaci\u00f3n relacionada con el pago, y el control del cr\u00e9dito. La base jur\u00eddica de este tratamiento son nuestros intereses leg\u00edtimos, a saber, la correcta administraci\u00f3n de nuestro sitio web, servicios y negocios, y la ejecuci\u00f3n de un contrato entre usted y nosotros y\/o la adopci\u00f3n de medidas, a petici\u00f3n suya, para celebrar dicho contrato.<br \/>\n3.3 Relaciones y comunicaciones - Podemos procesar datos de contacto, datos de transacciones y\/o datos de comunicaci\u00f3n con el fin de gestionar nuestras relaciones, comunicarnos con usted (excluyendo la comunicaci\u00f3n con fines de marketing directo) por correo electr\u00f3nico, SMS, correo postal, fax y\/o tel\u00e9fono, prestar servicios de asistencia y gestionar reclamaciones. La base jur\u00eddica de este tratamiento son nuestros intereses leg\u00edtimos, a saber, las comunicaciones con los visitantes de nuestro sitio web, los usuarios de nuestros servicios, los clientes individuales y el personal de atenci\u00f3n al cliente, el mantenimiento de nuestras relaciones, permitir el uso de nuestros servicios y la correcta administraci\u00f3n de nuestro sitio web, nuestros servicios y nuestro negocio.<br \/>\n3.4 Marketing directo - Podemos procesar datos de contacto, datos de cuenta, datos de relaci\u00f3n con el cliente y\/o datos de transacciones con el fin de crear, dirigir y enviar comunicaciones de marketing directo por correo electr\u00f3nico, SMS, correo postal y\/o fax y establecer contacto telef\u00f3nico con fines relacionados con el marketing. La base jur\u00eddica de este tratamiento son nuestros intereses leg\u00edtimos, a saber, la promoci\u00f3n de nuestro negocio y la comunicaci\u00f3n de mensajes y ofertas de marketing a los visitantes de nuestro sitio web y a los usuarios de nuestros servicios.<br \/>\n3.5 Investigaci\u00f3n y an\u00e1lisis - Podemos procesar datos de uso y\/o datos de transacciones con el fin de investigar y analizar el uso de nuestro sitio web y servicios, as\u00ed como investigar y analizar otras interacciones con nuestro negocio. La base jur\u00eddica de este tratamiento son nuestros intereses leg\u00edtimos, a saber, la supervisi\u00f3n, el apoyo, la mejora y la seguridad de nuestro sitio web, nuestros servicios y nuestra empresa en general.<br \/>\n3.6 Mantenimiento de registros - Podemos tratar sus datos personales con el fin de crear y mantener nuestras bases de datos, copias de seguridad de nuestras bases de datos y nuestros registros comerciales en general. La base jur\u00eddica de este tratamiento son nuestros intereses leg\u00edtimos, a saber, garantizar que tenemos acceso a toda la informaci\u00f3n que necesitamos para gestionar nuestra empresa de forma adecuada y eficiente de conformidad con esta pol\u00edtica.<br \/>\n3.7 Seguridad - Podemos tratar sus datos personales con fines de seguridad y prevenci\u00f3n del fraude y otras actividades delictivas. La base jur\u00eddica de este tratamiento son nuestros intereses leg\u00edtimos, a saber, la protecci\u00f3n de nuestro sitio web, servicios y negocio, y la protecci\u00f3n de terceros.<br \/>\n3.8 Seguros y gesti\u00f3n de riesgos - Podemos tratar sus datos personales cuando sea necesario para obtener o mantener una cobertura de seguro, gestionar riesgos y\/u obtener asesoramiento profesional. La base jur\u00eddica de este tratamiento son nuestros intereses leg\u00edtimos, a saber, la protecci\u00f3n adecuada de nuestro negocio frente a los riesgos.<br \/>\n3.11 Reclamaciones judiciales - Podemos tratar sus datos personales cuando sea necesario para el reconocimiento, el ejercicio o la defensa de reclamaciones judiciales, ya sea en un procedimiento judicial o en un procedimiento administrativo o extrajudicial. La base jur\u00eddica de este tratamiento son nuestros intereses leg\u00edtimos, a saber, la protecci\u00f3n y la defensa de nuestros derechos legales, sus derechos legales y los derechos legales de terceros.<br \/>\n3.12 Cumplimiento legal e intereses vitales - Tambi\u00e9n podemos tratar sus datos personales cuando dicho tratamiento sea necesario para el cumplimiento de una obligaci\u00f3n legal a la que estemos sujetos o para proteger sus intereses vitales o los intereses vitales de otra persona f\u00edsica.<br \/>\n4.\u00a0<strong>Facilitar sus datos personales a terceros<\/strong><br \/>\n4.1 Podemos revelar sus datos personales a cualquier miembro de nuestro grupo de empresas (es decir, nuestras filiales, nuestra sociedad matriz y todas sus filiales) en la medida en que sea razonablemente necesario para los fines y con arreglo a los fundamentos jur\u00eddicos establecidos en la presente pol\u00edtica.<br \/>\n4.2 Podemos revelar sus datos personales a nuestras aseguradoras y\/o asesores profesionales en la medida en que sea razonablemente necesario para obtener o mantener la cobertura de seguros, gestionar riesgos y obtener asesoramiento profesional.<br \/>\n4.3 Sus datos personales contenidos en la base de datos de nuestro sitio web se almacenar\u00e1n en los servidores de nuestros proveedores de servicios de alojamiento.<br \/>\n4.4 Las transacciones financieras relacionadas con nuestro sitio web y nuestros servicios son gestionadas por nuestros proveedores de servicios de pago (Stripe, Paypal y Clearpay). Compartiremos los datos de las transacciones con nuestros proveedores de servicios de pago \u00fanicamente en la medida en que sea necesario para procesar sus pagos, reembolsar dichos pagos y gestionar las quejas y consultas relacionadas con dichos pagos y reembolsos.<br \/>\n4.5 Adem\u00e1s de las divulgaciones espec\u00edficas de datos personales establecidas en la presente secci\u00f3n 4, podremos divulgar sus datos personales cuando dicha divulgaci\u00f3n sea necesaria para el cumplimiento de una obligaci\u00f3n legal a la que estemos sujetos, o para proteger sus intereses vitales o los intereses vitales de otra persona f\u00edsica. Tambi\u00e9n podremos revelar sus datos personales cuando dicha revelaci\u00f3n sea necesaria para el establecimiento, ejercicio o defensa de reclamaciones legales, ya sea en un procedimiento judicial o en un procedimiento administrativo o extrajudicial.<br \/>\n5.\u00a0<strong>Conservaci\u00f3n y supresi\u00f3n de datos personales<\/strong><br \/>\n5.1 Esta secci\u00f3n 5 establece nuestras pol\u00edticas y procedimientos de conservaci\u00f3n de datos, que est\u00e1n dise\u00f1ados para ayudar a garantizar que cumplimos con nuestras obligaciones legales en relaci\u00f3n con la conservaci\u00f3n y supresi\u00f3n de datos personales.<br \/>\n5.2 Los datos personales que tratemos para cualquier fin o fines no se conservar\u00e1n durante m\u00e1s tiempo del necesario para ese fin o esos fines.<br \/>\n5.3 Conservaremos sus datos personales del siguiente modo:<br \/>\n(a) los datos de contacto se conservar\u00e1n durante un per\u00edodo m\u00ednimo de 6 meses a partir de la fecha del contacto m\u00e1s reciente entre usted y nosotros, y durante un per\u00edodo m\u00e1ximo de 6 a\u00f1os a partir de esa fecha;<br \/>\n(b) los datos relativos a la relaci\u00f3n con el cliente se conservar\u00e1n durante un periodo m\u00ednimo de 1 a\u00f1o a partir de la fecha de finalizaci\u00f3n de la relaci\u00f3n con el cliente pertinente y durante un periodo m\u00e1ximo de 6 a\u00f1os a partir de dicha fecha;<br \/>\n(c) los datos de las transacciones se conservar\u00e1n durante un periodo m\u00ednimo de 6 a\u00f1os a partir de la fecha de la transacci\u00f3n, y durante un periodo m\u00e1ximo de 6 a\u00f1os a partir de dicha fecha;<br \/>\n(d) los datos de comunicaci\u00f3n se conservar\u00e1n durante un periodo m\u00ednimo de 1 a\u00f1o a partir de la fecha de la comunicaci\u00f3n en cuesti\u00f3n, y durante un periodo m\u00e1ximo de 6 a\u00f1os a partir de dicha fecha;<br \/>\n(e) los datos de uso se conservar\u00e1n durante 2 a\u00f1os a partir de la fecha de recogida.<br \/>\n5.4 Sin perjuicio de las dem\u00e1s disposiciones de la presente secci\u00f3n 5, podremos conservar sus datos personales cuando dicha conservaci\u00f3n sea necesaria para el cumplimiento de una obligaci\u00f3n legal a la que estemos sujetos, o para proteger sus intereses vitales o los intereses vitales de otra persona f\u00edsica.<br \/>\n6.\u00a0<strong>Seguridad de los datos personales<\/strong><br \/>\n6.1 Tomaremos las precauciones t\u00e9cnicas y organizativas adecuadas para proteger sus datos personales y evitar la p\u00e9rdida, el uso indebido o la alteraci\u00f3n de los mismos.<br \/>\n6.2 Almacenaremos sus datos personales en servidores seguros, ordenadores personales y dispositivos m\u00f3viles, as\u00ed como en sistemas seguros de registro manual.<br \/>\n6.3 Los siguientes datos personales ser\u00e1n almacenados por nosotros de forma encriptada: su nombre, informaci\u00f3n de contacto, contrase\u00f1a(s) y datos del titular de la tarjeta.<br \/>\n6.4 Los datos relativos a sus consultas y transacciones financieras que se env\u00eden desde su navegador web a nuestro servidor web, o desde nuestro servidor web a su navegador web, estar\u00e1n protegidos mediante tecnolog\u00eda de encriptaci\u00f3n.<br \/>\n6.5 Usted reconoce que la transmisi\u00f3n de datos no encriptados (o encriptados inadecuadamente) a trav\u00e9s de Internet es intr\u00ednsecamente insegura, y nosotros no podemos garantizar la seguridad de los datos enviados a trav\u00e9s de Internet.<br \/>\n6.6 Debe asegurarse de que su contrase\u00f1a no sea susceptible de ser adivinada, ya sea por una persona o por un programa inform\u00e1tico. Usted es responsable de mantener la confidencialidad de la contrase\u00f1a que utiliza para acceder a nuestro sitio web y nosotros no le pediremos su contrase\u00f1a (excepto cuando inicie sesi\u00f3n en nuestro sitio web).<br \/>\n7.<strong>\u00a0Sus derechos<\/strong><br \/>\n7.1 En esta secci\u00f3n 7 hemos enumerado los derechos que le asisten en virtud de la ley de protecci\u00f3n de datos.<br \/>\n7.2 Sus principales derechos en virtud de la ley de protecci\u00f3n de datos son:<br \/>\n(a) Derecho de acceso: puede solicitar copias de sus datos personales;<br \/>\n(b) derecho de rectificaci\u00f3n: puede pedirnos que rectifiquemos los datos personales inexactos y que completemos los datos personales incompletos;<br \/>\n(c) Derecho de supresi\u00f3n: puede pedirnos que borremos sus datos personales;<br \/>\n(d) derecho a restringir el tratamiento: puede pedirnos que restrinjamos el tratamiento de sus datos personales;<br \/>\n(e) derecho a oponerse al tratamiento: puede oponerse al tratamiento de sus datos personales;<br \/>\n(f) derecho a la portabilidad de los datos: puede solicitar que transfiramos sus datos personales a otra organizaci\u00f3n o a usted;<br \/>\n(g) derecho a presentar una reclamaci\u00f3n ante una autoridad de control: puede presentar una reclamaci\u00f3n sobre el tratamiento que hacemos de sus datos personales; y<br \/>\n(h) derecho a retirar el consentimiento: en la medida en que la base jur\u00eddica de nuestro tratamiento de sus datos personales sea el consentimiento, usted puede retirar dicho consentimiento.<br \/>\n7.3 Estos derechos est\u00e1n sujetos a ciertas limitaciones y excepciones. Puede obtener m\u00e1s informaci\u00f3n sobre los derechos de los interesados visitando https:\/\/edpb.europa.eu\/our-work-tools\/general-guidance\/gdpr-guidelines-recommendations-best-practices_en y https:\/\/ico.org.uk\/for-organisations\/guide-to-data-protection\/guide-to-the-general-data-protection-regulation-gdpr\/individual-rights\/].<br \/>\n7.4 Puede ejercer cualquiera de sus derechos en relaci\u00f3n con sus datos personales notific\u00e1ndonoslo por escrito, utilizando los datos de contacto que figuran a continuaci\u00f3n.<br \/>\n8.\u00a0<strong>Sitios web de terceros<\/strong><br \/>\n8.1 Nuestro sitio web incluye hiperv\u00ednculos y datos de sitios web de terceros.<br \/>\n8.2 En general, no tenemos control sobre las pol\u00edticas y pr\u00e1cticas de privacidad de terceros y no somos responsables de ellas.<br \/>\n9.\u00a0<strong>Datos personales de los ni\u00f1os<\/strong><br \/>\n9.1 Nuestro sitio web y nuestros servicios est\u00e1n dirigidos a personas mayores de 18 a\u00f1os.<br \/>\n9.2 Si tenemos motivos para creer que tenemos datos personales de una persona menor de esa edad en nuestras bases de datos, eliminaremos esos datos personales.<br \/>\n10.\u00a0<strong>Actualizaci\u00f3n de la informaci\u00f3n<\/strong><br \/>\n10.1 Le rogamos que nos comunique si es necesario corregir o actualizar los datos personales que tenemos sobre usted.<br \/>\n11.\u00a0<strong>Acerca de las cookies<\/strong><br \/>\n11.1 Una cookie es un fichero que contiene un identificador (una cadena de letras y n\u00fameros) que es enviado por un servidor web a un navegador y almacenado por \u00e9ste. El identificador se env\u00eda de vuelta al servidor cada vez que el navegador solicita una p\u00e1gina del servidor.<br \/>\n11.2 Las cookies pueden ser \u201cpersistentes\u201d o \u201cde sesi\u00f3n\u201d: una cookie persistente ser\u00e1 almacenada por un navegador web y seguir\u00e1 siendo v\u00e1lida hasta la fecha de caducidad establecida, a menos que el usuario la elimine antes de la fecha de caducidad; una cookie de sesi\u00f3n, por otro lado, caducar\u00e1 al final de la sesi\u00f3n del usuario, cuando se cierre el navegador web.<br \/>\n11.3 Las cookies no pueden contener ninguna informaci\u00f3n que identifique personalmente a un usuario, pero los datos personales que almacenamos sobre usted pueden estar vinculados a la informaci\u00f3n almacenada y obtenida de las cookies.<br \/>\n12.\u00a0<strong>Cookies que utilizamos<\/strong><br \/>\n12.1 Utilizamos cookies para los siguientes fines:<br \/>\n(a) autenticaci\u00f3n y estado: utilizamos cookies para identificarle cuando visita nuestro sitio web y mientras navega por \u00e9l, y para ayudarnos a determinar si ha iniciado sesi\u00f3n en nuestro sitio web (las cookies utilizadas para este fin son:<br \/>\n(b) Cesta de la compra: utilizamos cookies para mantener el estado de su cesta de la compra mientras navega por nuestro sitio web.<br \/>\n(c) personalizaci\u00f3n: utilizamos cookies para almacenar informaci\u00f3n sobre sus preferencias y personalizar nuestro sitio web para usted;<br \/>\n(d) seguridad: utilizamos cookies como elemento de las medidas de seguridad empleadas para proteger las cuentas de usuario, incluida la prevenci\u00f3n del uso fraudulento de las credenciales de inicio de sesi\u00f3n, y para proteger nuestro sitio web y nuestros servicios en general. Las cookies utilizadas con este fin son:<br \/>\n(e) an\u00e1lisis: utilizamos cookies para ayudarnos a analizar el uso y el rendimiento de nuestro sitio web y nuestros servicios<br \/>\n(g) consentimiento de cookies: utilizamos cookies para almacenar sus preferencias en relaci\u00f3n con el uso de cookies de forma m\u00e1s general<br \/>\n13.\u00a0<strong>Cookies utilizadas por nuestros proveedores de servicios<\/strong><br \/>\n13.1 Nuestros proveedores de servicios utilizan cookies, que pueden almacenarse en su ordenador cuando visita nuestro sitio web.<br \/>\n13.2 Utilizamos Google Analytics. Google Analytics recopila informaci\u00f3n sobre el uso de nuestro sitio web mediante cookies. La informaci\u00f3n recopilada se utiliza para crear informes sobre el uso de nuestro sitio web. Puede obtener m\u00e1s informaci\u00f3n sobre el uso que Google hace de la informaci\u00f3n en https:\/\/www.google.com\/policies\/privacy\/partners\/ y puede consultar la pol\u00edtica de privacidad de Google en https:\/\/policies.google.com\/privacy.<br \/>\n13.3 Utilizamos un p\u00edxel de Facebook en nuestro sitio web. Mediante el p\u00edxel, Facebook recopila informaci\u00f3n sobre los usuarios y el uso de nuestro sitio web. La informaci\u00f3n se utiliza para personalizar los anuncios de Facebook y para analizar el uso de nuestro sitio web. Para obtener m\u00e1s informaci\u00f3n sobre el p\u00edxel de Facebook y sobre el uso que Facebook hace de los datos personales en general, consulte la pol\u00edtica de cookies de Facebook en https:\/\/www.facebook.com\/policies\/cookies\/ y la pol\u00edtica de privacidad de Facebook en https:\/\/www.facebook.com\/about\/privacy. La pol\u00edtica de cookies de Facebook incluye informaci\u00f3n sobre c\u00f3mo controlar el uso que Facebook hace de las cookies para mostrarte publicidad. Si eres un usuario registrado de Facebook, puedes ajustar c\u00f3mo se orientan los anuncios siguiendo las instrucciones de https:\/\/www.facebook.com\/help\/568137493302217.<br \/>\n14.\u00a0<strong>Gesti\u00f3n de cookies<\/strong><br \/>\n14.1 La mayor\u00eda de los navegadores le permiten negarse a aceptar cookies y eliminarlas. Los m\u00e9todos para hacerlo var\u00edan de un navegador a otro y de una versi\u00f3n a otra. No obstante, puede obtener informaci\u00f3n actualizada sobre el bloqueo y la eliminaci\u00f3n de cookies a trav\u00e9s de estos enlaces:<br \/>\n(a) https:\/\/support.google.com\/chrome\/answer\/95647 (Cromo);<br \/>\n(b) https:\/\/support.mozilla.org\/en-US\/kb\/enhanced-tracking-protection-firefox-desktop (Firefox);<br \/>\n(c) https:\/\/help.opera.com\/en\/latest\/security-and-privacy\/ (Opera);<br \/>\n(d) https:\/\/support.microsoft.com\/en-gb\/help\/17442\/windows-internet-explorer-delete-manage-cookies (Internet Explorer);<br \/>\n(e) https:\/\/support.apple.com\/en-gb\/guide\/safari\/manage-cookies-and-website-data-sfri11471\/mac (Safari); y<br \/>\n(f) https:\/\/support.microsoft.com\/en-gb\/help\/4468242\/microsoft-edge-browsing-data-and-privacy (Edge).<br \/>\n14.2 Bloquear todas las cookies tendr\u00e1 un impacto negativo en la usabilidad de muchos sitios web.<br \/>\n14.3 Si bloquea las cookies, no podr\u00e1 utilizar todas las funciones de nuestro sitio web.<br \/>\n15.\u00a0<strong>Preferencias de cookies<\/strong><br \/>\n15.1 Puede gestionar sus preferencias relativas al uso de cookies en nuestro sitio web visitando: http:\/\/nadplusathome.com<br \/>\n16.\u00a0<strong>Enmiendas<\/strong><br \/>\n16.1 Podemos actualizar esta pol\u00edtica de vez en cuando publicando una nueva versi\u00f3n en nuestro sitio web.<br \/>\n16.2 Debe consultar esta p\u00e1gina de vez en cuando para asegurarse de que est\u00e1 conforme con los cambios introducidos en esta pol\u00edtica.<br \/>\n17.\u00a0<strong>Nuestros datos<\/strong><br \/>\n17.1 Este sitio web es propiedad y est\u00e1 gestionado por NADAID LTD.<br \/>\n17.2 Estamos registrados en el Reino Unido con el n\u00famero de registro 14186621, y nuestro domicilio social se encuentra en 52 High Street, Pinner, Middlesex, Reino Unido, HA5 5PW.<br \/>\n17.3 Nuestra sede principal se encuentra en 71-75 Shelton Street, Covent Garden, Londres, WC2H 9JQ.<br \/>\n17.4 Puede ponerse en contacto con nosotros:<br \/>\n(a) por correo, a la direcci\u00f3n postal arriba indicada;<br \/>\n(b) utilizando el formulario de contacto de nuestro sitio web;<br \/>\n(c) por tel\u00e9fono, al n\u00famero de contacto publicado en nuestro sitio web; o<br \/>\n(d) por correo electr\u00f3nico, utilizando la direcci\u00f3n de correo electr\u00f3nico publicada en nuestro sitio web.<\/p>\n                <\/div>\n                            <\/div>\n                                            <\/div>\n    <\/div>\n<\/div>","protected":false},"excerpt":{"rendered":"","protected":false},"author":1,"featured_media":0,"parent":0,"menu_order":0,"comment_status":"closed","ping_status":"closed","template":"","meta":{"_acf_changed":false,"footnotes":""},"class_list":["post-3","page","type-page","status-publish","hentry"],"acf":[],"_links":{"self":[{"href":"https:\/\/nadplusathome.com\/es\/wp-json\/wp\/v2\/pages\/3","targetHints":{"allow":["GET"]}}],"collection":[{"href":"https:\/\/nadplusathome.com\/es\/wp-json\/wp\/v2\/pages"}],"about":[{"href":"https:\/\/nadplusathome.com\/es\/wp-json\/wp\/v2\/types\/page"}],"author":[{"embeddable":true,"href":"https:\/\/nadplusathome.com\/es\/wp-json\/wp\/v2\/users\/1"}],"replies":[{"embeddable":true,"href":"https:\/\/nadplusathome.com\/es\/wp-json\/wp\/v2\/comments?post=3"}],"version-history":[{"count":1,"href":"https:\/\/nadplusathome.com\/es\/wp-json\/wp\/v2\/pages\/3\/revisions"}],"predecessor-version":[{"id":39533,"href":"https:\/\/nadplusathome.com\/es\/wp-json\/wp\/v2\/pages\/3\/revisions\/39533"}],"wp:attachment":[{"href":"https:\/\/nadplusathome.com\/es\/wp-json\/wp\/v2\/media?parent=3"}],"curies":[{"name":"wp","href":"https:\/\/api.w.org\/{rel}","templated":true}]}}