{"id":2716,"date":"2023-05-10T14:53:15","date_gmt":"2023-05-10T13:53:15","guid":{"rendered":"https:\/\/nadplusathome.com\/?page_id=2716"},"modified":"2024-04-29T15:30:40","modified_gmt":"2024-04-29T14:30:40","slug":"product-disclaimer","status":"publish","type":"page","link":"https:\/\/nadplusathome.com\/es\/product-disclaimer\/","title":{"rendered":"Descargo de responsabilidad"},"content":{"rendered":"<div class=\"block-simple-dark-header default\" id=\"simple-dark-header-block_f9b16ad76eb881ce65a4d86fc6c032bf\">\n    <div class=\"container\">\n        <div class=\"inner-content\">\n                            <h1>Descargo de responsabilidad<\/h1>\n                                        <p><p><span style=\"font-size: 14pt;\">Nos comprometemos a salvaguardar la privacidad de los visitantes y clientes de nuestro sitio web.<\/span><\/p>\n<\/p>\n                    <\/div>\n    <\/div>\n<\/div>\n\n\n<div class=\"block-text-content blue\" id=\"text-content-block_dc44eba58d5e0d5345c1e75914ac50a7\">\n    <div class=\"container\">\n        <div class=\"inner-content text contrast\">\n            <div class=\"text\">\n                                <div class=\"content\">\n                    <h2><span class=\"ui-provider cen ceo c d e f g h i j k l m n o p q r s t cep ceq w x y z ab ac ae af ag ah ai aj ak\" dir=\"ltr\" style=\"font-size: 14pt;\">Por favor, lea y acepte las siguientes declaraciones antes de comprar cualquier producto suplementario en nuestro sitio web.<\/span><\/h2>\n<p>&nbsp;<\/p>\n<p><span class=\"ui-provider cen ceo c d e f g h i j k l m n o p q r s t cep ceq w x y z ab ac ae af ag ah ai aj ak\" dir=\"ltr\">Entiendo que las declaraciones hechas con respecto a estos productos suplementarios no han sido evaluadas por la Food and Drug Administration (FDA).<\/span><\/p>\n<p>Reconozco que estos suplementos no est\u00e1n destinados a diagnosticar, tratar, curar o prevenir ninguna enfermedad.<\/p>\n<p><span class=\"ui-provider cen ceo c d e f g h i j k l m n o p q r s t cep ceq w x y z ab ac ae af ag ah ai aj ak\" dir=\"ltr\">Soy consciente de que es mi responsabilidad consultar con un profesional de la salud antes de comenzar cualquier r\u00e9gimen de suplementos, especialmente si estoy embarazada, amamantando, tomando medicamentos o tengo una condici\u00f3n m\u00e9dica preexistente.<\/span><\/p>\n<p>Comprendo que los resultados individuales pueden variar y que la eficacia de estos suplementos no est\u00e1 garantizada para todo el mundo.<\/p>\n<p>Reconozco que algunos usuarios pueden experimentar efectos secundarios al tomar estos suplementos, por lo que interrumpir\u00e9 su uso inmediatamente y consultar\u00e9 a un profesional sanitario si experimento alguna reacci\u00f3n adversa.<\/p>\n<p>Soy consciente de que es mi responsabilidad comprobar la lista de ingredientes del suplemento para asegurarme de que no tengo ninguna alergia o sensibilidad a los ingredientes.<\/p>\n<p>Entiendo que la empresa no es responsable de ning\u00fan da\u00f1o o perjuicio causado por el mal uso o abuso de los productos suplementarios.<\/p>\n                <\/div>\n                            <\/div>\n                                            <\/div>\n    <\/div>\n<\/div>","protected":false},"excerpt":{"rendered":"","protected":false},"author":1,"featured_media":0,"parent":0,"menu_order":0,"comment_status":"closed","ping_status":"closed","template":"","meta":{"_acf_changed":false,"footnotes":""},"class_list":["post-2716","page","type-page","status-publish","hentry"],"acf":[],"_links":{"self":[{"href":"https:\/\/nadplusathome.com\/es\/wp-json\/wp\/v2\/pages\/2716","targetHints":{"allow":["GET"]}}],"collection":[{"href":"https:\/\/nadplusathome.com\/es\/wp-json\/wp\/v2\/pages"}],"about":[{"href":"https:\/\/nadplusathome.com\/es\/wp-json\/wp\/v2\/types\/page"}],"author":[{"embeddable":true,"href":"https:\/\/nadplusathome.com\/es\/wp-json\/wp\/v2\/users\/1"}],"replies":[{"embeddable":true,"href":"https:\/\/nadplusathome.com\/es\/wp-json\/wp\/v2\/comments?post=2716"}],"version-history":[{"count":0,"href":"https:\/\/nadplusathome.com\/es\/wp-json\/wp\/v2\/pages\/2716\/revisions"}],"wp:attachment":[{"href":"https:\/\/nadplusathome.com\/es\/wp-json\/wp\/v2\/media?parent=2716"}],"curies":[{"name":"wp","href":"https:\/\/api.w.org\/{rel}","templated":true}]}}