{"id":2317,"date":"2023-03-21T18:12:24","date_gmt":"2023-03-21T18:12:24","guid":{"rendered":"https:\/\/nadplusathome.com\/?page_id=2317"},"modified":"2025-07-23T12:15:20","modified_gmt":"2025-07-23T11:15:20","slug":"delivery-policy","status":"publish","type":"page","link":"https:\/\/nadplusathome.com\/es\/delivery-policy\/","title":{"rendered":"Pol\u00edtica de entrega"},"content":{"rendered":"<div class=\"block-simple-dark-header default\" id=\"simple-dark-header-block_b9d6cb5a0a449d2d3a68a25ea693099e\">\n    <div class=\"container\">\n        <div class=\"inner-content\">\n                            <h1>Pol\u00edtica de entrega<\/h1>\n                                        <p><p>Nos comprometemos a salvaguardar la privacidad de los visitantes y clientes de nuestro sitio web.<\/p>\n<\/p>\n                    <\/div>\n    <\/div>\n<\/div>\n\n\n<div class=\"block-text-content blue\" id=\"text-content-block_7075f4a4ce4ca1775e0688b9125d2f60\">\n    <div class=\"container\">\n        <div class=\"inner-content text contrast\">\n            <div class=\"text\">\n                                <div class=\"content\">\n                    <p>Resumen de la pol\u00edtica de entrega:<\/p>\n<ul>\n<li>Esta pol\u00edtica describe nuestros m\u00e9todos de entrega, plazos y gastos para los pedidos realizados en nuestro sitio web.<\/li>\n<li>El env\u00edo est\u00e1ndar es gratuito para todas las direcciones del Reino Unido continental.<\/li>\n<li>Normalmente entregamos en Inglaterra, Escocia, Gales e Irlanda del Norte, con entregas ocasionales en otros pa\u00edses\/territorios.<\/li>\n<li>Para entregas en el Reino Unido continental, el plazo de entrega es de aproximadamente 3 d\u00edas laborables. No obstante, los plazos de entrega no est\u00e1n garantizados.<\/li>\n<li>Rastree su pedido utilizando el n\u00famero de pedido facilitado en el sitio web de nuestro proveedor de servicios de entrega.<\/li>\n<li>Las entregas requieren firma y deben recibirse en persona en la direcci\u00f3n de entrega.<\/li>\n<li>Nuestro proveedor de servicios de entrega intentar\u00e1 la entrega al menos una vez m\u00e1s si el intento inicial no tiene \u00e9xito.<\/li>\n<li>Los productos no entregados pueden recogerse del proveedor del servicio de entrega siguiendo las instrucciones dejadas en su direcci\u00f3n.<\/li>\n<li>Si tiene problemas con la entrega, p\u00f3ngase en contacto con nosotros a trav\u00e9s de nuestro sitio web. Pueden aplicarse gastos de reenv\u00edo si la falta de entrega es culpa suya (por ejemplo, direcci\u00f3n incorrecta, lugar inaccesible o destinatario no disponible).<\/li>\n<\/ul>\n<p>Tenga en cuenta que este es un documento legalmente vinculante y forma parte del contrato de venta entre usted y nosotros, de acuerdo con nuestros t\u00e9rminos y condiciones de venta.<\/p>\n                <\/div>\n                            <\/div>\n                                            <\/div>\n    <\/div>\n<\/div>","protected":false},"excerpt":{"rendered":"","protected":false},"author":1,"featured_media":0,"parent":0,"menu_order":0,"comment_status":"closed","ping_status":"closed","template":"","meta":{"_acf_changed":false,"footnotes":""},"class_list":["post-2317","page","type-page","status-publish","hentry"],"acf":[],"_links":{"self":[{"href":"https:\/\/nadplusathome.com\/es\/wp-json\/wp\/v2\/pages\/2317","targetHints":{"allow":["GET"]}}],"collection":[{"href":"https:\/\/nadplusathome.com\/es\/wp-json\/wp\/v2\/pages"}],"about":[{"href":"https:\/\/nadplusathome.com\/es\/wp-json\/wp\/v2\/types\/page"}],"author":[{"embeddable":true,"href":"https:\/\/nadplusathome.com\/es\/wp-json\/wp\/v2\/users\/1"}],"replies":[{"embeddable":true,"href":"https:\/\/nadplusathome.com\/es\/wp-json\/wp\/v2\/comments?post=2317"}],"version-history":[{"count":1,"href":"https:\/\/nadplusathome.com\/es\/wp-json\/wp\/v2\/pages\/2317\/revisions"}],"predecessor-version":[{"id":34124,"href":"https:\/\/nadplusathome.com\/es\/wp-json\/wp\/v2\/pages\/2317\/revisions\/34124"}],"wp:attachment":[{"href":"https:\/\/nadplusathome.com\/es\/wp-json\/wp\/v2\/media?parent=2317"}],"curies":[{"name":"wp","href":"https:\/\/api.w.org\/{rel}","templated":true}]}}