{"id":2295,"date":"2023-03-21T15:57:09","date_gmt":"2023-03-21T15:57:09","guid":{"rendered":"https:\/\/nadplusathome.com\/?page_id=2295"},"modified":"2025-07-23T11:45:53","modified_gmt":"2025-07-23T10:45:53","slug":"disclaimer","status":"publish","type":"page","link":"https:\/\/nadplusathome.com\/es\/disclaimer\/","title":{"rendered":"Descargo de responsabilidad"},"content":{"rendered":"<div class=\"block-simple-dark-header default\" id=\"simple-dark-header-block_90039df357e95b67e6ad3f122e8304b6\">\n    <div class=\"container\">\n        <div class=\"inner-content\">\n                            <h1>Descargo de responsabilidad<\/h1>\n                                        <p><p><strong><span style=\"font-size: 14pt;\">Nuestro sitio web contiene informaci\u00f3n destinada \u00fanicamente a mantener y fomentar un estilo de vida saludable y no debe utilizarse para diagnosticar, curar, controlar, prevenir o tratar ninguna enfermedad o afecci\u00f3n.<\/span><\/strong><\/p>\n<\/p>\n                    <\/div>\n    <\/div>\n<\/div>\n\n\n<div class=\"block-text-content blue\" id=\"text-content-block_e67ef8abf8e95ec1d6dd494e71ceb212\">\n    <div class=\"container\">\n        <div class=\"inner-content text contrast\">\n            <div class=\"text\">\n                                <div class=\"content\">\n                    <p>1. <strong>Descargo de responsabilidad - Reconocimiento<br \/>\n<\/strong><\/p>\n<p><strong><span style=\"color: #34a49a;\">Por favor, lea y acepte las siguientes declaraciones antes de comprar cualquier producto suplementario en nuestro sitio web.\u00a0<\/span><\/strong><\/p>\n<p><span class=\"ui-provider cen ceo c d e f g h i j k l m n o p q r s t cep ceq w x y z ab ac ae af ag ah ai aj ak\" dir=\"ltr\">1.1 Entiendo que las declaraciones realizadas en relaci\u00f3n con estos productos complementarios no han sido evaluadas por la Food Standards Agency (FSA).<\/span><\/p>\n<p>1.2 Reconozco que estos suplementos no est\u00e1n destinados a diagnosticar, tratar, curar o prevenir ninguna enfermedad.<\/p>\n<p><span class=\"ui-provider cen ceo c d e f g h i j k l m n o p q r s t cep ceq w x y z ab ac ae af ag ah ai aj ak\" dir=\"ltr\">1.3 Soy consciente de que es mi responsabilidad consultar con un profesional de la salud antes de comenzar cualquier r\u00e9gimen de suplementos, especialmente si estoy embarazada, amamantando, tomando medicamentos o tengo una condici\u00f3n m\u00e9dica preexistente.<\/span><\/p>\n<p>1.4 Entiendo que los resultados individuales pueden variar y que la eficacia de estos suplementos no est\u00e1 garantizada para todo el mundo.<\/p>\n<p>1.5 Reconozco que algunos usuarios pueden experimentar efectos secundarios al tomar estos suplementos, por lo que interrumpir\u00e9 su uso inmediatamente y consultar\u00e9 a un profesional sanitario si experimento alguna reacci\u00f3n adversa.<\/p>\n<p>1.6 Soy consciente de que es mi responsabilidad comprobar la lista de ingredientes del suplemento para asegurarme de que no tengo ninguna alergia o sensibilidad a los ingredientes.<\/p>\n<p>1.7 Entiendo que la empresa no es responsable de ning\u00fan da\u00f1o o perjuicio causado por el mal uso o abuso de los productos suplementarios.<\/p>\n<p style=\"text-align: left;\"><strong>2. Ning\u00fan consejo<\/strong><br \/>\n2.1 Nuestro sitio web contiene informaci\u00f3n destinada \u00fanicamente a apoyar y fomentar un estilo de vida saludable. No debe utilizarse para el diagn\u00f3stico, cura, gesti\u00f3n, prevenci\u00f3n o tratamiento de ninguna enfermedad o afecci\u00f3n.<br \/>\n2.2 La informaci\u00f3n no es un consejo y no debe tratarse como tal.<\/p>\n<p style=\"text-align: left;\"><strong>3. 3. Sin garant\u00edas<\/strong><br \/>\n3.1 La informaci\u00f3n contenida en nuestro sitio web se facilita sin ning\u00fan tipo de declaraci\u00f3n o garant\u00eda, expresa o impl\u00edcita.<br \/>\n3.2 Sin limitar el alcance de la secci\u00f3n 3.1, no garantizamos ni declaramos que la informaci\u00f3n de este sitio web:<br \/>\n(a) estar\u00e1 constantemente disponible, o disponible en absoluto; o<br \/>\n(b) sea veraz, exacta, completa, actual o no enga\u00f1osa.<\/p>\n<p style=\"text-align: left;\"><strong>4. 4. Asistencia m\u00e9dica<\/strong><br \/>\n4.1 No debe confiar en la informaci\u00f3n de nuestro sitio web como alternativa al asesoramiento de su profesional sanitario.<br \/>\n4.2 Si tiene alguna duda espec\u00edfica sobre alg\u00fan asunto m\u00e9dico, consulte a su m\u00e9dico o a otro profesional sanitario.<br \/>\n4.3 Si cree que puede padecer alguna enfermedad, solicite atenci\u00f3n m\u00e9dica inmediata.<br \/>\n4.4 Nunca debe retrasar la b\u00fasqueda de consejo m\u00e9dico, desatender el consejo m\u00e9dico o interrumpir el tratamiento m\u00e9dico debido a la informaci\u00f3n de nuestro sitio web.<\/p>\n<p style=\"text-align: left;\"><strong>5. Funciones interactivas<\/strong><br \/>\n5.1 Nuestro sitio web incluye funciones interactivas que permiten a los usuarios comunicarse con nosotros.<br \/>\n5.2 Usted reconoce que, debido a la naturaleza limitada de la comunicaci\u00f3n a trav\u00e9s de las funciones interactivas de nuestro sitio web, es probable que cualquier asistencia que pueda recibir utilizando cualquiera de dichas funciones sea incompleta e incluso pueda ser enga\u00f1osa.<br \/>\n5.3 Cualquier ayuda que pueda recibir utilizando cualquiera de las funciones interactivas de nuestro sitio web no constituye asesoramiento espec\u00edfico y, por lo tanto, no debe confiarse en ella sin una confirmaci\u00f3n independiente.<\/p>\n<p style=\"text-align: left;\"><strong>6. L\u00edmites y exclusiones de responsabilidad<\/strong><br \/>\n6.1 Nada de lo dispuesto en esta cl\u00e1usula de exenci\u00f3n de responsabilidad:<br \/>\n(a) limitar o excluir cualquier responsabilidad por muerte o da\u00f1os personales resultantes de negligencia;<br \/>\n(b) limitar o excluir cualquier responsabilidad por fraude o tergiversaci\u00f3n fraudulenta;<br \/>\n(c) limitar cualquier responsabilidad de cualquier forma que no est\u00e9 permitida por la legislaci\u00f3n aplicable; o<br \/>\n(d) excluir cualquier responsabilidad que no pueda excluirse en virtud de la legislaci\u00f3n aplicable.<\/p>\n<p>&nbsp;<\/p>\n                <\/div>\n                            <\/div>\n                                            <\/div>\n    <\/div>\n<\/div>","protected":false},"excerpt":{"rendered":"","protected":false},"author":1,"featured_media":0,"parent":0,"menu_order":0,"comment_status":"closed","ping_status":"closed","template":"","meta":{"_acf_changed":false,"footnotes":""},"class_list":["post-2295","page","type-page","status-publish","hentry"],"acf":[],"_links":{"self":[{"href":"https:\/\/nadplusathome.com\/es\/wp-json\/wp\/v2\/pages\/2295","targetHints":{"allow":["GET"]}}],"collection":[{"href":"https:\/\/nadplusathome.com\/es\/wp-json\/wp\/v2\/pages"}],"about":[{"href":"https:\/\/nadplusathome.com\/es\/wp-json\/wp\/v2\/types\/page"}],"author":[{"embeddable":true,"href":"https:\/\/nadplusathome.com\/es\/wp-json\/wp\/v2\/users\/1"}],"replies":[{"embeddable":true,"href":"https:\/\/nadplusathome.com\/es\/wp-json\/wp\/v2\/comments?post=2295"}],"version-history":[{"count":0,"href":"https:\/\/nadplusathome.com\/es\/wp-json\/wp\/v2\/pages\/2295\/revisions"}],"wp:attachment":[{"href":"https:\/\/nadplusathome.com\/es\/wp-json\/wp\/v2\/media?parent=2295"}],"curies":[{"name":"wp","href":"https:\/\/api.w.org\/{rel}","templated":true}]}}