{"id":20635,"date":"2025-03-13T12:53:38","date_gmt":"2025-03-13T12:53:38","guid":{"rendered":"https:\/\/nadplusathome.com\/?page_id=20635"},"modified":"2025-10-01T14:00:52","modified_gmt":"2025-10-01T13:00:52","slug":"how-to-use-nad-home-injection-pen","status":"publish","type":"page","link":"https:\/\/nadplusathome.com\/es\/how-to-use-nad-home-injection-pen\/","title":{"rendered":"How To Use NAD+ Home Injection Pen"},"content":{"rendered":"<div class=\"block-benefits-header\" id=\"benefits-header-block_e89bca5dffbadf3579523071c3cacb13\">\n    <div class=\"container-wide\">\n        <div class=\"header-split\">\n            <div class=\"content\">\n                                    <h1>C\u00f3mo utilizar la pluma de inyecci\u00f3n NAD+ AT HOME<\/h1>\n                                                    <h3>Dise\u00f1ado para la simplicidad, la innovaci\u00f3n y la administraci\u00f3n de NAD+ en casa sin esfuerzo.<\/h3>\n                                <div class=\"inner-content\">\n                    <p>Mejore su rutina de bienestar con nuestra pluma inyectora NAD+ para uso dom\u00e9stico. Dise\u00f1ado para una mayor facilidad y precisi\u00f3n, este innovador sistema permite una autoadministraci\u00f3n sin esfuerzo, haciendo que la suplementaci\u00f3n con NAD+ sea m\u00e1s accesible que nunca. Como pioneros del NAD+ en el Reino Unido, le ofrecemos una forma c\u00f3moda y sin complicaciones de aumentar su energ\u00eda, longevidad y bienestar general.<\/p>\n                <\/div>\n                                    <a href=\"\/es\/product\/nad-injection-pen\/?wmc-currency=EUR\" class=\"blue-btn\">Comprar kit de pluma de inyecci\u00f3n NAD<\/a>\n                            <\/div>\n            <div class=\"image\" style=\"background-image: url(https:\/\/nadplusathome.com\/wp-content\/uploads\/2025\/03\/whats-in-the-nad-injection-pen-home-kit.webp);\"><\/div>\n        <\/div>\n    <\/div>\n<\/div>\n\n\n\n<div class=\"block-text-content black\" id=\"text-content-block_99fc2daf4583e29743720db39d14b332\">\n    <div class=\"container-wide\">\n        <div class=\"inner-content vidtext\">\n            <div class=\"text\">\n                                    <h2>Gu\u00eda del usuario<\/h2>\n                                <div class=\"content\">\n                    <p>Para autoadministrarse su NAD<span class='bluePlusDangit'>+<\/span> inyecci\u00f3n de pluma en casa, siga estos pasos simplificados:<\/p>\n<ol>\n<li><strong>Manos limpias<\/strong> - L\u00e1vese o desinf\u00e9ctese bien las manos.<\/li>\n<li><strong>Preparar los materiales<\/strong> - Abra su NAD<span class='bluePlusDangit'>+<\/span> Pen Kit y aseg\u00farese de que tiene el bol\u00edgrafo, NAD<span class='bluePlusDangit'>+<\/span> cartucho, microaguja, toallitas con alcohol y contenedor de objetos punzantes listo.<\/li>\n<li><strong>Ajuste de la temperatura<\/strong> - Si el NAD<span class='bluePlusDangit'>+<\/span> cartucho ha sido refrigerado, deje que alcance la temperatura ambiente durante unos minutos para reducir las molestias.<\/li>\n<li><strong>Montar el bol\u00edgrafo<\/strong> - Retire la tapa del bol\u00edgrafo, desenrosque el soporte del cartucho, inserte el NAD<span class='bluePlusDangit'>+<\/span> cartucho (primero la punta plateada), y vuelva a colocar firmemente el soporte.<\/li>\n<li><strong>Coloque la aguja<\/strong> - Saque una microaguja del envase, qu\u00edtele el envoltorio y enr\u00f3squela firmemente en el extremo de la pluma. Mantenga la tapa de la aguja puesta hasta que vaya a utilizarla.<\/li>\n<li><strong>Preparar el bol\u00edgrafo<\/strong> (S\u00f3lo para el primer uso del cartucho) - Gire la base de la pluma hasta 15 unidades, presione el dosificador hasta que el \u00e9mbolo llegue al tap\u00f3n gris, y despu\u00e9s de quitar el capuch\u00f3n de la aguja expulse las burbujas de aire manteniendo la pluma en posici\u00f3n vertical y presione 5 unidades cada vez hasta que desaparezcan las burbujas.<\/li>\n<li><strong>Dosis establecida<\/strong> - Gire la base de la pluma hasta que el puntero se alinee con su dosis, normalmente 30 unidades (0,3 ml).<\/li>\n<li><strong>Seleccione el punto de inyecci\u00f3n<\/strong> - Elija una zona grasa como el est\u00f3mago, las nalgas o el muslo (recuerde rotar los sitios cada d\u00eda de inyecci\u00f3n).<\/li>\n<li><strong>Higienizar el emplazamiento<\/strong> - Limpie la zona de inyecci\u00f3n con una toallita con alcohol y d\u00e9jela secar.<\/li>\n<li><strong>Inyectar<\/strong> - Pellizque la piel, inserte la aguja en un \u00e1ngulo de 90 grados y pulse el bot\u00f3n situado en la base de la pluma para administrar el NAD<span class='bluePlusDangit'>+<\/span>. Mantenga el bol\u00edgrafo firme para evitar magulladuras.<\/li>\n<li><strong>Sujetar y retirar<\/strong> - Una vez que el dos\u00edmetro vuelva a cero (0), mant\u00e9ngalo pulsado durante 10 segundos y, a continuaci\u00f3n, retire la aguja con cuidado.<\/li>\n<li><strong>Deseche<\/strong> - Deposite la aguja usada en el contenedor de objetos punzantes para su eliminaci\u00f3n segura.<\/li>\n<li><strong>Almacenamiento<\/strong> - Vuelva a colocar el capuch\u00f3n del bol\u00edgrafo, guarde NAD<span class='bluePlusDangit'>+<\/span> Guarde los cartuchos en el frigor\u00edfico, en el estuche suministrado, y mantenga el kit fuera del alcance de los ni\u00f1os y los animales dom\u00e9sticos.<\/li>\n<li><strong>Dosificaci\u00f3n<\/strong> - Comience con tres inyecciones diarias consecutivas y, a continuaci\u00f3n, ajuste a d\u00edas alternos seg\u00fan sea necesario.<\/li>\n<\/ol>\n<p>Comience con tres d\u00edas consecutivos de inyecciones, luego ajuste a cada dos d\u00edas seg\u00fan sea necesario. P\u00f3ngase en contacto con el servicio de asistencia si tiene alguna duda.<\/p>\n                <\/div>\n                                    <a class=\"blue-btn\" \n                        href=\"https:\/\/nadplusathome.com\/wp-content\/uploads\/2025\/09\/how-to-use-the-nad-pen-injection-supplement-detailed.pdf\">\n                        Descargar instrucciones completas                    <\/a>\n                            <\/div>\n                                        <div class=\"image-container below\">\n                    <video class=\"lazy\" controls playsinline poster  =\"https:\/\/nadplusathome.com\/wp-content\/uploads\/2025\/06\/the-utlimate-nad-injection-pen-nad-supplement-press.webp\" preload=\"none\" >\n                        <source src=\"https:\/\/nadplusathome.com\/wp-content\/uploads\/2025\/10\/nad-injection-pen-tutorial-detailed-video-v2.mp4\" type=\"video\/mp4\">\n                        Su navegador no soporta la etiqueta de v\u00eddeo.\n                    <\/video>\n                <\/div>\n                                <\/div>\n    <\/div>\n<\/div>\n\n\n\n<div class=\"block-purchase-nad-call-to-action\" id=\"purchase-nad-call-to-action-block_8335a1bd981a2201d4c60efaf586154a\"  data-lazy-css=\"https:\/\/nadplusathome.com\/wp-content\/themes\/nadaid\/assets\/css\/blocks\/purchase-nad-call-to-action.css?id=dc7f033230ebe6cdc50214f2b3b02c87\" data-lazy-js=\"https:\/\/nadplusathome.com\/wp-content\/themes\/nadaid\/assets\/js\/blocks\/purchase-nad-call-to-action.js?id=86132a435c1084d274ff46d90d834215\">\n    <div class=\"container-slim product-container\">\n        <div class=\"product\">\n            <h2 class=\"product-name mobile\">Recambios para NAD<span class='bluePlusDangit'>+<\/span> Pluma<\/h2>\n            <div class=\"prod-images-container\">\n                <div class=\"main-slider\">\n                    <div class=\"glide__track\" data-glide-el=\"track\">\n                        <ul class=\"glide__slides\">\n                                                                                        <li class=\"glide__slide\"><img decoding=\"async\" src=\"https:\/\/nadplusathome.com\/wp-content\/uploads\/2025\/03\/nad-injection-pen-home-kit-refills-nad-cartidges-edit.webp\" alt=\"NAD+ Home Kit Imagen\" loading=\"lazy\" \/><\/li>\n                                                            <li class=\"glide__slide\"><img decoding=\"async\" src=\"https:\/\/nadplusathome.com\/wp-content\/uploads\/2024\/08\/gabriella-pisani-nad-pen-supporter-testimonial.webp\" alt=\"NAD+ Home Kit Imagen\" loading=\"lazy\" \/><\/li>\n                                                            <li class=\"glide__slide\"><img decoding=\"async\" src=\"https:\/\/nadplusathome.com\/wp-content\/uploads\/2023\/02\/lisa-snowdon-nad-injection-review-testimonial-1.webp\" alt=\"NAD+ Home Kit Imagen\" loading=\"lazy\" \/><\/li>\n                                                            <li class=\"glide__slide\"><img decoding=\"async\" src=\"https:\/\/nadplusathome.com\/wp-content\/uploads\/2023\/02\/calum-best-nad-injection-review-testimonial-1.webp\" alt=\"NAD+ Home Kit Imagen\" loading=\"lazy\" \/><\/li>\n                                                            <li class=\"glide__slide\"><img decoding=\"async\" src=\"https:\/\/nadplusathome.com\/wp-content\/uploads\/2023\/02\/rita-simmons-nad-injection-review-testimonial-1.webp\" alt=\"NAD+ Home Kit Imagen\" loading=\"lazy\" \/><\/li>\n                                                            <li class=\"glide__slide\"><img decoding=\"async\" src=\"https:\/\/nadplusathome.com\/wp-content\/uploads\/2024\/08\/aaron-chalmers-geordie-shore-nad-at-home-supporter-testimonial.webp\" alt=\"NAD+ Home Kit Imagen\" loading=\"lazy\" \/><\/li>\n                                                            <li class=\"glide__slide\"><img decoding=\"async\" src=\"https:\/\/nadplusathome.com\/wp-content\/uploads\/2023\/02\/isamay-ffrench-nad-injection-review-testimonial-1.webp\" alt=\"NAD+ Home Kit Imagen\" loading=\"lazy\" \/><\/li>\n                                                            <li class=\"glide__slide\"><img decoding=\"async\" src=\"https:\/\/nadplusathome.com\/wp-content\/uploads\/2023\/02\/kris-gethin-nad-injection-review-testimonial-1.webp\" alt=\"NAD+ Home Kit Imagen\" loading=\"lazy\" \/><\/li>\n                                                            <li class=\"glide__slide\"><img decoding=\"async\" src=\"https:\/\/nadplusathome.com\/wp-content\/uploads\/2023\/02\/elena-ora-nad-injection-review-testimonial-1.webp\" alt=\"NAD+ Home Kit Imagen\" loading=\"lazy\" \/><\/li>\n                                                            <li class=\"glide__slide\"><img decoding=\"async\" src=\"https:\/\/nadplusathome.com\/wp-content\/uploads\/2024\/08\/zorannah-nad-pen-supporter-testimonial.webp\" alt=\"NAD+ Home Kit Imagen\" loading=\"lazy\" \/><\/li>\n                                                    <\/ul>\n                    <\/div>\n                                    <\/div>\n                <div class=\"thumb-slider\">\n                    <div class=\"arrows\">\n                        <div class=\"arrow-cont\" data-glide-el=\"controls\">\n                            <button class=\"backarrow\" data-glide-dir=\"&lt;\"><img decoding=\"async\" src=\"https:\/\/nadplusathome.com\/wp-content\/themes\/nadaid\/images\/icons\/prev-arrow.svg\" alt=\"flecha-anterior\" loading=\"lazy\" \/><\/button>\n                        <\/div>\n                    <\/div>\n                    <div class=\"glide__track\" data-glide-el=\"track\">\n                        <ul class=\"glide__slides\">\n                                                                                        <li class=\"glide__slide glide-thumbnail\" data-index=\"0\"><img decoding=\"async\" src=\"https:\/\/nadplusathome.com\/wp-content\/uploads\/2025\/03\/nad-injection-pen-home-kit-refills-nad-cartidges-edit.webp\" alt=\"NAD Home Kit Imagen\" loading=\"lazy\" \/><\/li>\n                                                            <li class=\"glide__slide glide-thumbnail\" data-index=\"1\"><img decoding=\"async\" src=\"https:\/\/nadplusathome.com\/wp-content\/uploads\/2024\/08\/gabriella-pisani-nad-pen-supporter-testimonial.webp\" alt=\"NAD Home Kit Imagen\" loading=\"lazy\" \/><\/li>\n                                                            <li class=\"glide__slide glide-thumbnail\" data-index=\"2\"><img decoding=\"async\" src=\"https:\/\/nadplusathome.com\/wp-content\/uploads\/2023\/02\/lisa-snowdon-nad-injection-review-testimonial-1.webp\" alt=\"NAD Home Kit Imagen\" loading=\"lazy\" \/><\/li>\n                                                            <li class=\"glide__slide glide-thumbnail\" data-index=\"3\"><img decoding=\"async\" src=\"https:\/\/nadplusathome.com\/wp-content\/uploads\/2023\/02\/calum-best-nad-injection-review-testimonial-1.webp\" alt=\"NAD Home Kit Imagen\" loading=\"lazy\" \/><\/li>\n                                                            <li class=\"glide__slide glide-thumbnail\" data-index=\"4\"><img decoding=\"async\" src=\"https:\/\/nadplusathome.com\/wp-content\/uploads\/2023\/02\/rita-simmons-nad-injection-review-testimonial-1.webp\" alt=\"NAD Home Kit Imagen\" loading=\"lazy\" \/><\/li>\n                                                            <li class=\"glide__slide glide-thumbnail\" data-index=\"5\"><img decoding=\"async\" src=\"https:\/\/nadplusathome.com\/wp-content\/uploads\/2024\/08\/aaron-chalmers-geordie-shore-nad-at-home-supporter-testimonial.webp\" alt=\"NAD Home Kit Imagen\" loading=\"lazy\" \/><\/li>\n                                                            <li class=\"glide__slide glide-thumbnail\" data-index=\"6\"><img decoding=\"async\" src=\"https:\/\/nadplusathome.com\/wp-content\/uploads\/2023\/02\/isamay-ffrench-nad-injection-review-testimonial-1.webp\" alt=\"NAD Home Kit Imagen\" loading=\"lazy\" \/><\/li>\n                                                            <li class=\"glide__slide glide-thumbnail\" data-index=\"7\"><img decoding=\"async\" src=\"https:\/\/nadplusathome.com\/wp-content\/uploads\/2023\/02\/kris-gethin-nad-injection-review-testimonial-1.webp\" alt=\"NAD Home Kit Imagen\" loading=\"lazy\" \/><\/li>\n                                                            <li class=\"glide__slide glide-thumbnail\" data-index=\"8\"><img decoding=\"async\" src=\"https:\/\/nadplusathome.com\/wp-content\/uploads\/2023\/02\/elena-ora-nad-injection-review-testimonial-1.webp\" alt=\"NAD Home Kit Imagen\" loading=\"lazy\" \/><\/li>\n                                                            <li class=\"glide__slide glide-thumbnail\" data-index=\"9\"><img decoding=\"async\" src=\"https:\/\/nadplusathome.com\/wp-content\/uploads\/2024\/08\/zorannah-nad-pen-supporter-testimonial.webp\" alt=\"NAD Home Kit Imagen\" loading=\"lazy\" \/><\/li>\n                                                    <\/ul>\n                    <\/div>\n                    <div class=\"arrows\">\n                        <div class=\"arrow-cont\" data-glide-el=\"controls\">\n                            <button class=\"nextarrow\" data-glide-dir=\"&gt;\"><img decoding=\"async\" src=\"https:\/\/nadplusathome.com\/wp-content\/themes\/nadaid\/images\/icons\/next-arrow-alt.svg\" alt=\"siguiente flecha\" loading=\"lazy\" \/><\/button>\n                        <\/div>\n                    <\/div>\n                <\/div>\n            <\/div>\n            <div class=\"prod-desc\">\n                <div>\n                    <h2 class=\"product-name desktop\">Recambios para NAD<span class='bluePlusDangit'>+<\/span> Pluma<\/h2>\n                                            <p class=\"price\"><span class=\"woocommerce-Price-amount amount\"><bdi><span class=\"woocommerce-Price-currencySymbol\">\u00a3<\/span>355.00<\/bdi><\/span><small class=\"wcsatt-sub-options\"> <span class=\"wcsatt-dash\">-<\/span> o suscr\u00edbete para ahorrar  un <\/small> <span class=\"wcsatt-sub-discount\">20\u00a0&#37;<\/span><small><\/small><\/p>\n                                    <\/div>\n                <div class=\"product-text\">\n                    <div class=\"desktop\">\n                        Nuestro kit de recarga le proporciona otro suministro completo de tratamiento NAD+ para su pluma inyectora recargable.\r\n\r\nNuestra pluma inyectora de NAD+ es la forma m\u00e1s c\u00f3moda de restaurar y mantener sus niveles de NAD+, favoreciendo la energ\u00eda, la concentraci\u00f3n y la salud celular desde el interior.\r\n\r\nA medida que envejecemos, los niveles de NAD+ disminuyen de forma natural, afectando al bienestar general. Con su biodisponibilidad cercana a 100%, este autoinyector de primera calidad garantiza una r\u00e1pida absorci\u00f3n, ayud\u00e1ndole a aumentar su rendimiento, combatir la fatiga y promover la longevidad, todo desde la comodidad de su hogar.                    <\/div>\n                                        <h2 class=\"benefit-title\">Comprender el potencial <span>Beneficios<\/span> de NAD<span>+<\/span><\/h2>\n                    <ul>\n                                                    <li><p>Aumentar la energ\u00eda<\/p>\n<\/li>\n                                                    <li><p>Mejora la reparaci\u00f3n de la piel<\/p>\n<\/li>\n                                                    <li><p>Mejorar la claridad mental<\/p>\n<\/li>\n                                                    <li><p>Antienvejecimiento desde dentro<\/p>\n<\/li>\n                                            <\/ul>\n                <\/div>\n                <a class=\"blue-btn\" href=\"https:\/\/nadplusathome.com\/es\/product\/nad-injection-pen-refill-kits\/\">Comprar un producto<\/a>\n            <\/div>\n        <\/div>\n    <\/div>\n<\/div>","protected":false},"excerpt":{"rendered":"","protected":false},"author":1,"featured_media":0,"parent":0,"menu_order":0,"comment_status":"closed","ping_status":"closed","template":"","meta":{"_acf_changed":false,"footnotes":""},"class_list":["post-20635","page","type-page","status-publish","hentry"],"acf":[],"_links":{"self":[{"href":"https:\/\/nadplusathome.com\/es\/wp-json\/wp\/v2\/pages\/20635","targetHints":{"allow":["GET"]}}],"collection":[{"href":"https:\/\/nadplusathome.com\/es\/wp-json\/wp\/v2\/pages"}],"about":[{"href":"https:\/\/nadplusathome.com\/es\/wp-json\/wp\/v2\/types\/page"}],"author":[{"embeddable":true,"href":"https:\/\/nadplusathome.com\/es\/wp-json\/wp\/v2\/users\/1"}],"replies":[{"embeddable":true,"href":"https:\/\/nadplusathome.com\/es\/wp-json\/wp\/v2\/comments?post=20635"}],"version-history":[{"count":12,"href":"https:\/\/nadplusathome.com\/es\/wp-json\/wp\/v2\/pages\/20635\/revisions"}],"predecessor-version":[{"id":42616,"href":"https:\/\/nadplusathome.com\/es\/wp-json\/wp\/v2\/pages\/20635\/revisions\/42616"}],"wp:attachment":[{"href":"https:\/\/nadplusathome.com\/es\/wp-json\/wp\/v2\/media?parent=20635"}],"curies":[{"name":"wp","href":"https:\/\/api.w.org\/{rel}","templated":true}]}}