{"id":19040,"date":"2025-03-13T11:46:50","date_gmt":"2025-03-13T11:46:50","guid":{"rendered":"https:\/\/nadplusathome.com\/?page_id=19040"},"modified":"2025-03-13T15:36:16","modified_gmt":"2025-03-13T15:36:16","slug":"nad-pen-portal","status":"publish","type":"page","link":"https:\/\/nadplusathome.com\/es\/nad-pen-portal\/","title":{"rendered":"NAD Pen Portal"},"content":{"rendered":"<div class=\"block-landing-page-header\" id=\"landing-page-header-block_04018cb4af05766ac1faa7139df169a7\">\n    <div class=\"container-wide\">\n        <div class=\"inner-content\">\n            <div class=\"content\">\n                <div class=\"top-section\">\n                    <h1>Su NAD<span class='bluePlusDangit'>+<\/span> L\u00e1piz de inyecci\u00f3n<\/h1>\n                    <div class=\"text\"><p>Bienvenido al portal de su pluma de inyecci\u00f3n NAD+. Su centro de referencia para reabastecerse, instrucciones paso a paso y asistencia experta. Si desea reponer existencias, actualizar sus conocimientos u obtener asistencia, hemos facilitado el acceso a todo lo que necesita en un solo lugar.<\/p><\/div>\n                <\/div>\n                <div class=\"bottom-section\">\n                    <div class=\"new-price\">\n                        <p>\u00bfNecesitas ayuda?<\/p>\n                    <\/div>\n                    <div class=\"button-array\">\n                                                    <a href=\"#reorder\" class=\"btn primary\">Vuelva a pedir<\/a>\n                                                    <a href=\"#nad-home-pen-user-guide\" class=\"btn\">Instrucciones<\/a>\n                                                    <a href=\"\/es\/contact-us\/?wmc-currency=EUR\" class=\"btn\">P\u00f3ngase en contacto con nosotros<\/a>\n                                            <\/div>\n                <\/div>\n            <\/div>\n                            <img decoding=\"async\" class=\"wallpaperbg\" src=\"https:\/\/nadplusathome.com\/wp-content\/uploads\/2025\/03\/vials-on-marble-scaled.webp\" alt=\"\">\n                    <\/div>\n    <\/div>\n<\/div>\n\n\n<div class=\"block-review-banner\" id=\"review-banner-block_a3b6fc79098441ce76b07731742a5a27\">\n    <div class=\"container\">\n        <!-- TrustBox widget - Micro Combo --> \n         <div class=\"trustpilot-widget\" data-locale=\"en-GB\" data-template-id=\"5419b6ffb0d04a076446a9af\" data-businessunit-id=\"646505518877cb20d91e8ad6\" data-style-height=\"20px\" data-style-width=\"100%\" data-theme=\"light\" data-font-family=\"Montserrat\" data-text-color=\"#181818\">   <a href=\"        https:\/\/uk.trustpilot.com\/review\/nadplusathome.com\" target=\"_blank\" rel=\"noopener\">Trustpilot<\/a> <\/div> <!-- End TrustBox widget -->\n    <\/div>\n<\/div>\n\n\n\n\n<div class=\"block-looking-to-order-again\" id=\"looking-to-order-again-block_66bdb20ff96d1779e1f75e5a56a80911\">\n    <div id=\"reorder\" class=\"anchor\"><\/div>\n    <div class=\"container\">\n        <div class=\"inner\">\n                            <h2>\u00bfQuiere volver a hacer un pedido?<\/h2>\n                                        <div class=\"content\"><p>\u00bfNecesita reponer existencias? Reponga f\u00e1cilmente su kit completo o compre kits de recarga aqu\u00ed y mantenga su rutina sin interrupciones.<\/p>\n<\/div>\n                                        <div class=\"order-products\">\n                                            <div class=\"product\">\n                            <img decoding=\"async\" src=\"https:\/\/nadplusathome.com\/wp-content\/uploads\/2025\/03\/nad-injection-pen-home-kit-refills-nad-cartidges-edit.webp\" alt=\"Recambios para NAD+ Pen\" loading=\"lazy\" \/>\n                            <h4><a href=\"https:\/\/nadplusathome.com\/es\/product\/nad-injection-pen-refill-kits\/\">Recambios para NAD+ Pen<\/a><\/h4>\n                            <p><strong><span class=\"woocommerce-Price-amount amount\"><bdi><span class=\"woocommerce-Price-currencySymbol\">\u00a3<\/span>355.00<\/bdi><\/span><small class=\"wcsatt-sub-options\"> <span class=\"wcsatt-dash\">-<\/span> o suscr\u00edbete para ahorrar  un <\/small> <span class=\"wcsatt-sub-discount\">20\u00a0&#37;<\/span><small><\/small><\/strong><\/p>\n                        <\/div>\n                                            <div class=\"product\">\n                            <img decoding=\"async\" src=\"https:\/\/nadplusathome.com\/wp-content\/uploads\/2025\/03\/nad-injection-pen-home-kit-contents-full-kit-1.webp\" alt=\"Pluma NAD\" loading=\"lazy\" \/>\n                            <h4><a href=\"https:\/\/nadplusathome.com\/es\/product\/nad-injection-pen\/\">Pluma NAD<\/a><\/h4>\n                            <p><strong><span class=\"woocommerce-Price-amount amount\"><bdi><span class=\"woocommerce-Price-currencySymbol\">\u00a3<\/span>375.00<\/bdi><\/span><small class=\"wcsatt-sub-options\"> <span class=\"wcsatt-dash\">-<\/span> o suscr\u00edbete para ahorrar  un <\/small> <span class=\"wcsatt-sub-discount\">20\u00a0&#37;<\/span><small><\/small><\/strong><\/p>\n                        <\/div>\n                                    <\/div>\n                    <\/div>\n    <\/div>\n<\/div>\n\n\n<div class=\"block-text-and-media-banner light\" id=\"text-and-media-banner-block_ff0c6e75234b93eff420046a51ed6221\"  data-lazy-css=\"https:\/\/nadplusathome.com\/wp-content\/themes\/nadaid\/assets\/css\/blocks\/text-and-media-banner.css?id=4673143c8834057c9d6fa4a55d0519de\" data-lazy-js=\"https:\/\/nadplusathome.com\/wp-content\/themes\/nadaid\/assets\/js\/blocks\/text-and-media-banner.js?id=2854b3b6d8a85bf467f5ab56d6cf272c\">\n    <div id=\"nad-home-pen-user-guide\" class=\"anchor\"><\/div>\n    <div class=\"container-wide\">\n        <div class=\"inner-content flipped\">\n            <div class=\"content\">\n                <h4><\/h4>\n                <h2>Gu\u00eda del usuario del NAD+ Home Pen<\/h2>\n                <div><p>Consulte las instrucciones paso a paso sobre c\u00f3mo utilizar su NAD+ Home Pen de forma segura y eficaz con nuestra gu\u00eda del usuario f\u00e1cil de seguir.<\/p>\n<p><a class=\"blue-btn\" href=\"\/es\/how-to-use-nad-home-injection-pen\/?wmc-currency=EUR\">Ver instrucciones<\/a><\/p>\n<\/div>\n            <\/div>\n            <div class=\"media img\">\n                                    <div class=\"img lazy-bg\" style=\"background-image: url(https:\/\/nadplusathome.com\/wp-content\/uploads\/2025\/03\/whats-in-the-nad-injection-pen-home-kit-1.webp); background-size: cover;\"><\/div>\n                            <\/div>\n        <\/div>\n    <\/div>\n<\/div>\n\n\n\n<div class=\"block-product-range white\" id=\"product-range-block_0b4c2f65ec62ea19b16ded51d741bb74\">\n    <div class=\"container-wide\">\n        <div class=\"inner-content\">\n            <div class=\"content\">\n                <h2>Otros productos<\/h2>\n                <p>Explore nuestra amplia gama de productos de bienestar de primera calidad dise\u00f1ados para apoyar su salud y vitalidad. Desde suplementos avanzados hasta soluciones innovadoras para la salud, tenemos todo lo que necesita para optimizar su viaje hacia el bienestar.<\/p>\n                <a class=\"blue-btn\" href=\"\/es\/shop\/?wmc-currency=EUR\">Todos los productos<\/a>\n            <\/div>\n            <div class=\"products-grid\">\n                                        <a href=\"https:\/\/nadplusathome.com\/es\/product\/nad-at-home\/\" class=\"product\">\n                            <div class=\"product-image\">\n                                <img loading=\"lazy\" decoding=\"async\" width=\"600\" height=\"600\" src=\"https:\/\/nadplusathome.com\/wp-content\/uploads\/2023\/02\/nad-at-home-injection-supplement-1-1-1.webp\" class=\"toybox-responsive\" alt=\"\" sizes=\"auto, (max-width: 600px) 100vw, 600px\" srcset=\"https:\/\/nadplusathome.com\/wp-content\/uploads\/2023\/02\/nad-at-home-injection-supplement-1-1-1.webp 600w, https:\/\/nadplusathome.com\/wp-content\/uploads\/2023\/02\/nad-at-home-injection-supplement-1-1-1-300x300.webp 300w, https:\/\/nadplusathome.com\/wp-content\/uploads\/2023\/02\/nad-at-home-injection-supplement-1-1-1-150x150.webp 150w, https:\/\/nadplusathome.com\/wp-content\/uploads\/2023\/02\/nad-at-home-injection-supplement-1-1-1-12x12.webp 12w, https:\/\/nadplusathome.com\/wp-content\/uploads\/2023\/02\/nad-at-home-injection-supplement-1-1-1-64x64.webp 64w, https:\/\/nadplusathome.com\/wp-content\/uploads\/2023\/02\/nad-at-home-injection-supplement-1-1-1-128x128.webp 128w, https:\/\/nadplusathome.com\/wp-content\/uploads\/2023\/02\/nad-at-home-injection-supplement-1-1-1-256x256.webp 256w, https:\/\/nadplusathome.com\/wp-content\/uploads\/2023\/02\/nad-at-home-injection-supplement-1-1-1-100x100.webp 100w\" \/>                            <\/div>\n                            <div class=\"information\">\n                                                                    <p class=\"product-name\">NAD<span class='bluePlusDangit'>+<\/span> Kit de inyecci\u00f3n<\/p>\n                                    \n                                                                                <span class=\"price\"><span class=\"woocommerce-Price-amount amount\"><bdi><span class=\"woocommerce-Price-currencySymbol\">\u00a3<\/span>350.00<\/bdi><\/span><small class=\"wcsatt-sub-options\"> <span class=\"wcsatt-dash\">-<\/span> o suscr\u00edbete para ahorrar hasta un <\/small> <span class=\"wcsatt-sub-discount\">20\u00a0&#37;<\/span><small><\/small><\/span>\n                                                                                                                                        <\/div>\n                        <\/a>\n                                        <a href=\"https:\/\/nadplusathome.com\/es\/product\/liposomal-nad-capsules\/\" class=\"product\">\n                            <div class=\"product-image\">\n                                <img loading=\"lazy\" decoding=\"async\" width=\"600\" height=\"600\" src=\"https:\/\/nadplusathome.com\/wp-content\/uploads\/2024\/08\/liposomal-nad-capsules-1.webp\" class=\"toybox-responsive\" alt=\"nad+ liposomal suplemento 250mg c\u00e1psulas\" sizes=\"auto, (max-width: 600px) 100vw, 600px\" srcset=\"https:\/\/nadplusathome.com\/wp-content\/uploads\/2024\/08\/liposomal-nad-capsules-1.webp 600w, https:\/\/nadplusathome.com\/wp-content\/uploads\/2024\/08\/liposomal-nad-capsules-1-300x300.webp 300w, https:\/\/nadplusathome.com\/wp-content\/uploads\/2024\/08\/liposomal-nad-capsules-1-150x150.webp 150w, https:\/\/nadplusathome.com\/wp-content\/uploads\/2024\/08\/liposomal-nad-capsules-1-12x12.webp 12w, https:\/\/nadplusathome.com\/wp-content\/uploads\/2024\/08\/liposomal-nad-capsules-1-64x64.webp 64w, https:\/\/nadplusathome.com\/wp-content\/uploads\/2024\/08\/liposomal-nad-capsules-1-128x128.webp 128w, https:\/\/nadplusathome.com\/wp-content\/uploads\/2024\/08\/liposomal-nad-capsules-1-256x256.webp 256w, https:\/\/nadplusathome.com\/wp-content\/uploads\/2024\/08\/liposomal-nad-capsules-1-100x100.webp 100w\" \/>                            <\/div>\n                            <div class=\"information\">\n                                                                    <p class=\"product-name\">NAD liposomal<span class='bluePlusDangit'>+<\/span> C\u00e1psulas<\/p>\n                                    \n                                                                                <span class=\"price\"><span class=\"woocommerce-Price-amount amount\"><bdi><span class=\"woocommerce-Price-currencySymbol\">\u00a3<\/span>75.00<\/bdi><\/span><small class=\"wcsatt-sub-options\"> <span class=\"wcsatt-dash\">-<\/span> o suscr\u00edbete para ahorrar  un <\/small> <span class=\"wcsatt-sub-discount\">20\u00a0&#37;<\/span><small><\/small><\/span>\n                                                                                                                                        <\/div>\n                        <\/a>\n                                        <a href=\"https:\/\/nadplusathome.com\/es\/product\/lglutathione-at-home\/\" class=\"product\">\n                            <div class=\"product-image\">\n                                <img loading=\"lazy\" decoding=\"async\" width=\"600\" height=\"600\" src=\"https:\/\/nadplusathome.com\/wp-content\/uploads\/2024\/07\/l-glutathione-vial-1800mg-injection-supplement.webp\" class=\"toybox-responsive\" alt=\"lglutathione 1800mg vial suplemento bienestar\" sizes=\"auto, (max-width: 600px) 100vw, 600px\" srcset=\"https:\/\/nadplusathome.com\/wp-content\/uploads\/2024\/07\/l-glutathione-vial-1800mg-injection-supplement.webp 600w, https:\/\/nadplusathome.com\/wp-content\/uploads\/2024\/07\/l-glutathione-vial-1800mg-injection-supplement-300x300.webp 300w, https:\/\/nadplusathome.com\/wp-content\/uploads\/2024\/07\/l-glutathione-vial-1800mg-injection-supplement-150x150.webp 150w, https:\/\/nadplusathome.com\/wp-content\/uploads\/2024\/07\/l-glutathione-vial-1800mg-injection-supplement-64x64.webp 64w, https:\/\/nadplusathome.com\/wp-content\/uploads\/2024\/07\/l-glutathione-vial-1800mg-injection-supplement-128x128.webp 128w, https:\/\/nadplusathome.com\/wp-content\/uploads\/2024\/07\/l-glutathione-vial-1800mg-injection-supplement-256x256.webp 256w, https:\/\/nadplusathome.com\/wp-content\/uploads\/2024\/07\/l-glutathione-vial-1800mg-injection-supplement-100x100.webp 100w\" \/>                            <\/div>\n                            <div class=\"information\">\n                                                                    <p class=\"product-name\">Kit de inyecci\u00f3n casera de L-glutati\u00f3n<\/p>\n                                    \n                                                                                <span class=\"price\"><span class=\"woocommerce-Price-amount amount\"><bdi><span class=\"woocommerce-Price-currencySymbol\">\u00a3<\/span>285.00<\/bdi><\/span><small class=\"wcsatt-sub-options\"> <span class=\"wcsatt-dash\">-<\/span> o suscr\u00edbete para ahorrar hasta un <\/small> <span class=\"wcsatt-sub-discount\">20\u00a0&#37;<\/span><small><\/small><\/span>\n                                                                                                                                        <\/div>\n                        <\/a>\n                            <\/div>\n        <\/div>\n    <\/div>\n<\/div>\n\n\n\n<div class=\"block-trustpilot-carousel\" id=\"trustpilot-carousel-block_27288553a4f739b512ae849abcd547be\">\n    <div class=\"container-slim\">\n        <!-- TrustBox widget - Slider -->\n        <div class=\"trustpilot-widget\" data-locale=\"en-GB\" data-template-id=\"54ad5defc6454f065c28af8b\" data-businessunit-id=\"646505518877cb20d91e8ad6\" data-style-height=\"240px\" data-style-width=\"100%\" data-stars=\"4,5\" data-review-languages=\"en\" data-font-family=\"Montserrat\" data-text-color=\"#181818\">\n            <a href=\"https:\/\/uk.trustpilot.com\/review\/nadplusathome.com\" target=\"_blank\" rel=\"noopener\">Trustpilot<\/a>\n        <\/div>\n        <!-- End TrustBox widget -->\n    <\/div>\n<\/div>\n\n\n<div class=\"container-slim\">\n<p><\/p>\n<\/div>","protected":false},"excerpt":{"rendered":"","protected":false},"author":1,"featured_media":0,"parent":0,"menu_order":0,"comment_status":"closed","ping_status":"closed","template":"","meta":{"_acf_changed":false,"footnotes":""},"class_list":["post-19040","page","type-page","status-publish","hentry"],"acf":[],"_links":{"self":[{"href":"https:\/\/nadplusathome.com\/es\/wp-json\/wp\/v2\/pages\/19040","targetHints":{"allow":["GET"]}}],"collection":[{"href":"https:\/\/nadplusathome.com\/es\/wp-json\/wp\/v2\/pages"}],"about":[{"href":"https:\/\/nadplusathome.com\/es\/wp-json\/wp\/v2\/types\/page"}],"author":[{"embeddable":true,"href":"https:\/\/nadplusathome.com\/es\/wp-json\/wp\/v2\/users\/1"}],"replies":[{"embeddable":true,"href":"https:\/\/nadplusathome.com\/es\/wp-json\/wp\/v2\/comments?post=19040"}],"version-history":[{"count":1,"href":"https:\/\/nadplusathome.com\/es\/wp-json\/wp\/v2\/pages\/19040\/revisions"}],"predecessor-version":[{"id":42609,"href":"https:\/\/nadplusathome.com\/es\/wp-json\/wp\/v2\/pages\/19040\/revisions\/42609"}],"wp:attachment":[{"href":"https:\/\/nadplusathome.com\/es\/wp-json\/wp\/v2\/media?parent=19040"}],"curies":[{"name":"wp","href":"https:\/\/api.w.org\/{rel}","templated":true}]}}